{"id":7919,"date":"2020-03-24T08:40:22","date_gmt":"2020-03-24T05:40:22","guid":{"rendered":"https:\/\/www.bonacibo.com\/xk\/?page_id=7919"},"modified":"2022-02-03T11:15:05","modified_gmt":"2022-02-03T08:15:05","slug":"bonacibo-kelysh-qengj-oriz","status":"publish","type":"page","link":"https:\/\/www.bonacibo.com\/xk\/bonacibo-kelysh-qengj-oriz\/","title":{"rendered":"Bonacibo K\u00eblysh ~ Qengj &amp; Oriz"},"content":{"rendered":"<p><img decoding=\"async\" width=\"976\" height=\"1500\" src=\"https:\/\/www.bonacibo.com\/xk\/wp-content\/uploads\/2020\/03\/BC_Puppy_LR_3kg.png\" alt=\"\" loading=\"lazy\" \/><br \/>\n\t\t\t\t\t\t\t\t\t\t\t\t<img decoding=\"async\" width=\"1024\" height=\"137\" src=\"https:\/\/www.bonacibo.com\/xk\/wp-content\/uploads\/2020\/03\/hypoalergenic-1024x137.png\" alt=\"\" loading=\"lazy\" \/><br \/>\n\t\t\t\t\t\tP\u00ebr k\u00eblysh\u00ebt e t\u00eb gjitha racave deri n\u00eb 12 muaj<br \/>\n\t\t\t\t\t\t<H1>Bonacibo Qenush\u00eb (k\u00eblysh) Qengj &amp; Oriz<\/H1><\/p>\n<p>BonaCibo Qenush Qengj &amp; Oriz \u00ebsht\u00eb formuluar me ekuilibrin optimal t\u00eb proteinave, yndyrave dhe karbohidrateve p\u00ebr t\u00eb siguruar rritje t\u00eb sh\u00ebndetshme duke p\u00ebrmir\u00ebsuar metabolizmin dhe zhvillimin e kockave n\u00eb trup. \u00cbsht\u00eb ideal p\u00ebr k\u00eblysh\u00ebt q\u00eb preferojn\u00eb shijen e shijshme t\u00eb qengjit dhe gjithashtu p\u00ebr k\u00eblysh\u00ebt me tretje t\u00eb ndjeshme.<\/p>\n<p>\t\t\t\t\t\t\t\t\t\t\t\t<img decoding=\"async\" width=\"201\" height=\"184\" src=\"https:\/\/www.bonacibo.com\/xk\/wp-content\/uploads\/2020\/03\/Puppy-LR-Gelisim.png\" alt=\"\" loading=\"lazy\" \/>\t\t\t\t\t\t\t\t\t\t\t\t\t\t<\/p>\n<h4>Zhvillimi i Sh\u00ebndetsh\u00ebm<\/h4>\n<p>\t\t\t\t\t\t\t\t\t\t\t\t<img decoding=\"async\" width=\"201\" height=\"184\" src=\"https:\/\/www.bonacibo.com\/xk\/wp-content\/uploads\/2020\/03\/Puppy-LR-Sindirim.png\" alt=\"\" loading=\"lazy\" \/>\t\t\t\t\t\t\t\t\t\t\t\t\t\t<\/p>\n<h4>Kujdesi p\u00ebr Tretjen<\/h4>\n<p>\t\t\t\t\t\t\t\t\t\t\t\t<img decoding=\"async\" width=\"211\" height=\"184\" src=\"https:\/\/www.bonacibo.com\/xk\/wp-content\/uploads\/2020\/03\/Puppy-LR-Bagisiklik.png\" alt=\"\" loading=\"lazy\" \/>\t\t\t\t\t\t\t\t\t\t\t\t\t\t<\/p>\n<h4>Mb\u00ebshtetja e Imunitetit<\/h4>\n<p>\t\t\t\t\t\tP\u00ebr k\u00eblysh\u00ebt e t\u00eb gjitha racave deri n\u00eb 12 muaj<br \/>\n\t\t\t\t\t\t<H1>P\u00ebrb\u00ebr\u00ebsit<\/H1><\/p>\n<p>Proteina e dehidratuar e qengjit (29%), proteina e hidrolizuar e qengjit (21%), oriz Baldo (18%), mis\u00ebr, vaj pule i rafinuar, miell a\u00e7uge, maja e that\u00eb e birr\u00ebs, vaj a\u00e7uge, karob, proteina nukleotide maja, tul panxhari i that\u00eb, minerale , Prebiotik Manan Oligo Saccarides, Alga deti, Pluhur boronic\u00eb, Ekstrakt Yucca, Psyllium, Pluhur Marigold.<br \/>Hipoalergjik: Nuk p\u00ebrmbajn\u00eb mish vi\u00e7i, ditar dhe grur\u00eb.<\/p>\n<h1>30%<br \/><\/h1>\n<h3>Proteina<\/h3>\n<h1>15%<br \/><\/h1>\n<h3>P\u00ebrmbajtja e yndyr\u00ebs<\/h3>\n<p>\t\t\t\t\t\t\t\t\t\t\t\t<img decoding=\"async\" width=\"1302\" height=\"1200\" src=\"https:\/\/www.bonacibo.com\/xk\/wp-content\/uploads\/2020\/03\/Adult-Puppy-LR-\u00fcr\u00fcn-icerik.png\" alt=\"\" loading=\"lazy\" \/><br \/>\n\t\t\t\t\t\t\t\t\t\t\t\t<img decoding=\"async\" width=\"675\" height=\"317\" src=\"https:\/\/www.bonacibo.com\/xk\/wp-content\/uploads\/2020\/03\/Puppy-LR-Logo.png\" alt=\"\" loading=\"lazy\" \/>\t\t\t\t\t\t\t\t\t\t\t\t\t\t<\/p>\n<h4>Komponent\u00ebt analitik\u00eb<\/h4>\n<table>\n<tbody>\n<tr>\n<td scope=\"row\">Proteina<\/td>\n<td>% 30<\/td>\n<\/tr>\n<tr>\n<td scope=\"row\">P\u00ebrmbajtja e yndyr\u00ebs<\/td>\n<td>% 15<\/td>\n<\/tr>\n<tr>\n<td scope=\"row\">Hiri i pap\u00ebrpunuar<\/td>\n<td>% 8<\/td>\n<\/tr>\n<tr>\n<td scope=\"row\">Fib\u00ebr e pap\u00ebrpunuar<\/td>\n<td>% 2,2<\/td>\n<\/tr>\n<tr>\n<td scope=\"row\">Omega-6<\/td>\n<td>% 3,6<\/td>\n<\/tr>\n<tr>\n<td scope=\"row\">Omega-3<\/td>\n<td>% 0,75<\/td>\n<\/tr>\n<\/tbody>\n<\/table>\n<p>\t\t\t\t\t\t\t\t\t\t\t\t<img decoding=\"async\" width=\"650\" height=\"551\" src=\"https:\/\/www.bonacibo.com\/xk\/wp-content\/uploads\/2020\/03\/Puppy-LR.png\" alt=\"\" loading=\"lazy\" \/>\t\t\t\t\t\t\t\t\t\t\t\t\t\t<\/p>\n<h4>Suplemente Ushqyese<\/h4>\n<table style=\"width: 100%;border: none\" border=\"0\" cellspacing=\"0\" cellpadding=\"5px\">\n<tbody>\n<tr>\n<td style=\"background-color: #c8dcad;border: none\">Vitamin A\u00a0<\/td>\n<td style=\"background-color: #c8dcad;border: none;text-align: right\">20.000 IU\/kg\u00a0<\/td>\n<\/tr>\n<tr>\n<td style=\"border: none\">Vitamin D3<\/td>\n<td style=\"border: none;text-align: right\">1.800 IU\/kg\u00a0<\/td>\n<\/tr>\n<tr>\n<td style=\"background-color: #c8dcad;border: none\">Vitamin E<\/td>\n<td style=\"background-color: #c8dcad;border: none;text-align: right\">400 mg\/kg\u00a0<\/td>\n<\/tr>\n<tr>\n<td style=\"border: none\">Vitamin K3<\/td>\n<td style=\"border: none;text-align: right\">0,42 mg\/kg\u00a0<\/td>\n<\/tr>\n<tr>\n<td style=\"background-color: #c8dcad;border: none\">Vitamin C<\/td>\n<td style=\"background-color: #c8dcad;border: none;text-align: right\">200 mg\/kg\u00a0<\/td>\n<\/tr>\n<tr>\n<td style=\"border: none\">Vitamin B1<\/td>\n<td style=\"border: none;text-align: right\">3,61 mg\/kg\u00a0<\/td>\n<\/tr>\n<tr>\n<td style=\"background-color: #c8dcad;border: none\">Vitamin B2<\/td>\n<td style=\"background-color: #c8dcad;border: none;text-align: right\">7,84 mg\/kg\u00a0<\/td>\n<\/tr>\n<tr>\n<td style=\"border: none\">Vitamin B6<\/td>\n<td style=\"border: none;text-align: right\">3,10 mg\/kg<\/td>\n<\/tr>\n<tr>\n<td style=\"background-color: #c8dcad;border: none\">Vitamin B12<\/td>\n<td style=\"background-color: #c8dcad;border: none;text-align: right\">0,07 mg\/kg<\/td>\n<\/tr>\n<tr>\n<td style=\"border: none\">Pantothenic Acid<\/td>\n<td style=\"border: none;text-align: right\">31,06 mg\/kg<\/td>\n<\/tr>\n<\/tbody>\n<\/table>\n<table style=\"width: 100%;border: none\" border=\"0\" width=\"1425\" cellspacing=\"0\" cellpadding=\"5px\">\n<tbody>\n<tr>\n<td style=\"background-color: #c8dcad;border: none\">Folic Acid<\/td>\n<td style=\"background-color: #c8dcad;border: none;text-align: right\">0,66 mg\/kg<\/td>\n<\/tr>\n<tr>\n<td style=\"border: none\">Niacin<\/td>\n<td style=\"border: none;text-align: right\">24 mg\/kg<\/td>\n<\/tr>\n<tr>\n<td style=\"background-color: #c8dcad;border: none\">Biotin<\/td>\n<td style=\"background-color: #c8dcad;border: none;text-align: right\">0,32 mg\/kg<\/td>\n<\/tr>\n<tr>\n<td style=\"border: none\">Copper (as Sulphate)<\/td>\n<td style=\"border: none;text-align: right\">15 mg\/kg<\/td>\n<\/tr>\n<tr>\n<td style=\"background-color: #c8dcad;border: none\">Zinc\u00a0(as Sulphate)<\/td>\n<td style=\"background-color: #c8dcad;border: none;text-align: right\">80 mg\/kg<\/td>\n<\/tr>\n<tr>\n<td style=\"border: none\">Zink\u00a0(as Chelate)<\/td>\n<td style=\"border: none;text-align: right\">20 mg\/kg<\/td>\n<\/tr>\n<tr>\n<td style=\"background-color: #c8dcad;border: none\">Manganese (as Sulphate)<\/td>\n<td style=\"background-color: #c8dcad;border: none;text-align: right\">27 mg\/kg<\/td>\n<\/tr>\n<tr>\n<td style=\"border: none\">Selenium (as Selenite)<\/td>\n<td style=\"border: none;text-align: right\">0,26 mg\/kg<\/td>\n<\/tr>\n<tr>\n<td style=\"background-color: #c8dcad;border: none\">Glucosamine<\/td>\n<td style=\"background-color: #c8dcad;border: none;text-align: right\">1.000 mg\/kg<\/td>\n<\/tr>\n<tr>\n<td style=\"border: none\">Chondroitin<\/td>\n<td style=\"border: none;text-align: right\">700 mg\/kg<\/td>\n<\/tr>\n<tr>\n<td style=\"background-color: #c8dcad;border: none\">EU approved antioxidants<\/td>\n<td style=\"background-color: #c8dcad;border: none;text-align: right\">\u00a0<\/td>\n<\/tr>\n<\/tbody>\n<\/table>\n<p>\t\t\t\t\t\t\t\t\t\t\t\t<img decoding=\"async\" src=\"https:\/\/www.bonacibo.com\/xk\/wp-content\/uploads\/elementor\/thumbs\/Puppy-Gelisim-1-om4jr0wr8u6ozc8zr6n8hyzlbyrv5nv8d3wqlnix02.png\" title=\"Puppy-Gelisim\" alt=\"Puppy-Gelisim\" \/><br \/>\n\t\t\t\t\t\t<H6>Zhvillimi i Sh\u00ebndetsh\u00ebm<\/H6><\/p>\n<p>BonaCibo \u00ebsht\u00eb formuluar me nj\u00eb raport t\u00eb ekuilibruar proteinash dhe yndyrash p\u00ebr t\u00eb mbajtur nj\u00eb rritje t\u00eb sh\u00ebndetshme dhe metaboliz\u00ebm ideal p\u00ebr jet\u00eb t\u00eb gjat\u00eb. Nj\u00eb ekuilib\u00ebr optimal i mineraleve gjithashtu ruan rritjen dhe zhvillimin e shk\u00eblqyer t\u00eb kockave.<\/p>\n<p>\t\t\t\t\t\t\t\t\t\t\t\t<img decoding=\"async\" src=\"https:\/\/www.bonacibo.com\/xk\/wp-content\/uploads\/elementor\/thumbs\/Dog-Bagisiklik-om4bznbnxjqm7q274f75egzh53sfcarbabhbkxredu.png\" title=\"Dog-Bagisiklik\" alt=\"Dog-Bagisiklik\" \/><br \/>\n\t\t\t\t\t\t<H6>Mb\u00ebshtet Imunitetin<\/H6><\/p>\n<p>BonaCibo p\u00ebrmban fibra natyrale prebiotike p\u00ebr t\u00eb nxitur rritjen e baktereve t\u00eb dobishme dhe p\u00ebr t\u00eb reduktuar shtamet patogjene, duke mb\u00ebshtetur k\u00ebshtu imunitetin dhe duke optimizuar tretjen.<\/p>\n<p>\t\t\t\t\t\t\t\t\t\t\t\t<img decoding=\"async\" src=\"https:\/\/www.bonacibo.com\/xk\/wp-content\/uploads\/elementor\/thumbs\/Dog-Deri-Sagligi-om4c01f8s29x1vhpu3ajxvfe1vuxjrbac99ls36hsi.png\" title=\"Dog-Deri-Sagligi\" alt=\"Dog-Deri-Sagligi\" \/><br \/>\n\t\t\t\t\t\t<H6>Kujdesi G\u00ebzofit<\/H6><\/p>\n<p>BonaCibo p\u00ebrmban nj\u00eb p\u00ebrzierje t\u00eb pasuruar t\u00eb vitaminave, aminoacideve dhe ekuilibrin e duhur t\u00eb<br \/>Omega-6: raporti i acideve yndyrore omega-3 p\u00ebr t\u00eb promovuar l\u00ebkur\u00eb t\u00eb sh\u00ebndetshme dhe nj\u00eb shtres\u00eb me shk\u00eblqim.<\/p>\n<p>\t\t\t\t\t\t\t\t\t\t\t\t<img decoding=\"async\" src=\"https:\/\/www.bonacibo.com\/xk\/wp-content\/uploads\/elementor\/thumbs\/Puppy-Hamilelik-om4jroepzp2v1lauxyswqb246lk1i3gisc7vlkk2oi.png\" title=\"Puppy-Hamilelik\" alt=\"Puppy-Hamilelik\" \/><br \/>\n\t\t\t\t\t\t<H6>Kujdesi Gjat\u00eb Shtatz\u00ebnis\u00eb<\/H6><\/p>\n<p>Proteina shum\u00eb e tretshme dhe aminoacide t\u00eb balancuara n\u00ebnkuptojn\u00eb q\u00eb BonaCibo \u00ebsht\u00eb nj\u00eb ushqim ideal p\u00ebr qenushet shtatz\u00ebna, p\u00ebr t\u00eb optimizuar pesh\u00ebn e lindjes dhe imunitetin e k\u00eblysh\u00ebve.<\/p>\n<p>\t\t\t\t\t\t\t\t\t\t\t\t<img decoding=\"async\" src=\"https:\/\/www.bonacibo.com\/xk\/wp-content\/uploads\/elementor\/thumbs\/puppy-emzirme-om4jshjpvk6r1i4j7tecdlpeljkf4po78cfxh5cvbm.png\" title=\"puppy-emzirme\" alt=\"puppy-emzirme\" \/><br \/>\n\t\t\t\t\t\t<H6>Kujdesi Gjat\u00eb Laktacionit<\/H6><\/p>\n<p>Duke u ushqyer me BonaCibo gjat\u00eb periudh\u00ebs s\u00eb laktacionit, nevojat e k\u00eblyshit plot\u00ebsohen nga qum\u00ebshti i qenushes me cil\u00ebsi t\u00eb lart\u00eb, i cili p\u00ebrmban acide yndyrore esenciale p\u00ebr rritje t\u00eb sh\u00ebndetshme dhe minerale p\u00ebr formimin e kockave.<\/p>\n<p>\t\t\t\t\t\t\t\t\t\t\t\t<img decoding=\"async\" src=\"https:\/\/www.bonacibo.com\/xk\/wp-content\/uploads\/elementor\/thumbs\/Dog-Sindirim-om4c2xrbuo8qula5wue54n3jznkoa5thqloi1svslu.png\" title=\"Dog-Sindirim\" alt=\"Dog-Sindirim\" \/><br \/>\n\t\t\t\t\t\t<H6>Kujdesi p\u00ebr Tretjen<\/H6><\/p>\n<p>Duke p\u00ebrdorur p\u00ebrb\u00ebr\u00ebs shum\u00eb t\u00eb tretsh\u00ebm dhe procese t\u00eb buta gatimi, BonaCibo siguron tretshm\u00ebri maksimale.<\/p>\n<p>\t\t\t\t\t\t\t\t\t\t\t\t<img decoding=\"async\" src=\"https:\/\/www.bonacibo.com\/xk\/wp-content\/uploads\/elementor\/thumbs\/Dog-Eklem-om4c3ifs1111y0g4k3bxnhvp24qqzi3l5g16lw14sy.png\" title=\"Dog-Eklem\" alt=\"Dog-Eklem\" \/><br \/>\n\t\t\t\t\t\t<H6>Kujdesi i Nyjeve dhe Kyceve<\/H6><\/p>\n<p>Glukozamina dhe kondroitina me prejardhje nga natyra p\u00ebrfshihen p\u00ebr t\u00eb mbajtur k\u00ebrc t\u00eb sh\u00ebndetsh\u00ebm p\u00ebr t\u00eb siguruar nyje fleksib\u00ebl dhe t\u00eb sh\u00ebndetsh\u00ebm.<\/p>\n<p>\t\t\t\t\t\t\t\t\t\t\t\t<img decoding=\"async\" src=\"https:\/\/www.bonacibo.com\/xk\/wp-content\/uploads\/elementor\/thumbs\/Dog-Vitamin-om4c4cim3q689j8fogbzvaag2gmhttezxkwpyqsj9u.png\" title=\"Dog-Vitamin\" alt=\"Dog-Vitamin\" \/><br \/>\n\t\t\t\t\t\t<H6>Vitamina dhe Minerale t\u00eb Balancuara<\/H6><\/p>\n<p>Nivelet optimale t\u00eb vitaminave p\u00ebrfshihen p\u00ebr t\u00eb mb\u00ebshtetur metabolizmin dhe p\u00ebr t\u00eb siguruar prodhim t\u00eb q\u00ebndruesh\u00ebm t\u00eb energjis\u00eb. Gjurm\u00eb minerale thelb\u00ebsore p\u00ebrfshihen gjithashtu n\u00eb forma q\u00eb absorbohen dhe p\u00ebrdoren leht\u00ebsisht nga trupi, p\u00ebr t\u00eb nxitur zhvillimin e fort\u00eb dhe t\u00eb sh\u00ebndetsh\u00ebm t\u00eb kockave.<\/p>\n<p>\t\t\t\t\t\t\t\t\t\t\t\t<img decoding=\"async\" width=\"1891\" height=\"253\" src=\"https:\/\/www.bonacibo.com\/xk\/wp-content\/uploads\/2020\/03\/hypoalergenic.png\" alt=\"\" loading=\"lazy\" \/><br \/>\n\t\t\t\t\t\t<H3> P\u00ebrmbajtje e ul\u00ebt e Alergjeneve<\/H3><\/p>\n<p>\u00cbsht\u00eb hipoallergjik me formul\u00ebn e tij q\u00eb nuk p\u00ebrmban asnj\u00eb nga p\u00ebrb\u00ebr\u00ebsit alergjen m\u00eb t\u00eb zakonsh\u00ebm p\u00ebr qent\u00eb si mishi i vi\u00e7it, produkte bulmeti, gruri dhe soja.<\/p>\n<p>\t\t\t\t\t\t\t\t\t\t\t\t<img decoding=\"async\" width=\"650\" height=\"548\" src=\"https:\/\/www.bonacibo.com\/xk\/wp-content\/uploads\/2020\/03\/puppy.jpg\" alt=\"\" loading=\"lazy\" \/><br \/>\n\t\t\t\t\t\t\t\t\t\t\t\t<img decoding=\"async\" width=\"178\" height=\"139\" src=\"https:\/\/www.bonacibo.com\/xk\/wp-content\/uploads\/2020\/03\/Low-Grain.png\" alt=\"\" loading=\"lazy\" \/><br \/>\n\t\t\t\t\t\t<H3>Low Grain<\/H3><\/p>\n<p>Ndihmon qenin tuaj t\u00eb mbaj\u00eb nj\u00eb jet\u00eb t\u00eb sh\u00ebndetshme duke p\u00ebrmbajtur nj\u00eb sasi t\u00eb vog\u00ebl drithi q\u00eb \u00ebsht\u00eb gjithashtu nj\u00eb nga l\u00ebnd\u00ebt ushqyese.<\/p>\n<ol>\n<li>\u00c7far\u00eb \u00ebsht\u00eb Glukozamina dhe Kondroitina?\n<p>Glukozamina dhe kondroitina jan\u00eb l\u00ebnd\u00eb ushqyese natyrale q\u00eb p\u00ebrfshihen n\u00eb prodhimin e k\u00ebrcit brenda nyjeve. K\u00ebrci po zb\u00ebrthehet dhe rind\u00ebrtohet vazhdimisht n\u00eb trup, dhe k\u00ebto l\u00ebnd\u00eb ushqyese jan\u00eb thelb\u00ebsore p\u00ebr t\u00eb siguruar q\u00eb procesi i nd\u00ebrtimit t\u00eb vazhdoj\u00eb dhe prishja t\u00eb mos jet\u00eb e tepruar. N\u00eb shumic\u00ebn e qenve t\u00eb rritur t\u00eb sh\u00ebndetsh\u00ebm, trupi prodhon mjaftuesh\u00ebm, megjithat\u00eb, n\u00eb disa qen \u00ebsht\u00eb i nevojsh\u00ebm plot\u00ebsimi shtes\u00eb n\u00ebp\u00ebrmjet ushqimit. Shumica e ushqimeve t\u00eb qenve Cagatay p\u00ebrmbajn\u00eb t\u00eb dy l\u00ebnd\u00ebt ushqyese, me nivele t\u00eb rritura n\u00eb ushqimin p\u00ebr racat e m\u00ebdha, nd\u00ebrsa plot\u00ebsimi shtes\u00eb me pilula dhe pluhura nuk \u00ebsht\u00eb domosdoshm\u00ebrisht i d\u00ebmsh\u00ebm, pasi teprica ekskretohet n\u00eb urin\u00eb, mund t\u00eb jet\u00eb humbje parash.<\/p>\n<\/li>\n<li>Kur mund t\u00eb filloni t\u00eb p\u00ebrdorni ushqim t\u00eb that\u00eb p\u00ebr kafsh\u00ebt sht\u00ebpiake p\u00ebr nj\u00eb qen t\u00eb porsalindur?\n<p>Ushqimet e k\u00eblysh\u00ebve mund t\u00eb fillohen n\u00eb zvog\u00eblimin e gjirit duke zbutur disa kokrr\u00ebza me uj\u00eb t\u00eb ngroht\u00eb jo me qum\u00ebsht dhe duke i l\u00ebn\u00eb af\u00ebr shtratit t\u00eb tyre. N\u00ebse ata nuk e pranojn\u00eb ushqimin me leht\u00ebsi, mund t\u00eb vendosni edhe nj\u00eb pik\u00eb t\u00eb vog\u00ebl ushqimi t\u00eb but\u00eb n\u00eb putrat e tyre t\u00eb p\u00ebrparme, t\u00eb cilat ata do t\u00eb priren ta l\u00ebpijn\u00eb dhe k\u00ebshtu t\u00eb b\u00ebhen t\u00eb njohura me er\u00ebn dhe shijen. Pasi t\u00eb ken\u00eb pranuar ushqimin e lagur, nj\u00eb tas shtes\u00eb me ushqim t\u00eb that\u00eb mund t\u00eb vendoset af\u00ebr dhe sasia e ushqimit t\u00eb lagur t\u00eb reduktohet, gj\u00eb q\u00eb do t&#8217;i inkurajoj\u00eb ata t\u00eb kalojn\u00eb n\u00eb t\u00eb that\u00eb. Pasi t\u00eb ken\u00eb pranuar t\u00eb gjith\u00eb ushqimin e that\u00eb, ushqimi i njomur mund t\u00eb hiqet, por gjithmon\u00eb lejojini atyre qasje n\u00eb uj\u00eb t\u00eb past\u00ebr dhe t\u00eb fresk\u00ebt gjat\u00eb gjith\u00eb koh\u00ebs.<\/p>\n<\/li>\n<li>Si mund ta m\u00ebsoni nj\u00eb qen t\u00eb haj\u00eb ushqim t\u00eb that\u00eb p\u00ebr kafsh\u00ebt sht\u00ebpiake?\n<p>Disa qen preferojn\u00eb ushqim t\u00eb lag\u00ebsht, megjithat\u00eb, ushqimi i that\u00eb mund t\u00eb jet\u00eb m\u00eb i p\u00ebrshtatsh\u00ebm dhe me kosto m\u00eb efektive. P\u00ebr ta prezantuar qenin tuaj me ushqimin e that\u00eb p\u00ebr her\u00eb t\u00eb par\u00eb, k\u00ebshillohet ta b\u00ebni k\u00ebt\u00eb shum\u00eb gradualisht duke p\u00ebrzier pak ushqim t\u00eb that\u00eb me ushqimin e lag\u00ebsht. Shpesh qeni mund t&#8217;i duket e pazakont\u00eb tekstura e ushqimit t\u00eb that\u00eb, k\u00ebshtu q\u00eb mos u shqet\u00ebsoni n\u00ebse ai refuzon ushqimin e that\u00eb n\u00eb fillim. Ju gjithashtu mund ta zbutni ushqimin me pak uj\u00eb t\u00eb ngroht\u00eb, asnj\u00ebher\u00eb qum\u00ebsht, sepse duke shtuar qum\u00ebsht n\u00eb nj\u00eb ushqim t\u00eb plot\u00eb ushqyes, ai do t\u00eb shtoj\u00eb yndyr\u00eb, sheqer dhe proteina dhe k\u00ebshtu mund t\u00eb \u00e7ekuilibroj\u00eb diet\u00ebn dhe disa qen, t\u00eb ken\u00eb nj\u00eb intoleranc\u00eb ndaj laktoz\u00ebs q\u00eb p\u00ebrmbahet n\u00eb ve\u00e7an\u00ebrisht qum\u00ebshti i lop\u00ebs i cili shkakton fe\u00e7e t\u00eb lira dhe ndonj\u00ebher\u00eb t\u00eb vjella. Ju gjithashtu mund t\u00eb ofroni nj\u00eb ose dy kokrr\u00ebza me dor\u00eb si ushqim para vaktit kryesor. Pasi t\u00eb ket\u00eb pranuar disa k\u00ebrcitje, mund t\u00eb rrisni proporcionin e ushqimit t\u00eb that\u00eb n\u00eb at\u00eb t\u00eb lag\u00ebsht gjat\u00eb nj\u00eb periudhe rreth nj\u00eb jave, derisa i thati t\u00eb jet\u00eb i vetmi ushqim i ofruar.<\/p>\n<\/li>\n<li>Cili \u00ebsht\u00eb ndryshimi midis ushqimit t\u00eb kafsh\u00ebve me origjin\u00eb qengji dhe shpend\u00ebsh? Cila \u00ebsht\u00eb m\u00eb ushqyese p\u00ebr k\u00eblysh\u00ebt?\n<p>T\u00eb dy ushqimet me baz\u00eb shpend\u00ebsh dhe qengji t\u00eb Cagatay jan\u00eb t\u00eb plota nga pik\u00ebpamja ushqyese, dhe k\u00ebshtu sigurojn\u00eb t\u00eb gjitha l\u00ebnd\u00ebt ushqyese q\u00eb k\u00eblysh\u00ebt tan\u00eb kan\u00eb nevoj\u00eb n\u00eb baza ditore. Nuk \u00ebsht\u00eb e v\u00ebrtet apo e sakt\u00eb t\u00eb thuhet se qengji ose shpend\u00ebt jan\u00eb m\u00eb t\u00eb p\u00ebrshtatsh\u00ebm p\u00ebr nj\u00eb k\u00eblysh, \u00ebsht\u00eb m\u00eb e r\u00ebnd\u00ebsishme t\u00eb pranohet se nj\u00eb ushqim me cil\u00ebsi t\u00eb mir\u00eb \u00ebsht\u00eb gjithmon\u00eb m\u00eb i mir\u00eb se nj\u00eb diet\u00eb me cil\u00ebsi t\u00eb dob\u00ebt, pavar\u00ebsisht nga lloji i mishit. Dhe \u00ebsht\u00eb gjithashtu e mundur t\u00eb kaloni midis llojeve t\u00eb takimit q\u00eb k\u00eblyshi jon\u00eb t\u00eb shijoj\u00eb ushqime t\u00eb ndryshme pa asnj\u00eb problem.<\/p>\n<\/li>\n<\/ol>\n<p>\t\t[rcblock id=&#8221;7928&#8243;]<\/p>\n","protected":false},"excerpt":{"rendered":"<p>P\u00ebr k\u00eblysh\u00ebt e t\u00eb gjitha racave deri n\u00eb 12 muaj Bonacibo Qenush\u00eb (k\u00eblysh) Qengj &amp; Oriz BonaCibo Qenush Qengj &amp; Oriz \u00ebsht\u00eb formuluar me ekuilibrin optimal t\u00eb proteinave, yndyrave dhe karbohidrateve p\u00ebr t\u00eb siguruar rritje t\u00eb sh\u00ebndetshme duke p\u00ebrmir\u00ebsuar metabolizmin dhe zhvillimin e kockave n\u00eb trup. \u00cbsht\u00eb ideal p\u00ebr k\u00eblysh\u00ebt q\u00eb preferojn\u00eb shijen e shijshme [&hellip;]<\/p>\n","protected":false},"author":2,"featured_media":0,"parent":0,"menu_order":0,"comment_status":"closed","ping_status":"closed","template":"","meta":{"footnotes":""},"class_list":["post-7919","page","type-page","status-publish","hentry"],"_links":{"self":[{"href":"https:\/\/www.bonacibo.com\/xk\/wp-json\/wp\/v2\/pages\/7919","targetHints":{"allow":["GET"]}}],"collection":[{"href":"https:\/\/www.bonacibo.com\/xk\/wp-json\/wp\/v2\/pages"}],"about":[{"href":"https:\/\/www.bonacibo.com\/xk\/wp-json\/wp\/v2\/types\/page"}],"author":[{"embeddable":true,"href":"https:\/\/www.bonacibo.com\/xk\/wp-json\/wp\/v2\/users\/2"}],"replies":[{"embeddable":true,"href":"https:\/\/www.bonacibo.com\/xk\/wp-json\/wp\/v2\/comments?post=7919"}],"version-history":[{"count":0,"href":"https:\/\/www.bonacibo.com\/xk\/wp-json\/wp\/v2\/pages\/7919\/revisions"}],"wp:attachment":[{"href":"https:\/\/www.bonacibo.com\/xk\/wp-json\/wp\/v2\/media?parent=7919"}],"curies":[{"name":"wp","href":"https:\/\/api.w.org\/{rel}","templated":true}]}}