{"id":7905,"date":"2020-03-24T08:06:15","date_gmt":"2020-03-24T05:06:15","guid":{"rendered":"https:\/\/www.bonacibo.com\/xk\/?page_id=7905"},"modified":"2022-01-18T10:50:58","modified_gmt":"2022-01-18T07:50:58","slug":"bonacibo-probiotic-qen","status":"publish","type":"page","link":"https:\/\/www.bonacibo.com\/xk\/bonacibo-probiotic-qen\/","title":{"rendered":"Bonacibo Probiotic Qen"},"content":{"rendered":"<p><img loading=\"lazy\" decoding=\"async\" src=\"https:\/\/www.bonacibo.com\/xk\/wp-content\/uploads\/2020\/03\/Bonacibo-probiotic-1.png\" alt=\"\" width=\"244\" height=\"345\" \/><br \/>\nPremiks q\u00eb p\u00ebrmban mikroorganizma probiotik\u00eb p\u00ebr mace dhe qen.<\/p>\n<h1>Bonacibo Probiotic<\/h1>\n<p>Fal\u00eb mikroorganizmave probiotik\u00eb q\u00eb p\u00ebrmban, ndihmon n\u00eb rregullimin e sistemit tret\u00ebs dhe mb\u00ebshtet sistemin imunitar t\u00eb maceve dhe qenve.<\/p>\n<h1>P\u00ebrdorimi<\/h1>\n<p>P\u00ebr kafsh\u00ebt sht\u00ebpiake q\u00eb peshojn\u00eb m\u00eb pak se 10 kg: 5 ml produkt shtohet n\u00eb doz\u00ebn ditore t\u00eb ushqimit t\u00eb that\u00eb ose t\u00eb lag\u00ebsht.<br \/>\nP\u00ebr kafsh\u00ebt sht\u00ebpiake q\u00eb peshojn\u00eb m\u00eb shum\u00eb se 10 kg: 10 ml produkt shtohet n\u00eb doz\u00ebn ditore t\u00eb ushqimit t\u00eb that\u00eb ose t\u00eb lag\u00ebsht.<br \/>\nT\u00eb nj\u00ebjtat doza mund t\u00eb administrohen edhe drejtp\u00ebrdrejt me an\u00eb t\u00eb nj\u00eb shiringe orale (pa gjilp\u00ebr\u00eb).<\/p>\n<p><img loading=\"lazy\" decoding=\"async\" src=\"https:\/\/www.bonacibo.com\/xk\/wp-content\/uploads\/2020\/03\/Bonacibo-probiotic-gorsel.png\" alt=\"\" width=\"866\" height=\"336\" \/><br \/>\n<img loading=\"lazy\" decoding=\"async\" src=\"https:\/\/www.bonacibo.com\/xk\/wp-content\/uploads\/2020\/03\/PROBIOTIC-baslik.png\" alt=\"\" width=\"326\" height=\"232\" \/><\/p>\n<h4>P\u00ebrmbajtja<\/h4>\n<table style=\"width: 100%; border: none;\" border=\"0\" width=\"1425\" cellspacing=\"0\" cellpadding=\"5px\">\n<tbody>\n<tr>\n<td style=\"background-color: #c8dcad; border: none;\">Saccharomyces Cerevisiae IFO.0203<\/td>\n<td style=\"background-color: #c8dcad; border: none; text-align: right;\">1&#215;10\u2077 CFU\/ml<\/td>\n<\/tr>\n<tr>\n<td style=\"border: none;\">Bacillus Subtilis MBS-BS-01<\/td>\n<td style=\"border: none; text-align: right;\">1&#215;10\u2077 CFU\/ml<\/td>\n<\/tr>\n<tr>\n<td style=\"background-color: #c8dcad; border: none;\">Lactobacillus.Plantarum ATCC.8014 (1k20717)<\/td>\n<td style=\"background-color: #c8dcad; border: none; text-align: right;\">1&#215;10\u2076 CFU\/ml<\/td>\n<\/tr>\n<tr>\n<td style=\"border: none;\">Lactobacillus Casei ATCC 7469<\/td>\n<td style=\"border: none; text-align: right;\">1&#215;10\u2075 CFU\/ml<\/td>\n<\/tr>\n<tr>\n<td style=\"background-color: #c8dcad; border: none;\">Pediococcus Pentosaceus NCIMB.30086 (1k1011)<\/td>\n<td style=\"background-color: #c8dcad; border: none; text-align: right;\">1&#215;10\u2076 CFU\/ml<\/td>\n<\/tr>\n<tr>\n<td style=\"border: none;\">Lactobacillus.Brevis.IFA92<\/td>\n<td style=\"border: none; text-align: right;\">1&#215;10\u2076 CFU\/ml<\/td>\n<\/tr>\n<tr>\n<td style=\"background-color: #c8dcad; border: none;\">Lactobacillus Buchneri CCM 1819<\/td>\n<td style=\"background-color: #c8dcad; border: none; text-align: right;\">1&#215;10\u2075 CFU\/ml<\/td>\n<\/tr>\n<tr>\n<td style=\"border: none;\">Lactobacillus Cellobiosus Q1<\/td>\n<td style=\"border: none; text-align: right;\">1&#215;10\u2076 CFU\/ml<\/td>\n<\/tr>\n<tr>\n<td style=\"background-color: #c8dcad; border: none;\">Lactobacillus Paracasei 30151 (1k20748)<\/td>\n<td style=\"background-color: #c8dcad; border: none; text-align: right;\">1&#215;10\u2075 CFU\/ml<\/td>\n<\/tr>\n<\/tbody>\n<\/table>\n<table style=\"width: 100%; border: none;\" border=\"0\" width=\"1425\" cellspacing=\"0\" cellpadding=\"5px\">\n<tbody>\n<tr>\n<td style=\"background-color: #c8dcad; border: none;\">Lactobacillus Plantarum 16627 (1k20749)<\/td>\n<td style=\"background-color: #c8dcad; border: none; text-align: right;\">1&#215;10\u2076 CFU\/ml<\/td>\n<\/tr>\n<tr>\n<td style=\"border: none;\">Lactobacillus Plantarum KKP\/778\/p<\/td>\n<td style=\"border: none; text-align: right;\">1&#215;10\u2077 CFU\/ml<\/td>\n<\/tr>\n<tr>\n<td style=\"background-color: #c8dcad; border: none;\">Lactobacillus Plantarum DSM 11520<\/td>\n<td style=\"background-color: #c8dcad; border: none; text-align: right;\">1&#215;10\u2077 CFU\/ml<\/td>\n<\/tr>\n<tr>\n<td style=\"border: none;\">Lactobacillus Plantarum KKKP\/593\/p (1k20754)<\/td>\n<td style=\"border: none; text-align: right;\">1&#215;10\u2076 CFU\/ml<\/td>\n<\/tr>\n<tr>\n<td style=\"background-color: #c8dcad; border: none;\">Lactobacillus Buchneri DSM 16774 (1k2074)<\/td>\n<td style=\"background-color: #c8dcad; border: none; text-align: right;\">1&#215;10\u2075 CFU\/ml<\/td>\n<\/tr>\n<tr>\n<td style=\"border: none;\">Lactobacillus Plantarum LP329 DSM 5258 ATCC 55942<\/td>\n<td style=\"border: none; text-align: right;\">1&#215;10\u2077 CFU\/ml<\/td>\n<\/tr>\n<tr>\n<td style=\"background-color: #c8dcad; border: none;\">Lactobacillus Plantarum PL14D\/CSL<\/td>\n<td style=\"background-color: #c8dcad; border: none; text-align: right;\">1&#215;10\u2076 CFU\/ml<\/td>\n<\/tr>\n<tr>\n<td style=\"border: none;\">Pediococcus Peentosaceus NCIMB 30089<\/td>\n<td style=\"border: none; text-align: right;\">1&#215;10\u2076 CFU\/ml<\/td>\n<\/tr>\n<\/tbody>\n<\/table>\n<ol>\n<li>A mund t\u00eb p\u00ebrdoret Bonacibo Probiotic gjat\u00eb shtatz\u00ebnis\u00eb dhe laktacionit?P\u00ebrdorimi i tyre gjat\u00eb shtatz\u00ebnis\u00eb dhe laktacionit nuk \u00ebsht\u00eb i d\u00ebmsh\u00ebm.<\/li>\n<li>\u00c7far\u00eb mikroorganizmash t\u00eb dobish\u00ebm p\u00ebrdoren n\u00eb p\u00ebrmbajtjen e Bonacibo Probiotic?Produkti p\u00ebrmban 82 lloje t\u00eb ndryshme t\u00eb baktereve t\u00eb dobishme. \u00cbsht\u00eb nj\u00eb produkt organik dhe p\u00ebrfshin bakteret e m\u00ebposhtme t\u00eb dobishme.\n<p>P\u00ebrb\u00ebr\u00ebsi (CFU\/ml):<\/p>\n<table style=\"width: 100%; border: none;\" border=\"0\" width=\"1425\" cellspacing=\"0\" cellpadding=\"5px\">\n<tbody>\n<tr>\n<td style=\"background-color: #c8dcad; border: none;\">Saccharomyces Cerevisiae IFO.0203<\/td>\n<td style=\"background-color: #c8dcad; border: none; text-align: right;\">1&#215;10\u2077<\/td>\n<\/tr>\n<tr>\n<td style=\"border: none;\">Bacillus Subtilis MBS-BS-01<\/td>\n<td style=\"border: none; text-align: right;\">1&#215;10\u2077<\/td>\n<\/tr>\n<tr>\n<td style=\"background-color: #c8dcad; border: none;\">Lactobacillus.Plantarum ATCC.8014 (1k20717)<\/td>\n<td style=\"background-color: #c8dcad; border: none; text-align: right;\">1&#215;10\u2076<\/td>\n<\/tr>\n<tr>\n<td style=\"border: none;\">Lactobacillus Casei ATCC 7469<\/td>\n<td style=\"border: none; text-align: right;\">1&#215;10\u2075<\/td>\n<\/tr>\n<tr>\n<td style=\"background-color: #c8dcad; border: none;\">Pediococcus Pentosaceus NCIMB.30086 (1k1011)<\/td>\n<td style=\"background-color: #c8dcad; border: none; text-align: right;\">1&#215;10\u2076<\/td>\n<\/tr>\n<tr>\n<td style=\"border: none;\">Lactobacillus Buchneri CCM 1819<\/td>\n<td style=\"border: none; text-align: right;\">1&#215;10\u2077<\/td>\n<\/tr>\n<tr>\n<td style=\"background-color: #c8dcad; border: none;\">Lactobacillus Paracasei 30151 (1k20748)<\/td>\n<td style=\"background-color: #c8dcad; border: none; text-align: right;\">1&#215;10\u2077<\/td>\n<\/tr>\n<tr>\n<td style=\"border: none;\">Lactobacillus Plantarun KKP\/778\/p<\/td>\n<td style=\"border: none; text-align: right;\">1&#215;10\u2077<\/td>\n<\/tr>\n<tr>\n<td style=\"background-color: #c8dcad; border: none;\">Lactobacillus Plantarum DSM 11520<\/td>\n<td style=\"background-color: #c8dcad; border: none; text-align: right;\">1&#215;10\u2077<\/td>\n<\/tr>\n<tr>\n<td style=\"border: none;\">Lactobacillus Plantarum KKKP\/593\/p (1k20754)<\/td>\n<td style=\"border: none; text-align: right;\">1&#215;10\u2076<\/td>\n<\/tr>\n<tr>\n<td style=\"background-color: #c8dcad; border: none;\">Lactobacillus Buchneri DSM 16774 (1k2074)<\/td>\n<td style=\"background-color: #c8dcad; border: none; text-align: right;\">1&#215;10\u2077<\/td>\n<\/tr>\n<tr>\n<td style=\"border: none;\">Lactobacillus Plantarum LP329 DSM 5258 ATCC 55942<\/td>\n<td style=\"border: none; text-align: right;\">1&#215;10\u2077<\/td>\n<\/tr>\n<\/tbody>\n<\/table>\n<\/li>\n<\/ol>\n<p>[rcblock id=&#8221;7928&#8243;]<\/p>\n","protected":false},"excerpt":{"rendered":"<p>Premiks q\u00eb p\u00ebrmban mikroorganizma probiotik\u00eb p\u00ebr mace dhe qen. Bonacibo Probiotic Fal\u00eb mikroorganizmave probiotik\u00eb q\u00eb p\u00ebrmban, ndihmon n\u00eb rregullimin e sistemit tret\u00ebs dhe mb\u00ebshtet sistemin imunitar t\u00eb maceve dhe qenve. P\u00ebrdorimi P\u00ebr kafsh\u00ebt sht\u00ebpiake q\u00eb peshojn\u00eb m\u00eb pak se 10 kg: 5 ml produkt shtohet n\u00eb doz\u00ebn ditore t\u00eb ushqimit t\u00eb that\u00eb ose t\u00eb lag\u00ebsht. [&hellip;]<\/p>\n","protected":false},"author":2,"featured_media":0,"parent":0,"menu_order":0,"comment_status":"closed","ping_status":"closed","template":"","meta":{"footnotes":""},"class_list":["post-7905","page","type-page","status-publish","hentry"],"_links":{"self":[{"href":"https:\/\/www.bonacibo.com\/xk\/wp-json\/wp\/v2\/pages\/7905","targetHints":{"allow":["GET"]}}],"collection":[{"href":"https:\/\/www.bonacibo.com\/xk\/wp-json\/wp\/v2\/pages"}],"about":[{"href":"https:\/\/www.bonacibo.com\/xk\/wp-json\/wp\/v2\/types\/page"}],"author":[{"embeddable":true,"href":"https:\/\/www.bonacibo.com\/xk\/wp-json\/wp\/v2\/users\/2"}],"replies":[{"embeddable":true,"href":"https:\/\/www.bonacibo.com\/xk\/wp-json\/wp\/v2\/comments?post=7905"}],"version-history":[{"count":0,"href":"https:\/\/www.bonacibo.com\/xk\/wp-json\/wp\/v2\/pages\/7905\/revisions"}],"wp:attachment":[{"href":"https:\/\/www.bonacibo.com\/xk\/wp-json\/wp\/v2\/media?parent=7905"}],"curies":[{"name":"wp","href":"https:\/\/api.w.org\/{rel}","templated":true}]}}