{"id":7896,"date":"2020-03-23T17:38:50","date_gmt":"2020-03-23T14:38:50","guid":{"rendered":"https:\/\/www.bonacibo.com\/xk\/?page_id=7896"},"modified":"2022-01-18T10:59:57","modified_gmt":"2022-01-18T07:59:57","slug":"bonacibo-ushqim-qenve-i-lagesht-ne-qese","status":"publish","type":"page","link":"https:\/\/www.bonacibo.com\/xk\/bonacibo-ushqim-qenve-i-lagesht-ne-qese\/","title":{"rendered":"Bonacibo Ushqim qenve i Lag\u00ebsht n\u00eb Qese"},"content":{"rendered":"<p><img loading=\"lazy\" decoding=\"async\" src=\"https:\/\/www.bonacibo.com\/xk\/wp-content\/uploads\/2020\/03\/dog-pouch-grup.png\" alt=\"\" width=\"900\" height=\"872\" \/><br \/>\nUshqim i plot\u00eb i l\u00ebngsh\u00ebm p\u00ebr kafsh\u00eb sht\u00ebpiake p\u00ebr k\u00eblysh\u00ebt dhe qent\u00eb e rritur<\/p>\n<h1>Bonacibo Ushqim i lag\u00ebsht ne qese p\u00ebr qen<\/h1>\n<p><img loading=\"lazy\" decoding=\"async\" src=\"https:\/\/www.bonacibo.com\/xk\/wp-content\/uploads\/2020\/03\/Pouch-Puppy-Chicken-Beef.png\" alt=\"\" width=\"488\" height=\"750\" \/><\/p>\n<h4>K\u00eblysh\u00eb<\/h4>\n<h4>Mish pule dhe vi\u00e7i<\/h4>\n<h4>Copa n\u00eb pelte ( xhelatine )<\/h4>\n<h4>100 g<\/h4>\n<p><a title=\"Shiko Detajet\" href=\"#puppy-chicken\" target=\"_self\" rel=\"noopener\">Shiko Detajet<\/a><br \/>\n<img loading=\"lazy\" decoding=\"async\" src=\"https:\/\/www.bonacibo.com\/xk\/wp-content\/uploads\/2020\/03\/Pouch-Dog-Chicken-Beef.png\" alt=\"\" width=\"488\" height=\"750\" \/><\/p>\n<h4>T\u00eb Rritur<\/h4>\n<h4>Mish pule dhe vi\u00e7i<\/h4>\n<h4>Copa n\u00eb pelte ( xhelatine )<\/h4>\n<h4>100 g<\/h4>\n<p><a title=\"Shiko Detajet\" href=\"#Adult-chicken\" target=\"_self\" rel=\"noopener\">Shiko Detajet<\/a><\/p>\n<h2>Mish pule dhe vi\u00e7i<\/h2>\n<p>Copa n\u00eb pelte ( xhelatine )<\/p>\n<h2>Ushqim i l\u00ebngsh\u00ebm p\u00ebr k\u00eblysh\u00ebt<\/h2>\n<p>P\u00ebrsh\u00ebndete ushqimit ton\u00eb t\u00eb ri t\u00eb l\u00ebngsh\u00ebm p\u00ebr kafsh\u00ebt sht\u00ebpiake me pul\u00eb t\u00eb fresk\u00ebt i pasur me proteina , p\u00ebr nj\u00eb rritje m\u00eb t\u00eb mir\u00eb p\u00ebr miqt\u00eb tan\u00eb t\u00eb vegj\u00ebl!<\/p>\n<h4>P\u00ebrb\u00ebr\u00ebsit<\/h4>\n<p>Mishi dhe derivatet e kafsh\u00ebve [73% (nga pula jo m\u00eb pak se 4%, nga vi\u00e7i jo m\u00eb pak se 4%)], drith\u00ebra (miell gruri), vaj vegjetal, ekstrakte proteinash vegjetale, vitamina, minerale.<\/p>\n<p><img loading=\"lazy\" decoding=\"async\" src=\"https:\/\/www.bonacibo.com\/xk\/wp-content\/uploads\/2020\/03\/vitamin-minerals-.png\" alt=\"\" width=\"750\" height=\"173\" \/><br \/>\n<img loading=\"lazy\" decoding=\"async\" src=\"https:\/\/www.bonacibo.com\/xk\/wp-content\/uploads\/2020\/03\/Puppy-Chicken-Beef-R.png\" alt=\"\" width=\"563\" height=\"399\" \/><br \/>\n<img loading=\"lazy\" decoding=\"async\" src=\"https:\/\/www.bonacibo.com\/xk\/wp-content\/uploads\/2020\/03\/Pouch-Puppy-Chicken-Beef.png\" alt=\"\" width=\"488\" height=\"750\" \/><\/p>\n<h4>P\u00ebrb\u00ebr\u00ebsit analitik\u00eb<\/h4>\n<table>\n<tbody>\n<tr>\n<td scope=\"row\">Proteina<\/td>\n<td>% 8<\/td>\n<\/tr>\n<tr>\n<td scope=\"row\">P\u00ebrmbajtja e yndyr\u00ebs<\/td>\n<td>% 7<\/td>\n<\/tr>\n<tr>\n<td scope=\"row\">Hiri i pap\u00ebrpunuar<\/td>\n<td>% 0,5<\/td>\n<\/tr>\n<tr>\n<td scope=\"row\">Fib\u00ebr e pap\u00ebrpunuar<\/td>\n<td>% 2<\/td>\n<\/tr>\n<tr>\n<td scope=\"row\">Lag\u00ebshtia<\/td>\n<td>% 80<\/td>\n<\/tr>\n<\/tbody>\n<\/table>\n<table style=\"width: 100%; border: none;\" border=\"0\" cellspacing=\"0\" cellpadding=\"5px\">\n<tbody>\n<tr>\n<td style=\"background-color: #c8dcad; border: none;\">Vitamin D3<\/td>\n<td style=\"background-color: #c8dcad; border: none; text-align: right;\">255 IU\/kg<\/td>\n<\/tr>\n<tr>\n<td style=\"border: none;\">Vitamin E<\/td>\n<td style=\"border: none; text-align: right;\">170 mg\/kg<\/td>\n<\/tr>\n<tr>\n<td style=\"background-color: #c8dcad; border: none;\">Vitamin B1<\/td>\n<td style=\"background-color: #c8dcad; border: none; text-align: right;\">3,04 mg\/kg<\/td>\n<\/tr>\n<tr>\n<td style=\"border: none;\">Calcium D<\/td>\n<td style=\"border: none; text-align: right;\">3,57 mg\/kg<\/td>\n<\/tr>\n<tr>\n<td style=\"background-color: #c8dcad; border: none;\">Acidi folik<\/td>\n<td style=\"background-color: #c8dcad; border: none; text-align: right;\">0,84 mg\/kg<\/td>\n<\/tr>\n<tr>\n<td style=\"border: none;\">Taurina<\/td>\n<td style=\"border: none; text-align: right;\">860 mg\/kg<\/td>\n<\/tr>\n<\/tbody>\n<\/table>\n<table style=\"width: 100%; border: none;\" border=\"0\" cellspacing=\"0\" cellpadding=\"5px\">\n<tbody>\n<tr>\n<td style=\"background-color: #c8dcad; border: none;\">Klorur kolin\u00eb<\/td>\n<td style=\"background-color: #c8dcad; border: none; text-align: right;\">1,5 g\/kg<\/td>\n<\/tr>\n<tr>\n<td style=\"border: none;\">Sulfati i zinkut<\/td>\n<td style=\"border: none; text-align: right;\">9,42 mg\/kg<\/td>\n<\/tr>\n<tr>\n<td style=\"background-color: #c8dcad; border: none;\">Sulfat mangan<\/td>\n<td style=\"background-color: #c8dcad; border: none; text-align: right;\">4,91 mg\/kg<\/td>\n<\/tr>\n<tr>\n<td style=\"border: none;\">Jodidi i kaliumit<\/td>\n<td style=\"border: none; text-align: right;\">0,46 mg\/kg<\/td>\n<\/tr>\n<tr>\n<td style=\"background-color: #c8dcad; border: none;\">Seleniti i natriumit<\/td>\n<td style=\"background-color: #c8dcad; border: none; text-align: right;\">0,2 \u00b5g\/kg<\/td>\n<\/tr>\n<tr>\n<td style=\"border: none;\">Glicin\u00eb<\/td>\n<td style=\"border: none; text-align: right;\">5,1 g\/kg<\/td>\n<\/tr>\n<\/tbody>\n<\/table>\n<p><img loading=\"lazy\" decoding=\"async\" src=\"https:\/\/www.bonacibo.com\/xk\/wp-content\/uploads\/2020\/03\/Pouch-Dog-Chicken-Beef.png\" alt=\"\" width=\"488\" height=\"750\" \/><br \/>\n<img loading=\"lazy\" decoding=\"async\" src=\"https:\/\/www.bonacibo.com\/xk\/wp-content\/uploads\/2020\/03\/Dog-Chicken-Beef-R.png\" alt=\"\" width=\"563\" height=\"399\" \/><\/p>\n<h2>Mish pule dhe vi\u00e7i<\/h2>\n<p>Copa n\u00eb pelte ( xhelatine )<\/p>\n<h2>Ushqim i l\u00ebngsh\u00ebm p\u00ebr qent\u00eb e rritur<\/h2>\n<p>Fal\u00eb k\u00ebtij ushqimi t\u00eb l\u00ebngsh\u00ebm p\u00ebr kafsh\u00ebt sht\u00ebpiake me p\u00ebrmbajtje t\u00eb pasur mishi dhe me p\u00ebrb\u00ebr\u00ebsit e tij krejt\u00ebsisht natyral\u00eb, sistemi imunitar dhe g\u00ebzofi i miqve tan\u00eb do t\u00eb forcohet , dhe ata do t\u00eb mbrohen nga faktor\u00ebt e jasht\u00ebm n\u00eb m\u00ebnyr\u00ebn m\u00eb t\u00eb mir\u00eb t\u00eb mundshme!<\/p>\n<h4>P\u00ebrb\u00ebr\u00ebsit<\/h4>\n<p>Mishi dhe derivatet e kafsh\u00ebve [82% (nga pula jo m\u00eb pak se 4%, nga vi\u00e7i jo m\u00eb pak se 4%)], drith\u00ebra (miell gruri), ekstrakte proteinash vegjetale, vitamina, minerale.<\/p>\n<p><img loading=\"lazy\" decoding=\"async\" src=\"https:\/\/www.bonacibo.com\/xk\/wp-content\/uploads\/2020\/03\/vitamin-minerals-.png\" alt=\"\" width=\"750\" height=\"173\" \/><\/p>\n<h4>P\u00ebrb\u00ebr\u00ebsit analitik\u00eb<\/h4>\n<table>\n<tbody>\n<tr>\n<td scope=\"row\">Proteina<\/td>\n<td>% 7<\/td>\n<\/tr>\n<tr>\n<td scope=\"row\">P\u00ebrmbajtja e yndyr\u00ebs<\/td>\n<td>% 4<\/td>\n<\/tr>\n<tr>\n<td scope=\"row\">Hiri i pap\u00ebrpunuar<\/td>\n<td>% 0,4<\/td>\n<\/tr>\n<tr>\n<td scope=\"row\">Fib\u00ebr e pap\u00ebrpunuar<\/td>\n<td>% 2,5<\/td>\n<\/tr>\n<tr>\n<td scope=\"row\">Lag\u00ebshtia<\/td>\n<td>% 82<\/td>\n<\/tr>\n<\/tbody>\n<\/table>\n<table style=\"width: 100%; border: none;\" border=\"0\" cellspacing=\"0\" cellpadding=\"5px\">\n<tbody>\n<tr>\n<td style=\"background-color: #c8dcad; border: none;\">Vitamin D3<\/td>\n<td style=\"background-color: #c8dcad; border: none; text-align: right;\">100 IU\/kg<\/td>\n<\/tr>\n<tr>\n<td style=\"border: none;\">Vitamin E<\/td>\n<td style=\"border: none; text-align: right;\">8 mg\/kg<\/td>\n<\/tr>\n<tr>\n<td style=\"background-color: #c8dcad; border: none;\">Vitamin B1<\/td>\n<td style=\"background-color: #c8dcad; border: none; text-align: right;\">0,5 mg\/kg<\/td>\n<\/tr>\n<tr>\n<td style=\"border: none;\">Calcium D<\/td>\n<td style=\"border: none; text-align: right;\">0,5 mg\/kg<\/td>\n<\/tr>\n<tr>\n<td style=\"background-color: #c8dcad; border: none;\">Acidi folik<\/td>\n<td style=\"background-color: #c8dcad; border: none; text-align: right;\">0,113 mg\/kg<\/td>\n<\/tr>\n<tr>\n<td style=\"border: none;\">Taurina<\/td>\n<td style=\"border: none; text-align: right;\">233 mg\/kg<\/td>\n<\/tr>\n<\/tbody>\n<\/table>\n<table style=\"width: 100%; border: none;\" border=\"0\" cellspacing=\"0\" cellpadding=\"5px\">\n<tbody>\n<tr>\n<td style=\"background-color: #c8dcad; border: none;\">Klorur kolin\u00eb<\/td>\n<td style=\"background-color: #c8dcad; border: none; text-align: right;\">1,4 g\/kg<\/td>\n<\/tr>\n<tr>\n<td style=\"border: none;\">Sulfati i zinkut<\/td>\n<td style=\"border: none; text-align: right;\">8,48 mg\/kg<\/td>\n<\/tr>\n<tr>\n<td style=\"background-color: #c8dcad; border: none;\">Sulfat mangan<\/td>\n<td style=\"background-color: #c8dcad; border: none; text-align: right;\">0,5 mg\/kg<\/td>\n<\/tr>\n<tr>\n<td style=\"border: none;\">Jodidi i kaliumit<\/td>\n<td style=\"border: none; text-align: right;\">0,42 mg\/kg<\/td>\n<\/tr>\n<tr>\n<td style=\"background-color: #c8dcad; border: none;\">Seleniti i natriumit<\/td>\n<td style=\"background-color: #c8dcad; border: none; text-align: right;\">0,18 \u00b5g\/kg<\/td>\n<\/tr>\n<tr>\n<td style=\"border: none;\">Glicin\u00eb<\/td>\n<td style=\"border: none; text-align: right;\">5,4 g\/kg<\/td>\n<\/tr>\n<\/tbody>\n<\/table>\n<ol>\n<li>N\u00ebse ushqimi i lag\u00ebsht n\u00eb qese dhe ushqimi i that\u00eb konsumohen s\u00eb bashku, sa duhet t\u00eb jepet n\u00eb dit\u00eb?P\u00ebr ushqyerjen e ushqimit t\u00eb p\u00ebrzier t\u00eb lag\u00ebsht dhe ushqimit t\u00eb that\u00eb, rekomandohet t\u00eb zvog\u00ebloni p\u00ebrgjysm\u00eb sasin\u00eb e t\u00eb dyjave q\u00eb duhet t\u00eb jepen \u00e7do dit\u00eb n\u00eb p\u00ebrputhje me udh\u00ebzimet e ushqyerjes t\u00eb deklaruara n\u00eb pjes\u00ebn e pasme t\u00eb paketimeve.<\/li>\n<li>A do t\u00eb ishte problem n\u00ebse do t&#8217;i jepja koteles \/ qenushit tim q\u00eb ka ndjeshm\u00ebri ushqyese ndaj produkteve t\u00eb shpend\u00ebve nj\u00eb qese ushqim t\u00eb lag\u00ebsht pa pul\u00eb per kafshe t\u00eb rritur?Meqen\u00ebse ushqimet p\u00ebr macet dhe qent\u00eb e rritur jan\u00eb t\u00eb formuluara sipas nevojave ushqyese t\u00eb kafsh\u00ebve sht\u00ebpiake t\u00eb rritura, ato p\u00ebrmbajn\u00eb p\u00ebrqindje m\u00eb t\u00eb ul\u00ebt t\u00eb proteinave, vitaminave, omega 3, omega 6 dhe aminoacide sesa ushqimet p\u00ebr kotele dhe k\u00eblysh. N\u00eb rastin e p\u00ebrzierjes s\u00eb tij me ushqimin e that\u00eb t\u00eb prodhuar p\u00ebr kotele dhe k\u00eblysh\u00ebt, nuk \u00ebsht\u00eb e d\u00ebmshme p\u00ebrdorimi i ushqimit t\u00eb lagur me qese t\u00eb rritur.<\/li>\n<\/ol>\n<p>[rcblock id=&#8221;7928&#8243;]<\/p>\n","protected":false},"excerpt":{"rendered":"<p>Ushqim i plot\u00eb i l\u00ebngsh\u00ebm p\u00ebr kafsh\u00eb sht\u00ebpiake p\u00ebr k\u00eblysh\u00ebt dhe qent\u00eb e rritur Bonacibo Ushqim i lag\u00ebsht ne qese p\u00ebr qen K\u00eblysh\u00eb Mish pule dhe vi\u00e7i Copa n\u00eb pelte ( xhelatine ) 100 g Shiko Detajet T\u00eb Rritur Mish pule dhe vi\u00e7i Copa n\u00eb pelte ( xhelatine ) 100 g Shiko Detajet Mish pule [&hellip;]<\/p>\n","protected":false},"author":2,"featured_media":0,"parent":0,"menu_order":0,"comment_status":"closed","ping_status":"closed","template":"","meta":{"footnotes":""},"class_list":["post-7896","page","type-page","status-publish","hentry"],"_links":{"self":[{"href":"https:\/\/www.bonacibo.com\/xk\/wp-json\/wp\/v2\/pages\/7896","targetHints":{"allow":["GET"]}}],"collection":[{"href":"https:\/\/www.bonacibo.com\/xk\/wp-json\/wp\/v2\/pages"}],"about":[{"href":"https:\/\/www.bonacibo.com\/xk\/wp-json\/wp\/v2\/types\/page"}],"author":[{"embeddable":true,"href":"https:\/\/www.bonacibo.com\/xk\/wp-json\/wp\/v2\/users\/2"}],"replies":[{"embeddable":true,"href":"https:\/\/www.bonacibo.com\/xk\/wp-json\/wp\/v2\/comments?post=7896"}],"version-history":[{"count":0,"href":"https:\/\/www.bonacibo.com\/xk\/wp-json\/wp\/v2\/pages\/7896\/revisions"}],"wp:attachment":[{"href":"https:\/\/www.bonacibo.com\/xk\/wp-json\/wp\/v2\/media?parent=7896"}],"curies":[{"name":"wp","href":"https:\/\/api.w.org\/{rel}","templated":true}]}}