{"id":7881,"date":"2020-03-23T14:56:42","date_gmt":"2020-03-23T11:56:42","guid":{"rendered":"https:\/\/www.bonacibo.com\/xk\/?page_id=7881"},"modified":"2022-01-18T10:58:46","modified_gmt":"2022-01-18T07:58:46","slug":"bonacibo-ushqim-i-lagesht-i-konservuar-per-qen","status":"publish","type":"page","link":"https:\/\/www.bonacibo.com\/xk\/bonacibo-ushqim-i-lagesht-i-konservuar-per-qen\/","title":{"rendered":"Bonacibo Ushqim i lag\u00ebsht i konservuar p\u00ebr qen"},"content":{"rendered":"<p><img loading=\"lazy\" decoding=\"async\" src=\"https:\/\/www.bonacibo.com\/xk\/wp-content\/uploads\/2020\/03\/kopek-konserveler.png\" alt=\"\" width=\"1920\" height=\"872\" \/><br \/>\nUshqim i plot\u00eb p\u00ebr qent\u00eb e rritur dhe k\u00eblysh\u00ebt<\/p>\n<h1>Bonacibo Ushqim i ll\u00ebngsh\u00ebm i konservuar p\u00ebr qen<\/h1>\n<p><img loading=\"lazy\" decoding=\"async\" src=\"https:\/\/www.bonacibo.com\/xk\/wp-content\/uploads\/2020\/03\/Konserve-Dog-LR.png\" alt=\"\" width=\"488\" height=\"750\" \/><\/p>\n<h4>K\u00eblysh\u00eb<\/h4>\n<h4>Qengji dhe Oriz<\/h4>\n<h4>Pate<\/h4>\n<h4>400 g<\/h4>\n<p><a title=\"Shiko Detajet\" href=\"#puppy-lr\" target=\"_self\" rel=\"noopener\">Shiko Detajet<\/a><br \/>\n<img loading=\"lazy\" decoding=\"async\" src=\"https:\/\/www.bonacibo.com\/xk\/wp-content\/uploads\/2020\/03\/Konserve-Dog-Beef.png\" alt=\"\" width=\"488\" height=\"750\" \/><\/p>\n<h4>T\u00eb Rritur<\/h4>\n<h4>Mish vi\u00e7i<\/h4>\n<h4>Copa mishi n\u00eb l\u00ebng<\/h4>\n<h4>400 g<\/h4>\n<p><a title=\"Shiko Detajet\" href=\"#Adult-beef\" target=\"_self\" rel=\"noopener\">Shiko Detajet<\/a><br \/>\n<img loading=\"lazy\" decoding=\"async\" src=\"https:\/\/www.bonacibo.com\/xk\/wp-content\/uploads\/2020\/03\/Konserve-Dog-Lamb.png\" alt=\"\" width=\"488\" height=\"750\" \/><\/p>\n<h4>T\u00eb Rritur<\/h4>\n<h4>Qengj<\/h4>\n<h4>Copa n\u00eb pelte ( xhelatine )<\/h4>\n<h4>400 g<\/h4>\n<p><a title=\"Shiko Detajet\" href=\"#Adult-lamb\" target=\"_self\" rel=\"noopener\">Shiko Detajet<\/a><br \/>\n<img loading=\"lazy\" decoding=\"async\" src=\"https:\/\/www.bonacibo.com\/xk\/wp-content\/uploads\/2020\/03\/Konserve-Dog-Somon.png\" alt=\"\" width=\"488\" height=\"750\" \/><\/p>\n<h4>T\u00eb Rritur<\/h4>\n<h4>Salmon<\/h4>\n<h4>Copa n\u00eb pelte ( xhelatine )<\/h4>\n<h4>400 g<\/h4>\n<p><a title=\"Shiko Detajet\" href=\"#Adult-salmon\" target=\"_self\" rel=\"noopener\">Shiko Detajet<\/a><\/p>\n<h2>Qengji dhe Oriz<\/h2>\n<p>Pate<\/p>\n<h2>Ushqim i plot\u00eb p\u00ebr k\u00eblysh\u00ebt<\/h2>\n<h4>P\u00ebrb\u00ebr\u00ebsit<\/h4>\n<p>Mishi dhe derivatet e kafsh\u00ebve (54%, duke p\u00ebrfshir\u00eb minimalisht 4% mish qengji), Drith\u00ebra (4% oriz), Derivate me origjin\u00eb bimore, minerale.<\/p>\n<p><img loading=\"lazy\" decoding=\"async\" src=\"https:\/\/www.bonacibo.com\/xk\/wp-content\/uploads\/2020\/03\/Dog-Vitamin.png\" alt=\"\" width=\"131\" height=\"131\" \/><\/p>\n<p style=\"text-align: center;\">E pasuruar me vitamina.<\/p>\n<p><img loading=\"lazy\" decoding=\"async\" src=\"https:\/\/www.bonacibo.com\/xk\/wp-content\/uploads\/2020\/03\/Dog-Deri-Sagligi.png\" alt=\"\" width=\"131\" height=\"131\" \/><\/p>\n<p style=\"text-align: center;\">I pasur me Omega 3 dhe 6<\/p>\n<p><img loading=\"lazy\" decoding=\"async\" src=\"https:\/\/www.bonacibo.com\/xk\/wp-content\/uploads\/2020\/03\/Konserve-Dog-LR-Head.png\" alt=\"\" width=\"561\" height=\"344\" \/><br \/>\n<img loading=\"lazy\" decoding=\"async\" src=\"https:\/\/www.bonacibo.com\/xk\/wp-content\/uploads\/2020\/03\/Konserve-Dog-LR.png\" alt=\"\" width=\"488\" height=\"750\" \/><\/p>\n<h4>Komponent\u00ebt analitik\u00eb<\/h4>\n<table>\n<tbody>\n<tr>\n<td scope=\"row\">Proteina<\/td>\n<td>% 8<\/td>\n<\/tr>\n<tr>\n<td scope=\"row\">P\u00ebrmbajtja e yndyr\u00ebs<\/td>\n<td>% 7,5<\/td>\n<\/tr>\n<tr>\n<td scope=\"row\">Fib\u00ebr e pap\u00ebrpunuar<\/td>\n<td>% 0,8<\/td>\n<\/tr>\n<tr>\n<td scope=\"row\">Hiri i pap\u00ebrpunuar<\/td>\n<td>% 2,8<\/td>\n<\/tr>\n<tr>\n<td scope=\"row\">Lag\u00ebshtia<\/td>\n<td>% 81<\/td>\n<\/tr>\n<tr>\n<td scope=\"row\">Omega-3<\/td>\n<td>% 0,03<\/td>\n<\/tr>\n<tr>\n<td scope=\"row\">Omega-6<\/td>\n<td>% 0,36<\/td>\n<\/tr>\n<\/tbody>\n<\/table>\n<table style=\"width: 100%; border: none;\" border=\"0\" cellspacing=\"0\" cellpadding=\"5px\">\n<tbody>\n<tr>\n<td style=\"background-color: #c8dcad; border: none;\">Vitamin A<\/td>\n<td style=\"background-color: #c8dcad; border: none; text-align: right;\">2.250 IU\/kg<\/td>\n<\/tr>\n<tr>\n<td style=\"border: none;\">Vitamin D3<\/td>\n<td style=\"border: none; text-align: right;\">328 IU\/kg<\/td>\n<\/tr>\n<tr>\n<td style=\"background-color: #c8dcad; border: none;\">Vitamin E<\/td>\n<td style=\"background-color: #c8dcad; border: none; text-align: right;\">26 mg\/kg<\/td>\n<\/tr>\n<tr>\n<td style=\"border: none;\">Pentahidrat<\/td>\n<td style=\"border: none; text-align: right;\">2,5 mg\/kg<\/td>\n<\/tr>\n<\/tbody>\n<\/table>\n<p>Leht\u00ebsisht i tretsh\u00ebm.<br \/>\nFormuluar posa\u00e7\u00ebrisht p\u00ebr rritje t\u00eb sh\u00ebndetshme.<br \/>\nPa ngjyra, shije apo konservues t\u00eb shtuar.<\/p>\n<p><img loading=\"lazy\" decoding=\"async\" src=\"https:\/\/www.bonacibo.com\/xk\/wp-content\/uploads\/2020\/03\/Konserve-Dog-Beef.png\" alt=\"\" width=\"488\" height=\"750\" \/><br \/>\n<img loading=\"lazy\" decoding=\"async\" src=\"https:\/\/www.bonacibo.com\/xk\/wp-content\/uploads\/2020\/03\/Konserve-Dog-Beef-Head.png\" alt=\"\" width=\"566\" height=\"350\" \/><\/p>\n<h2>Mish vi\u00e7i<\/h2>\n<p>Copa mishi n\u00eb l\u00ebng<\/p>\n<h2>Ushqim i plot\u00eb p\u00ebr qent\u00eb e rritur<\/h2>\n<h4>P\u00ebrb\u00ebr\u00ebsit<\/h4>\n<p>Mishi dhe derivatet e kafsh\u00ebve (46%, duke p\u00ebrfshir\u00eb minimalisht 4% Mish vi\u00e7i), Drith\u00ebra, Derivate me origjin\u00eb bimore, Minerale.<\/p>\n<p><img loading=\"lazy\" decoding=\"async\" src=\"https:\/\/www.bonacibo.com\/xk\/wp-content\/uploads\/2020\/03\/Dog-Vitamin.png\" alt=\"\" width=\"131\" height=\"131\" \/><\/p>\n<p style=\"text-align: center;\">E pasuruar me vitamina.<\/p>\n<p><img loading=\"lazy\" decoding=\"async\" src=\"https:\/\/www.bonacibo.com\/xk\/wp-content\/uploads\/2020\/03\/Dog-Deri-Sagligi.png\" alt=\"\" width=\"131\" height=\"131\" \/><\/p>\n<p style=\"text-align: center;\">I pasur me Omega 3 dhe 6<\/p>\n<h4>Komponent\u00ebt analitik\u00eb<\/h4>\n<table>\n<tbody>\n<tr>\n<td scope=\"row\">Proteina<\/td>\n<td>% 8<\/td>\n<\/tr>\n<tr>\n<td scope=\"row\">P\u00ebrmbajtja e yndyr\u00ebs<\/td>\n<td>% 5<\/td>\n<\/tr>\n<tr>\n<td scope=\"row\">Fib\u00ebr e pap\u00ebrpunuar<\/td>\n<td>% 0,6<\/td>\n<\/tr>\n<tr>\n<td scope=\"row\">Hiri i pap\u00ebrpunuar<\/td>\n<td>% 2,8<\/td>\n<\/tr>\n<tr>\n<td scope=\"row\">Lag\u00ebshtia<\/td>\n<td>% 80<\/td>\n<\/tr>\n<tr>\n<td scope=\"row\">Omega-3<\/td>\n<td>% 0,06<\/td>\n<\/tr>\n<tr>\n<td scope=\"row\">Omega-6<\/td>\n<td>% 0,82<\/td>\n<\/tr>\n<\/tbody>\n<\/table>\n<table style=\"width: 100%; border: none;\" border=\"0\" cellspacing=\"0\" cellpadding=\"5px\">\n<tbody>\n<tr>\n<td style=\"background-color: #c8dcad; border: none;\">Vitamin A<\/td>\n<td style=\"background-color: #c8dcad; border: none; text-align: right;\">2.250 IU\/kg<\/td>\n<\/tr>\n<tr>\n<td style=\"border: none;\">Vitamin D3<\/td>\n<td style=\"border: none; text-align: right;\">328 IU\/kg<\/td>\n<\/tr>\n<tr>\n<td style=\"background-color: #c8dcad; border: none;\">Vitamin E<\/td>\n<td style=\"background-color: #c8dcad; border: none; text-align: right;\">26 mg\/kg<\/td>\n<\/tr>\n<tr>\n<td style=\"border: none;\">Pentahidrat<\/td>\n<td style=\"border: none; text-align: right;\">2,5 mg\/kg<\/td>\n<\/tr>\n<\/tbody>\n<\/table>\n<p>Vajra Omega 3 &amp; 6 p\u00ebr pallto me shk\u00eblqim dhe l\u00ebkur\u00eb t\u00eb sh\u00ebndetshme.<br \/>\nE pasuruar me vitamina.<br \/>\nPa ngjyra, shije apo konservues t\u00eb shtuar.<\/p>\n<h2>Qengj<\/h2>\n<p>Copa n\u00eb pelte ( xhelatine )<\/p>\n<h2>Ushqim i plot\u00eb p\u00ebr qent\u00eb e rritur<\/h2>\n<h4>P\u00ebrb\u00ebr\u00ebsit<\/h4>\n<p>Mishi dhe derivatet e kafsh\u00ebve (46% duke p\u00ebrfshir\u00eb minimalisht 4% mish qengji), Drith\u00ebra, Derivate me origjin\u00eb bimore, minerale.<\/p>\n<p><img loading=\"lazy\" decoding=\"async\" src=\"https:\/\/www.bonacibo.com\/xk\/wp-content\/uploads\/2020\/03\/Dog-Vitamin.png\" alt=\"\" width=\"131\" height=\"131\" \/><\/p>\n<p style=\"text-align: center;\">E pasuruar me vitamina.<\/p>\n<p><img loading=\"lazy\" decoding=\"async\" src=\"https:\/\/www.bonacibo.com\/xk\/wp-content\/uploads\/2020\/03\/Dog-Deri-Sagligi.png\" alt=\"\" width=\"131\" height=\"131\" \/><\/p>\n<p style=\"text-align: center;\">I pasur me Omega 3 dhe 6<\/p>\n<p><img loading=\"lazy\" decoding=\"async\" src=\"https:\/\/www.bonacibo.com\/xk\/wp-content\/uploads\/2020\/03\/Konserve-Dog-Lamb-Head.png\" alt=\"\" width=\"567\" height=\"350\" \/><br \/>\n<img loading=\"lazy\" decoding=\"async\" src=\"https:\/\/www.bonacibo.com\/xk\/wp-content\/uploads\/2020\/03\/Konserve-Dog-Lamb.png\" alt=\"\" width=\"488\" height=\"750\" \/><\/p>\n<h4>Komponent\u00ebt analitik\u00eb<\/h4>\n<table>\n<tbody>\n<tr>\n<td scope=\"row\">Proteina<\/td>\n<td>% 9<\/td>\n<\/tr>\n<tr>\n<td scope=\"row\">P\u00ebrmbajtja e yndyr\u00ebs<\/td>\n<td>% 5,5<\/td>\n<\/tr>\n<tr>\n<td scope=\"row\">Fib\u00ebr e pap\u00ebrpunuar<\/td>\n<td>% 0,6<\/td>\n<\/tr>\n<tr>\n<td scope=\"row\">Hiri i pap\u00ebrpunuar<\/td>\n<td>% 2,8<\/td>\n<\/tr>\n<tr>\n<td scope=\"row\">Lag\u00ebshtia<\/td>\n<td>% 80<\/td>\n<\/tr>\n<tr>\n<td scope=\"row\">Omega-3<\/td>\n<td>% 0,08<\/td>\n<\/tr>\n<tr>\n<td scope=\"row\">Omega-6<\/td>\n<td>% 0,83<\/td>\n<\/tr>\n<\/tbody>\n<\/table>\n<table style=\"width: 100%; border: none;\" border=\"0\" cellspacing=\"0\" cellpadding=\"5px\">\n<tbody>\n<tr>\n<td style=\"background-color: #c8dcad; border: none;\">Vitamin A<\/td>\n<td style=\"background-color: #c8dcad; border: none; text-align: right;\">2.250 IU\/kg<\/td>\n<\/tr>\n<tr>\n<td style=\"border: none;\">Vitamin D3<\/td>\n<td style=\"border: none; text-align: right;\">328 IU\/kg<\/td>\n<\/tr>\n<tr>\n<td style=\"background-color: #c8dcad; border: none;\">Vitamin E<\/td>\n<td style=\"background-color: #c8dcad; border: none; text-align: right;\">26 mg\/kg<\/td>\n<\/tr>\n<tr>\n<td style=\"border: none;\">Pentahidrat<\/td>\n<td style=\"border: none; text-align: right;\">2,5 mg\/kg<\/td>\n<\/tr>\n<\/tbody>\n<\/table>\n<p>Vajra Omega 3 &amp; 6 p\u00ebr pallto me shk\u00eblqim dhe l\u00ebkur\u00eb t\u00eb sh\u00ebndetshme.<br \/>\nE pasuruar me vitamina.<br \/>\nPa ngjyra, shije apo konservues t\u00eb shtuar.<\/p>\n<p><img loading=\"lazy\" decoding=\"async\" src=\"https:\/\/www.bonacibo.com\/xk\/wp-content\/uploads\/2020\/03\/Konserve-Dog-Somon.png\" alt=\"\" width=\"488\" height=\"750\" \/><br \/>\n<img loading=\"lazy\" decoding=\"async\" src=\"https:\/\/www.bonacibo.com\/xk\/wp-content\/uploads\/2020\/03\/Konserve-Dog-Somon-HEad.png\" alt=\"\" width=\"567\" height=\"347\" \/><\/p>\n<h2>Salmon<\/h2>\n<p>Copa n\u00eb pelte ( xhelatine )<\/p>\n<h2>Ushqim i plot\u00eb p\u00ebr qent\u00eb e rritur<\/h2>\n<h4>P\u00ebrb\u00ebr\u00ebsit<\/h4>\n<p>Mishi dhe derivatet e kafsh\u00ebve (42%), Peshku dhe derivatet e peshkut (4%), Drith\u00ebrat, Derivatet me origjin\u00eb bimore, Mineralet.<\/p>\n<p><img loading=\"lazy\" decoding=\"async\" src=\"https:\/\/www.bonacibo.com\/xk\/wp-content\/uploads\/2020\/03\/Dog-Vitamin.png\" alt=\"\" width=\"131\" height=\"131\" \/><\/p>\n<p style=\"text-align: center;\">E pasuruar me vitamina.<\/p>\n<p><img loading=\"lazy\" decoding=\"async\" src=\"https:\/\/www.bonacibo.com\/xk\/wp-content\/uploads\/2020\/03\/Dog-Deri-Sagligi.png\" alt=\"\" width=\"131\" height=\"131\" \/><\/p>\n<p style=\"text-align: center;\">I pasur me Omega 3 dhe 6<\/p>\n<h4>Komponent\u00ebt analitik\u00eb<\/h4>\n<table>\n<tbody>\n<tr>\n<td scope=\"row\">Proteina<\/td>\n<td>% 9<\/td>\n<\/tr>\n<tr>\n<td scope=\"row\">P\u00ebrmbajtja e yndyr\u00ebs<\/td>\n<td>% 5,5<\/td>\n<\/tr>\n<tr>\n<td scope=\"row\">Fib\u00ebr e pap\u00ebrpunuar<\/td>\n<td>% 0,6<\/td>\n<\/tr>\n<tr>\n<td scope=\"row\">Hiri i pap\u00ebrpunuar<\/td>\n<td>% 2,8<\/td>\n<\/tr>\n<tr>\n<td scope=\"row\">Lag\u00ebshtia<\/td>\n<td>% 80<\/td>\n<\/tr>\n<tr>\n<td scope=\"row\">Omega-3<\/td>\n<td>% 0,07<\/td>\n<\/tr>\n<tr>\n<td scope=\"row\">Omega-6<\/td>\n<td>% 0,83<\/td>\n<\/tr>\n<\/tbody>\n<\/table>\n<table style=\"width: 100%; border: none;\" border=\"0\" cellspacing=\"0\" cellpadding=\"5px\">\n<tbody>\n<tr>\n<td style=\"background-color: #c8dcad; border: none;\">Vitamin A<\/td>\n<td style=\"background-color: #c8dcad; border: none; text-align: right;\">2.250 IU\/kg<\/td>\n<\/tr>\n<tr>\n<td style=\"border: none;\">Vitamin D3<\/td>\n<td style=\"border: none; text-align: right;\">328 IU\/kg<\/td>\n<\/tr>\n<tr>\n<td style=\"background-color: #c8dcad; border: none;\">Vitamin E<\/td>\n<td style=\"background-color: #c8dcad; border: none; text-align: right;\">26 mg\/kg<\/td>\n<\/tr>\n<tr>\n<td style=\"border: none;\">Pentahidrat<\/td>\n<td style=\"border: none; text-align: right;\">2,5 mg\/kg<\/td>\n<\/tr>\n<\/tbody>\n<\/table>\n<p>Vajra Omega 3 &amp; 6 p\u00ebr pallto me shk\u00eblqim dhe l\u00ebkur\u00eb t\u00eb sh\u00ebndetshme.<br \/>\nE pasuruar me vitamina.<br \/>\nPa ngjyra, shije apo konservues t\u00eb shtuar.<\/p>\n<p><img loading=\"lazy\" decoding=\"async\" src=\"https:\/\/www.bonacibo.com\/xk\/wp-content\/uploads\/2020\/03\/puppy.jpg\" alt=\"\" width=\"650\" height=\"548\" \/><\/p>\n<h4>Udh\u00ebzimet e t\u00eb ushqyerit<br \/>\np\u00ebr qent\u00eb e rritur<\/h4>\n<table style=\"width: 100%; border: none;\" border=\"0\" cellspacing=\"0\" cellpadding=\"3px\">\n<tbody>\n<tr>\n<td style=\"background-color: #ff7a7a; border: none;\"><b>Madh\u00ebsia e rac\u00ebs <\/b><\/td>\n<td style=\"background-color: #ff7a7a; border: none; text-align: right;\"><b>Pesha e qenit<\/b><\/td>\n<td style=\"background-color: #ff7a7a; border: none; text-align: right;\"><b>Konserv\u00eb (400 g) n\u00eb dit\u00eb<\/b><\/td>\n<\/tr>\n<tr>\n<td style=\"border: none;\">M\u00eb i vogli<\/td>\n<td style=\"border: none; text-align: right;\">1 &#8211; 5 kg<\/td>\n<td style=\"border: none; text-align: right;\">\u00bd &#8211; 1<\/td>\n<\/tr>\n<tr>\n<td style=\"background-color: #c8dcad; border: none;\">I vog\u00ebl<\/td>\n<td style=\"background-color: #c8dcad; border: none; text-align: right;\">5 &#8211; 12 kg<\/td>\n<td style=\"background-color: #c8dcad; border: none; text-align: right;\">1 &#8211; 2<\/td>\n<\/tr>\n<tr>\n<td style=\"border: none;\">I mesem<\/td>\n<td style=\"border: none; text-align: right;\">12 &#8211; 25 kg<\/td>\n<td style=\"border: none; text-align: right;\">2 &#8211; 3<\/td>\n<\/tr>\n<tr>\n<td style=\"background-color: #c8dcad; border: none;\">I madh<\/td>\n<td style=\"background-color: #c8dcad; border: none; text-align: right;\">25 &#8211; 45 kg<\/td>\n<td style=\"background-color: #c8dcad; border: none; text-align: right;\">3 &#8211; 4\u00bd<\/td>\n<\/tr>\n<tr>\n<td style=\"border: none;\">Gjigant<\/td>\n<td style=\"border: none; text-align: right;\">45 &#8211; 70 kg<\/td>\n<td style=\"border: none; text-align: right;\">4\u00bd -7<\/td>\n<\/tr>\n<\/tbody>\n<\/table>\n<p>Qeni juaj duhet t\u00eb ushqehet dy her\u00eb n\u00eb dit\u00eb, ndaj p\u00ebrgjysmoni shifrat e m\u00ebsip\u00ebrme p\u00ebr \u00e7do vakt, kur e ushqejm\u00eb me mish n\u00eb l\u00ebng s\u00eb bashku me nj\u00eb ushqim t\u00eb that\u00eb, p\u00ebrgjysmoni sasit\u00eb e rekomanduara ditore t\u00eb ushqimit. Pasi t\u00eb hapet kutia, mbulojeni dhe ruani n\u00eb frigorifer, p\u00ebrdorni brenda 24 or\u00ebve (n\u00eb temperatur\u00ebn e dhom\u00ebs). Sa m\u00eb sip\u00ebr \u00ebsht\u00eb nj\u00eb vet\u00ebm udh\u00ebzues pasi k\u00ebrkesat e nj\u00eb qeni individual ndryshojn\u00eb n\u00eb var\u00ebsi t\u00eb nivelit t\u00eb aktivitetit, mosh\u00ebs dhe mjedisit. Siguroni gjithmon\u00eb uj\u00eb t\u00eb fresk\u00ebt dhe t\u00eb past\u00ebr t\u00eb bollsh\u00ebm.<\/p>\n<h4>Udh\u00ebzimet e t\u00eb ushqyerit<br \/>\np\u00ebr k\u00eblysh\u00ebt<\/h4>\n<table style=\"width: 100%; border: none;\" border=\"0\" cellspacing=\"0\" cellpadding=\"3px\">\n<tbody>\n<tr>\n<td style=\"background-color: #ff7a7a; border: none;\"><b>Madh\u00ebsia e rac\u00ebs\u00a0<\/b><\/td>\n<td style=\"background-color: #ff7a7a; border: none; text-align: right;\"><b>2-6 Muajsh<\/b><\/td>\n<td style=\"background-color: #ff7a7a; border: none; text-align: right;\"><b>6-12 Muajsh<\/b><\/td>\n<td style=\"background-color: #ff7a7a; border: none; text-align: right;\"><b>12-18 Muajsh<\/b><\/td>\n<\/tr>\n<tr>\n<td style=\"border: none;\">M\u00eb i vogli (1-5kg)<\/td>\n<td style=\"border: none; text-align: right;\">\u00bc &#8211; \u00be<\/td>\n<td style=\"border: none; text-align: right;\">\u2153 &#8211; 1 \u00bc<\/td>\n<td style=\"border: none; text-align: right;\">&#8212;&#8211;<\/td>\n<\/tr>\n<tr>\n<td style=\"background-color: #c8dcad; border: none;\">I vog\u00ebl (5-12 kg)<\/td>\n<td style=\"background-color: #c8dcad; border: none; text-align: right;\">\u2154 &#8211; 1 \u00bc<\/td>\n<td style=\"background-color: #c8dcad; border: none; text-align: right;\">\u00be &#8211; 2 \u00bc<\/td>\n<td style=\"background-color: #c8dcad; border: none; text-align: right;\">&#8212;&#8211;<\/td>\n<\/tr>\n<tr>\n<td style=\"border: none;\">I mesem (12-25kg)<\/td>\n<td style=\"border: none; text-align: right;\">1-\u00a0 2<\/td>\n<td style=\"border: none; text-align: right;\">1 \u00bc &#8211; 4<\/td>\n<td style=\"border: none; text-align: right;\">&#8212;&#8211;<\/td>\n<\/tr>\n<tr>\n<td style=\"background-color: #c8dcad; border: none;\">I madh (25-45 kg)<\/td>\n<td style=\"background-color: #c8dcad; border: none; text-align: right;\">1\u00bd &#8211; 2\u00bd<\/td>\n<td style=\"background-color: #c8dcad; border: none; text-align: right;\">2 &#8211; 5\u00bd<\/td>\n<td style=\"background-color: #c8dcad; border: none; text-align: right;\">&#8212;&#8211;<\/td>\n<\/tr>\n<tr>\n<td style=\"border: none;\">Gjigant (45-70kg)<\/td>\n<td style=\"border: none; text-align: right;\">2 &#8211; 3\u00bd<\/td>\n<td style=\"border: none; text-align: right;\">2\u00bd &#8211; 6\u00bd<\/td>\n<td style=\"border: none; text-align: right;\">5\u00bd &#8211; 9\u00bd<\/td>\n<\/tr>\n<\/tbody>\n<\/table>\n<p>Qenushi juaj duhet t\u00eb ushqehet 3-4 her\u00eb n\u00eb dit\u00eb, por pas 6 muajsh kjo mund t\u00eb reduktohet n\u00eb dy vakte n\u00eb dit\u00eb. Kur eushqejm\u00eb me pateen ton\u00eb s\u00eb bashku me nj\u00eb ushqim t\u00eb that\u00eb, p\u00ebrgjysmoni sasit\u00eb e rekomanduara ditore t\u00eb ushqimit. Pasi t\u00eb hapet kutia, mbulojeni dhe ruani n\u00eb frigorifer, p\u00ebrdorni brenda 24 or\u00ebve (n\u00eb temperatur\u00ebn e dhom\u00ebs). Sa m\u00eb sip\u00ebr \u00ebsht\u00eb vet\u00ebm nj\u00eb udh\u00ebzues pasi k\u00ebrkesat e nj\u00eb qeni individual do t\u00eb ndryshojn\u00eb n\u00eb var\u00ebsi t\u00eb nivelit t\u00eb aktivitetit, mosh\u00ebs dhe mjedisit. Siguroni gjithmon\u00eb uj\u00eb t\u00eb fresk\u00ebt dhe t\u00eb past\u00ebr t\u00eb bollsh\u00ebm.<\/p>\n<ol>\n<li>\u00c7far\u00eb \u00ebsht\u00eb ushqimi i lag\u00ebsht p\u00ebr kafsh\u00ebt sht\u00ebpiake? A \u00ebsht\u00eb e nevojshme p\u00ebr qenin tim? Cili \u00ebsht\u00eb ndryshimi midis ushqimit t\u00eb that\u00eb dhe t\u00eb lag\u00ebsht p\u00ebr kafsh\u00ebt sht\u00ebpiake?Ushqimi i lag\u00ebsht p\u00ebr kafsh\u00ebt sht\u00ebpiake prodhohet nga nj\u00eb proces shum\u00eb i ndrysh\u00ebm nga ushqimi i that\u00eb. N\u00eb p\u00ebrgjith\u00ebsi n\u00ebnproduktet e mishit, perimet, drith\u00ebrat, mineralet dhe yndyrat p\u00ebrzihen me disa uj\u00eb dhe p\u00ebrb\u00ebr\u00ebs xhelatizues dhe m\u00eb pas t\u00eb gjitha emulsohen p\u00ebr t\u00eb prodhuar nj\u00eb lloj paste. M\u00eb pas gatuhet pjes\u00ebrisht n\u00eb nj\u00eb tunel me avull p\u00ebr ta b\u00ebr\u00eb m\u00eb t\u00eb fort\u00eb dhe pritet me thika n\u00eb kube. Produkti m\u00eb pas duket si nj\u00eb cop\u00eb mishi i v\u00ebrtet\u00eb dhe vendoset n\u00eb nj\u00eb kana\u00e7e ose konservues, dhe mund t\u00eb mbushet me pelte ( xhelatin\u00eb ) ose l\u00ebng mishi, dhe m\u00eb pas mbyllet dhe gatuhet n\u00eb tenxhere me presion p\u00ebr rreth 2 or\u00eb p\u00ebr ta sterilizuar. P\u00ebr shkak t\u00eb k\u00ebtyre kushteve t\u00eb p\u00ebrpunimit, \u00ebsht\u00eb m\u00eb e v\u00ebshtir\u00eb t\u00eb prodhohet ushqim i lag\u00ebsht plot\u00ebsisht i ekuilibruar dhe shpesh nevojitet nj\u00eb shtes\u00eb. \u00cbsht\u00eb shum\u00eb e r\u00ebnd\u00ebsishme ta k\u00ebrkoni k\u00ebt\u00eb n\u00eb paketim.\n<p>Ka shum\u00eb cil\u00ebsi t\u00eb ndryshme t\u00eb ushqimit t\u00eb lag\u00ebsht q\u00eb shiten sot n\u00eb Shqiperi, por p\u00ebr fat t\u00eb keq shum\u00eb prej tyre jan\u00eb shum\u00eb t\u00eb varf\u00ebra dhe b\u00ebhen me sasi shum\u00eb t\u00eb vogla n\u00ebnproduktesh mishi dhe 80-85% p\u00ebrmbajtje uji, me shum\u00eb sheqer t\u00eb shtuar. Gjithashtu njer\u00ebzit duhet t\u00eb kuptojn\u00eb se n\u00eb Evrop\u00eb n\u00ebse nj\u00eb prodhues pretendon pul\u00eb me nj\u00eb p\u00ebrqindje do t\u00eb thot\u00eb se mund t\u00eb jet\u00eb pul\u00eb sipas produkteve ose miell pule.<\/p>\n<p>Ushqimet e lagura dhe t\u00eb thata t\u00eb plota nga ana ushqyese jan\u00eb po aq t\u00eb p\u00ebrshtatshme p\u00ebr qent, dhe ndonj\u00ebher\u00eb nj\u00eb kafsh\u00eb sht\u00ebpiake preferon nj\u00ebr\u00ebn ose tjetr\u00ebn. Kur ushqeni ushqim t\u00eb that\u00eb, \u00ebsht\u00eb shum\u00eb e r\u00ebnd\u00ebsishme t\u00eb mbani nj\u00eb tas me uj\u00eb t\u00eb fresk\u00ebt dhe t\u00eb past\u00ebr pran\u00eb, pasi ata nuk mund t\u00eb marrin uj\u00eb t\u00eb mjaftuesh\u00ebm vet\u00ebm nga ushqimi.<\/li>\n<li>A \u00ebsht\u00eb e mundur q\u00eb qenve t&#8217;u sh\u00ebrbehet ushqim i that\u00eb dhe i lag\u00ebsht p\u00ebr kafsh\u00ebt sht\u00ebpiake duke i p\u00ebrzier ato?Ushqimi i lag\u00ebsht dhe i that\u00eb mund t\u00eb p\u00ebrzihen lirisht s\u00eb bashku n\u00ebse t\u00eb dyja jan\u00eb t\u00eb plota nga ana ushqyese, ose n\u00ebse kombinimi prodhon nj\u00eb ushqim t\u00eb plot\u00eb ushqyes, megjithat\u00eb, sasit\u00eb e secilit duhet t\u00eb kontrollohen p\u00ebr t\u00eb siguruar q\u00eb t\u00eb shmanget mbiushqyerja. N\u00ebse nj\u00eb nga ushqimet nuk \u00ebsht\u00eb i plot\u00eb nga ana ushqyese, duhet pasur kujdes dhe ushqimi jo i plot\u00eb (ose plot\u00ebsues) nuk duhet t\u00eb p\u00ebrfaq\u00ebsoj\u00eb m\u00eb shum\u00eb se 10% t\u00eb diet\u00ebs s\u00eb p\u00ebrgjithshme, p\u00ebrndryshe mund t\u00eb holloj\u00eb ndjesh\u00ebm marrjen e l\u00ebnd\u00ebve ushqyese.<\/li>\n<li>P\u00ebr cilat raca jan\u00eb ushqimi i konservuar p\u00ebr kafsh\u00eb Bonacibo?Ushqimi yn\u00eb i konservuar p\u00ebr kafsh\u00ebt sht\u00ebpiake Bonacibo \u00ebsht\u00eb formuluar p\u00ebr t\u00eb plot\u00ebsuar t\u00eb gjitha nevojat ushqyese t\u00eb qenve t\u00eb t\u00eb gjitha racave.<\/li>\n<\/ol>\n<p>[rcblock id=&#8221;7928&#8243;]<\/p>\n","protected":false},"excerpt":{"rendered":"<p>Ushqim i plot\u00eb p\u00ebr qent\u00eb e rritur dhe k\u00eblysh\u00ebt Bonacibo Ushqim i ll\u00ebngsh\u00ebm i konservuar p\u00ebr qen K\u00eblysh\u00eb Qengji dhe Oriz Pate 400 g Shiko Detajet T\u00eb Rritur Mish vi\u00e7i Copa mishi n\u00eb l\u00ebng 400 g Shiko Detajet T\u00eb Rritur Qengj Copa n\u00eb pelte ( xhelatine ) 400 g Shiko Detajet T\u00eb Rritur Salmon Copa [&hellip;]<\/p>\n","protected":false},"author":2,"featured_media":0,"parent":0,"menu_order":0,"comment_status":"closed","ping_status":"closed","template":"","meta":{"footnotes":""},"class_list":["post-7881","page","type-page","status-publish","hentry"],"_links":{"self":[{"href":"https:\/\/www.bonacibo.com\/xk\/wp-json\/wp\/v2\/pages\/7881","targetHints":{"allow":["GET"]}}],"collection":[{"href":"https:\/\/www.bonacibo.com\/xk\/wp-json\/wp\/v2\/pages"}],"about":[{"href":"https:\/\/www.bonacibo.com\/xk\/wp-json\/wp\/v2\/types\/page"}],"author":[{"embeddable":true,"href":"https:\/\/www.bonacibo.com\/xk\/wp-json\/wp\/v2\/users\/2"}],"replies":[{"embeddable":true,"href":"https:\/\/www.bonacibo.com\/xk\/wp-json\/wp\/v2\/comments?post=7881"}],"version-history":[{"count":0,"href":"https:\/\/www.bonacibo.com\/xk\/wp-json\/wp\/v2\/pages\/7881\/revisions"}],"wp:attachment":[{"href":"https:\/\/www.bonacibo.com\/xk\/wp-json\/wp\/v2\/media?parent=7881"}],"curies":[{"name":"wp","href":"https:\/\/api.w.org\/{rel}","templated":true}]}}