{"id":7875,"date":"2020-03-23T10:40:53","date_gmt":"2020-03-23T07:40:53","guid":{"rendered":"https:\/\/www.bonacibo.com\/xk\/?page_id=7875"},"modified":"2022-11-14T13:25:24","modified_gmt":"2022-11-14T10:25:24","slug":"bonacibo-shkopinj-per-qen","status":"publish","type":"page","link":"https:\/\/www.bonacibo.com\/xk\/bonacibo-shkopinj-per-qen\/","title":{"rendered":"Bonacibo Shkopinj p\u00ebr qen"},"content":{"rendered":"<p><img decoding=\"async\" width=\"1200\" height=\"872\" src=\"https:\/\/www.bonacibo.com\/xk\/wp-content\/uploads\/2020\/03\/dog-stick-grup.png\" alt=\"\" loading=\"lazy\" srcset=\"https:\/\/www.bonacibo.com\/xk\/wp-content\/uploads\/2020\/03\/dog-stick-grup.png 1200w, https:\/\/www.bonacibo.com\/xk\/wp-content\/uploads\/2020\/03\/dog-stick-grup-300x218.png 300w, https:\/\/www.bonacibo.com\/xk\/wp-content\/uploads\/2020\/03\/dog-stick-grup-1024x744.png 1024w, https:\/\/www.bonacibo.com\/xk\/wp-content\/uploads\/2020\/03\/dog-stick-grup-768x558.png 768w, https:\/\/www.bonacibo.com\/xk\/wp-content\/uploads\/2020\/03\/dog-stick-grup-600x436.png 600w, https:\/\/www.bonacibo.com\/xk\/wp-content\/uploads\/2020\/03\/dog-stick-grup-915x665.png 915w, https:\/\/www.bonacibo.com\/xk\/wp-content\/uploads\/2020\/03\/dog-stick-grup-393x286.png 393w, https:\/\/www.bonacibo.com\/xk\/wp-content\/uploads\/2020\/03\/dog-stick-grup-290x211.png 290w\" sizes=\"auto, (max-width: 1200px) 100vw, 1200px\" \/><br \/>\n\t\t\t\t\t\tUshqim plot\u00ebsues i vi\u00e7it p\u00ebr qent\u00eb e rritur.<br \/>\n\t\t\t\t\t\t<H1 >Bonacibo Shkopinj p\u00ebr qen<svg width=\"95\" height=\"10\" viewBox=\"0 0 95 10\" xmlns=\"http:\/\/www.w3.org\/2000\/svg\"><path d=\"M1 8l11.54-6 11.538 6 11.54-6 11.538 6 11.538-6 11.54 6L81.77 2 94 8\" stroke-width=\"3\" stroke=\"#6CC139\" fill=\"none\" fill-rule=\"evenodd\"\/><\/svg><\/H1><br \/>\n\t\t\t\t\t\t\t\t\t\t\t\t<img decoding=\"async\" width=\"865\" height=\"800\" src=\"https:\/\/www.bonacibo.com\/xk\/wp-content\/uploads\/2020\/03\/Dog-Sticks-Urun.png\" alt=\"\" loading=\"lazy\" srcset=\"https:\/\/www.bonacibo.com\/xk\/wp-content\/uploads\/2020\/03\/Dog-Sticks-Urun.png 865w, https:\/\/www.bonacibo.com\/xk\/wp-content\/uploads\/2020\/03\/Dog-Sticks-Urun-300x277.png 300w, https:\/\/www.bonacibo.com\/xk\/wp-content\/uploads\/2020\/03\/Dog-Sticks-Urun-768x710.png 768w, https:\/\/www.bonacibo.com\/xk\/wp-content\/uploads\/2020\/03\/Dog-Sticks-Urun-432x400.png 432w, https:\/\/www.bonacibo.com\/xk\/wp-content\/uploads\/2020\/03\/Dog-Sticks-Urun-600x555.png 600w, https:\/\/www.bonacibo.com\/xk\/wp-content\/uploads\/2020\/03\/Dog-Sticks-Urun-393x363.png 393w, https:\/\/www.bonacibo.com\/xk\/wp-content\/uploads\/2020\/03\/Dog-Sticks-Urun-290x268.png 290w\" sizes=\"auto, (max-width: 865px) 100vw, 865px\" \/><br \/>\n\t\t\t\t\t\tShkopinj  p\u00ebr Qen t\u00eb rritur me mish Vi\u00e7i<\/p>\n<h4 >P\u00ebrb\u00ebr\u00ebsit<svg width=\"95\" height=\"10\" viewBox=\"0 0 95 10\" xmlns=\"http:\/\/www.w3.org\/2000\/svg\"><path d=\"M1 8l11.54-6 11.538 6 11.54-6 11.538 6 11.538-6 11.54 6L81.77 2 94 8\" stroke-width=\"3\" stroke=\"#6CC139\" fill=\"none\" fill-rule=\"evenodd\"\/><\/svg><\/h4>\n<p>Mishi dhe derivatet (4% vi\u00e7i), ekstrakte proteinash bimore, minerale, vajra dhe yndyrna, n\u00ebnprodukte me origjin\u00eb bimore.\u00a0<\/p>\n<p>P\u00ebrmban 11 shufra premium 5 gram x 5 cop\u00eb n\u00eb nj\u00eb paket\u00eb 55 gram.\u00a0<\/p>\n<p>Mund t\u00eb jepet n\u00eb trajnimin e qenit tuaj ose si shp\u00ebrblim. P\u00ebrve\u00e7 ushqimeve shp\u00ebrblyese, vlerat ushqyese duhet t\u00eb marrin nj\u00eb formul\u00eb t\u00eb plot\u00eb dhe ushqyese. Ju lutemi mos harroni t\u00eb mbani gjithmon\u00eb uj\u00eb t\u00eb fresk\u00ebt dhe t\u00eb past\u00ebr n\u00eb nj\u00eb vend ku qeni juaj mund t\u00eb arrij\u00eb.<\/p>\n<h4 >Komponent\u00ebt analitik\u00eb<\/h4>\n<table>\n<tbody>\n<tr>\n<td scope=\"row\">Lag\u00ebshtia<\/td>\n<td>% 30<\/td>\n<\/tr>\n<tr>\n<td scope=\"row\">Proteina<\/td>\n<td>% 39<\/td>\n<\/tr>\n<tr>\n<td scope=\"row\">P\u00ebrmbajtja e yndyr\u00ebs<\/td>\n<td>% 18<\/td>\n<\/tr>\n<tr>\n<td scope=\"row\">Hiri i pap\u00ebrpunuar<\/td>\n<td>% 9<\/td>\n<\/tr>\n<tr>\n<td scope=\"row\">Fib\u00ebr e pap\u00ebrpunuar<\/td>\n<td>% 1<\/td>\n<\/tr>\n<\/tbody>\n<\/table>\n<table style=\"width: 100%;border: none\" border=\"0\" cellspacing=\"0\" cellpadding=\"5px\">\n<tbody>\n<tr>\n<td style=\"background-color: #c8dcad;border: none\">Vitamin E\u00a0<\/td>\n<td style=\"background-color: #c8dcad;border: none;text-align: right\">80 mg\/kg\u00a0<\/td>\n<\/tr>\n<\/tbody>\n<\/table>\n<p>\t\t\t\t\t\t\t\t\t\t\t\t<img decoding=\"async\" width=\"310\" height=\"310\" src=\"https:\/\/www.bonacibo.com\/xk\/wp-content\/uploads\/2020\/03\/vitamineE.png\" alt=\"\" loading=\"lazy\" srcset=\"https:\/\/www.bonacibo.com\/xk\/wp-content\/uploads\/2020\/03\/vitamineE.png 310w, https:\/\/www.bonacibo.com\/xk\/wp-content\/uploads\/2020\/03\/vitamineE-300x300.png 300w, https:\/\/www.bonacibo.com\/xk\/wp-content\/uploads\/2020\/03\/vitamineE-150x150.png 150w, https:\/\/www.bonacibo.com\/xk\/wp-content\/uploads\/2020\/03\/vitamineE-155x155.png 155w, https:\/\/www.bonacibo.com\/xk\/wp-content\/uploads\/2020\/03\/vitamineE-290x290.png 290w\" sizes=\"auto, (max-width: 310px) 100vw, 310px\" \/><br \/>\n\t\t\t\t\t\t\t\t\t\t\t\t<img decoding=\"async\" width=\"419\" height=\"1024\" src=\"https:\/\/www.bonacibo.com\/xk\/wp-content\/uploads\/2020\/03\/dog-sticks-Tane-419x1024.png\" alt=\"\" loading=\"lazy\" srcset=\"https:\/\/www.bonacibo.com\/xk\/wp-content\/uploads\/2020\/03\/dog-sticks-Tane-419x1024.png 419w, https:\/\/www.bonacibo.com\/xk\/wp-content\/uploads\/2020\/03\/dog-sticks-Tane-123x300.png 123w, https:\/\/www.bonacibo.com\/xk\/wp-content\/uploads\/2020\/03\/dog-sticks-Tane-222x543.png 222w, https:\/\/www.bonacibo.com\/xk\/wp-content\/uploads\/2020\/03\/dog-sticks-Tane-393x960.png 393w, https:\/\/www.bonacibo.com\/xk\/wp-content\/uploads\/2020\/03\/dog-sticks-Tane-290x708.png 290w, https:\/\/www.bonacibo.com\/xk\/wp-content\/uploads\/2020\/03\/dog-sticks-Tane.png 445w\" sizes=\"auto, (max-width: 419px) 100vw, 419px\" \/>\t\t\t\t\t\t\t\t\t\t\t\t\t\t<\/p>\n<ol>\n<li >A mund t\u00eb p\u00ebrdoren Bonacibo Cat Sticks dhe Bonacibo Dog Sticks edhe p\u00ebr kotele dhe k\u00eblysh? N\u00ebse po, sa nga k\u00ebto shkopinj duhet t&#8217;u japim atyre n\u00eb baza ditore?\n<p>\u00cbsht\u00eb i p\u00ebrshtatsh\u00ebm p\u00ebr t&#8217;u p\u00ebrdorur si nga k\u00eblysh\u00ebt ashtu edhe nga kotelet . Ushqimi i tyre me 1 deri n\u00eb 2 cop\u00eb n\u00eb baza ditore do t\u00eb ishte i mjaftuesh\u00ebm. Gjithashtu rekomandohet shum\u00eb q\u00eb t&#8217;i thyejm\u00eb shkopinjt\u00eb n\u00eb copa t\u00eb vogla p\u00ebrpara se t\u00eb ushqejm\u00eb kafsh\u00ebt tona.<\/p>\n<\/li>\n<\/ol>\n<p>\t\t[rcblock id=&#8221;7928&#8243;]<\/p>\n","protected":false},"excerpt":{"rendered":"<p>Ushqim plot\u00ebsues i vi\u00e7it p\u00ebr qent\u00eb e rritur. Bonacibo Shkopinj p\u00ebr qen Shkopinj p\u00ebr Qen t\u00eb rritur me mish Vi\u00e7i P\u00ebrb\u00ebr\u00ebsit Mishi dhe derivatet (4% vi\u00e7i), ekstrakte proteinash bimore, minerale, vajra dhe yndyrna, n\u00ebnprodukte me origjin\u00eb bimore.\u00a0 P\u00ebrmban 11 shufra premium 5 gram x 5 cop\u00eb n\u00eb nj\u00eb paket\u00eb 55 gram.\u00a0 Mund t\u00eb jepet n\u00eb [&hellip;]<\/p>\n","protected":false},"author":2,"featured_media":0,"parent":0,"menu_order":0,"comment_status":"closed","ping_status":"closed","template":"","meta":{"footnotes":""},"class_list":["post-7875","page","type-page","status-publish","hentry"],"_links":{"self":[{"href":"https:\/\/www.bonacibo.com\/xk\/wp-json\/wp\/v2\/pages\/7875","targetHints":{"allow":["GET"]}}],"collection":[{"href":"https:\/\/www.bonacibo.com\/xk\/wp-json\/wp\/v2\/pages"}],"about":[{"href":"https:\/\/www.bonacibo.com\/xk\/wp-json\/wp\/v2\/types\/page"}],"author":[{"embeddable":true,"href":"https:\/\/www.bonacibo.com\/xk\/wp-json\/wp\/v2\/users\/2"}],"replies":[{"embeddable":true,"href":"https:\/\/www.bonacibo.com\/xk\/wp-json\/wp\/v2\/comments?post=7875"}],"version-history":[{"count":6,"href":"https:\/\/www.bonacibo.com\/xk\/wp-json\/wp\/v2\/pages\/7875\/revisions"}],"predecessor-version":[{"id":10436,"href":"https:\/\/www.bonacibo.com\/xk\/wp-json\/wp\/v2\/pages\/7875\/revisions\/10436"}],"wp:attachment":[{"href":"https:\/\/www.bonacibo.com\/xk\/wp-json\/wp\/v2\/media?parent=7875"}],"curies":[{"name":"wp","href":"https:\/\/api.w.org\/{rel}","templated":true}]}}