{"id":7827,"date":"2020-03-20T14:27:01","date_gmt":"2020-03-20T11:27:01","guid":{"rendered":"https:\/\/www.bonacibo.com\/xk\/?page_id=7827"},"modified":"2022-01-18T10:59:24","modified_gmt":"2022-01-18T07:59:24","slug":"bonacibo-ushqim-macet-i-lagesht-ne-qese","status":"publish","type":"page","link":"https:\/\/www.bonacibo.com\/xk\/bonacibo-ushqim-macet-i-lagesht-ne-qese\/","title":{"rendered":"Bonacibo Ushqim macet i Lag\u00ebsht n\u00eb Qese"},"content":{"rendered":"<p><img decoding=\"async\" title=\"pouch-kedi-grup\" src=\"https:\/\/www.bonacibo.com\/xk\/wp-content\/uploads\/2020\/03\/pouch-kedi-grup.png\" alt=\"pouch-kedi-grup\" \/><br \/>\nUshqim i plot\u00eb p\u00ebr kotele dhe mace t\u00eb rritura<\/p>\n<h1>Bonacibo Ushqim i lag\u00ebsht ne qese p\u00ebr mace<\/h1>\n<p><img loading=\"lazy\" decoding=\"async\" src=\"https:\/\/www.bonacibo.com\/xk\/wp-content\/uploads\/2020\/03\/Pouch-Kitten-Chicken.png\" alt=\"\" width=\"612\" height=\"860\" \/><\/p>\n<h4>Kotele<\/h4>\n<h4>Pul\u00eb<\/h4>\n<h4>Copa mishi n\u00eb l\u00ebng<\/h4>\n<h4>85 g<\/h4>\n<p><a title=\"Shiko Detajet\" href=\"#Kitten-chicken\" target=\"_self\" rel=\"noopener\">Shiko Detajet<\/a><br \/>\n<img loading=\"lazy\" decoding=\"async\" src=\"https:\/\/www.bonacibo.com\/xk\/wp-content\/uploads\/2020\/03\/Pouch-Cat-Liver.png\" alt=\"\" width=\"612\" height=\"860\" \/><\/p>\n<h4>Mace e Rritur<\/h4>\n<h4>M\u00ebl\u00e7i<\/h4>\n<h4>Copa mishi n\u00eb l\u00ebng<\/h4>\n<h4>85 g<\/h4>\n<p><a title=\"Shiko Detajet\" href=\"#Adult-liver\" target=\"_self\" rel=\"noopener\">Shiko Detajet<\/a><br \/>\n<img loading=\"lazy\" decoding=\"async\" src=\"https:\/\/www.bonacibo.com\/xk\/wp-content\/uploads\/2020\/03\/Pouch-Cat-Fish.png\" alt=\"\" width=\"612\" height=\"860\" \/><\/p>\n<h4>Mace e Rritur<\/h4>\n<h4>Peshk<\/h4>\n<h4>Copa mishi n\u00eb l\u00ebng<\/h4>\n<h4>85 g<\/h4>\n<p><a title=\"Shiko Detajet\" href=\"#Adult-fish\" target=\"_self\" rel=\"noopener\">Shiko Detajet<\/a><br \/>\n<img loading=\"lazy\" decoding=\"async\" src=\"https:\/\/www.bonacibo.com\/xk\/wp-content\/uploads\/2020\/03\/Pouch-Cat-Chicken.png\" alt=\"\" width=\"612\" height=\"860\" \/><\/p>\n<h4>Mace e Sterilizuar<\/h4>\n<h4>Pul\u00eb<\/h4>\n<h4>Copa n\u00eb pelte ( xhelatine )<\/h4>\n<h4>85 g<\/h4>\n<p><a title=\"Shiko Detajet\" href=\"#Adult-chicken\" target=\"_self\" rel=\"noopener\">Shiko Detajet<\/a><br \/>\n<img loading=\"lazy\" decoding=\"async\" src=\"https:\/\/www.bonacibo.com\/xk\/wp-content\/uploads\/2020\/03\/Pouch-Cat-Lamb.png\" alt=\"\" width=\"612\" height=\"860\" \/><\/p>\n<h4>Mace e Sterilizuar<\/h4>\n<h4>Qengj<\/h4>\n<h4>Copa n\u00eb pelte ( xhelatine )<\/h4>\n<h4>85 g<\/h4>\n<p><a title=\"Shiko Detajet\" href=\"#Adult-lamb\" target=\"_self\" rel=\"noopener\">Shiko Detajet<\/a><\/p>\n<h2>Pul\u00eb<\/h2>\n<p>Copa mishi n\u00eb l\u00ebng<\/p>\n<h2>Ushqim i l\u00ebngsh\u00ebm p\u00ebr kotele<\/h2>\n<p>P\u00ebrsh\u00ebndete ushqimit ton\u00eb t\u00eb ri t\u00eb l\u00ebngsh\u00ebm p\u00ebr kafsh\u00ebt sht\u00ebpiake me pul\u00eb t\u00eb fresk\u00ebt i pasur me proteina , p\u00ebr nj\u00eb rritje m\u00eb t\u00eb mir\u00eb p\u00ebr miqt\u00eb tan\u00eb t\u00eb vegj\u00ebl!<\/p>\n<h4>P\u00ebrb\u00ebr\u00ebsit<\/h4>\n<p>Mishi dhe derivatet e kafsh\u00ebve [77% (p\u00ebrfshir\u00eb pul\u00ebn jo m\u00eb pak se 30%)], Drith\u00ebra, Ekstrakte t\u00eb proteinave vegjetale, vaj vegjetal, minerale.<\/p>\n<p><img loading=\"lazy\" decoding=\"async\" src=\"https:\/\/www.bonacibo.com\/xk\/wp-content\/uploads\/2020\/03\/vitamin-minerals-.png\" alt=\"\" width=\"750\" height=\"173\" \/><br \/>\n<img loading=\"lazy\" decoding=\"async\" src=\"https:\/\/www.bonacibo.com\/xk\/wp-content\/uploads\/2020\/03\/Kitten-Chicken-Pouch-R.png\" alt=\"\" width=\"563\" height=\"393\" \/><br \/>\n<img loading=\"lazy\" decoding=\"async\" src=\"https:\/\/www.bonacibo.com\/xk\/wp-content\/uploads\/2020\/03\/Pouch-Kitten-Chicken.png\" alt=\"\" width=\"612\" height=\"860\" \/><\/p>\n<h4>Komponent\u00ebt Analitik\u00eb<\/h4>\n<table>\n<tbody>\n<tr>\n<td scope=\"row\">Proteina<\/td>\n<td>% 9<\/td>\n<\/tr>\n<tr>\n<td scope=\"row\">P\u00ebrmbajtja e yndyr\u00ebs<\/td>\n<td>% 8<\/td>\n<\/tr>\n<tr>\n<td scope=\"row\">Fib\u00ebr e pap\u00ebrpunuar<\/td>\n<td>% 0,3<\/td>\n<\/tr>\n<tr>\n<td scope=\"row\">Hiri i pap\u00ebrpunuar<\/td>\n<td>% 2,5<\/td>\n<\/tr>\n<tr>\n<td scope=\"row\">Lag\u00ebshtia<\/td>\n<td>% 78<\/td>\n<\/tr>\n<tr>\n<td scope=\"row\">Omega 3<\/td>\n<td>% 0,06<\/td>\n<\/tr>\n<tr>\n<td scope=\"row\">Omega 6<\/td>\n<td>% 1,84<\/td>\n<\/tr>\n<\/tbody>\n<\/table>\n<table style=\"width: 100%; border: none;\" border=\"0\" cellspacing=\"0\" cellpadding=\"5px\">\n<tbody>\n<tr>\n<td style=\"background-color: #c8dcad; border: none;\">Vitamin D3<\/td>\n<td style=\"background-color: #c8dcad; border: none; text-align: right;\">267 IU\/kg<\/td>\n<\/tr>\n<tr>\n<td style=\"border: none;\">Vitamin E<\/td>\n<td style=\"border: none; text-align: right;\">21 mg\/kg<\/td>\n<\/tr>\n<tr>\n<td style=\"background-color: #c8dcad; border: none;\">Vitamin B1<\/td>\n<td style=\"background-color: #c8dcad; border: none; text-align: right;\">1,33 mg\/kg<\/td>\n<\/tr>\n<tr>\n<td style=\"border: none;\">Calcium D<\/td>\n<td style=\"border: none; text-align: right;\">1,33 mg\/kg<\/td>\n<\/tr>\n<tr>\n<td style=\"background-color: #c8dcad; border: none;\">Acidi folik<\/td>\n<td style=\"background-color: #c8dcad; border: none; text-align: right;\">0,3 mg\/kg<\/td>\n<\/tr>\n<tr>\n<td style=\"border: none;\">Taurina<\/td>\n<td style=\"border: none; text-align: right;\">623 mg\/kg<\/td>\n<\/tr>\n<\/tbody>\n<\/table>\n<table style=\"width: 100%; border: none;\" border=\"0\" cellspacing=\"0\" cellpadding=\"5px\">\n<tbody>\n<tr>\n<td style=\"background-color: #c8dcad; border: none;\">Sulfati i zinkut<\/td>\n<td style=\"background-color: #c8dcad; border: none; text-align: right;\">18,4 g\/kg<\/td>\n<\/tr>\n<tr>\n<td style=\"border: none;\">Sulfat mangan<\/td>\n<td style=\"border: none; text-align: right;\">9,57 mg\/kg<\/td>\n<\/tr>\n<tr>\n<td style=\"background-color: #c8dcad; border: none;\">Jodidi i kaliumit<\/td>\n<td style=\"background-color: #c8dcad; border: none; text-align: right;\">0,91 mg\/kg<\/td>\n<\/tr>\n<tr>\n<td style=\"border: none;\">Seleniti i natriumit<\/td>\n<td style=\"border: none; text-align: right;\">0,39 mg\/kg<\/td>\n<\/tr>\n<tr>\n<td style=\"background-color: #c8dcad; border: none;\">Glicin\u00eb<\/td>\n<td style=\"background-color: #c8dcad; border: none; text-align: right;\">2,5 \u00b5g\/kg<\/td>\n<\/tr>\n<\/tbody>\n<\/table>\n<p><img loading=\"lazy\" decoding=\"async\" src=\"https:\/\/www.bonacibo.com\/xk\/wp-content\/uploads\/2020\/03\/Pouch-Cat-Liver.png\" alt=\"\" width=\"612\" height=\"860\" \/><br \/>\n<img loading=\"lazy\" decoding=\"async\" src=\"https:\/\/www.bonacibo.com\/xk\/wp-content\/uploads\/2020\/03\/Cat-Liver-Pouch.png\" alt=\"\" width=\"563\" height=\"393\" \/><\/p>\n<h2>M\u00ebl\u00e7i<\/h2>\n<p>Copa mishi n\u00eb l\u00ebng<\/p>\n<h2>Ushqim i l\u00ebngsh\u00ebm p\u00ebr macet e rritura<\/h2>\n<p>Me p\u00ebrmbajtjen e tij t\u00eb pasur t\u00eb mishit dhe l\u00ebnd\u00ebt ushqyese thjesht natyrale, takoni ushqimin e lag\u00ebsht p\u00ebr kafsh\u00ebt sht\u00ebpiake q\u00eb do t\u00eb b\u00ebhet vakti num\u00ebr nj\u00eb p\u00ebr macet tuaja!<\/p>\n<h4>P\u00ebrb\u00ebr\u00ebsit<\/h4>\n<p>Mishi dhe derivatet e kafsh\u00ebve [79% (p\u00ebrfshir\u00eb jo m\u00eb pak se 4% t\u00eb m\u00ebl\u00e7is\u00eb)], drith\u00ebra, ekstrakte t\u00eb proteinave vegjetale, minerale.<\/p>\n<p><img loading=\"lazy\" decoding=\"async\" src=\"https:\/\/www.bonacibo.com\/xk\/wp-content\/uploads\/2020\/03\/vitamin-minerals-.png\" alt=\"\" width=\"750\" height=\"173\" \/><\/p>\n<h4>Komponent\u00ebt Analitik\u00eb<\/h4>\n<table>\n<tbody>\n<tr>\n<td scope=\"row\">Proteina<\/td>\n<td>% 8,5<\/td>\n<\/tr>\n<tr>\n<td scope=\"row\">P\u00ebrmbajtja e yndyr\u00ebs<\/td>\n<td>% 5<\/td>\n<\/tr>\n<tr>\n<td scope=\"row\">Fib\u00ebr e pap\u00ebrpunuar<\/td>\n<td>% 0,3<\/td>\n<\/tr>\n<tr>\n<td scope=\"row\">Hiri i pap\u00ebrpunuar<\/td>\n<td>% 2,5<\/td>\n<\/tr>\n<tr>\n<td scope=\"row\">Lag\u00ebshtia<\/td>\n<td>% 82<\/td>\n<\/tr>\n<tr>\n<td scope=\"row\">Omega 3<\/td>\n<td>% 0,1<\/td>\n<\/tr>\n<tr>\n<td scope=\"row\">Omega 6<\/td>\n<td>% 0,21<\/td>\n<\/tr>\n<\/tbody>\n<\/table>\n<table style=\"width: 100%; border: none;\" border=\"0\" cellspacing=\"0\" cellpadding=\"5px\">\n<tbody>\n<tr>\n<td style=\"background-color: #c8dcad; border: none;\">Vitamin D3<\/td>\n<td style=\"background-color: #c8dcad; border: none; text-align: right;\">200 IU\/kg<\/td>\n<\/tr>\n<tr>\n<td style=\"border: none;\">Vitamin E<\/td>\n<td style=\"border: none; text-align: right;\">16 mg\/kg<\/td>\n<\/tr>\n<tr>\n<td style=\"background-color: #c8dcad; border: none;\">Vitamin B1<\/td>\n<td style=\"background-color: #c8dcad; border: none; text-align: right;\">1 mg\/kg<\/td>\n<\/tr>\n<tr>\n<td style=\"border: none;\">Calcium D<\/td>\n<td style=\"border: none; text-align: right;\">1 mg\/kg<\/td>\n<\/tr>\n<tr>\n<td style=\"background-color: #c8dcad; border: none;\">Acidi folik<\/td>\n<td style=\"background-color: #c8dcad; border: none; text-align: right;\">0,226 mg\/kg<\/td>\n<\/tr>\n<tr>\n<td style=\"border: none;\">Taurina<\/td>\n<td style=\"border: none; text-align: right;\">467 mg\/kg<\/td>\n<\/tr>\n<\/tbody>\n<\/table>\n<table style=\"width: 100%; border: none;\" border=\"0\" cellspacing=\"0\" cellpadding=\"5px\">\n<tbody>\n<tr>\n<td style=\"background-color: #c8dcad; border: none;\">Klorur kolin\u00eb<\/td>\n<td style=\"background-color: #c8dcad; border: none; text-align: right;\">1,5 g\/kg<\/td>\n<\/tr>\n<tr>\n<td style=\"border: none;\">Sulfati i zinkut<\/td>\n<td style=\"border: none; text-align: right;\">8,95 mg\/kg<\/td>\n<\/tr>\n<tr>\n<td style=\"background-color: #c8dcad; border: none;\">Sulfat mangan<\/td>\n<td style=\"background-color: #c8dcad; border: none; text-align: right;\">4,7 mg\/kg<\/td>\n<\/tr>\n<tr>\n<td style=\"border: none;\">Jodidi i kaliumit<\/td>\n<td style=\"border: none; text-align: right;\">0,3 mg\/kg<\/td>\n<\/tr>\n<tr>\n<td style=\"background-color: #c8dcad; border: none;\">Seleniti i natriumit<\/td>\n<td style=\"background-color: #c8dcad; border: none; text-align: right;\">0,19 \u00b5g\/kg<\/td>\n<\/tr>\n<tr>\n<td style=\"border: none;\">Glicin\u00eb<\/td>\n<td style=\"border: none; text-align: right;\">2,8 g\/kg<\/td>\n<\/tr>\n<\/tbody>\n<\/table>\n<h2>Peshk<\/h2>\n<p>Skumbri n\u00eb salc\u00eb delikate<\/p>\n<h2>Ushqim i l\u00ebngsh\u00ebm p\u00ebr macet e rritura<\/h2>\n<p>P\u00ebrsh\u00ebndete ushqimit ton\u00eb t\u00eb ri t\u00eb lag\u00ebsht p\u00ebr kafsh\u00ebt sht\u00ebpiake me pul\u00eb t\u00eb fresk\u00ebt i pasur me proteina , p\u00ebr nj\u00eb rritje m\u00eb t\u00eb mir\u00eb p\u00ebr miqt\u00eb tan\u00eb t\u00eb vegj\u00ebl!<\/p>\n<h4>P\u00ebrb\u00ebr\u00ebsit<\/h4>\n<p>Mishi dhe derivatet e kafsh\u00ebve (78%), peshku dhe derivatet e peshkut (duke p\u00ebrfshir\u00eb jo m\u00eb pak se 4% skumbri), drith\u00ebrat (miell gruri), ekstrakte proteinash vegjetale, vaj salmon, vitamina, minerale.<\/p>\n<p><img loading=\"lazy\" decoding=\"async\" src=\"https:\/\/www.bonacibo.com\/xk\/wp-content\/uploads\/2020\/03\/vitamin-minerals-.png\" alt=\"\" width=\"750\" height=\"173\" \/><br \/>\n<img loading=\"lazy\" decoding=\"async\" src=\"https:\/\/www.bonacibo.com\/xk\/wp-content\/uploads\/2020\/03\/Cat-Fish-Pouch.png\" alt=\"\" width=\"563\" height=\"393\" \/><br \/>\n<img loading=\"lazy\" decoding=\"async\" src=\"https:\/\/www.bonacibo.com\/xk\/wp-content\/uploads\/2020\/03\/Pouch-Cat-Fish.png\" alt=\"\" width=\"612\" height=\"860\" \/><\/p>\n<h4>Komponent\u00ebt Analitik\u00eb<\/h4>\n<table>\n<tbody>\n<tr>\n<td scope=\"row\">Proteina<\/td>\n<td>% 8,5<\/td>\n<\/tr>\n<tr>\n<td scope=\"row\">P\u00ebrmbajtja e yndyr\u00ebs<\/td>\n<td>% 4,5<\/td>\n<\/tr>\n<tr>\n<td scope=\"row\">Fib\u00ebr e pap\u00ebrpunuar<\/td>\n<td>% 0,3<\/td>\n<\/tr>\n<tr>\n<td scope=\"row\">Hiri i pap\u00ebrpunuar<\/td>\n<td>% 2<\/td>\n<\/tr>\n<tr>\n<td scope=\"row\">Lag\u00ebshtia<\/td>\n<td>% 80<\/td>\n<\/tr>\n<tr>\n<td scope=\"row\">Omega 3<\/td>\n<td>% 0,1<\/td>\n<\/tr>\n<tr>\n<td scope=\"row\">Omega 6<\/td>\n<td>% 0,35<\/td>\n<\/tr>\n<\/tbody>\n<\/table>\n<table style=\"width: 100%; border: none;\" border=\"0\" cellspacing=\"0\" cellpadding=\"5px\">\n<tbody>\n<tr>\n<td style=\"background-color: #c8dcad; border: none;\">Vitamin D3<\/td>\n<td style=\"background-color: #c8dcad; border: none; text-align: right;\">200 IU\/kg<\/td>\n<\/tr>\n<tr>\n<td style=\"border: none;\">Vitamin E<\/td>\n<td style=\"border: none; text-align: right;\">16 mg\/kg<\/td>\n<\/tr>\n<tr>\n<td style=\"background-color: #c8dcad; border: none;\">Vitamin B1<\/td>\n<td style=\"background-color: #c8dcad; border: none; text-align: right;\">1 mg\/kg<\/td>\n<\/tr>\n<tr>\n<td style=\"border: none;\">Kalsiyum D<\/td>\n<td style=\"border: none; text-align: right;\">1 mg\/kg<\/td>\n<\/tr>\n<tr>\n<td style=\"background-color: #c8dcad; border: none;\">Acidi folik<\/td>\n<td style=\"background-color: #c8dcad; border: none; text-align: right;\">0,226 mg\/kg<\/td>\n<\/tr>\n<tr>\n<td style=\"border: none;\">Taurina<\/td>\n<td style=\"border: none; text-align: right;\">467 mg\/kg<\/td>\n<\/tr>\n<\/tbody>\n<\/table>\n<table style=\"width: 100%; border: none;\" border=\"0\" cellspacing=\"0\" cellpadding=\"5px\">\n<tbody>\n<tr>\n<td style=\"background-color: #c8dcad; border: none;\">Klorur kolin\u00eb<\/td>\n<td style=\"background-color: #c8dcad; border: none; text-align: right;\">2,95 g\/kg<\/td>\n<\/tr>\n<tr>\n<td style=\"border: none;\">Sulfati i zinkut<\/td>\n<td style=\"border: none; text-align: right;\">17,9 mg\/kg<\/td>\n<\/tr>\n<tr>\n<td style=\"background-color: #c8dcad; border: none;\">Sulfat mangan<\/td>\n<td style=\"background-color: #c8dcad; border: none; text-align: right;\">9,32 mg\/kg<\/td>\n<\/tr>\n<tr>\n<td style=\"border: none;\">Jodidi i kaliumit<\/td>\n<td style=\"border: none; text-align: right;\">0,89 mg\/kg<\/td>\n<\/tr>\n<tr>\n<td style=\"background-color: #c8dcad; border: none;\">Seleniti i natriumit<\/td>\n<td style=\"background-color: #c8dcad; border: none; text-align: right;\">0,4 \u00b5g\/kg<\/td>\n<\/tr>\n<tr>\n<td style=\"border: none;\">Glicin\u00eb<\/td>\n<td style=\"border: none; text-align: right;\">2,8 g\/kg<\/td>\n<\/tr>\n<\/tbody>\n<\/table>\n<p><img loading=\"lazy\" decoding=\"async\" src=\"https:\/\/www.bonacibo.com\/xk\/wp-content\/uploads\/2020\/03\/Pouch-Cat-Chicken.png\" alt=\"\" width=\"612\" height=\"860\" \/><br \/>\n<img loading=\"lazy\" decoding=\"async\" src=\"https:\/\/www.bonacibo.com\/xk\/wp-content\/uploads\/2020\/03\/Cat-Chicken-Pouch-R.png\" alt=\"\" width=\"563\" height=\"393\" \/><\/p>\n<h2>Pul\u00eb<\/h2>\n<p>Copa n\u00eb pelte ( xhelatine )<\/p>\n<h2>Ushqim i l\u00ebngsh\u00ebm p\u00ebr macet e sterilizuara<\/h2>\n<p>Me p\u00ebrmbajtjen e tij t\u00eb pasur t\u00eb mishit dhe l\u00ebnd\u00ebt ushqyese thjesht natyrale, takoni ushqimin e lag\u00ebsht p\u00ebr kafsh\u00ebt sht\u00ebpiake q\u00eb do t\u00eb b\u00ebhet vakti num\u00ebr nj\u00eb p\u00ebr macet tuaja!<\/p>\n<h4>P\u00ebrb\u00ebr\u00ebsit<\/h4>\n<p>Mishi dhe derivatet e kafsh\u00ebve [80% (p\u00ebrfshir\u00eb jo m\u00eb pak se 4% t\u00eb pul\u00ebs)], Drith\u00ebra, Ekstrakt proteinash vegjetale, Derivate me origjin\u00eb vegjetale (Tulpa e panxharit t\u00eb sheqerit), minerale, vaj salmon.<\/p>\n<p><img loading=\"lazy\" decoding=\"async\" src=\"https:\/\/www.bonacibo.com\/xk\/wp-content\/uploads\/2020\/03\/vitamin-minerals-.png\" alt=\"\" width=\"750\" height=\"173\" \/><\/p>\n<h4>Komponent\u00ebt Analitik\u00eb<\/h4>\n<table>\n<tbody>\n<tr>\n<td scope=\"row\">Proteina<\/td>\n<td>% 8,5<\/td>\n<\/tr>\n<tr>\n<td scope=\"row\">P\u00ebrmbajtja e yndyr\u00ebs<\/td>\n<td>% 4,5<\/td>\n<\/tr>\n<tr>\n<td scope=\"row\">Fib\u00ebr e pap\u00ebrpunuar<\/td>\n<td>% 0,3<\/td>\n<\/tr>\n<tr>\n<td scope=\"row\">Hiri i pap\u00ebrpunuar<\/td>\n<td>% 2<\/td>\n<\/tr>\n<tr>\n<td scope=\"row\">Lag\u00ebshtia<\/td>\n<td>% 80<\/td>\n<\/tr>\n<tr>\n<td scope=\"row\">Omega 3<\/td>\n<td>% 0,1<\/td>\n<\/tr>\n<tr>\n<td scope=\"row\">Omega 6<\/td>\n<td>% 0,35<\/td>\n<\/tr>\n<\/tbody>\n<\/table>\n<table style=\"width: 100%; border: none;\" border=\"0\" cellspacing=\"0\" cellpadding=\"5px\">\n<tbody>\n<tr>\n<td style=\"background-color: #c8dcad; border: none;\">Vitamin D3<\/td>\n<td style=\"background-color: #c8dcad; border: none; text-align: right;\">200 IU\/kg<\/td>\n<\/tr>\n<tr>\n<td style=\"border: none;\">Vitamin E<\/td>\n<td style=\"border: none; text-align: right;\">16 mg\/kg<\/td>\n<\/tr>\n<tr>\n<td style=\"background-color: #c8dcad; border: none;\">Vitamin B1<\/td>\n<td style=\"background-color: #c8dcad; border: none; text-align: right;\">1 mg\/kg<\/td>\n<\/tr>\n<tr>\n<td style=\"border: none;\">Calcium D<\/td>\n<td style=\"border: none; text-align: right;\">1 mg\/kg<\/td>\n<\/tr>\n<tr>\n<td style=\"background-color: #c8dcad; border: none;\">Acidi folik<\/td>\n<td style=\"background-color: #c8dcad; border: none; text-align: right;\">0,226 mg\/kg<\/td>\n<\/tr>\n<tr>\n<td style=\"border: none;\">Taurina<\/td>\n<td style=\"border: none; text-align: right;\">467 mg\/kg<\/td>\n<\/tr>\n<\/tbody>\n<\/table>\n<table style=\"width: 100%; border: none;\" border=\"0\" cellspacing=\"0\" cellpadding=\"5px\">\n<tbody>\n<tr>\n<td style=\"background-color: #c8dcad; border: none;\">Klorur kolin\u00eb<\/td>\n<td style=\"background-color: #c8dcad; border: none; text-align: right;\">3,1 g\/kg<\/td>\n<\/tr>\n<tr>\n<td style=\"border: none;\">Sulfati i zinkut<\/td>\n<td style=\"border: none; text-align: right;\">18,84 mg\/kg<\/td>\n<\/tr>\n<tr>\n<td style=\"background-color: #c8dcad; border: none;\">Sulfat mangan<\/td>\n<td style=\"background-color: #c8dcad; border: none; text-align: right;\">9,81 mg\/kg<\/td>\n<\/tr>\n<tr>\n<td style=\"border: none;\">Jodidi i kaliumit<\/td>\n<td style=\"border: none; text-align: right;\">0,93 mg\/kg<\/td>\n<\/tr>\n<tr>\n<td style=\"background-color: #c8dcad; border: none;\">Seleniti i natriumit<\/td>\n<td style=\"background-color: #c8dcad; border: none; text-align: right;\">0,4 \u00b5g\/kg<\/td>\n<\/tr>\n<tr>\n<td style=\"border: none;\">Glicin\u00eb<\/td>\n<td style=\"border: none; text-align: right;\">5,8 g\/kg<\/td>\n<\/tr>\n<\/tbody>\n<\/table>\n<h2>Qengj<\/h2>\n<p>Copa n\u00eb pelte ( xhelatine )<\/p>\n<h2>Ushqim i lag\u00ebsht p\u00ebr macet e sterilizuara<\/h2>\n<p>Me p\u00ebrmbajtjen e tij t\u00eb pasur t\u00eb mishit dhe l\u00ebnd\u00ebt ushqyese thjesht natyrale, takoni ushqimin e lag\u00ebsht p\u00ebr kafsh\u00ebt sht\u00ebpiake q\u00eb do t\u00eb b\u00ebhet vakti num\u00ebr nj\u00eb p\u00ebr macet tuaja!<\/p>\n<h4>P\u00ebrb\u00ebr\u00ebsit<\/h4>\n<p>Mishi dhe derivatet e kafsh\u00ebve [77% (p\u00ebrfshir\u00eb jo m\u00eb pak se 3% t\u00eb qengjit)], drith\u00ebra, ekstrakt proteinash vegjetale, derivate me origjin\u00eb vegjetale (pulpa e panxharit t\u00eb sheqerit), minerale, vaj salmoni.<\/p>\n<p><img loading=\"lazy\" decoding=\"async\" src=\"https:\/\/www.bonacibo.com\/xk\/wp-content\/uploads\/2020\/03\/vitamin-minerals-.png\" alt=\"\" width=\"750\" height=\"173\" \/><br \/>\n<img loading=\"lazy\" decoding=\"async\" src=\"https:\/\/www.bonacibo.com\/xk\/wp-content\/uploads\/2020\/03\/Cat-Lamb-Pouch.png\" alt=\"\" width=\"563\" height=\"393\" \/><br \/>\n<img loading=\"lazy\" decoding=\"async\" src=\"https:\/\/www.bonacibo.com\/xk\/wp-content\/uploads\/2020\/03\/Pouch-Cat-Lamb.png\" alt=\"\" width=\"612\" height=\"860\" \/><\/p>\n<h4>Komponent\u00ebt Analitik\u00eb<\/h4>\n<table>\n<tbody>\n<tr>\n<td scope=\"row\">Proteina<\/td>\n<td>% 8,5<\/td>\n<\/tr>\n<tr>\n<td scope=\"row\">P\u00ebrmbajtja e yndyr\u00ebs<\/td>\n<td>% 4,5<\/td>\n<\/tr>\n<tr>\n<td scope=\"row\">Fib\u00ebr e pap\u00ebrpunuar<\/td>\n<td>% 0,3<\/td>\n<\/tr>\n<tr>\n<td scope=\"row\">Hiri i pap\u00ebrpunuar<\/td>\n<td>% 2<\/td>\n<\/tr>\n<tr>\n<td scope=\"row\">Lag\u00ebshtia<\/td>\n<td>% 80<\/td>\n<\/tr>\n<tr>\n<td scope=\"row\">Omega 3<\/td>\n<td>% 0,1<\/td>\n<\/tr>\n<tr>\n<td scope=\"row\">Omega 6<\/td>\n<td>% 0,35<\/td>\n<\/tr>\n<\/tbody>\n<\/table>\n<table style=\"width: 100%; border: none;\" border=\"0\" cellspacing=\"0\" cellpadding=\"5px\">\n<tbody>\n<tr>\n<td style=\"background-color: #c8dcad; border: none;\">Vitamin D3<\/td>\n<td style=\"background-color: #c8dcad; border: none; text-align: right;\">200 IU\/kg<\/td>\n<\/tr>\n<tr>\n<td style=\"border: none;\">Vitamin E<\/td>\n<td style=\"border: none; text-align: right;\">16 mg\/kg<\/td>\n<\/tr>\n<tr>\n<td style=\"background-color: #c8dcad; border: none;\">Vitamin B1<\/td>\n<td style=\"background-color: #c8dcad; border: none; text-align: right;\">1 mg\/kg<\/td>\n<\/tr>\n<tr>\n<td style=\"border: none;\">Calcium D<\/td>\n<td style=\"border: none; text-align: right;\">1 mg\/kg<\/td>\n<\/tr>\n<tr>\n<td style=\"background-color: #c8dcad; border: none;\">Acidi folik<\/td>\n<td style=\"background-color: #c8dcad; border: none; text-align: right;\">0,226 mg\/kg<\/td>\n<\/tr>\n<tr>\n<td style=\"border: none;\">Taurina<\/td>\n<td style=\"border: none; text-align: right;\">467 mg\/kg<\/td>\n<\/tr>\n<\/tbody>\n<\/table>\n<table style=\"width: 100%; border: none;\" border=\"0\" cellspacing=\"0\" cellpadding=\"5px\">\n<tbody>\n<tr>\n<td style=\"background-color: #c8dcad; border: none;\">Klorur kolin\u00eb<\/td>\n<td style=\"background-color: #c8dcad; border: none; text-align: right;\">3,5 g\/kg<\/td>\n<\/tr>\n<tr>\n<td style=\"border: none;\">Sulfati i zinkut<\/td>\n<td style=\"border: none; text-align: right;\">18,84 mg\/kg<\/td>\n<\/tr>\n<tr>\n<td style=\"background-color: #c8dcad; border: none;\">Sulfat mangan<\/td>\n<td style=\"background-color: #c8dcad; border: none; text-align: right;\">9,81 mg\/kg<\/td>\n<\/tr>\n<tr>\n<td style=\"border: none;\">Jodidi i kaliumit<\/td>\n<td style=\"border: none; text-align: right;\">0,93 mg\/kg<\/td>\n<\/tr>\n<tr>\n<td style=\"background-color: #c8dcad; border: none;\">Seleniti i natriumit<\/td>\n<td style=\"background-color: #c8dcad; border: none; text-align: right;\">0,4 \u00b5g\/kg<\/td>\n<\/tr>\n<tr>\n<td style=\"border: none;\">Glicin\u00eb<\/td>\n<td style=\"border: none; text-align: right;\">5,8 g\/kg<\/td>\n<\/tr>\n<\/tbody>\n<\/table>\n<ol>\n<li>N\u00ebse ushqimi i lag\u00ebsht n\u00eb qese dhe ushqimi i that\u00eb konsumohen s\u00eb bashku, sa duhet t\u00eb jepet n\u00eb dit\u00eb?P\u00ebr ushqyerjen e ushqimit t\u00eb p\u00ebrzier t\u00eb lag\u00ebsht dhe ushqimit t\u00eb that\u00eb, rekomandohet t\u00eb zvog\u00ebloni p\u00ebrgjysm\u00eb sasin\u00eb e t\u00eb dyjave q\u00eb duhet t\u00eb jepen \u00e7do dit\u00eb n\u00eb p\u00ebrputhje me udh\u00ebzimet e ushqyerjes t\u00eb deklaruara n\u00eb pjes\u00ebn e pasme t\u00eb paketimeve.<\/li>\n<li>A do t\u00eb ishte problem n\u00ebse do t&#8217;i jepja koteles \/ qenushit tim q\u00eb ka ndjeshm\u00ebri ushqyese ndaj produkteve t\u00eb shpend\u00ebve nj\u00eb qese ushqim t\u00eb lag\u00ebsht pa pul\u00eb per kafshe t\u00eb rritur?Meqen\u00ebse ushqimet p\u00ebr macet dhe qent\u00eb e rritur jan\u00eb t\u00eb formuluara sipas nevojave ushqyese t\u00eb kafsh\u00ebve sht\u00ebpiake t\u00eb rritura, ato p\u00ebrmbajn\u00eb p\u00ebrqindje m\u00eb t\u00eb ul\u00ebt t\u00eb proteinave, vitaminave, omega 3, omega 6 dhe aminoacide sesa ushqimet p\u00ebr kotele dhe k\u00eblysh. N\u00eb rastin e p\u00ebrzierjes s\u00eb tij me ushqimin e that\u00eb t\u00eb prodhuar p\u00ebr kotele dhe k\u00eblysh\u00ebt, nuk \u00ebsht\u00eb e d\u00ebmshme p\u00ebrdorimi i ushqimit t\u00eb lagur me qese t\u00eb rritur.<\/li>\n<\/ol>\n<p>[rcblock id=&#8221;7945&#8243;]<\/p>\n","protected":false},"excerpt":{"rendered":"<p>Ushqim i plot\u00eb p\u00ebr kotele dhe mace t\u00eb rritura Bonacibo Ushqim i lag\u00ebsht ne qese p\u00ebr mace Kotele Pul\u00eb Copa mishi n\u00eb l\u00ebng 85 g Shiko Detajet Mace e Rritur M\u00ebl\u00e7i Copa mishi n\u00eb l\u00ebng 85 g Shiko Detajet Mace e Rritur Peshk Copa mishi n\u00eb l\u00ebng 85 g Shiko Detajet Mace e Sterilizuar Pul\u00eb [&hellip;]<\/p>\n","protected":false},"author":2,"featured_media":0,"parent":0,"menu_order":0,"comment_status":"closed","ping_status":"closed","template":"","meta":{"footnotes":""},"class_list":["post-7827","page","type-page","status-publish","hentry"],"_links":{"self":[{"href":"https:\/\/www.bonacibo.com\/xk\/wp-json\/wp\/v2\/pages\/7827","targetHints":{"allow":["GET"]}}],"collection":[{"href":"https:\/\/www.bonacibo.com\/xk\/wp-json\/wp\/v2\/pages"}],"about":[{"href":"https:\/\/www.bonacibo.com\/xk\/wp-json\/wp\/v2\/types\/page"}],"author":[{"embeddable":true,"href":"https:\/\/www.bonacibo.com\/xk\/wp-json\/wp\/v2\/users\/2"}],"replies":[{"embeddable":true,"href":"https:\/\/www.bonacibo.com\/xk\/wp-json\/wp\/v2\/comments?post=7827"}],"version-history":[{"count":0,"href":"https:\/\/www.bonacibo.com\/xk\/wp-json\/wp\/v2\/pages\/7827\/revisions"}],"wp:attachment":[{"href":"https:\/\/www.bonacibo.com\/xk\/wp-json\/wp\/v2\/media?parent=7827"}],"curies":[{"name":"wp","href":"https:\/\/api.w.org\/{rel}","templated":true}]}}