{"id":7823,"date":"2020-03-20T14:17:05","date_gmt":"2020-03-20T11:17:05","guid":{"rendered":"https:\/\/www.bonacibo.com\/xk\/?page_id=7823"},"modified":"2022-11-14T13:22:50","modified_gmt":"2022-11-14T10:22:50","slug":"bonacibo-shkopinj-per-mace","status":"publish","type":"page","link":"https:\/\/www.bonacibo.com\/xk\/bonacibo-shkopinj-per-mace\/","title":{"rendered":"Bonacibo Shkopinj p\u00ebr mace"},"content":{"rendered":"<p><img decoding=\"async\" width=\"1024\" height=\"1024\" src=\"https:\/\/www.bonacibo.com\/xk\/wp-content\/uploads\/2020\/03\/Bonacibo-Cat-Stick-1.png\" alt=\"\" loading=\"lazy\" srcset=\"https:\/\/www.bonacibo.com\/xk\/wp-content\/uploads\/2020\/03\/Bonacibo-Cat-Stick-1.png 1024w, https:\/\/www.bonacibo.com\/xk\/wp-content\/uploads\/2020\/03\/Bonacibo-Cat-Stick-1-300x300.png 300w, https:\/\/www.bonacibo.com\/xk\/wp-content\/uploads\/2020\/03\/Bonacibo-Cat-Stick-1-150x150.png 150w, https:\/\/www.bonacibo.com\/xk\/wp-content\/uploads\/2020\/03\/Bonacibo-Cat-Stick-1-768x768.png 768w, https:\/\/www.bonacibo.com\/xk\/wp-content\/uploads\/2020\/03\/Bonacibo-Cat-Stick-1-512x512.png 512w, https:\/\/www.bonacibo.com\/xk\/wp-content\/uploads\/2020\/03\/Bonacibo-Cat-Stick-1-915x915.png 915w, https:\/\/www.bonacibo.com\/xk\/wp-content\/uploads\/2020\/03\/Bonacibo-Cat-Stick-1-600x600.png 600w, https:\/\/www.bonacibo.com\/xk\/wp-content\/uploads\/2020\/03\/Bonacibo-Cat-Stick-1-393x393.png 393w, https:\/\/www.bonacibo.com\/xk\/wp-content\/uploads\/2020\/03\/Bonacibo-Cat-Stick-1-290x290.png 290w\" sizes=\"auto, (max-width: 1024px) 100vw, 1024px\" \/><br \/>\n\t\t\t\t\t\tShkopinj p\u00ebr macet e rritura<br \/>\n\t\t\t\t\t\t<H1 >Bonacibo Shkopinj p\u00ebr mace <svg width=\"95\" height=\"10\" viewBox=\"0 0 95 10\" xmlns=\"http:\/\/www.w3.org\/2000\/svg\"><path d=\"M1 8l11.54-6 11.538 6 11.54-6 11.538 6 11.538-6 11.54 6L81.77 2 94 8\" stroke-width=\"3\" stroke=\"#6CC139\" fill=\"none\" fill-rule=\"evenodd\"\/><\/svg><\/H1><br \/>\n\t\t\t\t\t\t\t\t\t\t\t\t<img decoding=\"async\" width=\"894\" height=\"1232\" src=\"https:\/\/www.bonacibo.com\/xk\/wp-content\/uploads\/2020\/03\/Cat-Sticks-Tane.png\" alt=\"\" loading=\"lazy\" srcset=\"https:\/\/www.bonacibo.com\/xk\/wp-content\/uploads\/2020\/03\/Cat-Sticks-Tane.png 894w, https:\/\/www.bonacibo.com\/xk\/wp-content\/uploads\/2020\/03\/Cat-Sticks-Tane-218x300.png 218w, https:\/\/www.bonacibo.com\/xk\/wp-content\/uploads\/2020\/03\/Cat-Sticks-Tane-743x1024.png 743w, https:\/\/www.bonacibo.com\/xk\/wp-content\/uploads\/2020\/03\/Cat-Sticks-Tane-768x1058.png 768w, https:\/\/www.bonacibo.com\/xk\/wp-content\/uploads\/2020\/03\/Cat-Sticks-Tane-447x616.png 447w, https:\/\/www.bonacibo.com\/xk\/wp-content\/uploads\/2020\/03\/Cat-Sticks-Tane-600x827.png 600w, https:\/\/www.bonacibo.com\/xk\/wp-content\/uploads\/2020\/03\/Cat-Sticks-Tane-393x542.png 393w, https:\/\/www.bonacibo.com\/xk\/wp-content\/uploads\/2020\/03\/Cat-Sticks-Tane-290x400.png 290w\" sizes=\"auto, (max-width: 894px) 100vw, 894px\" \/><br \/>\n\t\t\t\t\t\tShkopinj p\u00ebr mace me m\u00ebl\u00e7i dhe shpend\u00eb<\/p>\n<h4 >P\u00ebrb\u00ebr\u00ebsit<svg width=\"95\" height=\"10\" viewBox=\"0 0 95 10\" xmlns=\"http:\/\/www.w3.org\/2000\/svg\"><path d=\"M1 8l11.54-6 11.538 6 11.54-6 11.538 6 11.538-6 11.54 6L81.77 2 94 8\" stroke-width=\"3\" stroke=\"#6CC139\" fill=\"none\" fill-rule=\"evenodd\"\/><\/svg><\/h4>\n<p>Mishi dhe derivatet (6% shpend\u00eb, 6% m\u00ebl\u00e7i), produkte bimore, minerale.<\/p>\n<p>P\u00ebrmban 5 x 10 g x 10 cop\u00eb shufra premium n\u00eb nj\u00eb paket\u00eb 50 g.\u00a0<\/p>\n<p>P\u00ebrve\u00e7 ushqimeve shp\u00ebrblyese, vlerat ushqyese duhet t\u00eb marrin nj\u00eb formul\u00eb t\u00eb plot\u00eb dhe ushqyese.\u00a0<\/p>\n<p>Ju lutemi mos harroni t\u00eb mbani gjithmon\u00eb uj\u00eb t\u00eb fresk\u00ebt dhe t\u00eb past\u00ebr n\u00eb nj\u00eb vend ku macja juaj mund t\u00eb arrij\u00eb.<\/p>\n<p>\t\t\t\t\t\t\t\t\t\t\t\t<img decoding=\"async\" width=\"500\" height=\"469\" src=\"https:\/\/www.bonacibo.com\/xk\/wp-content\/uploads\/2020\/03\/cat-stick-cat.png\" alt=\"\" loading=\"lazy\" srcset=\"https:\/\/www.bonacibo.com\/xk\/wp-content\/uploads\/2020\/03\/cat-stick-cat.png 500w, https:\/\/www.bonacibo.com\/xk\/wp-content\/uploads\/2020\/03\/cat-stick-cat-300x281.png 300w, https:\/\/www.bonacibo.com\/xk\/wp-content\/uploads\/2020\/03\/cat-stick-cat-250x234.png 250w, https:\/\/www.bonacibo.com\/xk\/wp-content\/uploads\/2020\/03\/cat-stick-cat-393x369.png 393w, https:\/\/www.bonacibo.com\/xk\/wp-content\/uploads\/2020\/03\/cat-stick-cat-290x272.png 290w\" sizes=\"auto, (max-width: 500px) 100vw, 500px\" \/>\t\t\t\t\t\t\t\t\t\t\t\t\t\t<\/p>\n<h4 >Komponent\u00ebt analitik\u00eb<\/h4>\n<table>\n<tbody>\n<tr>\n<td scope=\"row\">Lag\u00ebshtia<\/td>\n<td>% 31<\/td>\n<\/tr>\n<tr>\n<td scope=\"row\">Proteina<\/td>\n<td>% 33,5<\/td>\n<\/tr>\n<tr>\n<td scope=\"row\">P\u00ebrmbajtja e yndyr\u00ebs<\/td>\n<td>% 20<\/td>\n<\/tr>\n<tr>\n<td scope=\"row\">Hiri i pap\u00ebrpunuar<\/td>\n<td>% 10,8<\/td>\n<\/tr>\n<tr>\n<td scope=\"row\">Fib\u00ebr e pap\u00ebrpunuar<\/td>\n<td>% 1,7<\/td>\n<\/tr>\n<\/tbody>\n<\/table>\n<p>\t\t\t\t\t\t\t\t\t\t\t\t<img decoding=\"async\" width=\"750\" height=\"297\" src=\"https:\/\/www.bonacibo.com\/xk\/wp-content\/uploads\/2020\/03\/easy-split.png\" alt=\"\" loading=\"lazy\" srcset=\"https:\/\/www.bonacibo.com\/xk\/wp-content\/uploads\/2020\/03\/easy-split.png 750w, https:\/\/www.bonacibo.com\/xk\/wp-content\/uploads\/2020\/03\/easy-split-300x119.png 300w, https:\/\/www.bonacibo.com\/xk\/wp-content\/uploads\/2020\/03\/easy-split-375x148.png 375w, https:\/\/www.bonacibo.com\/xk\/wp-content\/uploads\/2020\/03\/easy-split-600x238.png 600w, https:\/\/www.bonacibo.com\/xk\/wp-content\/uploads\/2020\/03\/easy-split-393x156.png 393w, https:\/\/www.bonacibo.com\/xk\/wp-content\/uploads\/2020\/03\/easy-split-290x115.png 290w\" sizes=\"auto, (max-width: 750px) 100vw, 750px\" \/>\t\t\t\t\t\t\t\t\t\t\t\t\t\t<\/p>\n<ol>\n<li >A mund t\u00eb p\u00ebrdoren Bonacibo Cat Sticks dhe Bonacibo Dog Sticks edhe p\u00ebr kotele dhe k\u00eblysh? N\u00ebse po, sa nga k\u00ebto shkopinj duhet t&#8217;u japim atyre n\u00eb baza ditore?\n<p>\u00cbsht\u00eb i p\u00ebrshtatsh\u00ebm p\u00ebr t&#8217;u p\u00ebrdorur si nga kotele ashtu edhe nga k\u00eblysh\u00ebt. Ushqimi i tyre me 1 deri n\u00eb 2 cop\u00eb n\u00eb baza ditore do t\u00eb ishte i mjaftuesh\u00ebm. Gjithashtu rekomandohet shum\u00eb q\u00eb t&#8217;i thyejm\u00eb shkopinjt\u00eb n\u00eb copa t\u00eb vogla p\u00ebrpara se t\u00eb ushqejm\u00eb kafsh\u00ebt tona.<\/p>\n<\/li>\n<\/ol>\n<p>\t\t[rcblock id=&#8221;7945&#8243;]<\/p>\n","protected":false},"excerpt":{"rendered":"<p>Shkopinj p\u00ebr macet e rritura Bonacibo Shkopinj p\u00ebr mace Shkopinj p\u00ebr mace me m\u00ebl\u00e7i dhe shpend\u00eb P\u00ebrb\u00ebr\u00ebsit Mishi dhe derivatet (6% shpend\u00eb, 6% m\u00ebl\u00e7i), produkte bimore, minerale. P\u00ebrmban 5 x 10 g x 10 cop\u00eb shufra premium n\u00eb nj\u00eb paket\u00eb 50 g.\u00a0 P\u00ebrve\u00e7 ushqimeve shp\u00ebrblyese, vlerat ushqyese duhet t\u00eb marrin nj\u00eb formul\u00eb t\u00eb plot\u00eb dhe [&hellip;]<\/p>\n","protected":false},"author":2,"featured_media":0,"parent":0,"menu_order":0,"comment_status":"closed","ping_status":"closed","template":"","meta":{"footnotes":""},"class_list":["post-7823","page","type-page","status-publish","hentry"],"_links":{"self":[{"href":"https:\/\/www.bonacibo.com\/xk\/wp-json\/wp\/v2\/pages\/7823","targetHints":{"allow":["GET"]}}],"collection":[{"href":"https:\/\/www.bonacibo.com\/xk\/wp-json\/wp\/v2\/pages"}],"about":[{"href":"https:\/\/www.bonacibo.com\/xk\/wp-json\/wp\/v2\/types\/page"}],"author":[{"embeddable":true,"href":"https:\/\/www.bonacibo.com\/xk\/wp-json\/wp\/v2\/users\/2"}],"replies":[{"embeddable":true,"href":"https:\/\/www.bonacibo.com\/xk\/wp-json\/wp\/v2\/comments?post=7823"}],"version-history":[{"count":6,"href":"https:\/\/www.bonacibo.com\/xk\/wp-json\/wp\/v2\/pages\/7823\/revisions"}],"predecessor-version":[{"id":10418,"href":"https:\/\/www.bonacibo.com\/xk\/wp-json\/wp\/v2\/pages\/7823\/revisions\/10418"}],"wp:attachment":[{"href":"https:\/\/www.bonacibo.com\/xk\/wp-json\/wp\/v2\/media?parent=7823"}],"curies":[{"name":"wp","href":"https:\/\/api.w.org\/{rel}","templated":true}]}}