{"id":7815,"date":"2020-03-20T13:15:15","date_gmt":"2020-03-20T10:15:15","guid":{"rendered":"https:\/\/www.bonacibo.com\/xk\/?page_id=7815"},"modified":"2022-01-18T10:45:06","modified_gmt":"2022-01-18T07:45:06","slug":"bonacibo-kotele-pule","status":"publish","type":"page","link":"https:\/\/www.bonacibo.com\/xk\/bonacibo-kotele-pule\/","title":{"rendered":"Bonacibo Kotele ~ Pule"},"content":{"rendered":"<p><img loading=\"lazy\" decoding=\"async\" src=\"https:\/\/www.bonacibo.com\/xk\/wp-content\/uploads\/2020\/03\/BC_Kitten_Tvk_2kg.png\" alt=\"\" width=\"976\" height=\"1500\" \/><br \/>\nP\u00ebr kotele t\u00eb t\u00eb gjitha racave deri n\u00eb 12 muaj<\/p>\n<h1>Bonacibo Kotele<\/h1>\n<p>BonaCibo Kitten \u00ebsht\u00eb formuluar me ekuilibrin optimal t\u00eb proteinave, yndyrave dhe karbohidrateve p\u00ebr t\u00eb siguruar rritje t\u00eb sh\u00ebndetshme. \u00cbsht\u00eb gjithashtu i pasuruar me yndyrna Omega-3 dhe minerale dhe vitamina thelb\u00ebsore p\u00ebr t\u00eb nxitur metabolizmin e sh\u00ebndetsh\u00ebm dhe zhvillimin e kockave.<\/p>\n<p><img loading=\"lazy\" decoding=\"async\" src=\"https:\/\/www.bonacibo.com\/xk\/wp-content\/uploads\/2020\/03\/Kitten-gelisim.png\" alt=\"\" width=\"161\" height=\"153\" \/><\/p>\n<h4>Zhvillimi i sh\u00ebndetsh\u00ebm<\/h4>\n<p><img loading=\"lazy\" decoding=\"async\" src=\"https:\/\/www.bonacibo.com\/xk\/wp-content\/uploads\/2020\/03\/kitten-vitamin.png\" alt=\"\" width=\"174\" height=\"153\" \/><\/p>\n<h4>Vitamina dhe minerale t\u00eb balancuara<\/h4>\n<p><img loading=\"lazy\" decoding=\"async\" src=\"https:\/\/www.bonacibo.com\/xk\/wp-content\/uploads\/2020\/03\/kitten-taurin.png\" alt=\"\" width=\"153\" height=\"153\" \/><\/p>\n<h4>Taurine e shtuar<\/h4>\n<p>P\u00ebr kotele t\u00eb t\u00eb gjitha racave deri n\u00eb 12 muaj<\/p>\n<h1>P\u00ebrb\u00ebr\u00ebsit<\/h1>\n<p>Proteina e dehidratuar e pul\u00ebs (46%), oriz Baldo (14%), mis\u00ebr, vaj pule i rafinuar, miell a\u00e7uge (7%), miell Krill, Maja e that\u00eb e birr\u00ebs, M\u00ebl\u00e7ia e hidrolizuar e pul\u00ebs, vaj a\u00e7uge, proteina e majave nukleotide, minerale, manan prebiotik Oligo sakaride, alga deti, ekstrakt Yucca, pluhur boronic\u00eb, psyllium.<\/p>\n<h1>%38<\/h1>\n<h3>Proteina<\/h3>\n<h1>%18<\/h1>\n<h3>P\u00ebrmbajtja e yndyr\u00ebs<\/h3>\n<p><img loading=\"lazy\" decoding=\"async\" src=\"https:\/\/www.bonacibo.com\/xk\/wp-content\/uploads\/2020\/03\/kitten-urun-tane.png\" alt=\"\" width=\"354\" height=\"148\" \/><br \/>\n<img loading=\"lazy\" decoding=\"async\" src=\"https:\/\/www.bonacibo.com\/xk\/wp-content\/uploads\/2020\/03\/Kitten-\u00fcr\u00fcn-icerik.png\" alt=\"\" width=\"1302\" height=\"1200\" \/><br \/>\n<img loading=\"lazy\" decoding=\"async\" src=\"https:\/\/www.bonacibo.com\/xk\/wp-content\/uploads\/2020\/03\/BC-Kitten-Logo.png\" alt=\"\" width=\"324\" height=\"152\" \/><\/p>\n<h4>Komponent\u00ebt analitik\u00eb<\/h4>\n<table>\n<tbody>\n<tr>\n<td scope=\"row\">Protein<\/td>\n<td>% 38<\/td>\n<\/tr>\n<tr>\n<td scope=\"row\">P\u00ebrmbajtja e yndyr\u00ebs<\/td>\n<td>% 18<\/td>\n<\/tr>\n<tr>\n<td scope=\"row\">Hiri i pap\u00ebrpunuar<\/td>\n<td>% 8<\/td>\n<\/tr>\n<tr>\n<td scope=\"row\">Fib\u00ebr e pap\u00ebrpunuar<\/td>\n<td>% 2,5<\/td>\n<\/tr>\n<tr>\n<td scope=\"row\">Omega-6<\/td>\n<td>% 3,8<\/td>\n<\/tr>\n<tr>\n<td scope=\"row\">Omega-3<\/td>\n<td>% 0,85<\/td>\n<\/tr>\n<\/tbody>\n<\/table>\n<p><img loading=\"lazy\" decoding=\"async\" src=\"https:\/\/www.bonacibo.com\/xk\/wp-content\/uploads\/2020\/03\/Kitten-Gorsel.png\" alt=\"\" width=\"705\" height=\"591\" \/><\/p>\n<h4>Suplemente Ushqyese<\/h4>\n<table style=\"width: 100%; border: none;\" border=\"0\" cellspacing=\"0\" cellpadding=\"5px\">\n<tbody>\n<tr>\n<td style=\"background-color: #c8dcad; border: none;\">Vitamin A<\/td>\n<td style=\"background-color: #c8dcad; border: none; text-align: right;\">37.500 IU\/kg<\/td>\n<\/tr>\n<tr>\n<td style=\"border: none;\">Vitamin D3<\/td>\n<td style=\"border: none; text-align: right;\">2.250 IU\/kg<\/td>\n<\/tr>\n<tr>\n<td style=\"background-color: #c8dcad; border: none;\">Vitamin E<\/td>\n<td style=\"background-color: #c8dcad; border: none; text-align: right;\">225 mg\/kg<\/td>\n<\/tr>\n<tr>\n<td style=\"border: none;\">Vitamin K3<\/td>\n<td style=\"border: none; text-align: right;\">0,49 mg\/kg<\/td>\n<\/tr>\n<tr>\n<td style=\"background-color: #c8dcad; border: none;\">Vitamin C<\/td>\n<td style=\"background-color: #c8dcad; border: none; text-align: right;\">30 mg\/kg<\/td>\n<\/tr>\n<tr>\n<td style=\"border: none;\">Vitamin B1<\/td>\n<td style=\"border: none; text-align: right;\">22,41 mg\/kg<\/td>\n<\/tr>\n<tr>\n<td style=\"background-color: #c8dcad; border: none;\">Vitamin B2<\/td>\n<td style=\"background-color: #c8dcad; border: none; text-align: right;\">18,53 mg\/kg<\/td>\n<\/tr>\n<tr>\n<td style=\"border: none;\">Vitamin B6<\/td>\n<td style=\"border: none; text-align: right;\">17,53 mg\/kg<\/td>\n<\/tr>\n<tr>\n<td style=\"background-color: #c8dcad; border: none;\">Vitamin B12<\/td>\n<td style=\"background-color: #c8dcad; border: none; text-align: right;\">0,10 mg\/kg<\/td>\n<\/tr>\n<tr>\n<td style=\"border: none;\">Pantothenic Acid<\/td>\n<td style=\"border: none; text-align: right;\">20,61 mg\/kg<\/td>\n<\/tr>\n<\/tbody>\n<\/table>\n<table style=\"width: 100%; border: none;\" border=\"0\" width=\"1425\" cellspacing=\"0\" cellpadding=\"5px\">\n<tbody>\n<tr>\n<td style=\"background-color: #c8dcad; border: none;\">Folic Acid<\/td>\n<td style=\"background-color: #c8dcad; border: none; text-align: right;\">3,71 mg\/kg<\/td>\n<\/tr>\n<tr>\n<td style=\"border: none;\">Niacin<\/td>\n<td style=\"border: none; text-align: right;\">75 mg\/kg<\/td>\n<\/tr>\n<tr>\n<td style=\"background-color: #c8dcad; border: none;\">Biotin<\/td>\n<td style=\"background-color: #c8dcad; border: none; text-align: right;\">0,37 mg\/kg<\/td>\n<\/tr>\n<tr>\n<td style=\"border: none;\">Copper (as Sulphate)<\/td>\n<td style=\"border: none; text-align: right;\">18 mg\/kg<\/td>\n<\/tr>\n<tr>\n<td style=\"background-color: #c8dcad; border: none;\">Zinc\u00a0(as Sulphate)<\/td>\n<td style=\"background-color: #c8dcad; border: none; text-align: right;\">95 mg\/kg<\/td>\n<\/tr>\n<tr>\n<td style=\"border: none;\">Zinc\u00a0(as Chelate)<\/td>\n<td style=\"border: none; text-align: right;\">20 mg\/kg<\/td>\n<\/tr>\n<tr>\n<td style=\"background-color: #c8dcad; border: none;\">Manganese (as Sulphate)<\/td>\n<td style=\"background-color: #c8dcad; border: none; text-align: right;\">30 mg\/kg<\/td>\n<\/tr>\n<tr>\n<td style=\"border: none;\">Selenium (as Selenite)<\/td>\n<td style=\"border: none; text-align: right;\">0,3 mg\/kg<\/td>\n<\/tr>\n<tr>\n<td style=\"background-color: #c8dcad; border: none;\">Taurine<\/td>\n<td style=\"background-color: #c8dcad; border: none; text-align: right;\">2.600 mg\/kg<\/td>\n<\/tr>\n<tr>\n<td style=\"border: none;\">EU approved antioxidants<\/td>\n<td style=\"border: none; text-align: right;\"><\/td>\n<\/tr>\n<\/tbody>\n<\/table>\n<p><img loading=\"lazy\" decoding=\"async\" src=\"https:\/\/www.bonacibo.com\/xk\/wp-content\/uploads\/2020\/03\/alt-kedi.jpg\" alt=\"\" width=\"650\" height=\"342\" \/><br \/>\n<img loading=\"lazy\" decoding=\"async\" src=\"https:\/\/www.bonacibo.com\/xk\/wp-content\/uploads\/2020\/03\/Low-Grain.png\" alt=\"\" width=\"178\" height=\"139\" \/><\/p>\n<h3>Low Grain<\/h3>\n<p>Ndihmon macen tuaj t\u00eb mbaj\u00eb nj\u00eb jet\u00eb t\u00eb sh\u00ebndetshme duke p\u00ebrmbajtur nj\u00eb sasi t\u00eb vog\u00ebl drithi q\u00eb \u00ebsht\u00eb gjithashtu nj\u00eb nga l\u00ebnd\u00ebt ushqyese.<\/p>\n<p><img decoding=\"async\" title=\"ideal-kilo-icon\" src=\"https:\/\/www.bonacibo.com\/xk\/wp-content\/uploads\/elementor\/thumbs\/ideal-kilo-icon-om0o57ip8q7zxsj0zqx5n7w1medsulq3dmkkybcq6q.png\" alt=\"ideal-kilo-icon\" \/><\/p>\n<h6>Pesha Ideale<\/h6>\n<ul>\n<li id=\"tw-target-text\" data-placeholder=\"Translation\">BonaCibo formuluar me nj\u00eb ekuilib\u00ebr ideal t\u00eb raportit t\u00eb proteinave dhe yndyrave p\u00ebr t\u00eb mbajtur nj\u00eb pesh\u00eb trupore ideale p\u00ebr jet\u00ebgjat\u00ebsi dhe nj\u00eb metaboliz\u00ebm t\u00eb sh\u00ebndetsh\u00ebm.<\/li>\n<\/ul>\n<p><img decoding=\"async\" title=\"bagisiklik-sistemi\" src=\"https:\/\/www.bonacibo.com\/xk\/wp-content\/uploads\/elementor\/thumbs\/bagisiklik-sistemi-om0o6uqj7ah29850dyiniay31o9xbj96lro66qwxaq.png\" alt=\"bagisiklik-sistemi\" \/><\/p>\n<h6>Kujdesi Imunitetit<\/h6>\n<ul>\n<li id=\"tw-target-text\" data-placeholder=\"Translation\">BonaCibo p\u00ebrmban fibra natyrale prebiotike p\u00ebr t\u00eb nxitur rritjen e baktereve t\u00eb dobishme dhe p\u00ebr t\u00eb reduktuar shtamet patogjene, duke mb\u00ebshtetur k\u00ebshtu imunitetin dhe duke optimizuar tretjen.<\/li>\n<\/ul>\n<p><img decoding=\"async\" title=\"deri-tuy-sagligi\" src=\"https:\/\/www.bonacibo.com\/xk\/wp-content\/uploads\/elementor\/thumbs\/deri-tuy-sagligi-om0o7j6c4zein35if92yb4s2hoxgvny7d4msnxwosy.png\" alt=\"deri-tuy-sagligi\" \/><\/p>\n<h6>Kujdesi G\u00ebzofit<\/h6>\n<p>BonaCibo p\u00ebrmban p\u00ebrzierje t\u00eb pasuruar t\u00eb vitaminave, aminoacideve dhe ekuilibrin e duhur t\u00eb raportit t\u00eb acideve yndyrore Omega-6: Omega-3 p\u00ebr t\u00eb promovuar l\u00ebkur\u00eb t\u00eb sh\u00ebndetshme dhe nj\u00eb shtres\u00eb me shk\u00eblqim.<\/p>\n<p><img decoding=\"async\" title=\"gorme-ve-kalp-sagligi\" src=\"https:\/\/www.bonacibo.com\/xk\/wp-content\/uploads\/elementor\/thumbs\/gorme-ve-kalp-sagligi-om0o8f4ulcm9ltv38mw9nwpqosjy5dh2titazclaxe.png\" alt=\"gorme-ve-kalp-sagligi\" \/><\/p>\n<h6>Kujdesi p\u00ebr Shikimin dhe Zemr\u00ebn<\/h6>\n<p>Taurina esenciale shtohet n\u00eb sasi te duhur p\u00ebr t\u00eb siguruar funksionimin korrekt t\u00eb sistemit nervor dhe syve dhe p\u00ebr t\u00eb mb\u00ebshtetur nj\u00eb zem\u00ebr t\u00eb fort\u00eb.<\/p>\n<p><img decoding=\"async\" title=\"uriner-saglik-destek\" src=\"https:\/\/www.bonacibo.com\/xk\/wp-content\/uploads\/elementor\/thumbs\/uriner-saglik-destek-om0o96e63jnkyirhtgog67u3wytlclhal9qdwdgvwy.png\" alt=\"uriner-saglik-destek\" \/><\/p>\n<h6>Mb\u00ebshtet Sh\u00ebndetin Urinar<\/h6>\n<p>BonaCibo p\u00ebrmban nivele t\u00eb balancuara dhe optimale t\u00eb mineraleve esenciale, p\u00ebr t\u00eb ndihmuar n\u00eb uljen e rrezikut t\u00eb gur\u00ebve urinare.<\/p>\n<p><img decoding=\"async\" title=\"sindirim-sistemi\" src=\"https:\/\/www.bonacibo.com\/xk\/wp-content\/uploads\/elementor\/thumbs\/sindirim-sistemi-om0oaekl0rc246zbnhrwxeoru2ruedcofce7gdndsi.png\" alt=\"sindirim-sistemi\" \/><\/p>\n<h6>Kujdesi p\u00ebr Tretjen<\/h6>\n<p>Duke p\u00ebrdorur p\u00ebrb\u00ebr\u00ebs shum\u00eb t\u00eb tretsh\u00ebm dhe procese t\u00eb buta gatimi, BonaCibo siguron tretshm\u00ebri maksimale.<\/p>\n<p><img decoding=\"async\" title=\"Tuy-yumagi-atimi\" src=\"https:\/\/www.bonacibo.com\/xk\/wp-content\/uploads\/elementor\/thumbs\/Tuy-yumagi-atimi-om0oatm023wn9ydh7o9y1aw5c8pptj0dtetz4t130y.png\" alt=\"Tuy-yumagi-atimi\" \/><\/p>\n<h6>Kontrolli i Topthave t\u00eb G\u00ebzofit<\/h6>\n<p>Topthat e g\u00ebzofit shkaktojn\u00eb p\u00ebrkeq\u00ebsim t\u00eb sistemit tret\u00ebs, P\u00ebrmbajtja e ekuilibruar e fibrave ndihmon n\u00eb kalimin e topthave t\u00eb flok\u00ebve duke u shp\u00ebrb\u00ebr\u00eb leht\u00ebsisht.<\/p>\n<p><img decoding=\"async\" title=\"Dengeli-vitamin\" src=\"https:\/\/www.bonacibo.com\/xk\/wp-content\/uploads\/elementor\/thumbs\/Dengeli-vitamin-om0ob7pkwmfy43szxcdckpc290s80zkcvcm9byg6fm.png\" alt=\"Dengeli-vitamin\" \/><\/p>\n<h6>Vitamina dhe Minerale t\u00eb Balancuara<\/h6>\n<p>Nivelet optimale t\u00eb vitaminave p\u00ebrfshihen p\u00ebr t\u00eb mb\u00ebshtetur metabolizmin dhe p\u00ebr t\u00eb siguruar prodhim t\u00eb q\u00ebndruesh\u00ebm t\u00eb energjis\u00eb. Gjurm\u00eb minerale esenciale p\u00ebrfshihen gjithashtu n\u00eb forma q\u00eb absorbohen dhe p\u00ebrdoren leht\u00ebsisht nga trupi.<\/p>\n<ol>\n<li>P\u00ebr cilat raca \u00ebsht\u00eb e p\u00ebrshtatshme Bonacibo Kitten?Ushqimi yn\u00eb p\u00ebr macet Bonacibo Kitten \u00ebsht\u00eb formuluar p\u00ebr t\u00eb plot\u00ebsuar t\u00eb gjitha nevojat ushqyese t\u00eb maceve t\u00eb rritura t\u00eb t\u00eb gjitha racave.<\/li>\n<li>P\u00ebr cilat mosha k\u00ebshillohet te p\u00ebrdoret Bonacibo Kitten?Kotele Bonocibo mund t\u00eb ushqehet nga marrja e gjirit deri n\u00eb pjekurin\u00eb, e cila ndodh rreth mosh\u00ebs 8 deri n\u00eb 10 muaj. Gjat\u00eb 2 muajve t\u00eb fundit t\u00eb k\u00ebsaj periudhe ushqimi p\u00ebr t\u00eb rritur mund t\u00eb futet gradualisht. \u00cbsht\u00eb gjithashtu ideale p\u00ebr macet femra shtatz\u00ebna dhe n\u00eb laktacion p\u00ebr shkak t\u00eb p\u00ebrmbajtjes s\u00eb lart\u00eb t\u00eb energjis\u00eb dhe vitaminave.\n<p>P\u00ebr macet shtatz\u00ebna Bonocibo Kitten duhet t\u00eb ushqehet gjat\u00eb t\u00eb tret\u00ebs s\u00eb fundit t\u00eb shtatz\u00ebnis\u00eb, q\u00eb \u00ebsht\u00eb 20 dit\u00ebt e fundit. Pas lindjes mund t\u00eb ofrohet lirisht deri n\u00eb zvog\u00eblimin e gjirit<\/p>\n<p>sigurojn\u00eb energji dhe minerale t\u00eb mjaftueshme p\u00ebr prodhimin e qum\u00ebshtit.<\/li>\n<li>\u00c7far\u00eb \u00ebsht\u00eb Taurina? A duhet ushqimi i maceve t\u00eb p\u00ebrmbaj\u00eb Taurin\u00eb?Taurina \u00ebsht\u00eb nj\u00eb l\u00ebnd\u00eb ushqyese q\u00eb \u00ebsht\u00eb e ngjashme me nj\u00eb aminoacid, por gjithashtu vepron n\u00eb trup si nj\u00eb vitamin\u00eb. K\u00ebrkohet n\u00eb trup p\u00ebr nj\u00eb s\u00ebr\u00eb funksionesh, duke p\u00ebrfshir\u00eb zhvillimin e retin\u00ebs p\u00ebr shikimin dhe zhvillimin e muskujve t\u00eb zemr\u00ebs.\n<p>Gjendet natyrsh\u00ebm n\u00eb materialet e mishit, megjithat\u00eb, niveli mund t\u00eb jet\u00eb mjaft i ul\u00ebt dhe i ndryshuesh\u00ebm. Ndryshe nga qent\u00eb, macet nuk mund ta prodhojn\u00eb k\u00ebt\u00eb l\u00ebnd\u00eb ushqyese n\u00eb trupin e tyre, k\u00ebshtu q\u00eb n\u00eb vend t\u00eb k\u00ebsaj duhet t\u00eb konsumohet n\u00ebp\u00ebrmjet diet\u00ebs. Taurina\u00a0shtohet n\u00eb t\u00eb gjitha ushqimet e maceve Cagatay p\u00ebr t\u00eb siguruar q\u00eb k\u00ebrkesat e tyre ushqyese jan\u00eb p\u00ebrmbushur.<\/li>\n<li>Kur mund t\u00eb filloni t\u00eb p\u00ebrdorni ushqim t\u00eb that\u00eb p\u00ebr kafsh\u00ebt sht\u00ebpiake p\u00ebr nj\u00eb mace t\u00eb porsalindur?Ushqimet p\u00ebr kotele mund t\u00eb futen n\u00eb heqjen e gjirit duke zbutur disa kibliza me uj\u00eb t\u00eb ngroht\u00eb jo me qum\u00ebsht dhe duke i l\u00ebn\u00eb af\u00ebr shtratit t\u00eb tyre. N\u00ebse ata nuk e pranojn\u00eb ushqimin me leht\u00ebsi, mund t\u00eb vendosni edhe nj\u00eb pik\u00eb t\u00eb vog\u00ebl ushqimi t\u00eb but\u00eb n\u00eb putrat e tyre t\u00eb p\u00ebrparme, t\u00eb cilat ata do t\u00eb priren ta l\u00ebpijn\u00eb dhe k\u00ebshtu t\u00eb b\u00ebhen t\u00eb njohura me er\u00ebn dhe shijen. Pasi t\u00eb ken\u00eb pranuar ushqimin e lagur, nj\u00eb tas shtes\u00eb me ushqim t\u00eb that\u00eb mund t\u00eb vendoset af\u00ebr dhe sasia e ushqimit t\u00eb lagur t\u00eb reduktohet, gj\u00eb q\u00eb do t&#8217;i inkurajoj\u00eb ata t\u00eb kalojn\u00eb n\u00eb t\u00eb that\u00eb. Pasi t\u00eb ken\u00eb pranuar t\u00eb gjith\u00eb ushqimin e that\u00eb, ushqimi i njomur mund t\u00eb hiqet, por gjithmon\u00eb lejojini atyre qasje n\u00eb uj\u00eb t\u00eb past\u00ebr dhe t\u00eb fresk\u00ebt gjat\u00eb gjith\u00eb koh\u00ebs.<\/li>\n<li>A ka ndonj\u00eb arsye pse nuk mund t&#8217;i servirni ushqim p\u00ebr kotele nj\u00eb maceje t\u00eb rritur?P\u00ebrmbajtja ushqyese e ushqimit p\u00ebr kotele \u00ebsht\u00eb m\u00eb e lart\u00eb se ushqimi i t\u00eb rriturve, k\u00ebshtu q\u00eb do t\u00eb plot\u00ebsoj\u00eb t\u00eb gjitha k\u00ebrkesat e nj\u00eb maceje t\u00eb rritur megjithat\u00eb, energjia shtes\u00eb mund t\u00eb b\u00ebj\u00eb q\u00eb nj\u00eb mace e rritur t\u00eb shtoj\u00eb pesh\u00eb t\u00eb tep\u00ebrt n\u00ebse ushqehet vazhdimisht me k\u00ebt\u00eb ushqim. P\u00ebr sa koh\u00eb q\u00eb pronari kontrollon mir\u00eb gjendjen e trupit t\u00eb maces, sigurisht q\u00eb nuk do t\u00eb shkaktoj\u00eb ndonj\u00eb problem. Problemi i vet\u00ebm tjet\u00ebr \u00ebsht\u00eb madh\u00ebsia e kibl\u00ebs, e cila ndonj\u00ebher\u00eb mund t\u00eb jet\u00eb shum\u00eb e vog\u00ebl p\u00ebr nj\u00eb mace t\u00eb rritur q\u00eb t\u00eb haj\u00eb rehat.<\/li>\n<li>Cilin ushqim p\u00ebr kafsh\u00ebt sht\u00ebpiake duhet t\u00eb p\u00ebrdorni p\u00ebr t\u00eb ndihmuar nj\u00eb mace t\u00eb shtoj\u00eb pesh\u00eb?N\u00ebse macja juaj po p\u00ebrpiqet t\u00eb shtoj\u00eb pesh\u00eb, mund t\u00eb k\u00ebshillohet ta zhvendosni at\u00eb te ushqimi i kotele, i cili p\u00ebrmban nj\u00eb sasi t\u00eb madhe energjie. Mund t\u00eb jet\u00eb gjithashtu nj\u00eb ide e mir\u00eb ta ushqeni at\u00eb m\u00eb shpesh dhe n\u00eb nj\u00eb vend t\u00eb qet\u00eb n\u00ebse shp\u00ebrqendrohet leht\u00ebsisht dhe nuk tenton t\u00eb konsumoj\u00eb sasin\u00eb e treguar n\u00eb paket\u00eb. Shtimi i pak ushqimit t\u00eb plot\u00eb t\u00eb lag\u00ebsht mund t\u00eb ndihmoj\u00eb gjithashtu n\u00eb rritjen e p\u00ebrmbajtjes s\u00eb energjis\u00eb dhe pranimit n\u00ebse macja juaj \u00ebsht\u00eb ve\u00e7an\u00ebrisht e ul\u00ebt n\u00eb pesh\u00eb.<\/li>\n<li>Cilin ushqim p\u00ebr kafsh\u00ebt sht\u00ebpiake duhet t\u00eb p\u00ebrdorni p\u00ebr nj\u00eb mace q\u00eb \u00ebsht\u00eb operuar dhe p\u00ebr sa koh\u00eb?Pas nj\u00eb operacioni macet shpesh nuk jan\u00eb t\u00eb interesuara p\u00ebr ushqimin e tyre. Prandaj, \u00ebsht\u00eb mir\u00eb t&#8217;u ofroni atyre nj\u00eb ushqim me shije dhe p\u00ebrqendrim shum\u00eb t\u00eb lart\u00eb t\u00eb l\u00ebnd\u00ebve ushqyese, si p\u00ebr shembull Boncibo Kitten, n\u00eb m\u00ebnyr\u00eb q\u00eb t\u00eb marrin sa m\u00eb shum\u00eb t\u00eb jet\u00eb e mundur nga nj\u00eb sasi e vog\u00ebl. \u00cbsht\u00eb gjithashtu nj\u00eb ide e mir\u00eb q\u00eb t\u00eb lagni ushqimin me uj\u00eb t\u00eb ngroht\u00eb, pasi kjo do ta b\u00ebj\u00eb m\u00eb t\u00eb leht\u00eb konsumimin dhe do t\u00eb p\u00ebrmir\u00ebsoj\u00eb m\u00eb tej shijen.<\/li>\n<\/ol>\n<p>[rcblock id=&#8221;7945&#8243;]<\/p>\n","protected":false},"excerpt":{"rendered":"<p>P\u00ebr kotele t\u00eb t\u00eb gjitha racave deri n\u00eb 12 muaj Bonacibo Kotele BonaCibo Kitten \u00ebsht\u00eb formuluar me ekuilibrin optimal t\u00eb proteinave, yndyrave dhe karbohidrateve p\u00ebr t\u00eb siguruar rritje t\u00eb sh\u00ebndetshme. \u00cbsht\u00eb gjithashtu i pasuruar me yndyrna Omega-3 dhe minerale dhe vitamina thelb\u00ebsore p\u00ebr t\u00eb nxitur metabolizmin e sh\u00ebndetsh\u00ebm dhe zhvillimin e kockave. Zhvillimi i sh\u00ebndetsh\u00ebm [&hellip;]<\/p>\n","protected":false},"author":2,"featured_media":0,"parent":0,"menu_order":0,"comment_status":"closed","ping_status":"closed","template":"","meta":{"footnotes":""},"class_list":["post-7815","page","type-page","status-publish","hentry"],"_links":{"self":[{"href":"https:\/\/www.bonacibo.com\/xk\/wp-json\/wp\/v2\/pages\/7815","targetHints":{"allow":["GET"]}}],"collection":[{"href":"https:\/\/www.bonacibo.com\/xk\/wp-json\/wp\/v2\/pages"}],"about":[{"href":"https:\/\/www.bonacibo.com\/xk\/wp-json\/wp\/v2\/types\/page"}],"author":[{"embeddable":true,"href":"https:\/\/www.bonacibo.com\/xk\/wp-json\/wp\/v2\/users\/2"}],"replies":[{"embeddable":true,"href":"https:\/\/www.bonacibo.com\/xk\/wp-json\/wp\/v2\/comments?post=7815"}],"version-history":[{"count":0,"href":"https:\/\/www.bonacibo.com\/xk\/wp-json\/wp\/v2\/pages\/7815\/revisions"}],"wp:attachment":[{"href":"https:\/\/www.bonacibo.com\/xk\/wp-json\/wp\/v2\/media?parent=7815"}],"curies":[{"name":"wp","href":"https:\/\/api.w.org\/{rel}","templated":true}]}}