{"id":7805,"date":"2020-03-20T12:09:02","date_gmt":"2020-03-20T09:09:02","guid":{"rendered":"https:\/\/www.bonacibo.com\/xk\/?page_id=7805"},"modified":"2022-01-18T10:45:51","modified_gmt":"2022-01-18T07:45:51","slug":"bonacibo-mace-e-rritur-e-lehte-e-sterilizuar","status":"publish","type":"page","link":"https:\/\/www.bonacibo.com\/xk\/bonacibo-mace-e-rritur-e-lehte-e-sterilizuar\/","title":{"rendered":"Bonacibo Mace e rritur ~ E leht\u00eb &#038; E sterilizuar"},"content":{"rendered":"<p><img loading=\"lazy\" decoding=\"async\" src=\"https:\/\/www.bonacibo.com\/xk\/wp-content\/uploads\/2020\/03\/BC_Cat_LS_2kg.png\" alt=\"\" width=\"976\" height=\"1500\" \/><br \/>\nP\u00ebr macet e rritura t\u00eb sterilizuara t\u00eb t\u00eb gjitha racave, gjithashtu ideale p\u00ebr macet mbipesh\u00eb.<\/p>\n<h1>Bonacibo Mace e rritur e leht\u00eb dhe e sterilizuar<\/h1>\n<p>Bonacibo Mace e rritur e leht\u00eb dhe e sterilizuar \u00ebsht\u00eb formuluar p\u00ebr mace t\u00eb sterilizuara ose mbi pesh\u00eb. Ai p\u00ebrmban nivele t\u00eb balancuara me kujdes t\u00eb proteinave dhe yndyrave p\u00ebr t\u00eb siguruar kontrollin e pesh\u00ebs n\u00eb nj\u00eb m\u00ebnyr\u00eb t\u00eb sh\u00ebndetshme, nd\u00ebrkoh\u00eb q\u00eb siguron ende t\u00eb gjith\u00eb ushqyesit thelb\u00ebsor\u00eb n\u00eb nj\u00eb ushqim t\u00eb shijsh\u00ebm.<\/p>\n<p><img loading=\"lazy\" decoding=\"async\" src=\"https:\/\/www.bonacibo.com\/xk\/wp-content\/uploads\/2020\/03\/LS-Kilo.png\" alt=\"\" width=\"169\" height=\"161\" \/><\/p>\n<h4>Formula e kontrollit t\u00eb pesh\u00ebs<\/h4>\n<p><img loading=\"lazy\" decoding=\"async\" src=\"https:\/\/www.bonacibo.com\/xk\/wp-content\/uploads\/2020\/03\/LS-Uriner.png\" alt=\"\" width=\"146\" height=\"153\" \/><\/p>\n<h4>Mb\u00ebshtet sh\u00ebndetin urinar<\/h4>\n<p><img loading=\"lazy\" decoding=\"async\" src=\"https:\/\/www.bonacibo.com\/xk\/wp-content\/uploads\/2020\/03\/LS-Sindirim.png\" alt=\"\" width=\"154\" height=\"153\" \/><\/p>\n<h4>Kujdesi p\u00ebr tretjen<\/h4>\n<p>P\u00ebr macet e rritura t\u00eb sterilizuara t\u00eb t\u00eb gjitha racave &#8212;<br \/>\nIdeale edhe p\u00ebr macet mbipesh\u00eb.<\/p>\n<h1>P\u00ebrb\u00ebr\u00ebsit<\/h1>\n<p>Proteina e dehidratuar e pul\u00ebs, oriz Baldo, mis\u00ebr, vaj pule i rafinuar, miell a\u00e7uge, miell krill, maja e that\u00eb e birr\u00ebs, m\u00ebl\u00e7i pule e hidrolizuar, vaj a\u00e7uge, proteina e majave nukleotide, minerale, prebiotik\u00eb manan oligo sakaride, alga deti, alga deti .<\/p>\n<h1>%30<\/h1>\n<h3>Proteina<\/h3>\n<h1>%12<\/h1>\n<h3>P\u00ebrmbajtja e yndyr\u00ebs<\/h3>\n<p><img loading=\"lazy\" decoding=\"async\" src=\"https:\/\/www.bonacibo.com\/xk\/wp-content\/uploads\/2020\/03\/Ls-Mama-Tane.png\" alt=\"\" width=\"289\" height=\"129\" \/><br \/>\n<img loading=\"lazy\" decoding=\"async\" src=\"https:\/\/www.bonacibo.com\/xk\/wp-content\/uploads\/2020\/03\/LS-Cat-\u00fcr\u00fcn-icerik.png\" alt=\"\" width=\"1302\" height=\"1200\" \/><br \/>\n<img loading=\"lazy\" decoding=\"async\" src=\"https:\/\/www.bonacibo.com\/xk\/wp-content\/uploads\/2020\/03\/BC-LS-Logo.png\" alt=\"\" width=\"324\" height=\"152\" \/><\/p>\n<h4>Komponent\u00ebt analitik\u00eb<\/h4>\n<table>\n<tbody>\n<tr>\n<td scope=\"row\">Proteina<\/td>\n<td>% 30<\/td>\n<\/tr>\n<tr>\n<td scope=\"row\">P\u00ebrmbajtja e yndyr\u00ebs<\/td>\n<td>% 12<\/td>\n<\/tr>\n<tr>\n<td scope=\"row\">Hiri i pap\u00ebrpunuar<\/td>\n<td>% 7<\/td>\n<\/tr>\n<tr>\n<td scope=\"row\">Fib\u00ebr e pap\u00ebrpunuar<\/td>\n<td>% 3<\/td>\n<\/tr>\n<tr>\n<td scope=\"row\">Omega-6<\/td>\n<td>% 3,6<\/td>\n<\/tr>\n<tr>\n<td scope=\"row\">Omega-3<\/td>\n<td>% 0,65<\/td>\n<\/tr>\n<\/tbody>\n<\/table>\n<p><img loading=\"lazy\" decoding=\"async\" src=\"https:\/\/www.bonacibo.com\/xk\/wp-content\/uploads\/2020\/03\/BC-Light-Sterilised.png\" alt=\"\" width=\"832\" height=\"711\" \/><\/p>\n<h4>Suplemente Ushqyese<\/h4>\n<table style=\"width: 100%; border: none;\" border=\"0\" cellspacing=\"0\" cellpadding=\"5px\">\n<tbody>\n<tr>\n<td style=\"background-color: #c8dcad; border: none;\">Vitamin A<\/td>\n<td style=\"background-color: #c8dcad; border: none; text-align: right;\">25.000 IU\/kg<\/td>\n<\/tr>\n<tr>\n<td style=\"border: none;\">Vitamin D3<\/td>\n<td style=\"border: none; text-align: right;\">1.500 IU\/kg<\/td>\n<\/tr>\n<tr>\n<td style=\"background-color: #c8dcad; border: none;\">Vitamin E<\/td>\n<td style=\"background-color: #c8dcad; border: none; text-align: right;\">150 mg\/kg<\/td>\n<\/tr>\n<tr>\n<td style=\"border: none;\">Vitamin K3<\/td>\n<td style=\"border: none; text-align: right;\">0,36 mg\/kg<\/td>\n<\/tr>\n<tr>\n<td style=\"background-color: #c8dcad; border: none;\">Vitamin C<\/td>\n<td style=\"background-color: #c8dcad; border: none; text-align: right;\">25 mg\/kg<\/td>\n<\/tr>\n<tr>\n<td style=\"border: none;\">Vitamin B1<\/td>\n<td style=\"border: none; text-align: right;\">14,94 mg\/kg<\/td>\n<\/tr>\n<tr>\n<td style=\"background-color: #c8dcad; border: none;\">Vitamin B2<\/td>\n<td style=\"background-color: #c8dcad; border: none; text-align: right;\">12,36 mg\/kg<\/td>\n<\/tr>\n<tr>\n<td style=\"border: none;\">Vitamin B6<\/td>\n<td style=\"border: none; text-align: right;\">13,36 mg\/kg<\/td>\n<\/tr>\n<tr>\n<td style=\"background-color: #c8dcad; border: none;\">Vitamin B12<\/td>\n<td style=\"background-color: #c8dcad; border: none; text-align: right;\">0,08 mg\/kg<\/td>\n<\/tr>\n<tr>\n<td style=\"border: none;\">Pantothenic Acid<\/td>\n<td style=\"border: none; text-align: right;\">14,98 mg\/kg<\/td>\n<\/tr>\n<\/tbody>\n<\/table>\n<table style=\"width: 100%; border: none;\" border=\"0\" width=\"1425\" cellspacing=\"0\" cellpadding=\"5px\">\n<tbody>\n<tr>\n<td style=\"background-color: #c8dcad; border: none;\">Folic Acid<\/td>\n<td style=\"background-color: #c8dcad; border: none; text-align: right;\">2,67 mg\/kg<\/td>\n<\/tr>\n<tr>\n<td style=\"border: none;\">Niacin<\/td>\n<td style=\"border: none; text-align: right;\">50 mg\/kg<\/td>\n<\/tr>\n<tr>\n<td style=\"background-color: #c8dcad; border: none;\">Biotin<\/td>\n<td style=\"background-color: #c8dcad; border: none; text-align: right;\">0,28 mg\/kg<\/td>\n<\/tr>\n<tr>\n<td style=\"border: none;\">Copper (as Sulphate)<\/td>\n<td style=\"border: none; text-align: right;\">18 mg\/kg<\/td>\n<\/tr>\n<tr>\n<td style=\"background-color: #c8dcad; border: none;\">Zinc (as Sulphate)<\/td>\n<td style=\"background-color: #c8dcad; border: none; text-align: right;\">95 mg\/kg<\/td>\n<\/tr>\n<tr>\n<td style=\"border: none;\">Zinc (as Chelate)<\/td>\n<td style=\"border: none; text-align: right;\">20 mg\/kg<\/td>\n<\/tr>\n<tr>\n<td style=\"background-color: #c8dcad; border: none;\">Manganese (as Sulphate)<\/td>\n<td style=\"background-color: #c8dcad; border: none; text-align: right;\">30 mg\/kg<\/td>\n<\/tr>\n<tr>\n<td style=\"border: none;\">Selenium (as Selenite)<\/td>\n<td style=\"border: none; text-align: right;\">0,3 mg\/kg<\/td>\n<\/tr>\n<tr>\n<td style=\"background-color: #c8dcad; border: none;\">L-Carnitine<\/td>\n<td style=\"background-color: #c8dcad; border: none; text-align: right;\">200 mg\/kg<\/td>\n<\/tr>\n<tr>\n<td style=\"border: none;\">Taurin (as Selenite)<\/td>\n<td style=\"border: none; text-align: right;\">1.800 mg\/kg<\/td>\n<\/tr>\n<tr>\n<td style=\"background-color: #c8dcad; border: none;\">EU approved antioxidants..<\/td>\n<td style=\"background-color: #c8dcad; border: none; text-align: right;\"><\/td>\n<\/tr>\n<\/tbody>\n<\/table>\n<p><img loading=\"lazy\" decoding=\"async\" src=\"https:\/\/www.bonacibo.com\/xk\/wp-content\/uploads\/2020\/03\/alt-kedi.jpg\" alt=\"\" width=\"650\" height=\"342\" \/><br \/>\n<img loading=\"lazy\" decoding=\"async\" src=\"https:\/\/www.bonacibo.com\/xk\/wp-content\/uploads\/2020\/03\/Low-Grain.png\" alt=\"\" width=\"178\" height=\"139\" \/><\/p>\n<h3>Low Grain<\/h3>\n<p>Ndihmon macen tuaj t\u00eb mbaj\u00eb nj\u00eb jet\u00eb t\u00eb sh\u00ebndetshme duke p\u00ebrmbajtur nj\u00eb sasi t\u00eb vog\u00ebl drithi q\u00eb \u00ebsht\u00eb gjithashtu nj\u00eb nga l\u00ebnd\u00ebt ushqyese.<\/p>\n<p><img decoding=\"async\" title=\"ideal-kilo-icon\" src=\"https:\/\/www.bonacibo.com\/xk\/wp-content\/uploads\/elementor\/thumbs\/ideal-kilo-icon-om0o57ip8q7zxsj0zqx5n7w1medsulq3dmkkybcq6q.png\" alt=\"ideal-kilo-icon\" \/><\/p>\n<h6>Pesha Ideale<\/h6>\n<p>BonaCibo formuluar me nj\u00eb ekuilib\u00ebr ideal t\u00eb raportit t\u00eb proteinave dhe yndyrave p\u00ebr t\u00eb mbajtur nj\u00eb pesh\u00eb trupore ideale p\u00ebr jet\u00ebgjat\u00ebsi dhe nj\u00eb metaboliz\u00ebm t\u00eb sh\u00ebndetsh\u00ebm.<\/p>\n<p>.<\/p>\n<p><img decoding=\"async\" title=\"bagisiklik-sistemi\" src=\"https:\/\/www.bonacibo.com\/xk\/wp-content\/uploads\/elementor\/thumbs\/bagisiklik-sistemi-om0o6uqj7ah29850dyiniay31o9xbj96lro66qwxaq.png\" alt=\"bagisiklik-sistemi\" \/><\/p>\n<h6>Kujdesi Imunitetit<\/h6>\n<p>BonaCibo p\u00ebrmban fibra natyrale prebiotike p\u00ebr t\u00eb nxitur rritjen e baktereve t\u00eb dobishme dhe p\u00ebr t\u00eb reduktuar shtamet patogjene, duke mb\u00ebshtetur k\u00ebshtu imunitetin dhe duke optimizuar tretjen<\/p>\n<p><img decoding=\"async\" title=\"deri-tuy-sagligi\" src=\"https:\/\/www.bonacibo.com\/xk\/wp-content\/uploads\/elementor\/thumbs\/deri-tuy-sagligi-om0o7j6c4zein35if92yb4s2hoxgvny7d4msnxwosy.png\" alt=\"deri-tuy-sagligi\" \/><\/p>\n<h6>Kujdesi G\u00ebzofit<\/h6>\n<p>BonaCibo p\u00ebrmban p\u00ebrzierje t\u00eb pasuruar t\u00eb vitaminave, aminoacideve dhe ekuilibrin e duhur t\u00eb raportit t\u00eb acideve yndyrore Omega-6: Omega-3 p\u00ebr t\u00eb promovuar l\u00ebkur\u00eb t\u00eb sh\u00ebndetshme dhe nj\u00eb shtres\u00eb me shk\u00eblqim.<\/p>\n<p><img decoding=\"async\" title=\"gorme-ve-kalp-sagligi\" src=\"https:\/\/www.bonacibo.com\/xk\/wp-content\/uploads\/elementor\/thumbs\/gorme-ve-kalp-sagligi-om0o8f4ulcm9ltv38mw9nwpqosjy5dh2titazclaxe.png\" alt=\"gorme-ve-kalp-sagligi\" \/><\/p>\n<h6>Kujdesi p\u00ebr Shikimin dhe Zemr\u00ebn<\/h6>\n<p>Taurina esenciale shtohet n\u00eb sasi te duhur p\u00ebr t\u00eb siguruar funksionimin korrekt t\u00eb sistemit nervor dhe syve dhe p\u00ebr t\u00eb mb\u00ebshtetur nj\u00eb zem\u00ebr t\u00eb fort\u00eb.<\/p>\n<p><img decoding=\"async\" title=\"uriner-saglik-destek\" src=\"https:\/\/www.bonacibo.com\/xk\/wp-content\/uploads\/elementor\/thumbs\/uriner-saglik-destek-om0o96e63jnkyirhtgog67u3wytlclhal9qdwdgvwy.png\" alt=\"uriner-saglik-destek\" \/><\/p>\n<h6>Mb\u00ebshtet Sh\u00ebndetin Urinar<\/h6>\n<p>BonaCibo p\u00ebrmban nivele t\u00eb balancuara dhe optimale t\u00eb mineraleve esenciale, p\u00ebr t\u00eb ndihmuar n\u00eb uljen e rrezikut t\u00eb gur\u00ebve urinare.<\/p>\n<p><img decoding=\"async\" title=\"sindirim-sistemi\" src=\"https:\/\/www.bonacibo.com\/xk\/wp-content\/uploads\/elementor\/thumbs\/sindirim-sistemi-om0oaekl0rc246zbnhrwxeoru2ruedcofce7gdndsi.png\" alt=\"sindirim-sistemi\" \/><\/p>\n<h6>Kujdesi p\u00ebr Tretjen<\/h6>\n<p>Duke p\u00ebrdorur p\u00ebrb\u00ebr\u00ebs shum\u00eb t\u00eb tretsh\u00ebm dhe procese t\u00eb buta gatimi, BonaCibo siguron tretshm\u00ebri maksimale.<\/p>\n<p><img decoding=\"async\" title=\"Tuy-yumagi-atimi\" src=\"https:\/\/www.bonacibo.com\/xk\/wp-content\/uploads\/elementor\/thumbs\/Tuy-yumagi-atimi-om0oatm023wn9ydh7o9y1aw5c8pptj0dtetz4t130y.png\" alt=\"Tuy-yumagi-atimi\" \/><\/p>\n<h6>Kontrolli i Topthave t\u00eb G\u00ebzofit<\/h6>\n<p>Topthat e g\u00ebzofit shkaktojn\u00eb p\u00ebrkeq\u00ebsim t\u00eb sistemit tret\u00ebs, P\u00ebrmbajtja e ekuilibruar e fibrave ndihmon n\u00eb kalimin e topthave t\u00eb flok\u00ebve duke u shp\u00ebrb\u00ebr\u00eb leht\u00ebsisht.<\/p>\n<p><img decoding=\"async\" title=\"Dengeli-vitamin\" src=\"https:\/\/www.bonacibo.com\/xk\/wp-content\/uploads\/elementor\/thumbs\/Dengeli-vitamin-om0ob7pkwmfy43szxcdckpc290s80zkcvcm9byg6fm.png\" alt=\"Dengeli-vitamin\" \/><\/p>\n<h6>Vitamina dhe Minerale t\u00eb Balancuara<\/h6>\n<p>Nivelet optimale t\u00eb vitaminave p\u00ebrfshihen p\u00ebr t\u00eb mb\u00ebshtetur metabolizmin dhe p\u00ebr t\u00eb siguruar prodhim t\u00eb q\u00ebndruesh\u00ebm t\u00eb energjis\u00eb. Gjurm\u00eb minerale esenciale p\u00ebrfshihen gjithashtu n\u00eb forma q\u00eb absorbohen dhe p\u00ebrdoren leht\u00ebsisht nga trupi.<\/p>\n<ol>\n<li>P\u00ebr cilat raca \u00ebsht\u00eb e p\u00ebrshtatshme Bonacibo Mace e rritur e leht\u00eb dhe e sterilizuar?Ushqimi yn\u00eb Bonacibo i maceve t\u00eb rritura te lehta dhe t\u00eb sterilizuara \u00ebsht\u00eb formuluar p\u00ebr t\u00eb p\u00ebrmbushur t\u00eb gjitha nevojat ushqyese t\u00eb maceve t\u00eb rritura t\u00eb t\u00eb gjitha racave.<\/li>\n<li>\u00c7far\u00eb \u00ebsht\u00eb Taurina? A duhet ushqimi i maceve t\u00eb p\u00ebrmbaj\u00eb Taurin\u00eb?Taurina \u00ebsht\u00eb nj\u00eb l\u00ebnd\u00eb ushqyese q\u00eb \u00ebsht\u00eb e ngjashme me nj\u00eb aminoacid, por gjithashtu vepron n\u00eb trup si nj\u00eb vitamin\u00eb. K\u00ebrkohet n\u00eb trup p\u00ebr nj\u00eb s\u00ebr\u00eb funksionesh, duke p\u00ebrfshir\u00eb zhvillimin e retin\u00ebs p\u00ebr shikimin dhe zhvillimin e muskujve t\u00eb zemr\u00ebs.\n<p>Gjendet natyrsh\u00ebm n\u00eb materialet e mishit, megjithat\u00eb, niveli mund t\u00eb jet\u00eb mjaft i ul\u00ebt dhe i ndryshuesh\u00ebm. Ndryshe nga qent\u00eb, macet nuk mund ta prodhojn\u00eb k\u00ebt\u00eb l\u00ebnd\u00eb ushqyese n\u00eb trupin e tyre, k\u00ebshtu q\u00eb n\u00eb vend t\u00eb k\u00ebsaj duhet t\u00eb konsumohet n\u00ebp\u00ebrmjet diet\u00ebs. Taurina\u00a0shtohet n\u00eb t\u00eb gjitha ushqimet e maceve Cagatay p\u00ebr t\u00eb siguruar q\u00eb k\u00ebrkesat e tyre ushqyese jan\u00eb p\u00ebrmbushur.<\/li>\n<li>Si mund ta m\u00ebsoni nj\u00eb mace t\u00eb haj\u00eb ushqim t\u00eb that\u00eb p\u00ebr kafsh\u00ebt sht\u00ebpiake?Disa mace preferojn\u00eb ushqim t\u00eb lag\u00ebsht, megjithat\u00eb, ushqimi i that\u00eb mund t\u00eb jet\u00eb m\u00eb i p\u00ebrshtatsh\u00ebm dhe me kosto m\u00eb efektive. P\u00ebr t\u00eb prezantuar macen tuaj me ushqimin e that\u00eb p\u00ebr her\u00eb t\u00eb par\u00eb, k\u00ebshillohet ta b\u00ebni k\u00ebt\u00eb shum\u00eb gradualisht duke p\u00ebrzier pak ushqim t\u00eb that\u00eb me ushqimin e lag\u00ebsht. \u00cbsht\u00eb shpesh tekstura e ushqimit t\u00eb that\u00eb q\u00eb macja mund ta gjej\u00eb t\u00eb pazakont\u00eb, k\u00ebshtu q\u00eb mos u shqet\u00ebsoni n\u00ebse ajo refuzon ushqimin e that\u00eb n\u00eb fillim. Ju gjithashtu mund ta zbutni ushqimin me pak uj\u00eb t\u00eb ngroht\u00eb, asnj\u00ebher\u00eb me qum\u00ebsht, sepse duke shtuar qum\u00ebsht n\u00eb nj\u00eb ushqim t\u00eb plot\u00eb ushqyes, ai do t\u00eb shtoj\u00eb yndyr\u00eb, sheqer dhe proteina dhe k\u00ebshtu mund t\u00eb \u00e7ekuilibroj\u00eb diet\u00ebn dhe disa mace mund t\u00eb ken\u00eb nj\u00eb intoleranc\u00eb ndaj laktoz\u00ebs q\u00eb p\u00ebrmban n\u00eb ve\u00e7an\u00ebrisht qum\u00ebshti i lop\u00ebs i cili shkakton fe\u00e7e t\u00eb lira diarre dhe ndonj\u00ebher\u00eb t\u00eb vjella. Ju gjithashtu mund t\u00eb ofroni nj\u00eb ose dy kokrra me dor\u00eb si ushqim para vaktit kryesor. Pasi t\u00eb ket\u00eb pranuar disa k\u00ebrcitje, mund t\u00eb rrisni proporcionin e ushqimit t\u00eb that\u00eb n\u00eb at\u00eb t\u00eb lag\u00ebsht gjat\u00eb nj\u00eb periudhe rreth nj\u00eb jave, derisa i thati t\u00eb jet\u00eb i vetmi ushqim i ofruar.<\/li>\n<li>Pas fillimit t\u00eb nj\u00eb ushqimi t\u00eb ri p\u00ebr mace, \u00e7far\u00eb duhet t\u00eb v\u00ebzhgoj n\u00eb macen time?Ndryshe nga qent\u00eb tan\u00eb, nuk \u00ebsht\u00eb gjithmon\u00eb e leht\u00eb t\u00eb v\u00ebzhgosh konsistenc\u00ebn e fe\u00e7eve t\u00eb tyre p\u00ebr t\u00eb vler\u00ebsuar tretshm\u00ebrin\u00eb e ushqimit. N\u00eb vend t\u00eb k\u00ebsaj, gjendja e tyre e g\u00ebzofit, niveli i aktivitetit dhe ruajtja e pesh\u00ebs jan\u00eb tregues t\u00eb mir\u00eb. Ata duhet t\u00eb ken\u00eb g\u00ebzof t\u00eb l\u00ebmuar, me shk\u00eblqim, nj\u00eb nivel t\u00eb mir\u00eb aktiviteti dhe nj\u00eb sasi t\u00eb mir\u00eb por jo t\u00eb tepruar t\u00eb muskujve dhe yndyr\u00ebs n\u00eb trupin e tyre. Nj\u00eb m\u00ebnyr\u00eb e thjesht\u00eb p\u00ebr ta vler\u00ebsuar k\u00ebt\u00eb \u00ebsht\u00eb duke i p\u00ebrk\u00ebdhelur gjat\u00ebsin\u00eb e plot\u00eb t\u00eb shpin\u00ebs. Ju duhet t\u00eb jeni n\u00eb gjendje t\u00eb ndjeni kock\u00ebn e tyre t\u00eb shpin\u00ebs, por ajo nuk duhet t\u00eb jet\u00eb e mpreht\u00eb dhe e mpreht\u00eb.<\/li>\n<li>A shkakton ndonj\u00eb problem p\u00ebrdorimi i vazhduesh\u00ebm i ushqimit t\u00eb that\u00eb p\u00ebr kafsh\u00ebt sht\u00ebpiake p\u00ebr macen time? A mund t\u00eb arrihet nj\u00eb diet\u00eb e ekuilibruar?P\u00ebrdorimi i ushqimit t\u00eb that\u00eb gjat\u00eb gjith\u00eb jet\u00ebs s\u00eb nj\u00eb mace \u00ebsht\u00eb krejt\u00ebsisht i p\u00ebrshtatsh\u00ebm p\u00ebr sa koh\u00eb q\u00eb ushqimi \u00ebsht\u00eb formuluar sakt\u00eb. Ushqimi i that\u00eb \u00ebsht\u00eb i disponuesh\u00ebm n\u00eb treg p\u00ebr m\u00eb shum\u00eb se 40 vjet dhe nuk ka asnj\u00eb prov\u00eb q\u00eb sugjeron se shkakton ndonj\u00eb problem fare. Nj\u00eb ushqim i mir\u00eb i that\u00eb \u00ebsht\u00eb sigurisht shum\u00eb m\u00eb i mir\u00eb se nj\u00eb ushqim i dob\u00ebt i lag\u00ebsht. \u00cbsht\u00eb gjithashtu i mir\u00eb p\u00ebr mbajtjen e dh\u00ebmb\u00ebve t\u00eb sh\u00ebndetsh\u00ebm dhe t\u00eb past\u00ebr, gj\u00eb q\u00eb mund t\u00eb jet\u00eb nj\u00eb problem i ve\u00e7ant\u00eb p\u00ebr macet. \u00cbsht\u00eb gjithashtu m\u00eb i p\u00ebrshtatsh\u00ebm dhe m\u00eb me kosto efektive se shumica e ushqimeve t\u00eb lagura.<\/li>\n<li>A do t\u00eb shkaktoj\u00eb problem p\u00ebrdorimi i t\u00eb nj\u00ebjtit ushqim p\u00ebr kafsh\u00ebt sht\u00ebpiake p\u00ebr nj\u00eb koh\u00eb t\u00eb gjat\u00eb p\u00ebr macet?Macet mund ta p\u00ebrballojn\u00eb t\u00eb nj\u00ebjtin ushqim n\u00eb m\u00ebnyr\u00eb t\u00eb p\u00ebrkryer gjat\u00eb gjith\u00eb jet\u00ebs s\u00eb tyre n\u00ebse ai ushqim \u00ebsht\u00eb i balancuar nga pik\u00ebpamja ushqyese dhe me cil\u00ebsi t\u00eb mir\u00eb. Megjithat\u00eb, disa mace preferojn\u00eb natyrsh\u00ebm nj\u00eb shum\u00ebllojshm\u00ebri shijesh. Kjo nuk do t\u00eb thot\u00eb se ushqimi ka domosdoshm\u00ebrisht di\u00e7ka t\u00eb gabuar. \u00cbsht\u00eb jasht\u00ebzakonisht e rrall\u00eb q\u00eb nj\u00eb mace t\u00eb zhvilloj\u00eb ndonj\u00eb ndjeshm\u00ebri ose alergji ndaj nj\u00eb ushqimi me cil\u00ebsi t\u00eb mir\u00eb, por duke i futur maceve tuaja nj\u00eb shum\u00ebllojshm\u00ebri shijesh kur \u00ebsht\u00eb e re n\u00eb p\u00ebrgjith\u00ebsi do t&#8217;i b\u00ebj\u00eb ato m\u00eb tolerante ndaj ndryshimeve n\u00eb jet\u00ebn e m\u00ebvonshme.<\/li>\n<li>\u00c7far\u00eb e shkakton formimin e gur\u00ebve n\u00eb veshkat dhe fshik\u00ebz\u00ebn e maceve meshkuj t\u00eb sterilizuar? Dhe \u00e7far\u00eb lloj ushqimi sugjerohet p\u00ebr raste t\u00eb tilla?Formimi i gur\u00ebve te macet \u00ebsht\u00eb nj\u00eb \u00e7\u00ebshtje komplekse. Mund t\u00eb ket\u00eb shum\u00eb faktor\u00eb q\u00eb nuk kan\u00eb lidhje me diet\u00ebn, si stresi, infeksioni, mosha, etja, por ndoshta dihet m\u00eb shum\u00eb p\u00ebr ndikimin e diet\u00ebs.\n<p>N\u00eb p\u00ebrgjith\u00ebsi, gur\u00ebt prodhohen kur p\u00ebrqendrimi i disa mineraleve, si kalciumi, fosfori dhe magnezi, \u00ebsht\u00eb i lart\u00eb dhe mjedisi \u00ebsht\u00eb i favorsh\u00ebm.<\/p>\n<p>Ka shum\u00eb lloje gur\u00ebsh ose kristalesh, por dy llojet m\u00eb t\u00eb zakonshme quhen struvit dhe oksalat. E para k\u00ebrkon nj\u00eb urin\u00eb alkaline q\u00eb t\u00eb formohen kristalet, nd\u00ebrsa e dyta k\u00ebrkon nj\u00eb mjedis acid. L\u00ebnd\u00ebt ushqyese t\u00eb ndryshme n\u00eb diet\u00eb mund t\u00eb b\u00ebjn\u00eb q\u00eb urina t\u00eb b\u00ebhet acide ose alkaline dhe k\u00ebshtu mund t\u00eb ket\u00eb nj\u00eb ndikim n\u00eb formimin e tyre, megjithat\u00eb, ndikimi m\u00eb i madh \u00ebsht\u00eb p\u00ebrqendrimi i mineraleve. P\u00ebr k\u00ebt\u00eb arsye \u00ebsht\u00eb shum\u00eb e r\u00ebnd\u00ebsishme t\u00eb balancohen k\u00ebto minerale dhe t\u00eb sigurohet q\u00eb macet t\u00eb ken\u00eb akses n\u00eb shum\u00eb uj\u00eb t\u00eb past\u00ebr e t\u00eb fresk\u00ebt n\u00eb m\u00ebnyr\u00eb q\u00eb t\u00eb mos dehidratohen dhe t\u00eb mos prodhojn\u00eb urin\u00eb t\u00eb koncentruar.<\/p>\n<p>Gjithashtu, problemet me gur\u00ebt urinar jan\u00eb ve\u00e7an\u00ebrisht t\u00eb p\u00ebrhapura te macet meshkuj t\u00eb sterilizuar, sepse uretra e tyre \u00ebsht\u00eb m\u00eb e ngusht\u00eb se tek femrat dhe ato kan\u00eb tendenc\u00eb p\u00ebr t\u00eb shtuar pesh\u00eb, gj\u00eb q\u00eb mund t\u00eb jet\u00eb gjithashtu nj\u00eb shkaktar kontribues i formimit t\u00eb gur\u00ebve. Kjo \u00ebsht\u00eb arsyeja pse duhet t\u00eb jemi ve\u00e7an\u00ebrisht t\u00eb kujdessh\u00ebm kur ushqejm\u00eb macet meshkuj t\u00eb tredhur.<\/p>\n<p>Nivelet e PH dhe mineraleve jan\u00eb t\u00eb balancuara me kujdes n\u00eb t\u00eb gjitha formulat e Cagatay p\u00ebr t\u00eb minimizuar rrezikun e formimit t\u00eb gur\u00ebve urinar dhe, ve\u00e7an\u00ebrisht p\u00ebr macet e sterilizuara, duhet t\u00eb p\u00ebrdoret Bonacibo Light dhe ushqim i sterilizuar p\u00ebr kafsh\u00ebt sht\u00ebpiake.<\/li>\n<li>Cili ushqim p\u00ebr mace duhet t\u00eb sh\u00ebrbehet p\u00ebr nj\u00eb mace mbipesh\u00eb?Ushqimi Bonacibo \u201ct\u00eb lehta e te sterilizuara\u201d ofrohet p\u00ebr macet q\u00eb jan\u00eb mbipesh\u00eb ose m\u00eb pak aktive. Kjo p\u00ebrmban m\u00eb pak energji sesa ushqimet standarde dhe do t\u00eb ndihmoj\u00eb n\u00eb uljen dhe m\u00eb pas ruajtjen e nj\u00eb peshe t\u00eb p\u00ebrshtatshme. \u00cbsht\u00eb e r\u00ebnd\u00ebsishme q\u00eb t\u00eb serviret sasia e duhur si\u00e7 tregohet n\u00eb paket\u00eb, pasi kufizimi i ndjesh\u00ebm i sasis\u00eb s\u00eb ushqyer mund t\u00eb prodhoj\u00eb nj\u00eb gjendje t\u00eb quajtur lipidoz\u00eb hepatike. N\u00eb k\u00ebt\u00eb situat\u00eb, n\u00ebnproduktet toksike nga metabolizmi i yndyr\u00ebs e helmojn\u00eb macen , dhe k\u00ebshtu reduktimi i pesh\u00ebs duhet t\u00eb jet\u00eb i kontrolluar dhe gradual. \u00cbsht\u00eb gjithashtu e r\u00ebnd\u00ebsishme t\u00eb dini pesh\u00ebn e maces tuaj dhe t\u00eb peshoni sakt\u00eb sasin\u00eb e ushqimit.<\/li>\n<li>\u00c7far\u00eb shkakton problemet e m\u00ebl\u00e7is\u00eb dhe veshkave te macet? \u00c7far\u00eb lloj ushqimi k\u00ebrkohet n\u00eb k\u00ebt\u00eb rast?Kur proteinat dhe qelizat e bardha t\u00eb gjakut gjenden n\u00eb urin\u00eb, n\u00eb p\u00ebrgjith\u00ebsi \u00ebsht\u00eb nj\u00eb tregues se ka nj\u00eb shqet\u00ebsim n\u00eb funksionin e veshkave.\n<p>Kjo mund t\u00eb shkaktohet nga nj\u00eb shum\u00ebllojshm\u00ebri e madhe e gj\u00ebrave, duke p\u00ebrfshir\u00eb infeksionin, pleq\u00ebrin\u00eb, traum\u00ebn, s\u00ebmundjen dhe g\u00eblltitjen e helmeve.<\/p>\n<p>Mund t\u00eb shkaktohet gjithashtu nga ushqimi i dob\u00ebt, megjith\u00ebse problemet me veshkat dhe m\u00ebl\u00e7in\u00eb do t\u00eb priren t\u00eb ndodhin gjat\u00eb nj\u00eb periudhe kohore.<\/p>\n<p>Shembujt p\u00ebrfshijn\u00eb aminoacide dietike t\u00eb tep\u00ebrta ose t\u00eb \u00e7ekuilibruara, ku veshka p\u00ebrdoret p\u00ebr t\u00eb sekretuar sasi t\u00eb tep\u00ebrta t\u00eb aminoacideve t\u00eb pad\u00ebshiruara, minerale t\u00eb pabalancuara, ku p\u00ebrs\u00ebri veshka heq sasit\u00eb e pad\u00ebshiruara dhe ndotjen me mykotoksina.<\/p>\n<p>\u00cbsht\u00eb shum\u00eb e r\u00ebnd\u00ebsishme t\u00eb kuptohet p\u00ebrparimi i gjendjes, d.m.th. n\u00eb cil\u00ebn periudh\u00eb ka ndodhur, si dhe \u00e7do faktor tjet\u00ebr si mosha dhe mjedisi, p\u00ebrpara se t\u00eb vendosni nj\u00eb diagnoz\u00eb.<\/p>\n<p>N\u00ebse dyshohet p\u00ebr probleme me veshkat, k\u00ebshillohet q\u00eb macja t\u00eb zhvendoset n\u00eb nj\u00eb diet\u00eb specifike q\u00eb \u00ebsht\u00eb e ul\u00ebt n\u00eb proteina dhe ka nj\u00eb tretshm\u00ebri t\u00eb lart\u00eb.<\/p>\n<p>Ushqimi i leht\u00eb dhe i sterilizuar i maceve Bonacibo \u00ebsht\u00eb ideal n\u00eb raste t\u00eb tilla.<\/li>\n<\/ol>\n<p>[rcblock id=&#8221;7945&#8243;]<\/p>\n","protected":false},"excerpt":{"rendered":"<p>P\u00ebr macet e rritura t\u00eb sterilizuara t\u00eb t\u00eb gjitha racave, gjithashtu ideale p\u00ebr macet mbipesh\u00eb. Bonacibo Mace e rritur e leht\u00eb dhe e sterilizuar Bonacibo Mace e rritur e leht\u00eb dhe e sterilizuar \u00ebsht\u00eb formuluar p\u00ebr mace t\u00eb sterilizuara ose mbi pesh\u00eb. Ai p\u00ebrmban nivele t\u00eb balancuara me kujdes t\u00eb proteinave dhe yndyrave p\u00ebr t\u00eb [&hellip;]<\/p>\n","protected":false},"author":2,"featured_media":0,"parent":0,"menu_order":0,"comment_status":"closed","ping_status":"closed","template":"elementor_header_footer","meta":{"footnotes":""},"class_list":["post-7805","page","type-page","status-publish","hentry"],"_links":{"self":[{"href":"https:\/\/www.bonacibo.com\/xk\/wp-json\/wp\/v2\/pages\/7805","targetHints":{"allow":["GET"]}}],"collection":[{"href":"https:\/\/www.bonacibo.com\/xk\/wp-json\/wp\/v2\/pages"}],"about":[{"href":"https:\/\/www.bonacibo.com\/xk\/wp-json\/wp\/v2\/types\/page"}],"author":[{"embeddable":true,"href":"https:\/\/www.bonacibo.com\/xk\/wp-json\/wp\/v2\/users\/2"}],"replies":[{"embeddable":true,"href":"https:\/\/www.bonacibo.com\/xk\/wp-json\/wp\/v2\/comments?post=7805"}],"version-history":[{"count":0,"href":"https:\/\/www.bonacibo.com\/xk\/wp-json\/wp\/v2\/pages\/7805\/revisions"}],"wp:attachment":[{"href":"https:\/\/www.bonacibo.com\/xk\/wp-json\/wp\/v2\/media?parent=7805"}],"curies":[{"name":"wp","href":"https:\/\/api.w.org\/{rel}","templated":true}]}}