{"id":7795,"date":"2020-03-20T11:44:27","date_gmt":"2020-03-20T08:44:27","guid":{"rendered":"https:\/\/www.bonacibo.com\/xk\/?page_id=7795"},"modified":"2022-01-18T10:49:59","modified_gmt":"2022-01-18T07:49:59","slug":"bonacibo-mace-e-rritur-qengj-oriz","status":"publish","type":"page","link":"https:\/\/www.bonacibo.com\/xk\/bonacibo-mace-e-rritur-qengj-oriz\/","title":{"rendered":"Bonacibo Mace e rritur ~ Qengj &#038; Oriz"},"content":{"rendered":"<p><img loading=\"lazy\" decoding=\"async\" src=\"https:\/\/www.bonacibo.com\/xk\/wp-content\/uploads\/2020\/03\/BC_Cat_LR_2kg.png\" alt=\"\" width=\"976\" height=\"1500\" \/><br \/>\nP\u00ebr macet e rritura t\u00eb ndjeshme dhe tekanjoze t\u00eb gjitha racave<\/p>\n<h1>Bonacibo Mace e rritur Qengj dhe Oriz<\/h1>\n<p>Bonacibo Mace e rritur Qengji dhe Oriz \u00ebsht\u00eb formuluar me ekuilibrin optimal t\u00eb proteinave, yndyrave dhe karbohidrateve p\u00ebr t\u00eb ofruar energji dhe vitalitet gjat\u00eb gjith\u00eb jet\u00ebs. \u00cbsht\u00eb ideale edhe p\u00ebr macet q\u00eb preferojn\u00eb shijen e shijshme t\u00eb qengjit.<\/p>\n<p><img loading=\"lazy\" decoding=\"async\" src=\"https:\/\/www.bonacibo.com\/xk\/wp-content\/uploads\/2020\/03\/LR-sindirim-sistemi.png\" alt=\"\" width=\"153\" height=\"152\" \/><\/p>\n<h4>Kujdesi p\u00ebr tretjen<\/h4>\n<p><img loading=\"lazy\" decoding=\"async\" src=\"https:\/\/www.bonacibo.com\/xk\/wp-content\/uploads\/2020\/03\/LR-uriner-saglik.png\" alt=\"\" width=\"146\" height=\"153\" \/><\/p>\n<h4>Mb\u00ebshtet sh\u00ebndetin urinar<\/h4>\n<p><img loading=\"lazy\" decoding=\"async\" src=\"https:\/\/www.bonacibo.com\/xk\/wp-content\/uploads\/2020\/03\/LR-bagirsak.png\" alt=\"\" width=\"168\" height=\"153\" \/><\/p>\n<h4>Kujdesi imunitetit<\/h4>\n<p>P\u00ebr macet e rritura t\u00eb ndjeshme dhe tekanjoze t\u00eb t\u00eb gjitha racave<\/p>\n<h1>P\u00ebrb\u00ebr\u00ebsit<\/h1>\n<p>Proteina e dehidratuar e qengjit (27%), proteina e hidrolizuar e qengjit (22%), oriz Baldo (16%), mis\u00ebr, vaj pule i rafinuar, miell a\u00e7uge, miell krill, maja e that\u00eb e birr\u00ebs, vaj a\u00e7uge, proteina e majave nukleotide, minerale, manan prebiotik Oligo Saccarides, Alga deti, Ekstrakt Yucca, Pluhur boronic\u00eb, Psyllium.<\/p>\n<h1>%36<\/h1>\n<h3>Proteina<\/h3>\n<h1>%16<\/h1>\n<h3>P\u00ebrmbajtja e yndyr\u00ebs<\/h3>\n<p><img loading=\"lazy\" decoding=\"async\" src=\"https:\/\/www.bonacibo.com\/xk\/wp-content\/uploads\/2020\/03\/LR-Mama-Tane.png\" alt=\"\" width=\"281\" height=\"122\" \/><br \/>\n<img loading=\"lazy\" decoding=\"async\" src=\"https:\/\/www.bonacibo.com\/xk\/wp-content\/uploads\/2020\/03\/LR-Cat-\u00fcr\u00fcn-icerik.png\" alt=\"\" width=\"1302\" height=\"1200\" \/><br \/>\n<img loading=\"lazy\" decoding=\"async\" src=\"https:\/\/www.bonacibo.com\/xk\/wp-content\/uploads\/2020\/03\/BC-LR-Logo.png\" alt=\"\" width=\"324\" height=\"152\" \/><\/p>\n<h4>Komponent\u00ebt analitik\u00eb<\/h4>\n<table>\n<tbody>\n<tr>\n<td scope=\"row\">Proteina<\/td>\n<td>% 36<\/td>\n<\/tr>\n<tr>\n<td scope=\"row\">P\u00ebrmbajtja e yndyr\u00ebs<\/td>\n<td>% 16<\/td>\n<\/tr>\n<tr>\n<td scope=\"row\">Hiri i pap\u00ebrpunuar<\/td>\n<td>% 8<\/td>\n<\/tr>\n<tr>\n<td scope=\"row\">Crude Fibre<\/td>\n<td>% 2,5<\/td>\n<\/tr>\n<tr>\n<td scope=\"row\">Omega-6<\/td>\n<td>% 3,7<\/td>\n<\/tr>\n<tr>\n<td scope=\"row\">Omega-3<\/td>\n<td>% 0,75<\/td>\n<\/tr>\n<\/tbody>\n<\/table>\n<p><img loading=\"lazy\" decoding=\"async\" src=\"https:\/\/www.bonacibo.com\/xk\/wp-content\/uploads\/2020\/03\/BC-AdultCat-LR_.png\" alt=\"\" width=\"886\" height=\"697\" \/><\/p>\n<h4>Suplemente Ushqyese<\/h4>\n<table style=\"width: 100%; border: none;\" border=\"0\" cellspacing=\"0\" cellpadding=\"5px\">\n<tbody>\n<tr>\n<td style=\"background-color: #c8dcad; border: none;\">Vitamin A<\/td>\n<td style=\"background-color: #c8dcad; border: none; text-align: right;\">25.000 IU\/kg<\/td>\n<\/tr>\n<tr>\n<td style=\"border: none;\">Vitamin D3<\/td>\n<td style=\"border: none; text-align: right;\">1.500 IU\/kg<\/td>\n<\/tr>\n<tr>\n<td style=\"background-color: #c8dcad; border: none;\">Vitamin E<\/td>\n<td style=\"background-color: #c8dcad; border: none; text-align: right;\">150 mg\/kg<\/td>\n<\/tr>\n<tr>\n<td style=\"border: none;\">Vitamin K3<\/td>\n<td style=\"border: none; text-align: right;\">0,36 mg\/kg<\/td>\n<\/tr>\n<tr>\n<td style=\"background-color: #c8dcad; border: none;\">Vitamin C<\/td>\n<td style=\"background-color: #c8dcad; border: none; text-align: right;\">25 mg\/kg<\/td>\n<\/tr>\n<tr>\n<td style=\"border: none;\">Vitamin B1<\/td>\n<td style=\"border: none; text-align: right;\">14,94 mg\/kg<\/td>\n<\/tr>\n<tr>\n<td style=\"background-color: #c8dcad; border: none;\">Vitamin B2<\/td>\n<td style=\"background-color: #c8dcad; border: none; text-align: right;\">12,36 mg\/kg<\/td>\n<\/tr>\n<tr>\n<td style=\"border: none;\">Vitamin B6<\/td>\n<td style=\"border: none; text-align: right;\">13,36 mg\/kg<\/td>\n<\/tr>\n<tr>\n<td style=\"background-color: #c8dcad; border: none;\">Vitamin B12<\/td>\n<td style=\"background-color: #c8dcad; border: none; text-align: right;\">0,08 mg\/kg<\/td>\n<\/tr>\n<tr>\n<td style=\"border: none;\">Pantothenic Acid<\/td>\n<td style=\"border: none; text-align: right;\">14,98 mg\/kg<\/td>\n<\/tr>\n<\/tbody>\n<\/table>\n<table style=\"width: 100%; border: none;\" border=\"0\" width=\"1425\" cellspacing=\"0\" cellpadding=\"5px\">\n<tbody>\n<tr>\n<td style=\"background-color: #c8dcad; border: none;\">Folic Acid<\/td>\n<td style=\"background-color: #c8dcad; border: none; text-align: right;\">2,67 mg\/kg<\/td>\n<\/tr>\n<tr>\n<td style=\"border: none;\">Niacin<\/td>\n<td style=\"border: none; text-align: right;\">50 mg\/kg<\/td>\n<\/tr>\n<tr>\n<td style=\"background-color: #c8dcad; border: none;\">Biotin<\/td>\n<td style=\"background-color: #c8dcad; border: none; text-align: right;\">0,28 mg\/kg<\/td>\n<\/tr>\n<tr>\n<td style=\"border: none;\">Copper (as Sulphate)<\/td>\n<td style=\"border: none; text-align: right;\">18 mg\/kg<\/td>\n<\/tr>\n<tr>\n<td style=\"background-color: #c8dcad; border: none;\">Zinc (as Sulphate)<\/td>\n<td style=\"background-color: #c8dcad; border: none; text-align: right;\">95 mg\/kg<\/td>\n<\/tr>\n<tr>\n<td style=\"border: none;\">Zinc\u00a0(as Chelate)<\/td>\n<td style=\"border: none; text-align: right;\">20 mg\/kg<\/td>\n<\/tr>\n<tr>\n<td style=\"background-color: #c8dcad; border: none;\">Manganese (as Sulphate)<\/td>\n<td style=\"background-color: #c8dcad; border: none; text-align: right;\">30 mg\/kg<\/td>\n<\/tr>\n<tr>\n<td style=\"border: none;\">Selenium (as Selenite)<\/td>\n<td style=\"border: none; text-align: right;\">0,3 mg\/kg<\/td>\n<\/tr>\n<tr>\n<td style=\"background-color: #c8dcad; border: none;\">Taurine<\/td>\n<td style=\"background-color: #c8dcad; border: none; text-align: right;\">2.200 mg\/kg<\/td>\n<\/tr>\n<tr>\n<td style=\"border: none;\">EU approved antioxidants.<\/td>\n<td style=\"border: none; text-align: right;\"><\/td>\n<\/tr>\n<\/tbody>\n<\/table>\n<p><img loading=\"lazy\" decoding=\"async\" src=\"https:\/\/www.bonacibo.com\/xk\/wp-content\/uploads\/2020\/03\/alt-kedi.jpg\" alt=\"\" width=\"650\" height=\"342\" \/><br \/>\n<img loading=\"lazy\" decoding=\"async\" src=\"https:\/\/www.bonacibo.com\/xk\/wp-content\/uploads\/2020\/03\/Low-Grain.png\" alt=\"\" width=\"178\" height=\"139\" \/><\/p>\n<h3>Low Grain<\/h3>\n<p>Ndihmon macen tuaj t\u00eb mbaj\u00eb nj\u00eb jet\u00eb t\u00eb sh\u00ebndetshme duke p\u00ebrmbajtur nj\u00eb sasi t\u00eb vog\u00ebl drithi q\u00eb \u00ebsht\u00eb gjithashtu nj\u00eb nga l\u00ebnd\u00ebt ushqyese.<\/p>\n<p><img decoding=\"async\" title=\"ideal-kilo-icon\" src=\"https:\/\/www.bonacibo.com\/xk\/wp-content\/uploads\/elementor\/thumbs\/ideal-kilo-icon-om0o57ip8q7zxsj0zqx5n7w1medsulq3dmkkybcq6q.png\" alt=\"ideal-kilo-icon\" \/><\/p>\n<h6>Pesha Ideale<\/h6>\n<ul>\n<li id=\"tw-target-text\" data-placeholder=\"Translation\">BonaCibo formuluar me nj\u00eb ekuilib\u00ebr ideal t\u00eb raportit t\u00eb proteinave dhe yndyrave p\u00ebr t\u00eb mbajtur nj\u00eb pesh\u00eb trupore ideale p\u00ebr jet\u00ebgjat\u00ebsi dhe nj\u00eb metaboliz\u00ebm t\u00eb sh\u00ebndetsh\u00ebm.<\/li>\n<\/ul>\n<p><img decoding=\"async\" title=\"bagisiklik-sistemi\" src=\"https:\/\/www.bonacibo.com\/xk\/wp-content\/uploads\/elementor\/thumbs\/bagisiklik-sistemi-om0o6uqj7ah29850dyiniay31o9xbj96lro66qwxaq.png\" alt=\"bagisiklik-sistemi\" \/><\/p>\n<h6>Kujdesi Imunitetit<\/h6>\n<p>BonaCibo p\u00ebrmban fibra natyrale prebiotike p\u00ebr t\u00eb nxitur rritjen e baktereve t\u00eb dobishme dhe p\u00ebr t\u00eb reduktuar shtamet patogjene, duke mb\u00ebshtetur k\u00ebshtu imunitetin dhe duke optimizuar tretjen<\/p>\n<p><img decoding=\"async\" title=\"deri-tuy-sagligi\" src=\"https:\/\/www.bonacibo.com\/xk\/wp-content\/uploads\/elementor\/thumbs\/deri-tuy-sagligi-om0o7j6c4zein35if92yb4s2hoxgvny7d4msnxwosy.png\" alt=\"deri-tuy-sagligi\" \/><\/p>\n<h6>Kujdesi G\u00ebzofit<\/h6>\n<p>BonaCibo p\u00ebrmban p\u00ebrzierje t\u00eb pasuruar t\u00eb vitaminave, aminoacideve dhe ekuilibrin e duhur t\u00eb raportit t\u00eb acideve yndyrore Omega-6: Omega-3 p\u00ebr t\u00eb promovuar l\u00ebkur\u00eb t\u00eb sh\u00ebndetshme dhe nj\u00eb shtres\u00eb me shk\u00eblqim.<\/p>\n<p><img decoding=\"async\" title=\"gorme-ve-kalp-sagligi\" src=\"https:\/\/www.bonacibo.com\/xk\/wp-content\/uploads\/elementor\/thumbs\/gorme-ve-kalp-sagligi-om0o8f4ulcm9ltv38mw9nwpqosjy5dh2titazclaxe.png\" alt=\"gorme-ve-kalp-sagligi\" \/><\/p>\n<h6>Kujdesi p\u00ebr Shikimin dhe Zemr\u00ebn<\/h6>\n<p>Taurina esenciale shtohet n\u00eb sasi te duhur p\u00ebr t\u00eb siguruar funksionimin korrekt t\u00eb sistemit nervor dhe syve dhe p\u00ebr t\u00eb mb\u00ebshtetur nj\u00eb zem\u00ebr t\u00eb fort\u00eb.<\/p>\n<p><img decoding=\"async\" title=\"uriner-saglik-destek\" src=\"https:\/\/www.bonacibo.com\/xk\/wp-content\/uploads\/elementor\/thumbs\/uriner-saglik-destek-om0o96e63jnkyirhtgog67u3wytlclhal9qdwdgvwy.png\" alt=\"uriner-saglik-destek\" \/><\/p>\n<h6>Mb\u00ebshtet Sh\u00ebndetin Urinar<\/h6>\n<p>BonaCibo p\u00ebrmban nivele t\u00eb balancuara dhe optimale t\u00eb mineraleve esenciale, p\u00ebr t\u00eb ndihmuar n\u00eb uljen e rrezikut t\u00eb gur\u00ebve urinare.<\/p>\n<p><img decoding=\"async\" title=\"sindirim-sistemi\" src=\"https:\/\/www.bonacibo.com\/xk\/wp-content\/uploads\/elementor\/thumbs\/sindirim-sistemi-om0oaekl0rc246zbnhrwxeoru2ruedcofce7gdndsi.png\" alt=\"sindirim-sistemi\" \/><\/p>\n<h6>Kujdesi p\u00ebr Tretjen<\/h6>\n<p>Duke p\u00ebrdorur p\u00ebrb\u00ebr\u00ebs shum\u00eb t\u00eb tretsh\u00ebm dhe procese t\u00eb buta gatimi, BonaCibo siguron tretshm\u00ebri maksimale.<\/p>\n<p><img decoding=\"async\" title=\"Tuy-yumagi-atimi\" src=\"https:\/\/www.bonacibo.com\/xk\/wp-content\/uploads\/elementor\/thumbs\/Tuy-yumagi-atimi-om0oatm023wn9ydh7o9y1aw5c8pptj0dtetz4t130y.png\" alt=\"Tuy-yumagi-atimi\" \/><\/p>\n<h6>Kontrolli i Topthave t\u00eb G\u00ebzofit<\/h6>\n<p>Topthat e g\u00ebzofit shkaktojn\u00eb p\u00ebrkeq\u00ebsim t\u00eb sistemit tret\u00ebs, P\u00ebrmbajtja e ekuilibruar e fibrave ndihmon n\u00eb kalimin e topthave t\u00eb flok\u00ebve duke u shp\u00ebrb\u00ebr\u00eb leht\u00ebsisht.<\/p>\n<p><img decoding=\"async\" title=\"Dengeli-vitamin\" src=\"https:\/\/www.bonacibo.com\/xk\/wp-content\/uploads\/elementor\/thumbs\/Dengeli-vitamin-om0ob7pkwmfy43szxcdckpc290s80zkcvcm9byg6fm.png\" alt=\"Dengeli-vitamin\" \/><\/p>\n<h6>Vitamina dhe Minerale t\u00eb Balancuara<\/h6>\n<p>Nivelet optimale t\u00eb vitaminave p\u00ebrfshihen p\u00ebr t\u00eb mb\u00ebshtetur metabolizmin dhe p\u00ebr t\u00eb siguruar prodhim t\u00eb q\u00ebndruesh\u00ebm t\u00eb energjis\u00eb. Gjurm\u00eb minerale esenciale p\u00ebrfshihen gjithashtu n\u00eb forma q\u00eb absorbohen dhe p\u00ebrdoren leht\u00ebsisht nga trupi.<\/p>\n<ol>\n<li>P\u00ebr cilat raca jan\u00eb t\u00eb p\u00ebrshtatshme Bonacibo mace t\u00eb rritura Qengj dhe Oriz ?Ushqimi yn\u00eb Bonacibo Mace e rritur Qengj dhe Oriz \u00ebsht\u00eb formuluar p\u00ebr t\u00eb plot\u00ebsuar t\u00eb gjitha nevojat ushqyese t\u00eb maceve t\u00eb rritura t\u00eb t\u00eb gjitha racave.<\/li>\n<li>\u00c7far\u00eb \u00ebsht\u00eb Taurina? A duhet ushqimi i maceve t\u00eb p\u00ebrmbaj\u00eb Taurin\u00eb?Taurina \u00ebsht\u00eb nj\u00eb l\u00ebnd\u00eb ushqyese q\u00eb \u00ebsht\u00eb e ngjashme me nj\u00eb aminoacid, por gjithashtu vepron n\u00eb trup si nj\u00eb vitamin\u00eb. K\u00ebrkohet n\u00eb trup p\u00ebr nj\u00eb s\u00ebr\u00eb funksionesh, duke p\u00ebrfshir\u00eb zhvillimin e retin\u00ebs p\u00ebr shikimin dhe zhvillimin e muskujve t\u00eb zemr\u00ebs.\n<p>Gjendet natyrsh\u00ebm n\u00eb materialet e mishit, megjithat\u00eb, niveli mund t\u00eb jet\u00eb mjaft i ul\u00ebt dhe i ndryshuesh\u00ebm. Ndryshe nga qent\u00eb, macet nuk mund ta prodhojn\u00eb k\u00ebt\u00eb l\u00ebnd\u00eb ushqyese n\u00eb trupin e tyre, k\u00ebshtu q\u00eb n\u00eb vend t\u00eb k\u00ebsaj duhet t\u00eb konsumohet n\u00ebp\u00ebrmjet diet\u00ebs. Taurina\u00a0shtohet n\u00eb t\u00eb gjitha ushqimet e maceve Cagatay p\u00ebr t\u00eb siguruar q\u00eb k\u00ebrkesat e tyre ushqyese jan\u00eb p\u00ebrmbushur.<\/li>\n<li>Si mund ta m\u00ebsoni nj\u00eb mace t\u00eb haj\u00eb ushqim t\u00eb that\u00eb p\u00ebr kafsh\u00ebt sht\u00ebpiake?Disa mace preferojn\u00eb ushqim t\u00eb lag\u00ebsht, megjithat\u00eb, ushqimi i that\u00eb mund t\u00eb jet\u00eb m\u00eb i p\u00ebrshtatsh\u00ebm dhe me kosto m\u00eb efektive. P\u00ebr t\u00eb prezantuar macen tuaj me ushqimin e that\u00eb p\u00ebr her\u00eb t\u00eb par\u00eb, k\u00ebshillohet ta b\u00ebni k\u00ebt\u00eb shum\u00eb gradualisht duke p\u00ebrzier pak ushqim t\u00eb that\u00eb me ushqimin e lag\u00ebsht. \u00cbsht\u00eb shpesh tekstura e ushqimit t\u00eb that\u00eb q\u00eb macja mund ta gjej\u00eb t\u00eb pazakont\u00eb, k\u00ebshtu q\u00eb mos u shqet\u00ebsoni n\u00ebse ajo refuzon ushqimin e that\u00eb n\u00eb fillim. Ju gjithashtu mund ta zbutni ushqimin me pak uj\u00eb t\u00eb ngroht\u00eb, asnj\u00ebher\u00eb me qum\u00ebsht, sepse duke shtuar qum\u00ebsht n\u00eb nj\u00eb ushqim t\u00eb plot\u00eb ushqyes, ai do t\u00eb shtoj\u00eb yndyr\u00eb, sheqer dhe proteina dhe k\u00ebshtu mund t\u00eb \u00e7ekuilibroj\u00eb diet\u00ebn dhe disa mace mund t\u00eb ken\u00eb nj\u00eb intoleranc\u00eb ndaj laktoz\u00ebs q\u00eb p\u00ebrmban n\u00eb ve\u00e7an\u00ebrisht qum\u00ebshti i lop\u00ebs i cili shkakton fe\u00e7e t\u00eb lira diarre dhe ndonj\u00ebher\u00eb t\u00eb vjella. Ju gjithashtu mund t\u00eb ofroni nj\u00eb ose dy kokrra me dor\u00eb si ushqim para vaktit kryesor. Pasi t\u00eb ket\u00eb pranuar disa k\u00ebrcitje, mund t\u00eb rrisni proporcionin e ushqimit t\u00eb that\u00eb n\u00eb at\u00eb t\u00eb lag\u00ebsht gjat\u00eb nj\u00eb periudhe rreth nj\u00eb jave, derisa i thati t\u00eb jet\u00eb i vetmi ushqim i ofruar.<\/li>\n<li>Pas fillimit t\u00eb nj\u00eb ushqimi t\u00eb ri p\u00ebr mace, \u00e7far\u00eb duhet t\u00eb v\u00ebzhgoj n\u00eb macen time?Ndryshe nga qent\u00eb tan\u00eb, nuk \u00ebsht\u00eb gjithmon\u00eb e leht\u00eb t\u00eb v\u00ebzhgosh konsistenc\u00ebn e fe\u00e7eve t\u00eb tyre p\u00ebr t\u00eb vler\u00ebsuar tretshm\u00ebrin\u00eb e ushqimit. N\u00eb vend t\u00eb k\u00ebsaj, gjendja e tyre e flok\u00ebve, niveli i aktivitetit dhe ruajtja e pesh\u00ebs jan\u00eb tregues t\u00eb mir\u00eb. Ata duhet t\u00eb ken\u00eb flok\u00eb t\u00eb l\u00ebmuar, me shk\u00eblqim, nj\u00eb nivel t\u00eb mir\u00eb aktiviteti dhe nj\u00eb sasi t\u00eb mir\u00eb por jo t\u00eb tepruar t\u00eb muskujve dhe yndyr\u00ebs n\u00eb trupin e tyre. Nj\u00eb m\u00ebnyr\u00eb e thjesht\u00eb p\u00ebr ta vler\u00ebsuar k\u00ebt\u00eb \u00ebsht\u00eb duke i p\u00ebrk\u00ebdhelur gjat\u00ebsin\u00eb e plot\u00eb t\u00eb shpin\u00ebs. Ju duhet t\u00eb jeni n\u00eb gjendje t\u00eb ndjeni kock\u00ebn e tyre t\u00eb shpin\u00ebs, por ajo nuk duhet t\u00eb jet\u00eb e mpreht\u00eb dhe e mpreht\u00eb.<\/li>\n<li>A shkakton ndonj\u00eb problem p\u00ebrdorimi i vazhduesh\u00ebm i ushqimit t\u00eb that\u00eb p\u00ebr kafsh\u00ebt sht\u00ebpiake p\u00ebr macen time? A mund t\u00eb arrihet nj\u00eb diet\u00eb e ekuilibruar?P\u00ebrdorimi i ushqimit t\u00eb that\u00eb gjat\u00eb gjith\u00eb jet\u00ebs s\u00eb nj\u00eb mace \u00ebsht\u00eb krejt\u00ebsisht i p\u00ebrshtatsh\u00ebm p\u00ebr sa koh\u00eb q\u00eb ushqimi \u00ebsht\u00eb formuluar sakt\u00eb. Ushqimi i that\u00eb \u00ebsht\u00eb i disponuesh\u00ebm n\u00eb treg p\u00ebr m\u00eb shum\u00eb se 40 vjet dhe nuk ka asnj\u00eb prov\u00eb q\u00eb sugjeron se shkakton ndonj\u00eb problem fare. Nj\u00eb ushqim i mir\u00eb i that\u00eb \u00ebsht\u00eb sigurisht shum\u00eb m\u00eb i mir\u00eb se nj\u00eb ushqim i dob\u00ebt i lag\u00ebsht. \u00cbsht\u00eb gjithashtu i mir\u00eb p\u00ebr mbajtjen e dh\u00ebmb\u00ebve t\u00eb sh\u00ebndetsh\u00ebm dhe t\u00eb past\u00ebr, gj\u00eb q\u00eb mund t\u00eb jet\u00eb nj\u00eb problem i ve\u00e7ant\u00eb p\u00ebr macet. \u00cbsht\u00eb gjithashtu m\u00eb i p\u00ebrshtatsh\u00ebm dhe m\u00eb me kosto efektive se shumica e ushqimeve t\u00eb lagura.<\/li>\n<li>Cili \u00ebsht\u00eb ndryshimi midis ushqimit t\u00eb kafsh\u00ebve me origjin\u00eb qengji dhe shpend\u00ebsh? Cila \u00ebsht\u00eb m\u00eb ushqyese p\u00ebr macet?Si ushqimet me baz\u00eb shpend\u00ebt, ashtu edhe ushqimet e qengjit\u00a0 Produktet Cagatay jan\u00eb t\u00eb plota nga pik\u00ebpamja ushqyese, dhe k\u00ebshtu sigurojn\u00eb t\u00eb gjitha l\u00ebnd\u00ebt ushqyese q\u00eb macet tona kan\u00eb nevoj\u00eb n\u00eb baza ditore. Nuk \u00ebsht\u00eb v\u00ebrtet e sakt\u00eb t\u00eb thuhet se qengji ose shpend\u00ebt jan\u00eb m\u00eb t\u00eb p\u00ebrshtatsh\u00ebm p\u00ebr nj\u00eb mace, \u00ebsht\u00eb m\u00eb e r\u00ebnd\u00ebsishme t\u00eb pranohet se nj\u00eb ushqim me cil\u00ebsi t\u00eb mir\u00eb \u00ebsht\u00eb gjithmon\u00eb m\u00eb i mir\u00eb se nj\u00eb diet\u00eb me cil\u00ebsi t\u00eb dob\u00ebt, pavar\u00ebsisht nga lloji i mishit. Dhe \u00ebsht\u00eb gjithashtu e mundur t\u00eb kaloni midis llojeve t\u00eb takimit q\u00eb macja jon\u00eb t\u00eb shijoj\u00eb ushqime t\u00eb ndryshme pa asnj\u00eb problem.<\/li>\n<li>A do t\u00eb shkaktoj\u00eb problem p\u00ebrdorimi i t\u00eb nj\u00ebjtit ushqim p\u00ebr kafsh\u00ebt sht\u00ebpiake p\u00ebr nj\u00eb koh\u00eb t\u00eb gjat\u00eb p\u00ebr macet?Macet mund ta p\u00ebrballojn\u00eb t\u00eb nj\u00ebjtin ushqim n\u00eb m\u00ebnyr\u00eb t\u00eb p\u00ebrkryer gjat\u00eb gjith\u00eb jet\u00ebs s\u00eb tyre n\u00ebse ai ushqim \u00ebsht\u00eb i balancuar nga pik\u00ebpamja ushqyese dhe me cil\u00ebsi t\u00eb mir\u00eb. Megjithat\u00eb, disa mace preferojn\u00eb natyrsh\u00ebm nj\u00eb shum\u00ebllojshm\u00ebri shijesh. Kjo nuk do t\u00eb thot\u00eb se ushqimi ka domosdoshm\u00ebrisht di\u00e7ka t\u00eb gabuar. \u00cbsht\u00eb jasht\u00ebzakonisht e rrall\u00eb q\u00eb nj\u00eb mace t\u00eb zhvilloj\u00eb ndonj\u00eb ndjeshm\u00ebri ose alergji ndaj nj\u00eb ushqimi me cil\u00ebsi t\u00eb mir\u00eb, por duke i futur maceve tuaja nj\u00eb shum\u00ebllojshm\u00ebri shijesh kur \u00ebsht\u00eb e re n\u00eb p\u00ebrgjith\u00ebsi do t&#8217;i b\u00ebj\u00eb ato m\u00eb tolerante ndaj ndryshimeve n\u00eb jet\u00ebn e m\u00ebvonshme.<\/li>\n<\/ol>\n<p>[rcblock id=&#8221;7945&#8243;]<\/p>\n","protected":false},"excerpt":{"rendered":"<p>P\u00ebr macet e rritura t\u00eb ndjeshme dhe tekanjoze t\u00eb gjitha racave Bonacibo Mace e rritur Qengj dhe Oriz Bonacibo Mace e rritur Qengji dhe Oriz \u00ebsht\u00eb formuluar me ekuilibrin optimal t\u00eb proteinave, yndyrave dhe karbohidrateve p\u00ebr t\u00eb ofruar energji dhe vitalitet gjat\u00eb gjith\u00eb jet\u00ebs. \u00cbsht\u00eb ideale edhe p\u00ebr macet q\u00eb preferojn\u00eb shijen e shijshme t\u00eb [&hellip;]<\/p>\n","protected":false},"author":2,"featured_media":0,"parent":0,"menu_order":0,"comment_status":"closed","ping_status":"closed","template":"elementor_header_footer","meta":{"footnotes":""},"class_list":["post-7795","page","type-page","status-publish","hentry"],"_links":{"self":[{"href":"https:\/\/www.bonacibo.com\/xk\/wp-json\/wp\/v2\/pages\/7795","targetHints":{"allow":["GET"]}}],"collection":[{"href":"https:\/\/www.bonacibo.com\/xk\/wp-json\/wp\/v2\/pages"}],"about":[{"href":"https:\/\/www.bonacibo.com\/xk\/wp-json\/wp\/v2\/types\/page"}],"author":[{"embeddable":true,"href":"https:\/\/www.bonacibo.com\/xk\/wp-json\/wp\/v2\/users\/2"}],"replies":[{"embeddable":true,"href":"https:\/\/www.bonacibo.com\/xk\/wp-json\/wp\/v2\/comments?post=7795"}],"version-history":[{"count":0,"href":"https:\/\/www.bonacibo.com\/xk\/wp-json\/wp\/v2\/pages\/7795\/revisions"}],"wp:attachment":[{"href":"https:\/\/www.bonacibo.com\/xk\/wp-json\/wp\/v2\/media?parent=7795"}],"curies":[{"name":"wp","href":"https:\/\/api.w.org\/{rel}","templated":true}]}}