{"id":7737,"date":"2020-03-19T12:58:01","date_gmt":"2020-03-19T09:58:01","guid":{"rendered":"https:\/\/www.bonacibo.com\/xk\/?page_id=7737"},"modified":"2022-01-18T11:01:03","modified_gmt":"2022-01-18T08:01:03","slug":"filozofia-jone-e-ushqimit","status":"publish","type":"page","link":"https:\/\/www.bonacibo.com\/xk\/filozofia-jone-e-ushqimit\/","title":{"rendered":"FILOZOFIA JON\u00cb E USHQIMIT"},"content":{"rendered":"<p>Nj\u00eb m\u00ebnyr\u00eb jetese e sh\u00ebndetshme k\u00ebrkon nj\u00eb ushqyerje m\u00eb t\u00eb mir\u00eb.<\/p>\n<h4>Filozofia Jon\u00eb e Ushqimit<\/h4>\n<p>Macet dhe qent\u00eb q\u00eb jan\u00eb aktiv\u00eb gjat\u00eb gjith\u00eb jet\u00ebs s\u00eb tyre, kan\u00eb nevoj\u00eb p\u00ebr nj\u00eb diet\u00eb t\u00eb sh\u00ebndetshme, n\u00eb m\u00ebnyr\u00eb q\u00eb trupi i tyre t\u00eb funksionoj\u00eb n\u00eb m\u00ebnyr\u00eb ideale.<\/p>\n<p>Ajo q\u00eb nevojitet q\u00eb kafsh\u00ebt sht\u00ebpiake t\u00eb vrapojn\u00eb, k\u00ebrcejn\u00eb, luajn\u00eb ose gjuajn\u00eb sipas d\u00ebshir\u00ebs, jan\u00eb: energjia, funksionimi i plot\u00eb i ky\u00e7eve, performanca optimale e muskujve, q\u00ebndrueshm\u00ebria kardiovaskulare, nj\u00eb mendje akute dhe putra t\u00eb sh\u00ebndetshme.<\/p>\n<p>T\u00eb gjitha k\u00ebto jan\u00eb veti fizike, q\u00eb kafsh\u00ebt sht\u00ebpiake t\u00eb ndihen mir\u00eb.<\/p>\n<p><img loading=\"lazy\" decoding=\"async\" src=\"https:\/\/www.bonacibo.com\/xk\/wp-content\/uploads\/2021\/12\/FILOZOFIA-JONE-E-USHQIMIT-.png\" sizes=\"auto, (max-width: 800px) 100vw, 800px\" srcset=\"https:\/\/www.bonacibo.com\/xk\/wp-content\/uploads\/2021\/12\/FILOZOFIA-JONE-E-USHQIMIT-.png 800w, https:\/\/www.bonacibo.com\/xk\/wp-content\/uploads\/2021\/12\/FILOZOFIA-JONE-E-USHQIMIT--300x300.png 300w, https:\/\/www.bonacibo.com\/xk\/wp-content\/uploads\/2021\/12\/FILOZOFIA-JONE-E-USHQIMIT--150x150.png 150w, https:\/\/www.bonacibo.com\/xk\/wp-content\/uploads\/2021\/12\/FILOZOFIA-JONE-E-USHQIMIT--768x768.png 768w, https:\/\/www.bonacibo.com\/xk\/wp-content\/uploads\/2021\/12\/FILOZOFIA-JONE-E-USHQIMIT--400x400.png 400w, https:\/\/www.bonacibo.com\/xk\/wp-content\/uploads\/2021\/12\/FILOZOFIA-JONE-E-USHQIMIT--600x600.png 600w, https:\/\/www.bonacibo.com\/xk\/wp-content\/uploads\/2021\/12\/FILOZOFIA-JONE-E-USHQIMIT--393x393.png 393w, https:\/\/www.bonacibo.com\/xk\/wp-content\/uploads\/2021\/12\/FILOZOFIA-JONE-E-USHQIMIT--290x290.png 290w\" alt=\"\" width=\"800\" height=\"800\" \/><\/p>\n<article id=\"7749\"><!-- blog box--><\/p>\n<figure><a title=\"Health Of Skin &amp; Fur\" href=\"https:\/\/www.bonacibo.com\/xk\/our-nutrition-philosophy\/health-of-skin-fur\/\"><img loading=\"lazy\" decoding=\"async\" src=\"https:\/\/www.bonacibo.com\/xk\/wp-content\/uploads\/2020\/03\/01_DeriveTuySagligi-695x348.jpg\" alt=\"\" width=\"695\" height=\"348\" \/><\/a><\/figure>\n<p><!-- blog headline--><\/p>\n<h2><a href=\"https:\/\/www.bonacibo.com\/xk\/our-nutrition-philosophy\/health-of-skin-fur\/\" rel=\"bookmark\">Health Of Skin &amp; Fur<\/a><\/h2>\n<p>There are a number of physical attributes that we can see in our dogs and cats that indicate their h&#8230;<\/p>\n<p><a href=\"https:\/\/www.bonacibo.com\/xk\/our-nutrition-philosophy\/health-of-skin-fur\/\">read more<\/a><br \/>\n<!-- \/ blog box--><\/p>\n<\/article>\n<article id=\"7748\"><!-- blog box--><\/p>\n<figure><a title=\"Weight Management\" href=\"https:\/\/www.bonacibo.com\/xk\/our-nutrition-philosophy\/weight-management\/\"><img loading=\"lazy\" decoding=\"async\" src=\"https:\/\/www.bonacibo.com\/xk\/wp-content\/uploads\/2020\/02\/02_KiloKontrolu-695x348.jpg\" alt=\"\" width=\"695\" height=\"348\" \/><\/a><\/figure>\n<p><!-- blog headline--><\/p>\n<h2><a href=\"https:\/\/www.bonacibo.com\/xk\/our-nutrition-philosophy\/weight-management\/\" rel=\"bookmark\">Weight Management<\/a><\/h2>\n<p>It is a well-known fact that the incidence of excessive weight and obesity are increasing rapidly in&#8230;<\/p>\n<p><a href=\"https:\/\/www.bonacibo.com\/xk\/our-nutrition-philosophy\/weight-management\/\">read more<\/a><br \/>\n<!-- \/ blog box--><\/p>\n<\/article>\n<article id=\"7747\"><!-- blog box--><\/p>\n<figure><a title=\"Strong Immune System\" href=\"https:\/\/www.bonacibo.com\/xk\/our-nutrition-philosophy\/strong-immune-system\/\"><img loading=\"lazy\" decoding=\"async\" src=\"https:\/\/www.bonacibo.com\/xk\/wp-content\/uploads\/2020\/03\/03_GucluBagisiklikSistemi-695x348.jpg\" alt=\"\" width=\"695\" height=\"348\" \/><\/a><\/figure>\n<p><!-- blog headline--><\/p>\n<h2><a href=\"https:\/\/www.bonacibo.com\/xk\/our-nutrition-philosophy\/strong-immune-system\/\" rel=\"bookmark\">Strong Immune System<\/a><\/h2>\n<p>As our pets enter the outside world they become exposed to a wide range of new threats of disease an&#8230;<\/p>\n<p><a href=\"https:\/\/www.bonacibo.com\/xk\/our-nutrition-philosophy\/strong-immune-system\/\">read more<\/a><br \/>\n<!-- \/ blog box--><\/p>\n<\/article>\n<article id=\"7746\"><!-- blog box--><\/p>\n<figure><a title=\"Oral Care\" href=\"https:\/\/www.bonacibo.com\/xk\/our-nutrition-philosophy\/oral-care\/\"><img loading=\"lazy\" decoding=\"async\" src=\"https:\/\/www.bonacibo.com\/xk\/wp-content\/uploads\/2020\/03\/04_AgizveDisSagligi-695x348.jpg\" alt=\"\" width=\"695\" height=\"348\" \/><\/a><\/figure>\n<p><!-- blog headline--><\/p>\n<h2><a href=\"https:\/\/www.bonacibo.com\/xk\/our-nutrition-philosophy\/oral-care\/\" rel=\"bookmark\">Oral Care<\/a><\/h2>\n<p>Dental care and hygiene has become one of the main focusses for veterinary and nutritional professio&#8230;<\/p>\n<p><a href=\"https:\/\/www.bonacibo.com\/xk\/our-nutrition-philosophy\/oral-care\/\">read more<\/a><br \/>\n<!-- \/ blog box--><\/p>\n<\/article>\n<article id=\"7745\"><!-- blog box--><\/p>\n<figure><a title=\"Paw &amp; Claw Integrity\" href=\"https:\/\/www.bonacibo.com\/xk\/our-nutrition-philosophy\/paw-claw-integrity\/\"><img loading=\"lazy\" decoding=\"async\" src=\"https:\/\/www.bonacibo.com\/xk\/wp-content\/uploads\/2020\/03\/05_SaglikliveGucluPatiler-695x348.jpg\" alt=\"\" width=\"695\" height=\"348\" \/><\/a><\/figure>\n<p><!-- blog headline--><\/p>\n<h2><a href=\"https:\/\/www.bonacibo.com\/xk\/our-nutrition-philosophy\/paw-claw-integrity\/\" rel=\"bookmark\">Paw &amp; Claw Integrity<\/a><\/h2>\n<p>The health of our pets\u2019 feet is also very important. Every day they are not just used for traction a&#8230;<\/p>\n<p><a href=\"https:\/\/www.bonacibo.com\/xk\/our-nutrition-philosophy\/paw-claw-integrity\/\">read more<\/a><br \/>\n<!-- \/ blog box--><\/p>\n<\/article>\n<article id=\"7744\"><!-- blog box--><\/p>\n<figure><a title=\"Strong Bones &amp; Joint Structure\" href=\"https:\/\/www.bonacibo.com\/xk\/our-nutrition-philosophy\/strong-bones-joint-structure\/\"><img loading=\"lazy\" decoding=\"async\" src=\"https:\/\/www.bonacibo.com\/xk\/wp-content\/uploads\/2020\/03\/06_GucluKemiklerveEklemler-695x348.jpg\" alt=\"\" width=\"695\" height=\"348\" \/><\/a><\/figure>\n<p><!-- blog headline--><\/p>\n<h2><a href=\"https:\/\/www.bonacibo.com\/xk\/our-nutrition-philosophy\/strong-bones-joint-structure\/\" rel=\"bookmark\">Strong Bones &amp; Joint Structure<\/a><\/h2>\n<p>For dogs and cats a lack of exercise can lead to numerous other health issues, and so the more activ&#8230;<\/p>\n<p><a href=\"https:\/\/www.bonacibo.com\/xk\/our-nutrition-philosophy\/strong-bones-joint-structure\/\">read more<\/a><br \/>\n<!-- \/ blog box--><\/p>\n<\/article>\n<article id=\"7743\"><!-- blog box--><\/p>\n<figure><a title=\"Optimum Vitamin Nutrition\" href=\"https:\/\/www.bonacibo.com\/xk\/our-nutrition-philosophy\/optimum-vitamin-nutrition\/\"><img loading=\"lazy\" decoding=\"async\" src=\"https:\/\/www.bonacibo.com\/xk\/wp-content\/uploads\/2020\/03\/07_IdealVitaminAlimi-695x348.jpg\" alt=\"\" width=\"695\" height=\"348\" \/><\/a><\/figure>\n<p><!-- blog headline--><\/p>\n<h2><a href=\"https:\/\/www.bonacibo.com\/xk\/our-nutrition-philosophy\/optimum-vitamin-nutrition\/\" rel=\"bookmark\">Optimum Vitamin Nutrition<\/a><\/h2>\n<p>Vitamins are essential organic nutrients that\u00a0\u00a0our pets must obtain via the diet, as they are not ab&#8230;<\/p>\n<p><a href=\"https:\/\/www.bonacibo.com\/xk\/our-nutrition-philosophy\/optimum-vitamin-nutrition\/\">read more<\/a><br \/>\n<!-- \/ blog box--><\/p>\n<\/article>\n<article id=\"7742\"><!-- blog box--><\/p>\n<figure><a title=\"Vision Health\" href=\"https:\/\/www.bonacibo.com\/xk\/our-nutrition-philosophy\/vision-health\/\"><img loading=\"lazy\" decoding=\"async\" src=\"https:\/\/www.bonacibo.com\/xk\/wp-content\/uploads\/2020\/03\/08_GormeSagligi-695x348.jpg\" alt=\"\" width=\"695\" height=\"348\" \/><\/a><\/figure>\n<p><!-- blog headline--><\/p>\n<h2><a href=\"https:\/\/www.bonacibo.com\/xk\/our-nutrition-philosophy\/vision-health\/\" rel=\"bookmark\">Vision Health<\/a><\/h2>\n<p>Whether hunting, climbing, or just playing, our pets rely greatly on good vision in order to fulfil&#8230;<\/p>\n<p><a href=\"https:\/\/www.bonacibo.com\/xk\/our-nutrition-philosophy\/vision-health\/\">read more<\/a><br \/>\n<!-- \/ blog box--><\/p>\n<\/article>\n<article id=\"7741\"><!-- blog box--><\/p>\n<figure><a title=\"Cognitive Health\" href=\"https:\/\/www.bonacibo.com\/xk\/our-nutrition-philosophy\/cognitive-health\/\"><img loading=\"lazy\" decoding=\"async\" src=\"https:\/\/www.bonacibo.com\/xk\/wp-content\/uploads\/2020\/03\/09-phenomind-gorsel-695x348.png\" alt=\"\" width=\"695\" height=\"348\" \/><\/a><\/figure>\n<p><!-- blog headline--><\/p>\n<h2><a href=\"https:\/\/www.bonacibo.com\/xk\/our-nutrition-philosophy\/cognitive-health\/\" rel=\"bookmark\">Cognitive Health<\/a><\/h2>\n<p>Phenomind\u2122: a natural solution to limit the effects of aging on dogs and\u00a0maintain the bond between p&#8230;<\/p>\n<p><a href=\"https:\/\/www.bonacibo.com\/xk\/our-nutrition-philosophy\/cognitive-health\/\">read more<\/a><br \/>\n<!-- \/ blog box--><\/p>\n<\/article>\n","protected":false},"excerpt":{"rendered":"<p>Nj\u00eb m\u00ebnyr\u00eb jetese e sh\u00ebndetshme k\u00ebrkon nj\u00eb ushqyerje m\u00eb t\u00eb mir\u00eb. Filozofia Jon\u00eb e Ushqimit Macet dhe qent\u00eb q\u00eb jan\u00eb aktiv\u00eb gjat\u00eb gjith\u00eb jet\u00ebs s\u00eb tyre, kan\u00eb nevoj\u00eb p\u00ebr nj\u00eb diet\u00eb t\u00eb sh\u00ebndetshme, n\u00eb m\u00ebnyr\u00eb q\u00eb trupi i tyre t\u00eb funksionoj\u00eb n\u00eb m\u00ebnyr\u00eb ideale. Ajo q\u00eb nevojitet q\u00eb kafsh\u00ebt sht\u00ebpiake t\u00eb vrapojn\u00eb, k\u00ebrcejn\u00eb, luajn\u00eb ose [&hellip;]<\/p>\n","protected":false},"author":2,"featured_media":0,"parent":0,"menu_order":0,"comment_status":"closed","ping_status":"closed","template":"","meta":{"footnotes":""},"class_list":["post-7737","page","type-page","status-publish","hentry"],"_links":{"self":[{"href":"https:\/\/www.bonacibo.com\/xk\/wp-json\/wp\/v2\/pages\/7737","targetHints":{"allow":["GET"]}}],"collection":[{"href":"https:\/\/www.bonacibo.com\/xk\/wp-json\/wp\/v2\/pages"}],"about":[{"href":"https:\/\/www.bonacibo.com\/xk\/wp-json\/wp\/v2\/types\/page"}],"author":[{"embeddable":true,"href":"https:\/\/www.bonacibo.com\/xk\/wp-json\/wp\/v2\/users\/2"}],"replies":[{"embeddable":true,"href":"https:\/\/www.bonacibo.com\/xk\/wp-json\/wp\/v2\/comments?post=7737"}],"version-history":[{"count":0,"href":"https:\/\/www.bonacibo.com\/xk\/wp-json\/wp\/v2\/pages\/7737\/revisions"}],"wp:attachment":[{"href":"https:\/\/www.bonacibo.com\/xk\/wp-json\/wp\/v2\/media?parent=7737"}],"curies":[{"name":"wp","href":"https:\/\/api.w.org\/{rel}","templated":true}]}}