{"id":7724,"date":"2020-03-19T12:44:39","date_gmt":"2020-03-19T09:44:39","guid":{"rendered":"https:\/\/www.bonacibo.com\/xk\/?page_id=7724"},"modified":"2022-11-14T13:21:09","modified_gmt":"2022-11-14T10:21:09","slug":"per-mace","status":"publish","type":"page","link":"https:\/\/www.bonacibo.com\/xk\/per-mace\/","title":{"rendered":"P\u00ebr Mace"},"content":{"rendered":"<p>\u00e0 la carte<br \/>\n\t\t\t\t\t\t<H1 >P\u00cbR MACET<svg width=\"95\" height=\"10\" viewBox=\"0 0 95 10\" xmlns=\"http:\/\/www.w3.org\/2000\/svg\"><path d=\"M1 8l11.54-6 11.538 6 11.54-6 11.538 6 11.538-6 11.54 6L81.77 2 94 8\" stroke-width=\"3\" stroke=\"#6CC139\" fill=\"none\" fill-rule=\"evenodd\"\/><\/svg><\/H1><br \/>\n\t\t\t\t\t\t\u00e0 la carte<br \/>\n\t\t\t\t\t\t<H1 >Ushqim i That\u00eb<svg width=\"95\" height=\"10\" viewBox=\"0 0 95 10\" xmlns=\"http:\/\/www.w3.org\/2000\/svg\"><path d=\"M1 8l11.54-6 11.538 6 11.54-6 11.538 6 11.538-6 11.54 6L81.77 2 94 8\" stroke-width=\"3\" stroke=\"#6CC139\" fill=\"none\" fill-rule=\"evenodd\"\/><\/svg><\/H1><\/p>\n<p>Me formul\u00ebn e tij t\u00eb p\u00ebrsosur dhe p\u00ebrb\u00ebr\u00ebsit unik\u00eb, <strong>Bonacibo<\/strong> ofron opsione t\u00eb ushqyerit &#8220;<strong>\u00c0 la Carte<\/strong>&#8221; p\u00ebr miqt\u00eb tan\u00eb q\u00eb kan\u00eb nj\u00eb vend shum\u00eb t\u00eb ve\u00e7ant\u00eb n\u00eb jet\u00ebn ton\u00eb.<\/p>\n<p>\t\t\t\t\t\t\t\t\t\t\t\t<img decoding=\"async\" width=\"178\" height=\"139\" src=\"https:\/\/www.bonacibo.com\/xk\/wp-content\/uploads\/2020\/03\/Low-Grain.png\" alt=\"\" loading=\"lazy\" srcset=\"https:\/\/www.bonacibo.com\/xk\/wp-content\/uploads\/2020\/03\/Low-Grain.png 178w, https:\/\/www.bonacibo.com\/xk\/wp-content\/uploads\/2020\/03\/Low-Grain-89x69.png 89w\" sizes=\"auto, (max-width: 178px) 100vw, 178px\" \/><br \/>\n\t\t\t\t\t\t\t\t\t\t\t\t<img decoding=\"async\" width=\"609\" height=\"1114\" src=\"https:\/\/www.bonacibo.com\/xk\/wp-content\/uploads\/2020\/03\/06-6Cat2.png\" alt=\"\" loading=\"lazy\" srcset=\"https:\/\/www.bonacibo.com\/xk\/wp-content\/uploads\/2020\/03\/06-6Cat2.png 609w, https:\/\/www.bonacibo.com\/xk\/wp-content\/uploads\/2020\/03\/06-6Cat2-164x300.png 164w, https:\/\/www.bonacibo.com\/xk\/wp-content\/uploads\/2020\/03\/06-6Cat2-560x1024.png 560w, https:\/\/www.bonacibo.com\/xk\/wp-content\/uploads\/2020\/03\/06-6Cat2-304x557.png 304w, https:\/\/www.bonacibo.com\/xk\/wp-content\/uploads\/2020\/03\/06-6Cat2-600x1098.png 600w, https:\/\/www.bonacibo.com\/xk\/wp-content\/uploads\/2020\/03\/06-6Cat2-393x719.png 393w, https:\/\/www.bonacibo.com\/xk\/wp-content\/uploads\/2020\/03\/06-6Cat2-290x530.png 290w\" sizes=\"auto, (max-width: 609px) 100vw, 609px\" \/><br \/>\n\t\t\t\t\t\tUshqimi p\u00ebr Kotele<br \/>\n\t\t\t\t\t\t\t\t\t\t\t\t\t<a href=\"https:\/\/www.bonacibo.com\/xk\/bonacibo-kotele-pule\/\"><br \/>\n\t\t\t\t\t\t\t<img decoding=\"async\" width=\"976\" height=\"1500\" src=\"https:\/\/www.bonacibo.com\/xk\/wp-content\/uploads\/2020\/03\/BC_Kitten_Tvk_2kg.png\" alt=\"\" loading=\"lazy\" srcset=\"https:\/\/www.bonacibo.com\/xk\/wp-content\/uploads\/2020\/03\/BC_Kitten_Tvk_2kg.png 976w, https:\/\/www.bonacibo.com\/xk\/wp-content\/uploads\/2020\/03\/BC_Kitten_Tvk_2kg-195x300.png 195w, https:\/\/www.bonacibo.com\/xk\/wp-content\/uploads\/2020\/03\/BC_Kitten_Tvk_2kg-666x1024.png 666w, https:\/\/www.bonacibo.com\/xk\/wp-content\/uploads\/2020\/03\/BC_Kitten_Tvk_2kg-768x1180.png 768w, https:\/\/www.bonacibo.com\/xk\/wp-content\/uploads\/2020\/03\/BC_Kitten_Tvk_2kg-488x750.png 488w, https:\/\/www.bonacibo.com\/xk\/wp-content\/uploads\/2020\/03\/BC_Kitten_Tvk_2kg-915x1406.png 915w, https:\/\/www.bonacibo.com\/xk\/wp-content\/uploads\/2020\/03\/BC_Kitten_Tvk_2kg-600x922.png 600w, https:\/\/www.bonacibo.com\/xk\/wp-content\/uploads\/2020\/03\/BC_Kitten_Tvk_2kg-393x604.png 393w, https:\/\/www.bonacibo.com\/xk\/wp-content\/uploads\/2020\/03\/BC_Kitten_Tvk_2kg-290x446.png 290w\" sizes=\"auto, (max-width: 976px) 100vw, 976px\" \/>\t\t\t\t\t\t\t\t<\/a><br \/>\n\t\t\t\t\t\tP\u00ebr Kotele<\/p>\n<h6>Kotele ~ Pule<br \/><\/h6>\n<p>\t\t\t<a href=\"https:\/\/www.bonacibo.com\/xk\/bonacibo-kotele-pule\/\" target=\"_self\" title=\"Shiko Detajet\" rel=\"noopener\">Shiko Detajet<\/a><br \/>\n\t\t\t\t\t\tUshqimi p\u00ebr Mace t\u00eb rritura<br \/>\n\t\t\t\t\t\t\t\t\t\t\t\t\t<a href=\"https:\/\/www.bonacibo.com\/xk\/bonacibo-mace-e-rritur-pule\/\"><br \/>\n\t\t\t\t\t\t\t<img decoding=\"async\" width=\"976\" height=\"1500\" src=\"https:\/\/www.bonacibo.com\/xk\/wp-content\/uploads\/2020\/03\/BC_Cat_Tvk_2kg.png\" alt=\"\" loading=\"lazy\" srcset=\"https:\/\/www.bonacibo.com\/xk\/wp-content\/uploads\/2020\/03\/BC_Cat_Tvk_2kg.png 976w, https:\/\/www.bonacibo.com\/xk\/wp-content\/uploads\/2020\/03\/BC_Cat_Tvk_2kg-195x300.png 195w, https:\/\/www.bonacibo.com\/xk\/wp-content\/uploads\/2020\/03\/BC_Cat_Tvk_2kg-666x1024.png 666w, https:\/\/www.bonacibo.com\/xk\/wp-content\/uploads\/2020\/03\/BC_Cat_Tvk_2kg-768x1180.png 768w, https:\/\/www.bonacibo.com\/xk\/wp-content\/uploads\/2020\/03\/BC_Cat_Tvk_2kg-488x750.png 488w, https:\/\/www.bonacibo.com\/xk\/wp-content\/uploads\/2020\/03\/BC_Cat_Tvk_2kg-915x1406.png 915w, https:\/\/www.bonacibo.com\/xk\/wp-content\/uploads\/2020\/03\/BC_Cat_Tvk_2kg-600x922.png 600w, https:\/\/www.bonacibo.com\/xk\/wp-content\/uploads\/2020\/03\/BC_Cat_Tvk_2kg-393x604.png 393w, https:\/\/www.bonacibo.com\/xk\/wp-content\/uploads\/2020\/03\/BC_Cat_Tvk_2kg-290x446.png 290w\" sizes=\"auto, (max-width: 976px) 100vw, 976px\" \/>\t\t\t\t\t\t\t\t<\/a><br \/>\n\t\t\t\t\t\tP\u00ebr Macet e Rritura<\/p>\n<h6>Mace e Rritur ~ Pule<br \/><\/h6>\n<p>\t\t\t<a href=\"https:\/\/www.bonacibo.com\/xk\/bonacibo-mace-e-rritur-pule\/\" target=\"_self\" title=\"Shiko Detajet\" rel=\"noopener\">Shiko Detajet<\/a><br \/>\n\t\t\t\t\t\t\t\t\t\t\t\t\t<a href=\"https:\/\/www.bonacibo.com\/xk\/bonacibo-mace-e-rritur-qengj-oriz\/\"><br \/>\n\t\t\t\t\t\t\t<img decoding=\"async\" width=\"976\" height=\"1500\" src=\"https:\/\/www.bonacibo.com\/xk\/wp-content\/uploads\/2020\/03\/BC_Cat_LR_2kg.png\" alt=\"\" loading=\"lazy\" srcset=\"https:\/\/www.bonacibo.com\/xk\/wp-content\/uploads\/2020\/03\/BC_Cat_LR_2kg.png 976w, https:\/\/www.bonacibo.com\/xk\/wp-content\/uploads\/2020\/03\/BC_Cat_LR_2kg-195x300.png 195w, https:\/\/www.bonacibo.com\/xk\/wp-content\/uploads\/2020\/03\/BC_Cat_LR_2kg-666x1024.png 666w, https:\/\/www.bonacibo.com\/xk\/wp-content\/uploads\/2020\/03\/BC_Cat_LR_2kg-768x1180.png 768w, https:\/\/www.bonacibo.com\/xk\/wp-content\/uploads\/2020\/03\/BC_Cat_LR_2kg-488x750.png 488w, https:\/\/www.bonacibo.com\/xk\/wp-content\/uploads\/2020\/03\/BC_Cat_LR_2kg-915x1406.png 915w, https:\/\/www.bonacibo.com\/xk\/wp-content\/uploads\/2020\/03\/BC_Cat_LR_2kg-600x922.png 600w, https:\/\/www.bonacibo.com\/xk\/wp-content\/uploads\/2020\/03\/BC_Cat_LR_2kg-393x604.png 393w, https:\/\/www.bonacibo.com\/xk\/wp-content\/uploads\/2020\/03\/BC_Cat_LR_2kg-290x446.png 290w\" sizes=\"auto, (max-width: 976px) 100vw, 976px\" \/>\t\t\t\t\t\t\t\t<\/a><br \/>\n\t\t\t\t\t\tP\u00ebr Macet e Rritura<\/p>\n<h6>Mace e rritur ~ Qengj &amp; Oriz<br \/><\/h6>\n<p>\t\t\t<a href=\"https:\/\/www.bonacibo.com\/xk\/bonacibo-mace-e-rritur-qengj-oriz\/\" target=\"_self\" title=\"Shiko Detajet\" rel=\"noopener\">Shiko Detajet<\/a><br \/>\n\t\t\t\t\t\t\t\t\t\t\t\t\t<a href=\"https:\/\/www.bonacibo.com\/xk\/bonacibo-mace-e-rritur-e-lehte-e-sterilizuar\/\"><br \/>\n\t\t\t\t\t\t\t<img decoding=\"async\" width=\"976\" height=\"1500\" src=\"https:\/\/www.bonacibo.com\/xk\/wp-content\/uploads\/2020\/03\/BC_Cat_LS_2kg.png\" alt=\"\" loading=\"lazy\" srcset=\"https:\/\/www.bonacibo.com\/xk\/wp-content\/uploads\/2020\/03\/BC_Cat_LS_2kg.png 976w, https:\/\/www.bonacibo.com\/xk\/wp-content\/uploads\/2020\/03\/BC_Cat_LS_2kg-195x300.png 195w, https:\/\/www.bonacibo.com\/xk\/wp-content\/uploads\/2020\/03\/BC_Cat_LS_2kg-666x1024.png 666w, https:\/\/www.bonacibo.com\/xk\/wp-content\/uploads\/2020\/03\/BC_Cat_LS_2kg-768x1180.png 768w, https:\/\/www.bonacibo.com\/xk\/wp-content\/uploads\/2020\/03\/BC_Cat_LS_2kg-488x750.png 488w, https:\/\/www.bonacibo.com\/xk\/wp-content\/uploads\/2020\/03\/BC_Cat_LS_2kg-915x1406.png 915w, https:\/\/www.bonacibo.com\/xk\/wp-content\/uploads\/2020\/03\/BC_Cat_LS_2kg-600x922.png 600w, https:\/\/www.bonacibo.com\/xk\/wp-content\/uploads\/2020\/03\/BC_Cat_LS_2kg-393x604.png 393w, https:\/\/www.bonacibo.com\/xk\/wp-content\/uploads\/2020\/03\/BC_Cat_LS_2kg-290x446.png 290w\" sizes=\"auto, (max-width: 976px) 100vw, 976px\" \/>\t\t\t\t\t\t\t\t<\/a><br \/>\n\t\t\t\t\t\tP\u00ebr Macet e Sterilizuara<\/p>\n<h6>Mace e rritur ~ E leht\u00eb &amp; E sterilizuar<\/h6>\n<p>\t\t\t<a href=\"https:\/\/www.bonacibo.com\/xk\/bonacibo-mace-e-rritur-e-lehte-e-sterilizuar\/\" target=\"_self\" title=\"Shiko Detajet\" rel=\"noopener\">Shiko Detajet<\/a><br \/>\n\t\t\t\t\t\t<H1 >Ushqim i Lag\u00ebsht i Konservuar<svg width=\"95\" height=\"10\" viewBox=\"0 0 95 10\" xmlns=\"http:\/\/www.w3.org\/2000\/svg\"><path d=\"M1 8l11.54-6 11.538 6 11.54-6 11.538 6 11.538-6 11.54 6L81.77 2 94 8\" stroke-width=\"3\" stroke=\"#6CC139\" fill=\"none\" fill-rule=\"evenodd\"\/><\/svg><\/H1><br \/>\n\t\t\t\t\t\t\t\t\t\t\t\t\t<a href=\"https:\/\/www.bonacibo.com\/xk\/bonacibo-ushqim-i-lagesht-i-konservuar-per-mace\/\"><br \/>\n\t\t\t\t\t\t\t<img decoding=\"async\" width=\"1024\" height=\"465\" src=\"https:\/\/www.bonacibo.com\/xk\/wp-content\/uploads\/2020\/03\/konserve-grup-1024x465.png\" alt=\"\" loading=\"lazy\" srcset=\"https:\/\/www.bonacibo.com\/xk\/wp-content\/uploads\/2020\/03\/konserve-grup-1024x465.png 1024w, https:\/\/www.bonacibo.com\/xk\/wp-content\/uploads\/2020\/03\/konserve-grup-300x136.png 300w, https:\/\/www.bonacibo.com\/xk\/wp-content\/uploads\/2020\/03\/konserve-grup-768x349.png 768w, https:\/\/www.bonacibo.com\/xk\/wp-content\/uploads\/2020\/03\/konserve-grup-1536x698.png 1536w, https:\/\/www.bonacibo.com\/xk\/wp-content\/uploads\/2020\/03\/konserve-grup-960x436.png 960w, https:\/\/www.bonacibo.com\/xk\/wp-content\/uploads\/2020\/03\/konserve-grup-1220x554.png 1220w, https:\/\/www.bonacibo.com\/xk\/wp-content\/uploads\/2020\/03\/konserve-grup-915x416.png 915w, https:\/\/www.bonacibo.com\/xk\/wp-content\/uploads\/2020\/03\/konserve-grup-600x273.png 600w, https:\/\/www.bonacibo.com\/xk\/wp-content\/uploads\/2020\/03\/konserve-grup-393x178.png 393w, https:\/\/www.bonacibo.com\/xk\/wp-content\/uploads\/2020\/03\/konserve-grup-290x132.png 290w, https:\/\/www.bonacibo.com\/xk\/wp-content\/uploads\/2020\/03\/konserve-grup.png 1920w\" sizes=\"auto, (max-width: 1024px) 100vw, 1024px\" \/>\t\t\t\t\t\t\t\t<\/a><br \/>\n\t\t\t\t\t\t\t\t\t\t\t\t<img decoding=\"async\" width=\"385\" height=\"385\" src=\"https:\/\/www.bonacibo.com\/xk\/wp-content\/uploads\/2020\/03\/kopek-konserve-et-icerik-54.png\" alt=\"\" loading=\"lazy\" srcset=\"https:\/\/www.bonacibo.com\/xk\/wp-content\/uploads\/2020\/03\/kopek-konserve-et-icerik-54.png 385w, https:\/\/www.bonacibo.com\/xk\/wp-content\/uploads\/2020\/03\/kopek-konserve-et-icerik-54-300x300.png 300w, https:\/\/www.bonacibo.com\/xk\/wp-content\/uploads\/2020\/03\/kopek-konserve-et-icerik-54-150x150.png 150w, https:\/\/www.bonacibo.com\/xk\/wp-content\/uploads\/2020\/03\/kopek-konserve-et-icerik-54-192x192.png 192w, https:\/\/www.bonacibo.com\/xk\/wp-content\/uploads\/2020\/03\/kopek-konserve-et-icerik-54-290x290.png 290w\" sizes=\"auto, (max-width: 385px) 100vw, 385px\" \/>\t\t\t\t\t\t\t\t\t\t\t\t\t\t<\/p>\n<p>Ushqimet tona t\u00eb konservuara jan\u00eb t\u00eb formuluara p\u00ebr t\u00eb p\u00ebrmbushur t\u00eb gjitha nevojat ushqyese t\u00eb miqve tan\u00eb, me p\u00ebrmbajtje t\u00eb pasur mishi dhe l\u00ebnd\u00eb ushqyese t\u00ebr\u00ebsisht natyrale.<\/p>\n<p>\t\t\t\t\t\t\t\t\t\t\t\t<img decoding=\"async\" width=\"492\" height=\"1024\" src=\"https:\/\/www.bonacibo.com\/xk\/wp-content\/uploads\/2020\/03\/kedi1.png\" alt=\"\" loading=\"lazy\" srcset=\"https:\/\/www.bonacibo.com\/xk\/wp-content\/uploads\/2020\/03\/kedi1.png 492w, https:\/\/www.bonacibo.com\/xk\/wp-content\/uploads\/2020\/03\/kedi1-144x300.png 144w, https:\/\/www.bonacibo.com\/xk\/wp-content\/uploads\/2020\/03\/kedi1-246x512.png 246w, https:\/\/www.bonacibo.com\/xk\/wp-content\/uploads\/2020\/03\/kedi1-393x818.png 393w, https:\/\/www.bonacibo.com\/xk\/wp-content\/uploads\/2020\/03\/kedi1-290x604.png 290w\" sizes=\"auto, (max-width: 492px) 100vw, 492px\" \/><br \/>\n\t\t\t<a href=\"https:\/\/www.bonacibo.com\/xk\/bonacibo-ushqim-i-lagesht-i-konservuar-per-mace\/\" target=\"_self\" title=\"Shiko Detajet\" rel=\"noopener\">Shiko Detajet<\/a><br \/>\n\t\t\t\t\t\t\t\t\t\t\t\t<img decoding=\"async\" width=\"471\" height=\"650\" src=\"https:\/\/www.bonacibo.com\/xk\/wp-content\/uploads\/2020\/03\/kedi3.png\" alt=\"\" loading=\"lazy\" srcset=\"https:\/\/www.bonacibo.com\/xk\/wp-content\/uploads\/2020\/03\/kedi3.png 471w, https:\/\/www.bonacibo.com\/xk\/wp-content\/uploads\/2020\/03\/kedi3-217x300.png 217w, https:\/\/www.bonacibo.com\/xk\/wp-content\/uploads\/2020\/03\/kedi3-235x325.png 235w, https:\/\/www.bonacibo.com\/xk\/wp-content\/uploads\/2020\/03\/kedi3-393x542.png 393w, https:\/\/www.bonacibo.com\/xk\/wp-content\/uploads\/2020\/03\/kedi3-290x400.png 290w\" sizes=\"auto, (max-width: 471px) 100vw, 471px\" \/><br \/>\n\t\t\t\t\t\t<H1 >Ushqim i Lag\u00ebsht n\u00eb Qese<svg width=\"95\" height=\"10\" viewBox=\"0 0 95 10\" xmlns=\"http:\/\/www.w3.org\/2000\/svg\"><path d=\"M1 8l11.54-6 11.538 6 11.54-6 11.538 6 11.538-6 11.54 6L81.77 2 94 8\" stroke-width=\"3\" stroke=\"#6CC139\" fill=\"none\" fill-rule=\"evenodd\"\/><\/svg><\/H1><br \/>\n\t\t\t\t\t\t\t\t\t\t\t\t\t<a href=\"https:\/\/www.bonacibo.com\/xk\/bonacibo-ushqim-macet-i-lagesht-ne-qese\/\"><br \/>\n\t\t\t\t\t\t\t<img decoding=\"async\" width=\"1024\" height=\"465\" src=\"https:\/\/www.bonacibo.com\/xk\/wp-content\/uploads\/2020\/03\/pouch-kedi-grup-1024x465.png\" alt=\"\" loading=\"lazy\" srcset=\"https:\/\/www.bonacibo.com\/xk\/wp-content\/uploads\/2020\/03\/pouch-kedi-grup-1024x465.png 1024w, https:\/\/www.bonacibo.com\/xk\/wp-content\/uploads\/2020\/03\/pouch-kedi-grup-300x136.png 300w, https:\/\/www.bonacibo.com\/xk\/wp-content\/uploads\/2020\/03\/pouch-kedi-grup-768x349.png 768w, https:\/\/www.bonacibo.com\/xk\/wp-content\/uploads\/2020\/03\/pouch-kedi-grup-1536x698.png 1536w, https:\/\/www.bonacibo.com\/xk\/wp-content\/uploads\/2020\/03\/pouch-kedi-grup-960x436.png 960w, https:\/\/www.bonacibo.com\/xk\/wp-content\/uploads\/2020\/03\/pouch-kedi-grup-1220x554.png 1220w, https:\/\/www.bonacibo.com\/xk\/wp-content\/uploads\/2020\/03\/pouch-kedi-grup-915x416.png 915w, https:\/\/www.bonacibo.com\/xk\/wp-content\/uploads\/2020\/03\/pouch-kedi-grup-600x273.png 600w, https:\/\/www.bonacibo.com\/xk\/wp-content\/uploads\/2020\/03\/pouch-kedi-grup-393x178.png 393w, https:\/\/www.bonacibo.com\/xk\/wp-content\/uploads\/2020\/03\/pouch-kedi-grup-290x132.png 290w, https:\/\/www.bonacibo.com\/xk\/wp-content\/uploads\/2020\/03\/pouch-kedi-grup.png 1920w\" sizes=\"auto, (max-width: 1024px) 100vw, 1024px\" \/>\t\t\t\t\t\t\t\t<\/a><br \/>\n\t\t\t\t\t\t\t\t\t\t\t\t<img decoding=\"async\" width=\"938\" height=\"939\" src=\"https:\/\/www.bonacibo.com\/xk\/wp-content\/uploads\/2020\/03\/Kedi-77-Beyaz.png\" alt=\"\" loading=\"lazy\" srcset=\"https:\/\/www.bonacibo.com\/xk\/wp-content\/uploads\/2020\/03\/Kedi-77-Beyaz.png 938w, https:\/\/www.bonacibo.com\/xk\/wp-content\/uploads\/2020\/03\/Kedi-77-Beyaz-300x300.png 300w, https:\/\/www.bonacibo.com\/xk\/wp-content\/uploads\/2020\/03\/Kedi-77-Beyaz-150x150.png 150w, https:\/\/www.bonacibo.com\/xk\/wp-content\/uploads\/2020\/03\/Kedi-77-Beyaz-768x769.png 768w, https:\/\/www.bonacibo.com\/xk\/wp-content\/uploads\/2020\/03\/Kedi-77-Beyaz-469x469.png 469w, https:\/\/www.bonacibo.com\/xk\/wp-content\/uploads\/2020\/03\/Kedi-77-Beyaz-915x916.png 915w, https:\/\/www.bonacibo.com\/xk\/wp-content\/uploads\/2020\/03\/Kedi-77-Beyaz-600x601.png 600w, https:\/\/www.bonacibo.com\/xk\/wp-content\/uploads\/2020\/03\/Kedi-77-Beyaz-393x393.png 393w, https:\/\/www.bonacibo.com\/xk\/wp-content\/uploads\/2020\/03\/Kedi-77-Beyaz-290x290.png 290w\" sizes=\"auto, (max-width: 938px) 100vw, 938px\" \/><br \/>\n\t\t\t\t\t\t\t\t\t\t\t\t<img decoding=\"async\" width=\"938\" height=\"939\" src=\"https:\/\/www.bonacibo.com\/xk\/wp-content\/uploads\/2020\/03\/Kedi-80-Beyaz.png\" alt=\"\" loading=\"lazy\" srcset=\"https:\/\/www.bonacibo.com\/xk\/wp-content\/uploads\/2020\/03\/Kedi-80-Beyaz.png 938w, https:\/\/www.bonacibo.com\/xk\/wp-content\/uploads\/2020\/03\/Kedi-80-Beyaz-300x300.png 300w, https:\/\/www.bonacibo.com\/xk\/wp-content\/uploads\/2020\/03\/Kedi-80-Beyaz-150x150.png 150w, https:\/\/www.bonacibo.com\/xk\/wp-content\/uploads\/2020\/03\/Kedi-80-Beyaz-768x769.png 768w, https:\/\/www.bonacibo.com\/xk\/wp-content\/uploads\/2020\/03\/Kedi-80-Beyaz-469x469.png 469w, https:\/\/www.bonacibo.com\/xk\/wp-content\/uploads\/2020\/03\/Kedi-80-Beyaz-915x916.png 915w, https:\/\/www.bonacibo.com\/xk\/wp-content\/uploads\/2020\/03\/Kedi-80-Beyaz-600x601.png 600w, https:\/\/www.bonacibo.com\/xk\/wp-content\/uploads\/2020\/03\/Kedi-80-Beyaz-393x393.png 393w, https:\/\/www.bonacibo.com\/xk\/wp-content\/uploads\/2020\/03\/Kedi-80-Beyaz-290x290.png 290w\" sizes=\"auto, (max-width: 938px) 100vw, 938px\" \/>\t\t\t\t\t\t\t\t\t\t\t\t\t\t<\/p>\n<p>T\u00eb pasur me vitamina dhe minerale, ushqimet tona p\u00ebr macet e rritura, n\u00eb qese 85 g me 77%\u00a0 dhe 80% p\u00ebrmbajtje totale t\u00eb mishit dhe derivateve t\u00eb kafsh\u00ebve, jan\u00eb shum\u00eb t\u00eb shijshme, t\u00eb sh\u00ebndetshme dhe ushqyese.<\/p>\n<p>\t\t\t<a href=\"https:\/\/www.bonacibo.com\/xk\/bonacibo-ushqim-macet-i-lagesht-ne-qese\/\" target=\"_self\" title=\"Shiko Detajet\" rel=\"noopener\">Shiko Detajet<\/a><br \/>\n\t\t\t\t\t\t\t\t\t\t\t\t<img decoding=\"async\" width=\"113\" height=\"99\" src=\"https:\/\/www.bonacibo.com\/xk\/wp-content\/uploads\/2020\/03\/NEW.png\" alt=\"\" loading=\"lazy\" srcset=\"https:\/\/www.bonacibo.com\/xk\/wp-content\/uploads\/2020\/03\/NEW.png 113w, https:\/\/www.bonacibo.com\/xk\/wp-content\/uploads\/2020\/03\/NEW-56x49.png 56w\" sizes=\"auto, (max-width: 113px) 100vw, 113px\" \/><br \/>\n\t\t\t\t\t\t\t\t\t\t\t\t\t<a href=\"https:\/\/www.bonacibo.com\/xk\/bonacibo-probiotic-macet\/\"><br \/>\n\t\t\t\t\t\t\t<img decoding=\"async\" width=\"1024\" height=\"1024\" src=\"https:\/\/www.bonacibo.com\/xk\/wp-content\/uploads\/2020\/03\/Bonacibo-Probiotic-1024x1024.png\" alt=\"\" loading=\"lazy\" srcset=\"https:\/\/www.bonacibo.com\/xk\/wp-content\/uploads\/2020\/03\/Bonacibo-Probiotic.png 1024w, https:\/\/www.bonacibo.com\/xk\/wp-content\/uploads\/2020\/03\/Bonacibo-Probiotic-300x300.png 300w, https:\/\/www.bonacibo.com\/xk\/wp-content\/uploads\/2020\/03\/Bonacibo-Probiotic-150x150.png 150w, https:\/\/www.bonacibo.com\/xk\/wp-content\/uploads\/2020\/03\/Bonacibo-Probiotic-768x768.png 768w, https:\/\/www.bonacibo.com\/xk\/wp-content\/uploads\/2020\/03\/Bonacibo-Probiotic-512x512.png 512w, https:\/\/www.bonacibo.com\/xk\/wp-content\/uploads\/2020\/03\/Bonacibo-Probiotic-915x915.png 915w, https:\/\/www.bonacibo.com\/xk\/wp-content\/uploads\/2020\/03\/Bonacibo-Probiotic-600x600.png 600w, https:\/\/www.bonacibo.com\/xk\/wp-content\/uploads\/2020\/03\/Bonacibo-Probiotic-393x393.png 393w, https:\/\/www.bonacibo.com\/xk\/wp-content\/uploads\/2020\/03\/Bonacibo-Probiotic-290x290.png 290w\" sizes=\"auto, (max-width: 1024px) 100vw, 1024px\" \/>\t\t\t\t\t\t\t\t<\/a><br \/>\n\t\t\t\t\t\t<H1 >Probiotik<svg width=\"95\" height=\"10\" viewBox=\"0 0 95 10\" xmlns=\"http:\/\/www.w3.org\/2000\/svg\"><path d=\"M1 8l11.54-6 11.538 6 11.54-6 11.538 6 11.538-6 11.54 6L81.77 2 94 8\" stroke-width=\"3\" stroke=\"#6CC139\" fill=\"none\" fill-rule=\"evenodd\"\/><\/svg><\/H1><\/p>\n<p>Bonacibo Probiotic ndihmon n\u00eb rregullimin e sistemit t\u00eb tretjes dhe mb\u00ebshtetjen e sistemit imunitar, me mikroorganizmat probiotik\u00eb q\u00eb p\u00ebrmban.<\/p>\n<p>\t\t\t<a href=\"https:\/\/www.bonacibo.com\/xk\/bonacibo-probiotic-macet\/\" target=\"_self\" title=\"Shiko Detajet\" rel=\"noopener\">Shiko Detajet<\/a><br \/>\n\t\t\t\t\t\t\t\t\t\t\t\t\t<a href=\"https:\/\/www.bonacibo.com\/xk\/bonacibo-shkopinj-per-mace\/\"><br \/>\n\t\t\t\t\t\t\t<img decoding=\"async\" width=\"1024\" height=\"1024\" src=\"https:\/\/www.bonacibo.com\/xk\/wp-content\/uploads\/2020\/03\/Bonacibo-Cat-Stick-1024x1024.png\" alt=\"\" loading=\"lazy\" srcset=\"https:\/\/www.bonacibo.com\/xk\/wp-content\/uploads\/2020\/03\/Bonacibo-Cat-Stick.png 1024w, https:\/\/www.bonacibo.com\/xk\/wp-content\/uploads\/2020\/03\/Bonacibo-Cat-Stick-300x300.png 300w, https:\/\/www.bonacibo.com\/xk\/wp-content\/uploads\/2020\/03\/Bonacibo-Cat-Stick-150x150.png 150w, https:\/\/www.bonacibo.com\/xk\/wp-content\/uploads\/2020\/03\/Bonacibo-Cat-Stick-768x768.png 768w, https:\/\/www.bonacibo.com\/xk\/wp-content\/uploads\/2020\/03\/Bonacibo-Cat-Stick-512x512.png 512w, https:\/\/www.bonacibo.com\/xk\/wp-content\/uploads\/2020\/03\/Bonacibo-Cat-Stick-915x915.png 915w, https:\/\/www.bonacibo.com\/xk\/wp-content\/uploads\/2020\/03\/Bonacibo-Cat-Stick-600x600.png 600w, https:\/\/www.bonacibo.com\/xk\/wp-content\/uploads\/2020\/03\/Bonacibo-Cat-Stick-393x393.png 393w, https:\/\/www.bonacibo.com\/xk\/wp-content\/uploads\/2020\/03\/Bonacibo-Cat-Stick-290x290.png 290w\" sizes=\"auto, (max-width: 1024px) 100vw, 1024px\" \/>\t\t\t\t\t\t\t\t<\/a><br \/>\n\t\t\t\t\t\t<H1 >Shkopinj p\u00ebr mace <svg width=\"95\" height=\"10\" viewBox=\"0 0 95 10\" xmlns=\"http:\/\/www.w3.org\/2000\/svg\"><path d=\"M1 8l11.54-6 11.538 6 11.54-6 11.538 6 11.538-6 11.54 6L81.77 2 94 8\" stroke-width=\"3\" stroke=\"#6CC139\" fill=\"none\" fill-rule=\"evenodd\"\/><\/svg><\/H1><\/p>\n<p>Ju mund t&#8217;i p\u00ebrdorni k\u00ebto shkopinj shum\u00eb t\u00eb shijsh\u00ebm p\u00ebr st\u00ebrvitjen e maces tuaj dhe\/ose si m\u00ebnyr\u00eb shp\u00ebrblimi.<\/p>\n<p>\t\t\t<a href=\"https:\/\/www.bonacibo.com\/xk\/bonacibo-shkopinj-per-mace\/\" target=\"_self\" title=\"Shiko Detajet\" rel=\"noopener\">Shiko Detajet<\/a><\/p>\n","protected":false},"excerpt":{"rendered":"<p>\u00e0 la carte P\u00cbR MACET \u00e0 la carte Ushqim i That\u00eb Me formul\u00ebn e tij t\u00eb p\u00ebrsosur dhe p\u00ebrb\u00ebr\u00ebsit unik\u00eb, Bonacibo ofron opsione t\u00eb ushqyerit &#8220;\u00c0 la Carte&#8221; p\u00ebr miqt\u00eb tan\u00eb q\u00eb kan\u00eb nj\u00eb vend shum\u00eb t\u00eb ve\u00e7ant\u00eb n\u00eb jet\u00ebn ton\u00eb. Ushqimi p\u00ebr Kotele P\u00ebr Kotele Kotele ~ Pule Shiko Detajet Ushqimi p\u00ebr Mace t\u00eb [&hellip;]<\/p>\n","protected":false},"author":2,"featured_media":0,"parent":0,"menu_order":0,"comment_status":"closed","ping_status":"closed","template":"","meta":{"footnotes":""},"class_list":["post-7724","page","type-page","status-publish","hentry"],"_links":{"self":[{"href":"https:\/\/www.bonacibo.com\/xk\/wp-json\/wp\/v2\/pages\/7724","targetHints":{"allow":["GET"]}}],"collection":[{"href":"https:\/\/www.bonacibo.com\/xk\/wp-json\/wp\/v2\/pages"}],"about":[{"href":"https:\/\/www.bonacibo.com\/xk\/wp-json\/wp\/v2\/types\/page"}],"author":[{"embeddable":true,"href":"https:\/\/www.bonacibo.com\/xk\/wp-json\/wp\/v2\/users\/2"}],"replies":[{"embeddable":true,"href":"https:\/\/www.bonacibo.com\/xk\/wp-json\/wp\/v2\/comments?post=7724"}],"version-history":[{"count":3,"href":"https:\/\/www.bonacibo.com\/xk\/wp-json\/wp\/v2\/pages\/7724\/revisions"}],"predecessor-version":[{"id":10412,"href":"https:\/\/www.bonacibo.com\/xk\/wp-json\/wp\/v2\/pages\/7724\/revisions\/10412"}],"wp:attachment":[{"href":"https:\/\/www.bonacibo.com\/xk\/wp-json\/wp\/v2\/media?parent=7724"}],"curies":[{"name":"wp","href":"https:\/\/api.w.org\/{rel}","templated":true}]}}