{"id":7383,"date":"2020-03-09T13:02:39","date_gmt":"2020-03-09T13:02:39","guid":{"rendered":"https:\/\/www.bonacibo.com\/tr\/?page_id=7383"},"modified":"2022-11-15T11:17:44","modified_gmt":"2022-11-15T08:17:44","slug":"bonacibo-cat-sticks","status":"publish","type":"page","link":"https:\/\/www.bonacibo.com\/tr\/bonacibo-cat-sticks\/","title":{"rendered":"Bonacibo Cat Sticks"},"content":{"rendered":"<p><img decoding=\"async\" width=\"1024\" height=\"1024\" src=\"https:\/\/www.bonacibo.com\/tr\/wp-content\/uploads\/2020\/03\/Bonacibo-Cat-Stick-1.png\" alt=\"\" loading=\"lazy\" srcset=\"https:\/\/www.bonacibo.com\/tr\/wp-content\/uploads\/2020\/03\/Bonacibo-Cat-Stick-1.png 1024w, https:\/\/www.bonacibo.com\/tr\/wp-content\/uploads\/2020\/03\/Bonacibo-Cat-Stick-1-300x300.png 300w, https:\/\/www.bonacibo.com\/tr\/wp-content\/uploads\/2020\/03\/Bonacibo-Cat-Stick-1-150x150.png 150w, https:\/\/www.bonacibo.com\/tr\/wp-content\/uploads\/2020\/03\/Bonacibo-Cat-Stick-1-768x768.png 768w, https:\/\/www.bonacibo.com\/tr\/wp-content\/uploads\/2020\/03\/Bonacibo-Cat-Stick-1-512x512.png 512w, https:\/\/www.bonacibo.com\/tr\/wp-content\/uploads\/2020\/03\/Bonacibo-Cat-Stick-1-915x915.png 915w, https:\/\/www.bonacibo.com\/tr\/wp-content\/uploads\/2020\/03\/Bonacibo-Cat-Stick-1-600x600.png 600w, https:\/\/www.bonacibo.com\/tr\/wp-content\/uploads\/2020\/03\/Bonacibo-Cat-Stick-1-393x393.png 393w, https:\/\/www.bonacibo.com\/tr\/wp-content\/uploads\/2020\/03\/Bonacibo-Cat-Stick-1-290x290.png 290w\" sizes=\"auto, (max-width: 1024px) 100vw, 1024px\" \/><br \/>\n\t\t\t\t\t\tYeti\u015fkin Kediler i\u00e7in \u00d6d\u00fcl \u00c7ubuklar\u0131<br \/>\n\t\t\t\t\t\t<H1 >Bonacibo Cat Sticks<svg width=\"95\" height=\"10\" viewBox=\"0 0 95 10\" xmlns=\"http:\/\/www.w3.org\/2000\/svg\"><path d=\"M1 8l11.54-6 11.538 6 11.54-6 11.538 6 11.538-6 11.54 6L81.77 2 94 8\" stroke-width=\"3\" stroke=\"#6CC139\" fill=\"none\" fill-rule=\"evenodd\"\/><\/svg><\/H1><br \/>\n\t\t\t\t\t\t\t\t\t\t\t\t<img decoding=\"async\" width=\"894\" height=\"1232\" src=\"https:\/\/www.bonacibo.com\/tr\/wp-content\/uploads\/2020\/03\/Cat-Sticks-Tane.png\" alt=\"\" loading=\"lazy\" srcset=\"https:\/\/www.bonacibo.com\/tr\/wp-content\/uploads\/2020\/03\/Cat-Sticks-Tane.png 894w, https:\/\/www.bonacibo.com\/tr\/wp-content\/uploads\/2020\/03\/Cat-Sticks-Tane-218x300.png 218w, https:\/\/www.bonacibo.com\/tr\/wp-content\/uploads\/2020\/03\/Cat-Sticks-Tane-743x1024.png 743w, https:\/\/www.bonacibo.com\/tr\/wp-content\/uploads\/2020\/03\/Cat-Sticks-Tane-768x1058.png 768w, https:\/\/www.bonacibo.com\/tr\/wp-content\/uploads\/2020\/03\/Cat-Sticks-Tane-447x616.png 447w, https:\/\/www.bonacibo.com\/tr\/wp-content\/uploads\/2020\/03\/Cat-Sticks-Tane-600x827.png 600w, https:\/\/www.bonacibo.com\/tr\/wp-content\/uploads\/2020\/03\/Cat-Sticks-Tane-393x542.png 393w, https:\/\/www.bonacibo.com\/tr\/wp-content\/uploads\/2020\/03\/Cat-Sticks-Tane-290x400.png 290w\" sizes=\"auto, (max-width: 894px) 100vw, 894px\" \/><br \/>\n\t\t\t\t\t\tYeti\u015fkin Kediler i\u00e7in Ci\u011ferli ve Tavuklu \u00d6d\u00fcl \u00c7ubu\u011fu<\/p>\n<h4 >\u0130\u00e7indekiler<svg width=\"95\" height=\"10\" viewBox=\"0 0 95 10\" xmlns=\"http:\/\/www.w3.org\/2000\/svg\"><path d=\"M1 8l11.54-6 11.538 6 11.54-6 11.538 6 11.538-6 11.54 6L81.77 2 94 8\" stroke-width=\"3\" stroke=\"#6CC139\" fill=\"none\" fill-rule=\"evenodd\"\/><\/svg><\/h4>\n<p>Et ve et \u00fcr\u00fcnleri (%6 k\u00fcmes hayvanlar\u0131, %6 ci\u011fer), bitkisel \u00fcr\u00fcnler, mineraller.<\/p>\n<p>50 Gr&#8217;l\u0131k bir paket i\u00e7erisinde 5 Gram x 10 par\u00e7a \u00f6d\u00fcl \u00e7ubu\u011fu bulunmaktad\u0131r. 3&#8217;l\u00fc paketler halinde sat\u0131lmaktad\u0131r<\/p>\n<p>\u00d6d\u00fcl mamalar\u0131n\u0131n haricinde, besinsel de\u011ferleri tam ve besleyici bir mama da verilmelidir. L\u00fctfen, kedinizin ula\u015fabilece\u011fi bir yerde her zaman taze ve temiz su bulundurmay\u0131 ihmal etmeyiniz.<\/p>\n<p>\t\t\t\t\t\t\t\t\t\t\t\t<img decoding=\"async\" width=\"500\" height=\"469\" src=\"https:\/\/www.bonacibo.com\/tr\/wp-content\/uploads\/2020\/03\/cat-stick-cat.png\" alt=\"\" loading=\"lazy\" srcset=\"https:\/\/www.bonacibo.com\/tr\/wp-content\/uploads\/2020\/03\/cat-stick-cat.png 500w, https:\/\/www.bonacibo.com\/tr\/wp-content\/uploads\/2020\/03\/cat-stick-cat-300x281.png 300w, https:\/\/www.bonacibo.com\/tr\/wp-content\/uploads\/2020\/03\/cat-stick-cat-250x234.png 250w, https:\/\/www.bonacibo.com\/tr\/wp-content\/uploads\/2020\/03\/cat-stick-cat-393x369.png 393w, https:\/\/www.bonacibo.com\/tr\/wp-content\/uploads\/2020\/03\/cat-stick-cat-290x272.png 290w\" sizes=\"auto, (max-width: 500px) 100vw, 500px\" \/>\t\t\t\t\t\t\t\t\t\t\t\t\t\t<\/p>\n<h4 >Analitik Bile\u015fenler<\/h4>\n<table>\n<tbody>\n<tr>\n<td scope=\"row\">Nem \u0130\u00e7eri\u011fi<\/td>\n<td>% 31<\/td>\n<\/tr>\n<tr>\n<td scope=\"row\">Ham Protein<\/td>\n<td>% 33,5<\/td>\n<\/tr>\n<tr>\n<td scope=\"row\">Ya\u011f \u0130\u00e7eri\u011fi<\/td>\n<td>% 20<\/td>\n<\/tr>\n<tr>\n<td scope=\"row\">Ham K\u00fcl<\/td>\n<td>% 10,8<\/td>\n<\/tr>\n<tr>\n<td scope=\"row\">Ham Sel\u00fcloz<\/td>\n<td>% 1,7<\/td>\n<\/tr>\n<\/tbody>\n<\/table>\n<p>\t\t\t\t\t\t\t\t\t\t\t\t<img decoding=\"async\" width=\"750\" height=\"297\" src=\"https:\/\/www.bonacibo.com\/tr\/wp-content\/uploads\/2020\/03\/easy-split.png\" alt=\"\" loading=\"lazy\" srcset=\"https:\/\/www.bonacibo.com\/tr\/wp-content\/uploads\/2020\/03\/easy-split.png 750w, https:\/\/www.bonacibo.com\/tr\/wp-content\/uploads\/2020\/03\/easy-split-300x119.png 300w, https:\/\/www.bonacibo.com\/tr\/wp-content\/uploads\/2020\/03\/easy-split-375x148.png 375w, https:\/\/www.bonacibo.com\/tr\/wp-content\/uploads\/2020\/03\/easy-split-600x238.png 600w, https:\/\/www.bonacibo.com\/tr\/wp-content\/uploads\/2020\/03\/easy-split-393x156.png 393w, https:\/\/www.bonacibo.com\/tr\/wp-content\/uploads\/2020\/03\/easy-split-290x115.png 290w\" sizes=\"auto, (max-width: 750px) 100vw, 750px\" \/><br \/>\n\t\t\t<a href=\"https:\/\/www.temizmama.com\/cat-sticks-etli-odul-cubuk\" target=\"_blank\" title=\"temizmama.com online sipari\u015f\" rel=\"noopener\">temizmama.com online sipari\u015f<\/a>\t\t<\/p>\n<ol>\n<li >Bonacibo Cat Sticks ve Bonacibo Dog Sticks \u00f6d\u00fcl \u00e7ubuklar\u0131 yavru kedi-k\u00f6pekler i\u00e7in kullan\u0131labilir mi? Kullan\u0131labilir ise g\u00fcnl\u00fck verilmesi gereken miktar ne kadar olmal\u0131d\u0131r?\n<p>\u00d6d\u00fcl \u00e7ubuklar\u0131m\u0131z yavru kedi ve k\u00f6pekler taraf\u0131ndan kullan\u0131lmak i\u00e7in uygundur. G\u00fcnl\u00fck kullan\u0131m miktarlar\u0131 1 ile 2 \u00e7ubuk aras\u0131nda de\u011fi\u015fmektedir. Taraf\u0131m\u0131zca \u00f6nerimiz, yavru dostlar\u0131m\u0131za \u00e7ubuklar\u0131 vermeden \u00f6nce k\u00fc\u00e7\u00fck par\u00e7alar halinde k\u0131rmak olacakt\u0131r.<\/p>\n<\/li>\n<\/ol>\n<p>\t\t[rcblock id=&#8221;6963&#8243;]<\/p>\n","protected":false},"excerpt":{"rendered":"<p>Yeti\u015fkin Kediler i\u00e7in \u00d6d\u00fcl \u00c7ubuklar\u0131 Bonacibo Cat Sticks Yeti\u015fkin Kediler i\u00e7in Ci\u011ferli ve Tavuklu \u00d6d\u00fcl \u00c7ubu\u011fu \u0130\u00e7indekiler Et ve et \u00fcr\u00fcnleri (%6 k\u00fcmes hayvanlar\u0131, %6 ci\u011fer), bitkisel \u00fcr\u00fcnler, mineraller. 50 Gr&#8217;l\u0131k bir paket i\u00e7erisinde 5 Gram x 10 par\u00e7a \u00f6d\u00fcl \u00e7ubu\u011fu bulunmaktad\u0131r. 3&#8217;l\u00fc paketler halinde sat\u0131lmaktad\u0131r \u00d6d\u00fcl mamalar\u0131n\u0131n haricinde, besinsel de\u011ferleri tam ve besleyici bir [&hellip;]<\/p>\n","protected":false},"author":2,"featured_media":0,"parent":0,"menu_order":0,"comment_status":"closed","ping_status":"closed","template":"","meta":{"footnotes":""},"class_list":["post-7383","page","type-page","status-publish","hentry"],"_links":{"self":[{"href":"https:\/\/www.bonacibo.com\/tr\/wp-json\/wp\/v2\/pages\/7383","targetHints":{"allow":["GET"]}}],"collection":[{"href":"https:\/\/www.bonacibo.com\/tr\/wp-json\/wp\/v2\/pages"}],"about":[{"href":"https:\/\/www.bonacibo.com\/tr\/wp-json\/wp\/v2\/types\/page"}],"author":[{"embeddable":true,"href":"https:\/\/www.bonacibo.com\/tr\/wp-json\/wp\/v2\/users\/2"}],"replies":[{"embeddable":true,"href":"https:\/\/www.bonacibo.com\/tr\/wp-json\/wp\/v2\/comments?post=7383"}],"version-history":[{"count":3,"href":"https:\/\/www.bonacibo.com\/tr\/wp-json\/wp\/v2\/pages\/7383\/revisions"}],"predecessor-version":[{"id":9758,"href":"https:\/\/www.bonacibo.com\/tr\/wp-json\/wp\/v2\/pages\/7383\/revisions\/9758"}],"wp:attachment":[{"href":"https:\/\/www.bonacibo.com\/tr\/wp-json\/wp\/v2\/media?parent=7383"}],"curies":[{"name":"wp","href":"https:\/\/api.w.org\/{rel}","templated":true}]}}