{"id":7370,"date":"2020-03-09T10:13:50","date_gmt":"2020-03-09T10:13:50","guid":{"rendered":"https:\/\/www.bonacibo.com\/tr\/?page_id=7370"},"modified":"2022-11-15T11:16:24","modified_gmt":"2022-11-15T08:16:24","slug":"dog-sticks","status":"publish","type":"page","link":"https:\/\/www.bonacibo.com\/tr\/dog-sticks\/","title":{"rendered":"Bonacibo Dog Sticks"},"content":{"rendered":"<p><img decoding=\"async\" width=\"1200\" height=\"872\" src=\"https:\/\/www.bonacibo.com\/tr\/wp-content\/uploads\/2020\/03\/dog-stick-grup.png\" alt=\"\" loading=\"lazy\" srcset=\"https:\/\/www.bonacibo.com\/tr\/wp-content\/uploads\/2020\/03\/dog-stick-grup.png 1200w, https:\/\/www.bonacibo.com\/tr\/wp-content\/uploads\/2020\/03\/dog-stick-grup-300x218.png 300w, https:\/\/www.bonacibo.com\/tr\/wp-content\/uploads\/2020\/03\/dog-stick-grup-1024x744.png 1024w, https:\/\/www.bonacibo.com\/tr\/wp-content\/uploads\/2020\/03\/dog-stick-grup-768x558.png 768w, https:\/\/www.bonacibo.com\/tr\/wp-content\/uploads\/2020\/03\/dog-stick-grup-600x436.png 600w, https:\/\/www.bonacibo.com\/tr\/wp-content\/uploads\/2020\/03\/dog-stick-grup-915x665.png 915w, https:\/\/www.bonacibo.com\/tr\/wp-content\/uploads\/2020\/03\/dog-stick-grup-393x286.png 393w, https:\/\/www.bonacibo.com\/tr\/wp-content\/uploads\/2020\/03\/dog-stick-grup-290x211.png 290w\" sizes=\"auto, (max-width: 1200px) 100vw, 1200px\" \/><br \/>\n\t\t\t\t\t\tYeti\u015fkin K\u00f6pekler i\u00e7in \u00d6d\u00fcl \u00c7ubuklar\u0131<br \/>\n\t\t\t\t\t\t<H1 >Bonacibo Dog Sticks<svg width=\"95\" height=\"10\" viewBox=\"0 0 95 10\" xmlns=\"http:\/\/www.w3.org\/2000\/svg\"><path d=\"M1 8l11.54-6 11.538 6 11.54-6 11.538 6 11.538-6 11.54 6L81.77 2 94 8\" stroke-width=\"3\" stroke=\"#6CC139\" fill=\"none\" fill-rule=\"evenodd\"\/><\/svg><\/H1><br \/>\n\t\t\t\t\t\t\t\t\t\t\t\t<img decoding=\"async\" width=\"865\" height=\"800\" src=\"https:\/\/www.bonacibo.com\/tr\/wp-content\/uploads\/2020\/03\/Dog-Sticks-Urun.png\" alt=\"\" loading=\"lazy\" srcset=\"https:\/\/www.bonacibo.com\/tr\/wp-content\/uploads\/2020\/03\/Dog-Sticks-Urun.png 865w, https:\/\/www.bonacibo.com\/tr\/wp-content\/uploads\/2020\/03\/Dog-Sticks-Urun-300x277.png 300w, https:\/\/www.bonacibo.com\/tr\/wp-content\/uploads\/2020\/03\/Dog-Sticks-Urun-768x710.png 768w, https:\/\/www.bonacibo.com\/tr\/wp-content\/uploads\/2020\/03\/Dog-Sticks-Urun-432x400.png 432w, https:\/\/www.bonacibo.com\/tr\/wp-content\/uploads\/2020\/03\/Dog-Sticks-Urun-600x555.png 600w, https:\/\/www.bonacibo.com\/tr\/wp-content\/uploads\/2020\/03\/Dog-Sticks-Urun-393x363.png 393w, https:\/\/www.bonacibo.com\/tr\/wp-content\/uploads\/2020\/03\/Dog-Sticks-Urun-290x268.png 290w\" sizes=\"auto, (max-width: 865px) 100vw, 865px\" \/><br \/>\n\t\t\t\t\t\tYeti\u015fkin K\u00f6pekler i\u00e7in Dana Etli \u00d6d\u00fcl \u00c7ubu\u011fu<\/p>\n<h4 >\u0130\u00e7indekiler<svg width=\"95\" height=\"10\" viewBox=\"0 0 95 10\" xmlns=\"http:\/\/www.w3.org\/2000\/svg\"><path d=\"M1 8l11.54-6 11.538 6 11.54-6 11.538 6 11.538-6 11.54 6L81.77 2 94 8\" stroke-width=\"3\" stroke=\"#6CC139\" fill=\"none\" fill-rule=\"evenodd\"\/><\/svg><\/h4>\n<p>Et ve et \u00fcr\u00fcnleri (%4 dana eti), bitkisel \u00fcr\u00fcnler, mineraller, bitkisel ya\u011flar.<\/p>\n<p>55 Gr&#8217;l\u0131k bir paket i\u00e7erisinde 11 Gram x 5 par\u00e7a \u00f6d\u00fcl \u00e7ubu\u011fu bulunmaktad\u0131r.\u00a0<\/p>\n<p>K\u00f6pe\u011finizin e\u011fitiminde veya \u00f6d\u00fcl olarak verilebilir. \u00d6d\u00fcl mamalar\u0131n\u0131n haricinde, besinsel de\u011ferleri tam ve besleyici bir mama da verilmelidir. L\u00fctfen, k\u00f6pe\u011finizin ula\u015fabilece\u011fi bir yerde her zaman taze ve temiz su bulundurmay\u0131 ihmal etmeyiniz.<\/p>\n<h4 >Analitik Bile\u015fenler<\/h4>\n<table>\n<tbody>\n<tr>\n<td scope=\"row\">Nem \u0130\u00e7eri\u011fi<\/td>\n<td>% 30<\/td>\n<\/tr>\n<tr>\n<td scope=\"row\">Ham Protein<\/td>\n<td>% 39<\/td>\n<\/tr>\n<tr>\n<td scope=\"row\">Ya\u011f \u0130\u00e7eri\u011fi<\/td>\n<td>% 18<\/td>\n<\/tr>\n<tr>\n<td scope=\"row\">Ham K\u00fcl<\/td>\n<td>% 9<\/td>\n<\/tr>\n<tr>\n<td scope=\"row\">Ham Sel\u00fcloz<\/td>\n<td>% 1<\/td>\n<\/tr>\n<\/tbody>\n<\/table>\n<table style=\"width: 100%; border: none;\" border=\"0\" cellspacing=\"0\" cellpadding=\"5px\">\n<tbody>\n<tr>\n<td style=\"background-color: #c8dcad; border: none;\">Vitamin E\u00a0<\/td>\n<td style=\"background-color: #c8dcad; border: none; text-align: right;\">80 mg\/kg\u00a0<\/td>\n<\/tr>\n<\/tbody>\n<\/table>\n<p>\t\t\t\t\t\t\t\t\t\t\t\t<img decoding=\"async\" width=\"310\" height=\"310\" src=\"https:\/\/www.bonacibo.com\/tr\/wp-content\/uploads\/2020\/03\/vitamineE.png\" alt=\"\" loading=\"lazy\" srcset=\"https:\/\/www.bonacibo.com\/tr\/wp-content\/uploads\/2020\/03\/vitamineE.png 310w, https:\/\/www.bonacibo.com\/tr\/wp-content\/uploads\/2020\/03\/vitamineE-300x300.png 300w, https:\/\/www.bonacibo.com\/tr\/wp-content\/uploads\/2020\/03\/vitamineE-150x150.png 150w, https:\/\/www.bonacibo.com\/tr\/wp-content\/uploads\/2020\/03\/vitamineE-155x155.png 155w, https:\/\/www.bonacibo.com\/tr\/wp-content\/uploads\/2020\/03\/vitamineE-290x290.png 290w\" sizes=\"auto, (max-width: 310px) 100vw, 310px\" \/><br \/>\n\t\t\t<a href=\"https:\/\/www.temizmama.com\/dog-sticks-etli-odul-cubuk\" target=\"_blank\" title=\"temizmama.com online sipari\u015f\" rel=\"noopener\">temizmama.com online sipari\u015f<\/a><br \/>\n\t\t\t\t\t\t\t\t\t\t\t\t<img decoding=\"async\" width=\"419\" height=\"1024\" src=\"https:\/\/www.bonacibo.com\/tr\/wp-content\/uploads\/2020\/03\/dog-sticks-Tane-419x1024.png\" alt=\"\" loading=\"lazy\" srcset=\"https:\/\/www.bonacibo.com\/tr\/wp-content\/uploads\/2020\/03\/dog-sticks-Tane-419x1024.png 419w, https:\/\/www.bonacibo.com\/tr\/wp-content\/uploads\/2020\/03\/dog-sticks-Tane-123x300.png 123w, https:\/\/www.bonacibo.com\/tr\/wp-content\/uploads\/2020\/03\/dog-sticks-Tane-222x543.png 222w, https:\/\/www.bonacibo.com\/tr\/wp-content\/uploads\/2020\/03\/dog-sticks-Tane-393x960.png 393w, https:\/\/www.bonacibo.com\/tr\/wp-content\/uploads\/2020\/03\/dog-sticks-Tane-290x708.png 290w, https:\/\/www.bonacibo.com\/tr\/wp-content\/uploads\/2020\/03\/dog-sticks-Tane.png 445w\" sizes=\"auto, (max-width: 419px) 100vw, 419px\" \/>\t\t\t\t\t\t\t\t\t\t\t\t\t\t<\/p>\n<ol>\n<li >Bonacibo Cat Sticks ve Bonacibo Dog Sticks \u00f6d\u00fcl \u00e7ubuklar\u0131 yavru kedi-k\u00f6pekler i\u00e7in kullan\u0131labilir mi? Kullan\u0131labilir ise g\u00fcnl\u00fck verilmesi gereken miktar ne kadar olmal\u0131d\u0131r?\n<p>\u00d6d\u00fcl \u00e7ubuklar\u0131m\u0131z yavru kedi ve k\u00f6pekler taraf\u0131ndan kullan\u0131lmak i\u00e7in uygundur. G\u00fcnl\u00fck kullan\u0131m miktarlar\u0131 1 ile 2 \u00e7ubuk aras\u0131nda de\u011fi\u015fmektedir. Taraf\u0131m\u0131zca \u00f6nerimiz, yavru dostlar\u0131m\u0131za \u00e7ubuklar\u0131 vermeden \u00f6nce k\u00fc\u00e7\u00fck par\u00e7alar halinde k\u0131rmak olacakt\u0131r.<\/p>\n<\/li>\n<\/ol>\n<p>\t\t[rcblock id=&#8221;7556&#8243;]<\/p>\n","protected":false},"excerpt":{"rendered":"<p>Yeti\u015fkin K\u00f6pekler i\u00e7in \u00d6d\u00fcl \u00c7ubuklar\u0131 Bonacibo Dog Sticks Yeti\u015fkin K\u00f6pekler i\u00e7in Dana Etli \u00d6d\u00fcl \u00c7ubu\u011fu \u0130\u00e7indekiler Et ve et \u00fcr\u00fcnleri (%4 dana eti), bitkisel \u00fcr\u00fcnler, mineraller, bitkisel ya\u011flar. 55 Gr&#8217;l\u0131k bir paket i\u00e7erisinde 11 Gram x 5 par\u00e7a \u00f6d\u00fcl \u00e7ubu\u011fu bulunmaktad\u0131r.\u00a0 K\u00f6pe\u011finizin e\u011fitiminde veya \u00f6d\u00fcl olarak verilebilir. \u00d6d\u00fcl mamalar\u0131n\u0131n haricinde, besinsel de\u011ferleri tam ve besleyici [&hellip;]<\/p>\n","protected":false},"author":2,"featured_media":0,"parent":0,"menu_order":0,"comment_status":"closed","ping_status":"closed","template":"","meta":{"footnotes":""},"class_list":["post-7370","page","type-page","status-publish","hentry"],"_links":{"self":[{"href":"https:\/\/www.bonacibo.com\/tr\/wp-json\/wp\/v2\/pages\/7370","targetHints":{"allow":["GET"]}}],"collection":[{"href":"https:\/\/www.bonacibo.com\/tr\/wp-json\/wp\/v2\/pages"}],"about":[{"href":"https:\/\/www.bonacibo.com\/tr\/wp-json\/wp\/v2\/types\/page"}],"author":[{"embeddable":true,"href":"https:\/\/www.bonacibo.com\/tr\/wp-json\/wp\/v2\/users\/2"}],"replies":[{"embeddable":true,"href":"https:\/\/www.bonacibo.com\/tr\/wp-json\/wp\/v2\/comments?post=7370"}],"version-history":[{"count":3,"href":"https:\/\/www.bonacibo.com\/tr\/wp-json\/wp\/v2\/pages\/7370\/revisions"}],"predecessor-version":[{"id":9755,"href":"https:\/\/www.bonacibo.com\/tr\/wp-json\/wp\/v2\/pages\/7370\/revisions\/9755"}],"wp:attachment":[{"href":"https:\/\/www.bonacibo.com\/tr\/wp-json\/wp\/v2\/media?parent=7370"}],"curies":[{"name":"wp","href":"https:\/\/api.w.org\/{rel}","templated":true}]}}