{"id":7317,"date":"2020-03-06T14:49:25","date_gmt":"2020-03-06T14:49:25","guid":{"rendered":"https:\/\/www.bonacibo.com\/tr\/?page_id=7317"},"modified":"2020-08-05T12:35:09","modified_gmt":"2020-08-05T09:35:09","slug":"bonacibo-pouch-kopek-mamalari","status":"publish","type":"page","link":"https:\/\/www.bonacibo.com\/tr\/bonacibo-pouch-kopek-mamalari\/","title":{"rendered":"Bonacibo Pouch K\u00f6pek Mamalar\u0131"},"content":{"rendered":"<p><img loading=\"lazy\" decoding=\"async\" width=\"900\" height=\"872\" src=\"https:\/\/www.bonacibo.com\/tr\/wp-content\/uploads\/2020\/03\/dog-pouch-grup.png\" alt=\"\" srcset=\"https:\/\/www.bonacibo.com\/tr\/wp-content\/uploads\/2020\/03\/dog-pouch-grup.png 900w, https:\/\/www.bonacibo.com\/tr\/wp-content\/uploads\/2020\/03\/dog-pouch-grup-300x291.png 300w, https:\/\/www.bonacibo.com\/tr\/wp-content\/uploads\/2020\/03\/dog-pouch-grup-768x744.png 768w, https:\/\/www.bonacibo.com\/tr\/wp-content\/uploads\/2020\/03\/dog-pouch-grup-450x436.png 450w, https:\/\/www.bonacibo.com\/tr\/wp-content\/uploads\/2020\/03\/dog-pouch-grup-600x581.png 600w, https:\/\/www.bonacibo.com\/tr\/wp-content\/uploads\/2020\/03\/dog-pouch-grup-393x381.png 393w, https:\/\/www.bonacibo.com\/tr\/wp-content\/uploads\/2020\/03\/dog-pouch-grup-290x281.png 290w\" sizes=\"auto, (max-width: 900px) 100vw, 900px\" \/><br \/>\n\t\t\t\t\t\tPouch Ambalajda Yeti\u015fkin ve Yavru Ya\u015f K\u00f6pek Mamalar\u0131<br \/>\n\t\t\t\t\t\t<H1 >Bonacibo Po\u015fet K\u00f6pek Mamalar\u0131<svg width=\"95\" height=\"10\" viewBox=\"0 0 95 10\" xmlns=\"http:\/\/www.w3.org\/2000\/svg\"><path d=\"M1 8l11.54-6 11.538 6 11.54-6 11.538 6 11.538-6 11.54 6L81.77 2 94 8\" stroke-width=\"3\" stroke=\"#6CC139\" fill=\"none\" fill-rule=\"evenodd\"\/><\/svg><\/H1><br \/>\n\t\t\t\t\t\t\t\t\t\t<img loading=\"lazy\" decoding=\"async\" width=\"488\" height=\"750\" src=\"https:\/\/www.bonacibo.com\/tr\/wp-content\/uploads\/2020\/03\/Pouch-Puppy-Chicken-Beef.png\" alt=\"\" srcset=\"https:\/\/www.bonacibo.com\/tr\/wp-content\/uploads\/2020\/03\/Pouch-Puppy-Chicken-Beef.png 488w, https:\/\/www.bonacibo.com\/tr\/wp-content\/uploads\/2020\/03\/Pouch-Puppy-Chicken-Beef-195x300.png 195w, https:\/\/www.bonacibo.com\/tr\/wp-content\/uploads\/2020\/03\/Pouch-Puppy-Chicken-Beef-244x375.png 244w, https:\/\/www.bonacibo.com\/tr\/wp-content\/uploads\/2020\/03\/Pouch-Puppy-Chicken-Beef-393x604.png 393w, https:\/\/www.bonacibo.com\/tr\/wp-content\/uploads\/2020\/03\/Pouch-Puppy-Chicken-Beef-290x446.png 290w\" sizes=\"auto, (max-width: 488px) 100vw, 488px\" \/>\t\t\t\t\t\t\t\t\t\t\t<\/p>\n<h4>Yavru<\/h4>\n<h4>Tavuklu &#038; Dana Etli<\/h4>\n<h4>J\u00f6le i\u00e7erisinde par\u00e7a etli<\/h4>\n<h4>100 g<\/h4>\n<p>\t\t\t<a href=\"#puppy-chicken\" target=\"_self\" title=\"\u0130ncele\" rel=\"noopener noreferrer\">\u0130ncele<\/a><br \/>\n\t\t\t\t\t\t\t\t\t\t<img loading=\"lazy\" decoding=\"async\" width=\"488\" height=\"750\" src=\"https:\/\/www.bonacibo.com\/tr\/wp-content\/uploads\/2020\/03\/Pouch-Dog-Chicken-Beef.png\" alt=\"\" srcset=\"https:\/\/www.bonacibo.com\/tr\/wp-content\/uploads\/2020\/03\/Pouch-Dog-Chicken-Beef.png 488w, https:\/\/www.bonacibo.com\/tr\/wp-content\/uploads\/2020\/03\/Pouch-Dog-Chicken-Beef-195x300.png 195w, https:\/\/www.bonacibo.com\/tr\/wp-content\/uploads\/2020\/03\/Pouch-Dog-Chicken-Beef-244x375.png 244w, https:\/\/www.bonacibo.com\/tr\/wp-content\/uploads\/2020\/03\/Pouch-Dog-Chicken-Beef-393x604.png 393w, https:\/\/www.bonacibo.com\/tr\/wp-content\/uploads\/2020\/03\/Pouch-Dog-Chicken-Beef-290x446.png 290w\" sizes=\"auto, (max-width: 488px) 100vw, 488px\" \/>\t\t\t\t\t\t\t\t\t\t\t<\/p>\n<h4>Yeti\u015fkin<\/h4>\n<h4>Tavuklu &#038; Dana Etli<\/h4>\n<h4>J\u00f6le i\u00e7erisinde par\u00e7a etli<\/h4>\n<h4>100 g<\/h4>\n<p>\t\t\t<a href=\"#Adult-chicken\" target=\"_self\" title=\"\u0130ncele\" rel=\"noopener noreferrer\">\u0130ncele<\/a><br \/>\n\t\t\t\t\t\tJ\u00f6le i\u00e7erisinde par\u00e7a etli<br \/>\n\t\t\t\t\t\t<H2 >Yavru K\u00f6pek Mamas\u0131<\/H2><\/p>\n<p>Yavru dostlar\u0131m\u0131z\u0131n geli\u015fimi i\u00e7in gerekli proteini zengin miktarda i\u00e7eren yeni ya\u015f mamam\u0131za merhaba deyin!<\/p>\n<h4 >\u0130\u00e7indekiler<svg width=\"95\" height=\"10\" viewBox=\"0 0 95 10\" xmlns=\"http:\/\/www.w3.org\/2000\/svg\"><path d=\"M1 8l11.54-6 11.538 6 11.54-6 11.538 6 11.538-6 11.54 6L81.77 2 94 8\" stroke-width=\"3\" stroke=\"#6CC139\" fill=\"none\" fill-rule=\"evenodd\"\/><\/svg><\/h4>\n<p>Et ve Et \u00dcr\u00fcnleri [%73 (en az %4 Dana Eti, en az %4 Tavuk Eti)], Tah\u0131llar, Bitkisel Ya\u011f, Bitkisel Protein \u00d6zleri, Mineraller.<\/p>\n<p>\t\t\t\t\t\t\t\t\t\t<img loading=\"lazy\" decoding=\"async\" width=\"750\" height=\"173\" src=\"https:\/\/www.bonacibo.com\/tr\/wp-content\/uploads\/2020\/03\/vitamin-minerals-.png\" alt=\"\" srcset=\"https:\/\/www.bonacibo.com\/tr\/wp-content\/uploads\/2020\/03\/vitamin-minerals-.png 750w, https:\/\/www.bonacibo.com\/tr\/wp-content\/uploads\/2020\/03\/vitamin-minerals--300x69.png 300w, https:\/\/www.bonacibo.com\/tr\/wp-content\/uploads\/2020\/03\/vitamin-minerals--375x86.png 375w, https:\/\/www.bonacibo.com\/tr\/wp-content\/uploads\/2020\/03\/vitamin-minerals--600x138.png 600w, https:\/\/www.bonacibo.com\/tr\/wp-content\/uploads\/2020\/03\/vitamin-minerals--393x91.png 393w, https:\/\/www.bonacibo.com\/tr\/wp-content\/uploads\/2020\/03\/vitamin-minerals--290x67.png 290w\" sizes=\"auto, (max-width: 750px) 100vw, 750px\" \/><br \/>\n\t\t\t\t\t\t\t\t\t\t<img loading=\"lazy\" decoding=\"async\" width=\"563\" height=\"399\" src=\"https:\/\/www.bonacibo.com\/tr\/wp-content\/uploads\/2020\/03\/Puppy-Chicken-Beef-R.png\" alt=\"\" srcset=\"https:\/\/www.bonacibo.com\/tr\/wp-content\/uploads\/2020\/03\/Puppy-Chicken-Beef-R.png 563w, https:\/\/www.bonacibo.com\/tr\/wp-content\/uploads\/2020\/03\/Puppy-Chicken-Beef-R-300x213.png 300w, https:\/\/www.bonacibo.com\/tr\/wp-content\/uploads\/2020\/03\/Puppy-Chicken-Beef-R-281x199.png 281w, https:\/\/www.bonacibo.com\/tr\/wp-content\/uploads\/2020\/03\/Puppy-Chicken-Beef-R-393x279.png 393w, https:\/\/www.bonacibo.com\/tr\/wp-content\/uploads\/2020\/03\/Puppy-Chicken-Beef-R-290x206.png 290w\" sizes=\"auto, (max-width: 563px) 100vw, 563px\" \/><br \/>\n\t\t\t\t\t\t\t\t\t\t<img loading=\"lazy\" decoding=\"async\" width=\"488\" height=\"750\" src=\"https:\/\/www.bonacibo.com\/tr\/wp-content\/uploads\/2020\/03\/Pouch-Puppy-Chicken-Beef.png\" alt=\"\" srcset=\"https:\/\/www.bonacibo.com\/tr\/wp-content\/uploads\/2020\/03\/Pouch-Puppy-Chicken-Beef.png 488w, https:\/\/www.bonacibo.com\/tr\/wp-content\/uploads\/2020\/03\/Pouch-Puppy-Chicken-Beef-195x300.png 195w, https:\/\/www.bonacibo.com\/tr\/wp-content\/uploads\/2020\/03\/Pouch-Puppy-Chicken-Beef-244x375.png 244w, https:\/\/www.bonacibo.com\/tr\/wp-content\/uploads\/2020\/03\/Pouch-Puppy-Chicken-Beef-393x604.png 393w, https:\/\/www.bonacibo.com\/tr\/wp-content\/uploads\/2020\/03\/Pouch-Puppy-Chicken-Beef-290x446.png 290w\" sizes=\"auto, (max-width: 488px) 100vw, 488px\" \/>\t\t\t\t\t\t\t\t\t\t\t<\/p>\n<h4 >Analitik Bile\u015fenler<\/h4>\n<table>\n<tbody>\n<tr>\n<td scope=\"row\">Protein<\/td>\n<td>% 8<\/td>\n<\/tr>\n<tr>\n<td scope=\"row\">Ham Ya\u011f<\/td>\n<td>% 7<\/td>\n<\/tr>\n<tr>\n<td scope=\"row\">Ham Sel\u00fcloz (Lif)<\/td>\n<td>% 0,5<\/td>\n<\/tr>\n<tr>\n<td scope=\"row\">Ham K\u00fcl<\/td>\n<td>% 2<\/td>\n<\/tr>\n<tr>\n<td scope=\"row\">Su \u0130\u00e7eri\u011fi<\/td>\n<td>% 80<\/td>\n<\/tr>\n<\/tbody>\n<\/table>\n<table style=\"width: 100%; border: none;\" border=\"0\" cellspacing=\"0\" cellpadding=\"5px\">\n<tbody>\n<tr>\n<td style=\"background-color: #c8dcad; border: none;\">Vitamin D3\u00a0<\/td>\n<td style=\"background-color: #c8dcad; border: none; text-align: right;\">255 IU\/kg\u00a0<\/td>\n<\/tr>\n<tr>\n<td style=\"border: none;\">Vitamin E<\/td>\n<td style=\"border: none; text-align: right;\">170 mg\/kg\u00a0<\/td>\n<\/tr>\n<tr>\n<td style=\"background-color: #c8dcad; border: none;\">Vitamin B1<\/td>\n<td style=\"background-color: #c8dcad; border: none; text-align: right;\">3,04 mg\/kg\u00a0<\/td>\n<\/tr>\n<tr>\n<td style=\"border: none;\">Kalsiyum D<\/td>\n<td style=\"border: none; text-align: right;\">3,57 mg\/kg\u00a0<\/td>\n<\/tr>\n<tr>\n<td style=\"background-color: #c8dcad; border: none;\">Folik Asit<\/td>\n<td style=\"background-color: #c8dcad; border: none; text-align: right;\">0,84 mg\/kg\u00a0<\/td>\n<\/tr>\n<tr>\n<td style=\"border: none;\">Taurin<\/td>\n<td style=\"border: none; text-align: right;\">860 mg\/kg\u00a0<\/td>\n<\/tr>\n<\/tbody>\n<\/table>\n<p>\t\t\t<a href=\"https:\/\/www.temizmama.com\/tavuklu-danaetli-pouch-yavru-kopek-yas-mama\" target=\"_blank\" title=\"temizmama.com online sipari\u015f\" rel=\"noopener noreferrer\">temizmama.com online sipari\u015f<\/a>\t\t<\/p>\n<table style=\"width: 100%; border: none;\" border=\"0\" cellspacing=\"0\" cellpadding=\"5px\">\n<tbody>\n<tr>\n<td style=\"background-color: #c8dcad; border: none;\">Kolin Klor\u00fcr <\/td>\n<td style=\"background-color: #c8dcad; border: none; text-align: right;\">1,5 g\/kg\u00a0<\/td>\n<\/tr>\n<tr>\n<td style=\"border: none;\">\u00c7inko S\u00fclfat\u00a0<\/td>\n<td style=\"border: none; text-align: right;\">9,42 mg\/kg\u00a0<\/td>\n<\/tr>\n<tr>\n<td style=\"background-color: #c8dcad; border: none;\">Mangan S\u00fclfat<\/td>\n<td style=\"background-color: #c8dcad; border: none; text-align: right;\">4,91 mg\/kg\u00a0<\/td>\n<\/tr>\n<tr>\n<td style=\"border: none;\">Potasyum \u0130yod\u00fcr<\/td>\n<td style=\"border: none; text-align: right;\">0,46 mg\/kg\u00a0<\/td>\n<\/tr>\n<tr>\n<td style=\"background-color: #c8dcad; border: none;\">Sodium Selenit<\/td>\n<td style=\"background-color: #c8dcad; border: none; text-align: right;\">0,2 \u00b5g\/kg\u00a0<\/td>\n<\/tr>\n<tr>\n<td style=\"border: none;\">Glisin<\/td>\n<td style=\"border: none; text-align: right;\">5,1 g\/kg\u00a0<\/td>\n<\/tr>\n<\/tbody>\n<\/table>\n<p>\t\t\t\t\t\t\t\t\t\t<img loading=\"lazy\" decoding=\"async\" width=\"488\" height=\"750\" src=\"https:\/\/www.bonacibo.com\/tr\/wp-content\/uploads\/2020\/03\/Pouch-Dog-Chicken-Beef.png\" alt=\"\" srcset=\"https:\/\/www.bonacibo.com\/tr\/wp-content\/uploads\/2020\/03\/Pouch-Dog-Chicken-Beef.png 488w, https:\/\/www.bonacibo.com\/tr\/wp-content\/uploads\/2020\/03\/Pouch-Dog-Chicken-Beef-195x300.png 195w, https:\/\/www.bonacibo.com\/tr\/wp-content\/uploads\/2020\/03\/Pouch-Dog-Chicken-Beef-244x375.png 244w, https:\/\/www.bonacibo.com\/tr\/wp-content\/uploads\/2020\/03\/Pouch-Dog-Chicken-Beef-393x604.png 393w, https:\/\/www.bonacibo.com\/tr\/wp-content\/uploads\/2020\/03\/Pouch-Dog-Chicken-Beef-290x446.png 290w\" sizes=\"auto, (max-width: 488px) 100vw, 488px\" \/><br \/>\n\t\t\t\t\t\t\t\t\t\t<img loading=\"lazy\" decoding=\"async\" width=\"563\" height=\"399\" src=\"https:\/\/www.bonacibo.com\/tr\/wp-content\/uploads\/2020\/03\/Dog-Chicken-Beef-R.png\" alt=\"\" srcset=\"https:\/\/www.bonacibo.com\/tr\/wp-content\/uploads\/2020\/03\/Dog-Chicken-Beef-R.png 563w, https:\/\/www.bonacibo.com\/tr\/wp-content\/uploads\/2020\/03\/Dog-Chicken-Beef-R-300x213.png 300w, https:\/\/www.bonacibo.com\/tr\/wp-content\/uploads\/2020\/03\/Dog-Chicken-Beef-R-281x199.png 281w, https:\/\/www.bonacibo.com\/tr\/wp-content\/uploads\/2020\/03\/Dog-Chicken-Beef-R-393x279.png 393w, https:\/\/www.bonacibo.com\/tr\/wp-content\/uploads\/2020\/03\/Dog-Chicken-Beef-R-290x206.png 290w\" sizes=\"auto, (max-width: 563px) 100vw, 563px\" \/><br \/>\n\t\t\t\t\t\tJ\u00f6le i\u00e7erisinde par\u00e7a etli<br \/>\n\t\t\t\t\t\t<H2 >Yeti\u015fkin K\u00f6pek Mamas\u0131<\/H2><\/p>\n<p>Zengin et i\u00e7eri\u011fi ve tamamen do\u011fal i\u00e7erikleri ile \u00fcretilmi\u015f bu mama sayesinde t\u00fcyl\u00fc dostlar\u0131m\u0131z\u0131n ba\u011f\u0131\u015f\u0131kl\u0131k sistemi g\u00fc\u00e7lenecek ve d\u0131\u015fsal etkenlerden en iyi \u015fekilde korunacak!<\/p>\n<h4 >\u0130\u00e7indekiler<svg width=\"95\" height=\"10\" viewBox=\"0 0 95 10\" xmlns=\"http:\/\/www.w3.org\/2000\/svg\"><path d=\"M1 8l11.54-6 11.538 6 11.54-6 11.538 6 11.538-6 11.54 6L81.77 2 94 8\" stroke-width=\"3\" stroke=\"#6CC139\" fill=\"none\" fill-rule=\"evenodd\"\/><\/svg><\/h4>\n<p>Et ve Et \u00dcr\u00fcnleri [%82 (en az %4 Dana Eti, en az %4 Tavuk Eti)], Tah\u0131llar, Bitkisel Protein \u00d6zleri, Mineraller.<\/p>\n<p>\t\t\t\t\t\t\t\t\t\t<img loading=\"lazy\" decoding=\"async\" width=\"750\" height=\"173\" src=\"https:\/\/www.bonacibo.com\/tr\/wp-content\/uploads\/2020\/03\/vitamin-minerals-.png\" alt=\"\" srcset=\"https:\/\/www.bonacibo.com\/tr\/wp-content\/uploads\/2020\/03\/vitamin-minerals-.png 750w, https:\/\/www.bonacibo.com\/tr\/wp-content\/uploads\/2020\/03\/vitamin-minerals--300x69.png 300w, https:\/\/www.bonacibo.com\/tr\/wp-content\/uploads\/2020\/03\/vitamin-minerals--375x86.png 375w, https:\/\/www.bonacibo.com\/tr\/wp-content\/uploads\/2020\/03\/vitamin-minerals--600x138.png 600w, https:\/\/www.bonacibo.com\/tr\/wp-content\/uploads\/2020\/03\/vitamin-minerals--393x91.png 393w, https:\/\/www.bonacibo.com\/tr\/wp-content\/uploads\/2020\/03\/vitamin-minerals--290x67.png 290w\" sizes=\"auto, (max-width: 750px) 100vw, 750px\" \/>\t\t\t\t\t\t\t\t\t\t\t<\/p>\n<h4 >Analitik Bile\u015fenler<\/h4>\n<table>\n<tbody>\n<tr>\n<td scope=\"row\">Protein<\/td>\n<td>% 7<\/td>\n<\/tr>\n<tr>\n<td scope=\"row\">Ham Ya\u011f<\/td>\n<td>% 4<\/td>\n<\/tr>\n<tr>\n<td scope=\"row\">Ham Sel\u00fcloz (Lif)<\/td>\n<td>% 0,4<\/td>\n<\/tr>\n<tr>\n<td scope=\"row\">Ham K\u00fcl<\/td>\n<td>% 2,5<\/td>\n<\/tr>\n<tr>\n<td scope=\"row\">Su \u0130\u00e7eri\u011fi<\/td>\n<td>% 82<\/td>\n<\/tr>\n<\/tbody>\n<\/table>\n<table style=\"width: 100%; border: none;\" border=\"0\" cellspacing=\"0\" cellpadding=\"5px\">\n<tbody>\n<tr>\n<td style=\"background-color: #c8dcad; border: none;\">Vitamin D3\u00a0<\/td>\n<td style=\"background-color: #c8dcad; border: none; text-align: right;\">100 IU\/kg\u00a0<\/td>\n<\/tr>\n<tr>\n<td style=\"border: none;\">Vitamin E<\/td>\n<td style=\"border: none; text-align: right;\">8 mg\/kg\u00a0<\/td>\n<\/tr>\n<tr>\n<td style=\"background-color: #c8dcad; border: none;\">Vitamin B1<\/td>\n<td style=\"background-color: #c8dcad; border: none; text-align: right;\">0,5 mg\/kg\u00a0<\/td>\n<\/tr>\n<tr>\n<td style=\"border: none;\">Kalsiyum D<\/td>\n<td style=\"border: none; text-align: right;\">0,5 mg\/kg\u00a0<\/td>\n<\/tr>\n<tr>\n<td style=\"background-color: #c8dcad; border: none;\">Folik Asit<\/td>\n<td style=\"background-color: #c8dcad; border: none; text-align: right;\">0,113 mg\/kg\u00a0<\/td>\n<\/tr>\n<tr>\n<td style=\"border: none;\">Taurin<\/td>\n<td style=\"border: none; text-align: right;\">233 mg\/kg\u00a0<\/td>\n<\/tr>\n<\/tbody>\n<\/table>\n<p>\t\t\t<a href=\"https:\/\/www.temizmama.com\/tavuklu-danaetli-pouch-kopek-yas-mama\" target=\"_blank\" title=\"temizmama.com online sipari\u015f\" rel=\"noopener noreferrer\">temizmama.com online sipari\u015f<\/a>\t\t<\/p>\n<table style=\"width: 100%; border: none;\" border=\"0\" cellspacing=\"0\" cellpadding=\"5px\">\n<tbody>\n<tr>\n<td style=\"background-color: #c8dcad; border: none;\">Kolin Klor\u00fcr <\/td>\n<td style=\"background-color: #c8dcad; border: none; text-align: right;\">1,4 g\/kg\u00a0<\/td>\n<\/tr>\n<tr>\n<td style=\"border: none;\">\u00c7inko S\u00fclfat\u00a0<\/td>\n<td style=\"border: none; text-align: right;\">8,48 mg\/kg\u00a0<\/td>\n<\/tr>\n<tr>\n<td style=\"background-color: #c8dcad; border: none;\">Mangan S\u00fclfat<\/td>\n<td style=\"background-color: #c8dcad; border: none; text-align: right;\">0,5 mg\/kg\u00a0<\/td>\n<\/tr>\n<tr>\n<td style=\"border: none;\">Potasyum \u0130yod\u00fcr<\/td>\n<td style=\"border: none; text-align: right;\">0,42 mg\/kg\u00a0<\/td>\n<\/tr>\n<tr>\n<td style=\"background-color: #c8dcad; border: none;\">Sodium Selenit<\/td>\n<td style=\"background-color: #c8dcad; border: none; text-align: right;\">0,18 \u00b5g\/kg\u00a0<\/td>\n<\/tr>\n<tr>\n<td style=\"border: none;\">Glisin<\/td>\n<td style=\"border: none; text-align: right;\">5,4 g\/kg\u00a0<\/td>\n<\/tr>\n<\/tbody>\n<\/table>\n<ol>\n<li >Pouch mama ile kuru maman\u0131n beraber kullan\u0131lmas\u0131 durumunda g\u00fcnl\u00fck vermem gereken mama miktar\u0131 ne kadar olmal\u0131d\u0131r?\n<p>Ya\u015f ve kuru maman\u0131n bir arada kullan\u0131lmas\u0131 ile yap\u0131lan beslemelerde her iki mama paketinin arkas\u0131nda belirtilen g\u00fcnl\u00fck verilmesi gereken mama miktarlar\u0131n\u0131n yar\u0131ya d\u00fc\u015f\u00fcr\u00fclmesi \u00f6nerilmektedir.<\/p>\n<\/li>\n<li >Tavuklu \u00fcr\u00fcnlere kar\u015f\u0131 besinsel hassasiyeti olan yavru kedi\/k\u00f6pe\u011fim i\u00e7in tavuk i\u00e7ermeyen yeti\u015fkin pouch mamalar\u0131n kullan\u0131lmas\u0131nda herhangi bir sak\u0131nca var m\u0131d\u0131r?\n<p>Yeti\u015fkin kedi\/k\u00f6pek mamalar\u0131 yeti\u015fkinlerin besinsel ihtiyac\u0131na g\u00f6re d\u00fczenlendi\u011finden yavru mamalar\u0131na g\u00f6re daha d\u00fc\u015f\u00fck oranda protein, vitamin, omega3, omega6 ve aminoasitler i\u00e7ermektedir. Yavrular i\u00e7in \u00fcretimi yap\u0131lan kuru mamalar ile beraber yeti\u015fkin ya\u015f mamalar\u0131n\u0131n kar\u0131\u015ft\u0131r\u0131larak verilmesi durumunda yeti\u015fkin pouch mamalar\u0131n kullan\u0131m\u0131nda herhangi bir sak\u0131nca bulunmamaktad\u0131r.<\/p>\n<\/li>\n<\/ol>\n<p>\t\t[rcblock id=&#8221;7556&#8243;]<\/p>\n","protected":false},"excerpt":{"rendered":"<p>Pouch Ambalajda Yeti\u015fkin ve Yavru Ya\u015f K\u00f6pek Mamalar\u0131 Bonacibo Po\u015fet K\u00f6pek Mamalar\u0131 Yavru Tavuklu &#038; Dana Etli J\u00f6le i\u00e7erisinde par\u00e7a etli 100 g \u0130ncele Yeti\u015fkin Tavuklu &#038; Dana Etli J\u00f6le i\u00e7erisinde par\u00e7a etli 100 g \u0130ncele J\u00f6le i\u00e7erisinde par\u00e7a etli Yavru K\u00f6pek Mamas\u0131 Yavru dostlar\u0131m\u0131z\u0131n geli\u015fimi i\u00e7in gerekli proteini zengin miktarda i\u00e7eren yeni ya\u015f mamam\u0131za [&hellip;]<\/p>\n","protected":false},"author":2,"featured_media":0,"parent":0,"menu_order":0,"comment_status":"closed","ping_status":"closed","template":"","meta":{"footnotes":""},"class_list":["post-7317","page","type-page","status-publish","hentry"],"_links":{"self":[{"href":"https:\/\/www.bonacibo.com\/tr\/wp-json\/wp\/v2\/pages\/7317","targetHints":{"allow":["GET"]}}],"collection":[{"href":"https:\/\/www.bonacibo.com\/tr\/wp-json\/wp\/v2\/pages"}],"about":[{"href":"https:\/\/www.bonacibo.com\/tr\/wp-json\/wp\/v2\/types\/page"}],"author":[{"embeddable":true,"href":"https:\/\/www.bonacibo.com\/tr\/wp-json\/wp\/v2\/users\/2"}],"replies":[{"embeddable":true,"href":"https:\/\/www.bonacibo.com\/tr\/wp-json\/wp\/v2\/comments?post=7317"}],"version-history":[{"count":0,"href":"https:\/\/www.bonacibo.com\/tr\/wp-json\/wp\/v2\/pages\/7317\/revisions"}],"wp:attachment":[{"href":"https:\/\/www.bonacibo.com\/tr\/wp-json\/wp\/v2\/media?parent=7317"}],"curies":[{"name":"wp","href":"https:\/\/api.w.org\/{rel}","templated":true}]}}