{"id":7102,"date":"2020-03-04T15:24:55","date_gmt":"2020-03-04T15:24:55","guid":{"rendered":"https:\/\/www.bonacibo.com\/tr\/?page_id=7102"},"modified":"2022-11-15T11:14:39","modified_gmt":"2022-11-15T08:14:39","slug":"kediler-icin","status":"publish","type":"page","link":"https:\/\/www.bonacibo.com\/tr\/kediler-icin\/","title":{"rendered":"Kediler \u0130\u00e7in"},"content":{"rendered":"<p>\u00e0 la carte<br \/>\n\t\t\t\t\t\t<H1 >KED\u0130LER \u0130\u00c7\u0130N<svg width=\"95\" height=\"10\" viewBox=\"0 0 95 10\" xmlns=\"http:\/\/www.w3.org\/2000\/svg\"><path d=\"M1 8l11.54-6 11.538 6 11.54-6 11.538 6 11.538-6 11.54 6L81.77 2 94 8\" stroke-width=\"3\" stroke=\"#6CC139\" fill=\"none\" fill-rule=\"evenodd\"\/><\/svg><\/H1><br \/>\n\t\t\t\t\t\t\u00e0 la carte<br \/>\n\t\t\t\t\t\t<H1 >Kuru Mamalar<svg width=\"95\" height=\"10\" viewBox=\"0 0 95 10\" xmlns=\"http:\/\/www.w3.org\/2000\/svg\"><path d=\"M1 8l11.54-6 11.538 6 11.54-6 11.538 6 11.538-6 11.54 6L81.77 2 94 8\" stroke-width=\"3\" stroke=\"#6CC139\" fill=\"none\" fill-rule=\"evenodd\"\/><\/svg><\/H1><\/p>\n<p><strong>Bonacibo,<\/strong>\u00a0m\u00fckemmel form\u00fcl\u00fc ve benzersiz i\u00e7erikleri ile hayat\u0131m\u0131zda \u00e7ok \u00f6zel bir yer kaplayan dostlar\u0131m\u0131za\u00a0<strong>\u201c\u00c0 la Carte\u201d<\/strong>\u00a0beslenme se\u00e7enekleri sunuyor.<\/p>\n<p>\t\t\t\t\t\t\t\t\t\t\t\t<img decoding=\"async\" width=\"178\" height=\"139\" src=\"https:\/\/www.bonacibo.com\/tr\/wp-content\/uploads\/2020\/03\/Low-Grain.png\" alt=\"\" loading=\"lazy\" srcset=\"https:\/\/www.bonacibo.com\/tr\/wp-content\/uploads\/2020\/03\/Low-Grain.png 178w, https:\/\/www.bonacibo.com\/tr\/wp-content\/uploads\/2020\/03\/Low-Grain-89x69.png 89w\" sizes=\"auto, (max-width: 178px) 100vw, 178px\" \/><br \/>\n\t\t\t\t\t\t\t\t\t\t\t\t<img decoding=\"async\" width=\"609\" height=\"1114\" src=\"https:\/\/www.bonacibo.com\/tr\/wp-content\/uploads\/2020\/03\/06-6Cat2.png\" alt=\"\" loading=\"lazy\" srcset=\"https:\/\/www.bonacibo.com\/tr\/wp-content\/uploads\/2020\/03\/06-6Cat2.png 609w, https:\/\/www.bonacibo.com\/tr\/wp-content\/uploads\/2020\/03\/06-6Cat2-164x300.png 164w, https:\/\/www.bonacibo.com\/tr\/wp-content\/uploads\/2020\/03\/06-6Cat2-560x1024.png 560w, https:\/\/www.bonacibo.com\/tr\/wp-content\/uploads\/2020\/03\/06-6Cat2-304x557.png 304w, https:\/\/www.bonacibo.com\/tr\/wp-content\/uploads\/2020\/03\/06-6Cat2-600x1098.png 600w, https:\/\/www.bonacibo.com\/tr\/wp-content\/uploads\/2020\/03\/06-6Cat2-393x719.png 393w, https:\/\/www.bonacibo.com\/tr\/wp-content\/uploads\/2020\/03\/06-6Cat2-290x530.png 290w\" sizes=\"auto, (max-width: 609px) 100vw, 609px\" \/><br \/>\n\t\t\t\t\t\tYavru Kedi Mamalar\u0131<br \/>\n\t\t\t\t\t\t\t\t\t\t\t\t\t<a href=\"https:\/\/www.bonacibo.com\/tr\/bonacibo-kitten-tavuklu\/\"><br \/>\n\t\t\t\t\t\t\t<img decoding=\"async\" width=\"976\" height=\"1500\" src=\"https:\/\/www.bonacibo.com\/tr\/wp-content\/uploads\/2020\/03\/BC_Kitten_Tvk_2kg.png\" alt=\"\" loading=\"lazy\" srcset=\"https:\/\/www.bonacibo.com\/tr\/wp-content\/uploads\/2020\/03\/BC_Kitten_Tvk_2kg.png 976w, https:\/\/www.bonacibo.com\/tr\/wp-content\/uploads\/2020\/03\/BC_Kitten_Tvk_2kg-195x300.png 195w, https:\/\/www.bonacibo.com\/tr\/wp-content\/uploads\/2020\/03\/BC_Kitten_Tvk_2kg-666x1024.png 666w, https:\/\/www.bonacibo.com\/tr\/wp-content\/uploads\/2020\/03\/BC_Kitten_Tvk_2kg-768x1180.png 768w, https:\/\/www.bonacibo.com\/tr\/wp-content\/uploads\/2020\/03\/BC_Kitten_Tvk_2kg-488x750.png 488w, https:\/\/www.bonacibo.com\/tr\/wp-content\/uploads\/2020\/03\/BC_Kitten_Tvk_2kg-915x1406.png 915w, https:\/\/www.bonacibo.com\/tr\/wp-content\/uploads\/2020\/03\/BC_Kitten_Tvk_2kg-600x922.png 600w, https:\/\/www.bonacibo.com\/tr\/wp-content\/uploads\/2020\/03\/BC_Kitten_Tvk_2kg-393x604.png 393w, https:\/\/www.bonacibo.com\/tr\/wp-content\/uploads\/2020\/03\/BC_Kitten_Tvk_2kg-290x446.png 290w\" sizes=\"auto, (max-width: 976px) 100vw, 976px\" \/>\t\t\t\t\t\t\t\t<\/a><br \/>\n\t\t\t\t\t\tYavru Kediler \u0130\u00e7in<\/p>\n<h6>Kitten ~ Chicken<br \/><i>Tavuklu<\/i><\/h6>\n<p>\t\t\t<a href=\"https:\/\/www.bonacibo.com\/tr\/bonacibo-kitten-tavuklu\/\" target=\"_self\" title=\"\u0130ncele\" rel=\"noopener\">\u0130ncele<\/a><br \/>\n\t\t\t\t\t\tYeti\u015fkin Kedi Mamalar\u0131<br \/>\n\t\t\t\t\t\t\t\t\t\t\t\t\t<a href=\"https:\/\/www.bonacibo.com\/tr\/bonacibo-adult-cat-tavuklu\/\"><br \/>\n\t\t\t\t\t\t\t<img decoding=\"async\" width=\"976\" height=\"1500\" src=\"https:\/\/www.bonacibo.com\/tr\/wp-content\/uploads\/2020\/03\/BC_Cat_Tvk_2kg.png\" alt=\"\" loading=\"lazy\" srcset=\"https:\/\/www.bonacibo.com\/tr\/wp-content\/uploads\/2020\/03\/BC_Cat_Tvk_2kg.png 976w, https:\/\/www.bonacibo.com\/tr\/wp-content\/uploads\/2020\/03\/BC_Cat_Tvk_2kg-195x300.png 195w, https:\/\/www.bonacibo.com\/tr\/wp-content\/uploads\/2020\/03\/BC_Cat_Tvk_2kg-666x1024.png 666w, https:\/\/www.bonacibo.com\/tr\/wp-content\/uploads\/2020\/03\/BC_Cat_Tvk_2kg-768x1180.png 768w, https:\/\/www.bonacibo.com\/tr\/wp-content\/uploads\/2020\/03\/BC_Cat_Tvk_2kg-488x750.png 488w, https:\/\/www.bonacibo.com\/tr\/wp-content\/uploads\/2020\/03\/BC_Cat_Tvk_2kg-915x1406.png 915w, https:\/\/www.bonacibo.com\/tr\/wp-content\/uploads\/2020\/03\/BC_Cat_Tvk_2kg-600x922.png 600w, https:\/\/www.bonacibo.com\/tr\/wp-content\/uploads\/2020\/03\/BC_Cat_Tvk_2kg-393x604.png 393w, https:\/\/www.bonacibo.com\/tr\/wp-content\/uploads\/2020\/03\/BC_Cat_Tvk_2kg-290x446.png 290w\" sizes=\"auto, (max-width: 976px) 100vw, 976px\" \/>\t\t\t\t\t\t\t\t<\/a><br \/>\n\t\t\t\t\t\tYeti\u015fkin Kediler \u0130\u00e7in<\/p>\n<h6>Adult Cat ~ Chicken<br \/><i>Tavuklu <\/i><\/h6>\n<p>\t\t\t<a href=\"https:\/\/www.bonacibo.com\/tr\/bonacibo-adult-cat-tavuklu\/\" target=\"_self\" title=\"\u0130ncele\" rel=\"noopener\">\u0130ncele<\/a><br \/>\n\t\t\t\t\t\t\t\t\t\t\t\t\t<a href=\"https:\/\/www.bonacibo.com\/tr\/bonacibo-adult-cat-lr\/\"><br \/>\n\t\t\t\t\t\t\t<img decoding=\"async\" width=\"976\" height=\"1500\" src=\"https:\/\/www.bonacibo.com\/tr\/wp-content\/uploads\/2020\/03\/BC_Cat_LR_2kg.png\" alt=\"\" loading=\"lazy\" srcset=\"https:\/\/www.bonacibo.com\/tr\/wp-content\/uploads\/2020\/03\/BC_Cat_LR_2kg.png 976w, https:\/\/www.bonacibo.com\/tr\/wp-content\/uploads\/2020\/03\/BC_Cat_LR_2kg-195x300.png 195w, https:\/\/www.bonacibo.com\/tr\/wp-content\/uploads\/2020\/03\/BC_Cat_LR_2kg-666x1024.png 666w, https:\/\/www.bonacibo.com\/tr\/wp-content\/uploads\/2020\/03\/BC_Cat_LR_2kg-768x1180.png 768w, https:\/\/www.bonacibo.com\/tr\/wp-content\/uploads\/2020\/03\/BC_Cat_LR_2kg-488x750.png 488w, https:\/\/www.bonacibo.com\/tr\/wp-content\/uploads\/2020\/03\/BC_Cat_LR_2kg-915x1406.png 915w, https:\/\/www.bonacibo.com\/tr\/wp-content\/uploads\/2020\/03\/BC_Cat_LR_2kg-600x922.png 600w, https:\/\/www.bonacibo.com\/tr\/wp-content\/uploads\/2020\/03\/BC_Cat_LR_2kg-393x604.png 393w, https:\/\/www.bonacibo.com\/tr\/wp-content\/uploads\/2020\/03\/BC_Cat_LR_2kg-290x446.png 290w\" sizes=\"auto, (max-width: 976px) 100vw, 976px\" \/>\t\t\t\t\t\t\t\t<\/a><br \/>\n\t\t\t\t\t\tYeti\u015fkin Kediler \u0130\u00e7in<\/p>\n<h6>Adult Cat ~ Lamb &amp; Rice<br \/><i>Kuzu Etli &amp; Pirin\u00e7li<\/i><\/h6>\n<p>\t\t\t<a href=\"https:\/\/www.bonacibo.com\/tr\/bonacibo-adult-cat-lr\/\" target=\"_self\" title=\"\u0130ncele\" rel=\"noopener\">\u0130ncele<\/a><br \/>\n\t\t\t\t\t\t\t\t\t\t\t\t\t<a href=\"https:\/\/www.bonacibo.com\/tr\/bonacibo-adult-cat-ls\/\"><br \/>\n\t\t\t\t\t\t\t<img decoding=\"async\" width=\"976\" height=\"1500\" src=\"https:\/\/www.bonacibo.com\/tr\/wp-content\/uploads\/2020\/03\/BC_Cat_LS_2kg.png\" alt=\"\" loading=\"lazy\" srcset=\"https:\/\/www.bonacibo.com\/tr\/wp-content\/uploads\/2020\/03\/BC_Cat_LS_2kg.png 976w, https:\/\/www.bonacibo.com\/tr\/wp-content\/uploads\/2020\/03\/BC_Cat_LS_2kg-195x300.png 195w, https:\/\/www.bonacibo.com\/tr\/wp-content\/uploads\/2020\/03\/BC_Cat_LS_2kg-666x1024.png 666w, https:\/\/www.bonacibo.com\/tr\/wp-content\/uploads\/2020\/03\/BC_Cat_LS_2kg-768x1180.png 768w, https:\/\/www.bonacibo.com\/tr\/wp-content\/uploads\/2020\/03\/BC_Cat_LS_2kg-488x750.png 488w, https:\/\/www.bonacibo.com\/tr\/wp-content\/uploads\/2020\/03\/BC_Cat_LS_2kg-915x1406.png 915w, https:\/\/www.bonacibo.com\/tr\/wp-content\/uploads\/2020\/03\/BC_Cat_LS_2kg-600x922.png 600w, https:\/\/www.bonacibo.com\/tr\/wp-content\/uploads\/2020\/03\/BC_Cat_LS_2kg-393x604.png 393w, https:\/\/www.bonacibo.com\/tr\/wp-content\/uploads\/2020\/03\/BC_Cat_LS_2kg-290x446.png 290w\" sizes=\"auto, (max-width: 976px) 100vw, 976px\" \/>\t\t\t\t\t\t\t\t<\/a><br \/>\n\t\t\t\t\t\tK\u0131s\u0131rla\u015ft\u0131r\u0131lm\u0131\u015f Kediler \u0130\u00e7in<\/p>\n<h6>Adult Cat ~ Light &amp; Sterilised <br \/><i>Tavuklu<\/i><\/h6>\n<p>\t\t\t<a href=\"https:\/\/www.bonacibo.com\/tr\/bonacibo-adult-cat-ls\/\" target=\"_self\" title=\"\u0130ncele\" rel=\"noopener\">\u0130ncele<\/a><br \/>\n\t\t\t\t\t\t<H1 >Konserve Ya\u015f Mamalar<svg width=\"95\" height=\"10\" viewBox=\"0 0 95 10\" xmlns=\"http:\/\/www.w3.org\/2000\/svg\"><path d=\"M1 8l11.54-6 11.538 6 11.54-6 11.538 6 11.538-6 11.54 6L81.77 2 94 8\" stroke-width=\"3\" stroke=\"#6CC139\" fill=\"none\" fill-rule=\"evenodd\"\/><\/svg><\/H1><br \/>\n\t\t\t\t\t\t\t\t\t\t\t\t\t<a href=\"https:\/\/www.bonacibo.com\/tr\/konserve-kedi-mamalari\/\"><br \/>\n\t\t\t\t\t\t\t<img decoding=\"async\" width=\"1024\" height=\"465\" src=\"https:\/\/www.bonacibo.com\/tr\/wp-content\/uploads\/2020\/03\/konserve-grup-1024x465.png\" alt=\"\" loading=\"lazy\" srcset=\"https:\/\/www.bonacibo.com\/tr\/wp-content\/uploads\/2020\/03\/konserve-grup-1024x465.png 1024w, https:\/\/www.bonacibo.com\/tr\/wp-content\/uploads\/2020\/03\/konserve-grup-300x136.png 300w, https:\/\/www.bonacibo.com\/tr\/wp-content\/uploads\/2020\/03\/konserve-grup-768x349.png 768w, https:\/\/www.bonacibo.com\/tr\/wp-content\/uploads\/2020\/03\/konserve-grup-1536x698.png 1536w, https:\/\/www.bonacibo.com\/tr\/wp-content\/uploads\/2020\/03\/konserve-grup-960x436.png 960w, https:\/\/www.bonacibo.com\/tr\/wp-content\/uploads\/2020\/03\/konserve-grup-1220x554.png 1220w, https:\/\/www.bonacibo.com\/tr\/wp-content\/uploads\/2020\/03\/konserve-grup-915x416.png 915w, https:\/\/www.bonacibo.com\/tr\/wp-content\/uploads\/2020\/03\/konserve-grup-600x273.png 600w, https:\/\/www.bonacibo.com\/tr\/wp-content\/uploads\/2020\/03\/konserve-grup-393x178.png 393w, https:\/\/www.bonacibo.com\/tr\/wp-content\/uploads\/2020\/03\/konserve-grup-290x132.png 290w, https:\/\/www.bonacibo.com\/tr\/wp-content\/uploads\/2020\/03\/konserve-grup.png 1920w\" sizes=\"auto, (max-width: 1024px) 100vw, 1024px\" \/>\t\t\t\t\t\t\t\t<\/a><br \/>\n\t\t\t\t\t\t\t\t\t\t\t\t<img decoding=\"async\" width=\"385\" height=\"385\" src=\"https:\/\/www.bonacibo.com\/tr\/wp-content\/uploads\/2020\/03\/kopek-konserve-et-icerik-54.png\" alt=\"\" loading=\"lazy\" srcset=\"https:\/\/www.bonacibo.com\/tr\/wp-content\/uploads\/2020\/03\/kopek-konserve-et-icerik-54.png 385w, https:\/\/www.bonacibo.com\/tr\/wp-content\/uploads\/2020\/03\/kopek-konserve-et-icerik-54-300x300.png 300w, https:\/\/www.bonacibo.com\/tr\/wp-content\/uploads\/2020\/03\/kopek-konserve-et-icerik-54-150x150.png 150w, https:\/\/www.bonacibo.com\/tr\/wp-content\/uploads\/2020\/03\/kopek-konserve-et-icerik-54-192x192.png 192w, https:\/\/www.bonacibo.com\/tr\/wp-content\/uploads\/2020\/03\/kopek-konserve-et-icerik-54-290x290.png 290w\" sizes=\"auto, (max-width: 385px) 100vw, 385px\" \/>\t\t\t\t\t\t\t\t\t\t\t\t\t\t<\/p>\n<p>T\u00fcm konserve ya\u015f mamalarm\u0131z zengin et i\u00e7eri\u011fi ve tamamen do\u011fal besinlerle dostlar\u0131m\u0131z\u0131n t\u00fcm besinsel ihtiya\u00e7lar\u0131n\u0131 eksiksiz olarak kar\u015f\u0131lamak \u00fczere form\u00fcle edilmi\u015ftir.<\/p>\n<p>\t\t\t<a href=\"https:\/\/www.bonacibo.com\/tr\/konserve-kedi-mamalari\/\" target=\"_self\" title=\"\u0130ncele\" rel=\"noopener\">\u0130ncele<\/a><br \/>\n\t\t\t\t\t\t\t\t\t\t\t\t<img decoding=\"async\" width=\"492\" height=\"1024\" src=\"https:\/\/www.bonacibo.com\/tr\/wp-content\/uploads\/2020\/03\/kedi1.png\" alt=\"\" loading=\"lazy\" srcset=\"https:\/\/www.bonacibo.com\/tr\/wp-content\/uploads\/2020\/03\/kedi1.png 492w, https:\/\/www.bonacibo.com\/tr\/wp-content\/uploads\/2020\/03\/kedi1-144x300.png 144w, https:\/\/www.bonacibo.com\/tr\/wp-content\/uploads\/2020\/03\/kedi1-246x512.png 246w, https:\/\/www.bonacibo.com\/tr\/wp-content\/uploads\/2020\/03\/kedi1-393x818.png 393w, https:\/\/www.bonacibo.com\/tr\/wp-content\/uploads\/2020\/03\/kedi1-290x604.png 290w\" sizes=\"auto, (max-width: 492px) 100vw, 492px\" \/><br \/>\n\t\t\t\t\t\t\t\t\t\t\t\t<img decoding=\"async\" width=\"471\" height=\"650\" src=\"https:\/\/www.bonacibo.com\/tr\/wp-content\/uploads\/2020\/03\/kedi3.png\" alt=\"\" loading=\"lazy\" srcset=\"https:\/\/www.bonacibo.com\/tr\/wp-content\/uploads\/2020\/03\/kedi3.png 471w, https:\/\/www.bonacibo.com\/tr\/wp-content\/uploads\/2020\/03\/kedi3-217x300.png 217w, https:\/\/www.bonacibo.com\/tr\/wp-content\/uploads\/2020\/03\/kedi3-235x325.png 235w, https:\/\/www.bonacibo.com\/tr\/wp-content\/uploads\/2020\/03\/kedi3-393x542.png 393w, https:\/\/www.bonacibo.com\/tr\/wp-content\/uploads\/2020\/03\/kedi3-290x400.png 290w\" sizes=\"auto, (max-width: 471px) 100vw, 471px\" \/><br \/>\n\t\t\t\t\t\t<H1 >Po\u015fet Ya\u015f Mamalar<svg width=\"95\" height=\"10\" viewBox=\"0 0 95 10\" xmlns=\"http:\/\/www.w3.org\/2000\/svg\"><path d=\"M1 8l11.54-6 11.538 6 11.54-6 11.538 6 11.538-6 11.54 6L81.77 2 94 8\" stroke-width=\"3\" stroke=\"#6CC139\" fill=\"none\" fill-rule=\"evenodd\"\/><\/svg><\/H1><br \/>\n\t\t\t\t\t\t\t\t\t\t\t\t\t<a href=\"https:\/\/www.bonacibo.com\/tr\/pouch-kedi-mamalari\/\"><br \/>\n\t\t\t\t\t\t\t<img decoding=\"async\" width=\"1024\" height=\"465\" src=\"https:\/\/www.bonacibo.com\/tr\/wp-content\/uploads\/2020\/03\/pouch-kedi-grup-1024x465.png\" alt=\"\" loading=\"lazy\" srcset=\"https:\/\/www.bonacibo.com\/tr\/wp-content\/uploads\/2020\/03\/pouch-kedi-grup-1024x465.png 1024w, https:\/\/www.bonacibo.com\/tr\/wp-content\/uploads\/2020\/03\/pouch-kedi-grup-300x136.png 300w, https:\/\/www.bonacibo.com\/tr\/wp-content\/uploads\/2020\/03\/pouch-kedi-grup-768x349.png 768w, https:\/\/www.bonacibo.com\/tr\/wp-content\/uploads\/2020\/03\/pouch-kedi-grup-1536x698.png 1536w, https:\/\/www.bonacibo.com\/tr\/wp-content\/uploads\/2020\/03\/pouch-kedi-grup-960x436.png 960w, https:\/\/www.bonacibo.com\/tr\/wp-content\/uploads\/2020\/03\/pouch-kedi-grup-1220x554.png 1220w, https:\/\/www.bonacibo.com\/tr\/wp-content\/uploads\/2020\/03\/pouch-kedi-grup-915x416.png 915w, https:\/\/www.bonacibo.com\/tr\/wp-content\/uploads\/2020\/03\/pouch-kedi-grup-600x273.png 600w, https:\/\/www.bonacibo.com\/tr\/wp-content\/uploads\/2020\/03\/pouch-kedi-grup-393x178.png 393w, https:\/\/www.bonacibo.com\/tr\/wp-content\/uploads\/2020\/03\/pouch-kedi-grup-290x132.png 290w, https:\/\/www.bonacibo.com\/tr\/wp-content\/uploads\/2020\/03\/pouch-kedi-grup.png 1920w\" sizes=\"auto, (max-width: 1024px) 100vw, 1024px\" \/>\t\t\t\t\t\t\t\t<\/a><br \/>\n\t\t\t\t\t\t\t\t\t\t\t\t<img decoding=\"async\" width=\"938\" height=\"939\" src=\"https:\/\/www.bonacibo.com\/tr\/wp-content\/uploads\/2020\/03\/Kedi-77-Beyaz.png\" alt=\"\" loading=\"lazy\" srcset=\"https:\/\/www.bonacibo.com\/tr\/wp-content\/uploads\/2020\/03\/Kedi-77-Beyaz.png 938w, https:\/\/www.bonacibo.com\/tr\/wp-content\/uploads\/2020\/03\/Kedi-77-Beyaz-300x300.png 300w, https:\/\/www.bonacibo.com\/tr\/wp-content\/uploads\/2020\/03\/Kedi-77-Beyaz-150x150.png 150w, https:\/\/www.bonacibo.com\/tr\/wp-content\/uploads\/2020\/03\/Kedi-77-Beyaz-768x769.png 768w, https:\/\/www.bonacibo.com\/tr\/wp-content\/uploads\/2020\/03\/Kedi-77-Beyaz-469x469.png 469w, https:\/\/www.bonacibo.com\/tr\/wp-content\/uploads\/2020\/03\/Kedi-77-Beyaz-915x916.png 915w, https:\/\/www.bonacibo.com\/tr\/wp-content\/uploads\/2020\/03\/Kedi-77-Beyaz-600x601.png 600w, https:\/\/www.bonacibo.com\/tr\/wp-content\/uploads\/2020\/03\/Kedi-77-Beyaz-393x393.png 393w, https:\/\/www.bonacibo.com\/tr\/wp-content\/uploads\/2020\/03\/Kedi-77-Beyaz-290x290.png 290w\" sizes=\"auto, (max-width: 938px) 100vw, 938px\" \/><br \/>\n\t\t\t\t\t\t\t\t\t\t\t\t<img decoding=\"async\" width=\"938\" height=\"939\" src=\"https:\/\/www.bonacibo.com\/tr\/wp-content\/uploads\/2020\/03\/Kedi-80-Beyaz.png\" alt=\"\" loading=\"lazy\" srcset=\"https:\/\/www.bonacibo.com\/tr\/wp-content\/uploads\/2020\/03\/Kedi-80-Beyaz.png 938w, https:\/\/www.bonacibo.com\/tr\/wp-content\/uploads\/2020\/03\/Kedi-80-Beyaz-300x300.png 300w, https:\/\/www.bonacibo.com\/tr\/wp-content\/uploads\/2020\/03\/Kedi-80-Beyaz-150x150.png 150w, https:\/\/www.bonacibo.com\/tr\/wp-content\/uploads\/2020\/03\/Kedi-80-Beyaz-768x769.png 768w, https:\/\/www.bonacibo.com\/tr\/wp-content\/uploads\/2020\/03\/Kedi-80-Beyaz-469x469.png 469w, https:\/\/www.bonacibo.com\/tr\/wp-content\/uploads\/2020\/03\/Kedi-80-Beyaz-915x916.png 915w, https:\/\/www.bonacibo.com\/tr\/wp-content\/uploads\/2020\/03\/Kedi-80-Beyaz-600x601.png 600w, https:\/\/www.bonacibo.com\/tr\/wp-content\/uploads\/2020\/03\/Kedi-80-Beyaz-393x393.png 393w, https:\/\/www.bonacibo.com\/tr\/wp-content\/uploads\/2020\/03\/Kedi-80-Beyaz-290x290.png 290w\" sizes=\"auto, (max-width: 938px) 100vw, 938px\" \/>\t\t\t\t\t\t\t\t\t\t\t\t\t\t<\/p>\n<p>%77 ve %80 y\u00fcksek toplam et ve et \u00fcr\u00fcnleri i\u00e7eri\u011fi ile vitamin ve minerallerle zenginle\u015ftirilmi\u015f 85 gr po\u015fet yeti\u015fkin ya\u015f kedi mamalar\u0131m\u0131z hem \u00e7ok lezzetli hem de sa\u011fl\u0131kl\u0131 ve besleyicidir.<\/p>\n<p>\t\t\t<a href=\"https:\/\/www.bonacibo.com\/tr\/pouch-kedi-mamalari\/\" target=\"_self\" title=\"\u0130ncele\" rel=\"noopener\">\u0130ncele<\/a><br \/>\n\t\t\t\t\t\t\t\t\t\t\t\t<img decoding=\"async\" width=\"113\" height=\"99\" src=\"https:\/\/www.bonacibo.com\/tr\/wp-content\/uploads\/2020\/03\/yeni.png\" alt=\"\" loading=\"lazy\" srcset=\"https:\/\/www.bonacibo.com\/tr\/wp-content\/uploads\/2020\/03\/yeni.png 113w, https:\/\/www.bonacibo.com\/tr\/wp-content\/uploads\/2020\/03\/yeni-56x49.png 56w\" sizes=\"auto, (max-width: 113px) 100vw, 113px\" \/><br \/>\n\t\t\t\t\t\t\t\t\t\t\t\t\t<a href=\"https:\/\/www.bonacibo.com\/tr\/bonacibo-probiotic-cat\/\"><br \/>\n\t\t\t\t\t\t\t<img decoding=\"async\" width=\"1024\" height=\"1024\" src=\"https:\/\/www.bonacibo.com\/tr\/wp-content\/uploads\/2020\/03\/Bonacibo-Probiotic-1024x1024.png\" alt=\"\" loading=\"lazy\" srcset=\"https:\/\/www.bonacibo.com\/tr\/wp-content\/uploads\/2020\/03\/Bonacibo-Probiotic.png 1024w, https:\/\/www.bonacibo.com\/tr\/wp-content\/uploads\/2020\/03\/Bonacibo-Probiotic-300x300.png 300w, https:\/\/www.bonacibo.com\/tr\/wp-content\/uploads\/2020\/03\/Bonacibo-Probiotic-150x150.png 150w, https:\/\/www.bonacibo.com\/tr\/wp-content\/uploads\/2020\/03\/Bonacibo-Probiotic-768x768.png 768w, https:\/\/www.bonacibo.com\/tr\/wp-content\/uploads\/2020\/03\/Bonacibo-Probiotic-512x512.png 512w, https:\/\/www.bonacibo.com\/tr\/wp-content\/uploads\/2020\/03\/Bonacibo-Probiotic-915x915.png 915w, https:\/\/www.bonacibo.com\/tr\/wp-content\/uploads\/2020\/03\/Bonacibo-Probiotic-600x600.png 600w, https:\/\/www.bonacibo.com\/tr\/wp-content\/uploads\/2020\/03\/Bonacibo-Probiotic-393x393.png 393w, https:\/\/www.bonacibo.com\/tr\/wp-content\/uploads\/2020\/03\/Bonacibo-Probiotic-290x290.png 290w\" sizes=\"auto, (max-width: 1024px) 100vw, 1024px\" \/>\t\t\t\t\t\t\t\t<\/a><br \/>\n\t\t\t\t\t\t<H1 >Probiotic<svg width=\"95\" height=\"10\" viewBox=\"0 0 95 10\" xmlns=\"http:\/\/www.w3.org\/2000\/svg\"><path d=\"M1 8l11.54-6 11.538 6 11.54-6 11.538 6 11.538-6 11.54 6L81.77 2 94 8\" stroke-width=\"3\" stroke=\"#6CC139\" fill=\"none\" fill-rule=\"evenodd\"\/><\/svg><\/H1><\/p>\n<p>Bonacibo Probiotic i\u00e7erdi\u011fi probiyotik mikroorganizmalar ile sindirim sistemini d\u00fczenlemeye ve ba\u011f\u0131\u015f\u0131kl\u0131k sistemini desteklemeye yard\u0131mc\u0131 olur.<\/p>\n<p>\t\t\t<a href=\"https:\/\/www.bonacibo.com\/tr\/bonacibo-probiotic-cat\/\" target=\"_self\" title=\"\u0130ncele\" rel=\"noopener\">\u0130ncele<\/a><br \/>\n\t\t\t\t\t\t\t\t\t\t\t\t\t<a href=\"https:\/\/www.bonacibo.com\/tr\/bonacibo-cat-sticks\/\"><br \/>\n\t\t\t\t\t\t\t<img decoding=\"async\" width=\"1024\" height=\"1024\" src=\"https:\/\/www.bonacibo.com\/tr\/wp-content\/uploads\/2020\/03\/Bonacibo-Cat-Stick-1024x1024.png\" alt=\"\" loading=\"lazy\" srcset=\"https:\/\/www.bonacibo.com\/tr\/wp-content\/uploads\/2020\/03\/Bonacibo-Cat-Stick.png 1024w, https:\/\/www.bonacibo.com\/tr\/wp-content\/uploads\/2020\/03\/Bonacibo-Cat-Stick-300x300.png 300w, https:\/\/www.bonacibo.com\/tr\/wp-content\/uploads\/2020\/03\/Bonacibo-Cat-Stick-150x150.png 150w, https:\/\/www.bonacibo.com\/tr\/wp-content\/uploads\/2020\/03\/Bonacibo-Cat-Stick-768x768.png 768w, https:\/\/www.bonacibo.com\/tr\/wp-content\/uploads\/2020\/03\/Bonacibo-Cat-Stick-512x512.png 512w, https:\/\/www.bonacibo.com\/tr\/wp-content\/uploads\/2020\/03\/Bonacibo-Cat-Stick-915x915.png 915w, https:\/\/www.bonacibo.com\/tr\/wp-content\/uploads\/2020\/03\/Bonacibo-Cat-Stick-600x600.png 600w, https:\/\/www.bonacibo.com\/tr\/wp-content\/uploads\/2020\/03\/Bonacibo-Cat-Stick-393x393.png 393w, https:\/\/www.bonacibo.com\/tr\/wp-content\/uploads\/2020\/03\/Bonacibo-Cat-Stick-290x290.png 290w\" sizes=\"auto, (max-width: 1024px) 100vw, 1024px\" \/>\t\t\t\t\t\t\t\t<\/a><br \/>\n\t\t\t\t\t\t<H1 >Cat Sticks<svg width=\"95\" height=\"10\" viewBox=\"0 0 95 10\" xmlns=\"http:\/\/www.w3.org\/2000\/svg\"><path d=\"M1 8l11.54-6 11.538 6 11.54-6 11.538 6 11.538-6 11.54 6L81.77 2 94 8\" stroke-width=\"3\" stroke=\"#6CC139\" fill=\"none\" fill-rule=\"evenodd\"\/><\/svg><\/H1><\/p>\n<p>\u00c7ok lezzetli Bonacibo \u00d6d\u00fcl \u00c7ubuklar\u0131\u2019n\u0131 kedinizin e\u011fitiminde ve\/veya \u00f6d\u00fcl olarak kullanabilirsiniz.\u00a0<\/p>\n<p>\t\t\t<a href=\"https:\/\/www.bonacibo.com\/tr\/bonacibo-cat-sticks\/\" target=\"_self\" title=\"\u0130ncele\" rel=\"noopener\">\u0130ncele<\/a><\/p>\n","protected":false},"excerpt":{"rendered":"<p>\u00e0 la carte KED\u0130LER \u0130\u00c7\u0130N \u00e0 la carte Kuru Mamalar Bonacibo,\u00a0m\u00fckemmel form\u00fcl\u00fc ve benzersiz i\u00e7erikleri ile hayat\u0131m\u0131zda \u00e7ok \u00f6zel bir yer kaplayan dostlar\u0131m\u0131za\u00a0\u201c\u00c0 la Carte\u201d\u00a0beslenme se\u00e7enekleri sunuyor. Yavru Kedi Mamalar\u0131 Yavru Kediler \u0130\u00e7in Kitten ~ ChickenTavuklu \u0130ncele Yeti\u015fkin Kedi Mamalar\u0131 Yeti\u015fkin Kediler \u0130\u00e7in Adult Cat ~ ChickenTavuklu \u0130ncele Yeti\u015fkin Kediler \u0130\u00e7in Adult Cat ~ Lamb [&hellip;]<\/p>\n","protected":false},"author":1,"featured_media":0,"parent":0,"menu_order":0,"comment_status":"closed","ping_status":"closed","template":"","meta":{"footnotes":""},"class_list":["post-7102","page","type-page","status-publish","hentry"],"_links":{"self":[{"href":"https:\/\/www.bonacibo.com\/tr\/wp-json\/wp\/v2\/pages\/7102","targetHints":{"allow":["GET"]}}],"collection":[{"href":"https:\/\/www.bonacibo.com\/tr\/wp-json\/wp\/v2\/pages"}],"about":[{"href":"https:\/\/www.bonacibo.com\/tr\/wp-json\/wp\/v2\/types\/page"}],"author":[{"embeddable":true,"href":"https:\/\/www.bonacibo.com\/tr\/wp-json\/wp\/v2\/users\/1"}],"replies":[{"embeddable":true,"href":"https:\/\/www.bonacibo.com\/tr\/wp-json\/wp\/v2\/comments?post=7102"}],"version-history":[{"count":3,"href":"https:\/\/www.bonacibo.com\/tr\/wp-json\/wp\/v2\/pages\/7102\/revisions"}],"predecessor-version":[{"id":9752,"href":"https:\/\/www.bonacibo.com\/tr\/wp-json\/wp\/v2\/pages\/7102\/revisions\/9752"}],"wp:attachment":[{"href":"https:\/\/www.bonacibo.com\/tr\/wp-json\/wp\/v2\/media?parent=7102"}],"curies":[{"name":"wp","href":"https:\/\/api.w.org\/{rel}","templated":true}]}}