{"id":5631,"date":"2018-03-08T01:25:57","date_gmt":"2018-03-08T01:25:57","guid":{"rendered":"https:\/\/naturalife.rtthemes.com\/demo\/?page_id=5631"},"modified":"2020-07-29T17:31:30","modified_gmt":"2020-07-29T14:31:30","slug":"iletisim","status":"publish","type":"page","link":"https:\/\/www.bonacibo.com\/tr\/iletisim\/","title":{"rendered":"\u0130leti\u015fim"},"content":{"rendered":"<p><iframe frameborder=\"0\" scrolling=\"no\" marginheight=\"0\" marginwidth=\"0\" src=\"https:\/\/maps.google.com\/maps?q=38.439680%2C%2027.249726&amp;t=m&amp;z=6&amp;output=embed&amp;iwloc=near\" aria-label=\"38.439680, 27.249726\"><\/iframe><br \/>\n\t\t\t\t\t\t<a href=\"https:\/\/www.cagatay.com\" target=\"_blank\" rel=\"noopener noreferrer\"><\/p>\n<p >Bonacibo is proudly a brand of<\/p>\n<p><\/a><br \/>\n\t\t\t\t\t\t\t\t\t\t<img loading=\"lazy\" decoding=\"async\" width=\"195\" height=\"58\" src=\"https:\/\/www.bonacibo.com\/tr\/wp-content\/uploads\/2020\/03\/cagatay-logo.png\" alt=\"\" srcset=\"https:\/\/www.bonacibo.com\/tr\/wp-content\/uploads\/2020\/03\/cagatay-logo.png 195w, https:\/\/www.bonacibo.com\/tr\/wp-content\/uploads\/2020\/03\/cagatay-logo-97x29.png 97w\" sizes=\"auto, (max-width: 195px) 100vw, 195px\" \/><br \/>\n\t\t\t\t\t\t<a href=\"https:\/\/www.cagatay.com\" target=\"_blank\" rel=\"noopener noreferrer\"><\/p>\n<p >\u00dcmit Mah. 7406\/1 Sok. No:9<br \/>\nBornova \u0130ZM\u0130R \/ T\u00dcRK\u0130YE<\/p>\n<p>+90 232 479 10 91 \u2022 info(at)cagatay.com<\/p>\n<p><\/a><br \/>\n\t\t\t<a href=\"https:\/\/www.cagatay.com\" target=\"_blank\" title=\"www.cagatay.com\" rel=\"noopener noreferrer\">www.cagatay.com<\/a><br \/>\n\t\t\t\t\t\t@bonacibo<\/p>\n<h4 >Sosyal Medyada Takip Edin,<br \/> \u0130leti\u015fimde Kalal\u0131m<svg width=\"95\" height=\"10\" viewBox=\"0 0 95 10\" xmlns=\"http:\/\/www.w3.org\/2000\/svg\"><path d=\"M1 8l11.54-6 11.538 6 11.54-6 11.538 6 11.538-6 11.54 6L81.77 2 94 8\" stroke-width=\"3\" stroke=\"#6CC139\" fill=\"none\" fill-rule=\"evenodd\"\/><\/svg><\/h4>\n<p>\t\t\t\t\t\t\t\t\t\t<img loading=\"lazy\" decoding=\"async\" width=\"198\" height=\"300\" src=\"https:\/\/www.bonacibo.com\/tr\/wp-content\/uploads\/2020\/03\/02-cat2-198x300.jpg\" alt=\"\" srcset=\"https:\/\/www.bonacibo.com\/tr\/wp-content\/uploads\/2020\/03\/02-cat2-198x300.jpg 198w, https:\/\/www.bonacibo.com\/tr\/wp-content\/uploads\/2020\/03\/02-cat2-333x505.jpg 333w, https:\/\/www.bonacibo.com\/tr\/wp-content\/uploads\/2020\/03\/02-cat2-600x910.jpg 600w, https:\/\/www.bonacibo.com\/tr\/wp-content\/uploads\/2020\/03\/02-cat2-393x596.jpg 393w, https:\/\/www.bonacibo.com\/tr\/wp-content\/uploads\/2020\/03\/02-cat2-290x440.jpg 290w, https:\/\/www.bonacibo.com\/tr\/wp-content\/uploads\/2020\/03\/02-cat2.jpg 666w\" sizes=\"auto, (max-width: 198px) 100vw, 198px\" \/>\t\t\t\t\t\t\t\t\t\t\t<\/p>\n<h4 >Bize Yaz\u0131n<\/h4>\n<form action=\"\/tr\/wp-admin\/admin-ajax.php#wpcf7-f5583-o1\" method=\"post\" novalidate=\"novalidate\">\n<input type=\"hidden\" name=\"_wpcf7\" value=\"5583\" \/><br \/>\n<input type=\"hidden\" name=\"_wpcf7_version\" value=\"5.2\" \/><br \/>\n<input type=\"hidden\" name=\"_wpcf7_locale\" value=\"en_US\" \/><br \/>\n<input type=\"hidden\" name=\"_wpcf7_unit_tag\" value=\"wpcf7-f5583-o1\" \/><br \/>\n<input type=\"hidden\" name=\"_wpcf7_container_post\" value=\"0\" \/><br \/>\n<input type=\"hidden\" name=\"_wpcf7_posted_data_hash\" value=\"\" \/><br \/>\n<input type=\"hidden\" name=\"_wpcf7_recaptcha_response\" value=\"\" \/><br \/>\n<input type=\"text\" name=\"your-name\" value=\"\" size=\"40\" aria-required=\"true\" aria-invalid=\"false\" placeholder=\"Ad\u0131n\u0131z (*)\" \/><br \/>\n<input type=\"email\" name=\"your-email\" value=\"\" size=\"40\" aria-required=\"true\" aria-invalid=\"false\" placeholder=\"E-Posta Adresiniz (*)\" \/><br \/>\n<input type=\"text\" name=\"your-subject\" value=\"\" size=\"40\" aria-required=\"true\" aria-invalid=\"false\" placeholder=\"Konu (*)\" \/><br \/>\n<textarea name=\"your-message\" cols=\"40\" rows=\"10\" aria-required=\"true\" aria-invalid=\"false\" placeholder=\"Mesaj\u0131n\u0131z (*)\"><\/textarea><br \/>\n<noscript><br \/>\n\t\t<iframe loading=\"lazy\" src=\"https:\/\/www.google.com\/recaptcha\/api\/fallback?k=6LcGjbcZAAAAADNayVwhbC_hIHiNKwJIxuNvS8vh\" frameborder=\"0\" scrolling=\"no\" width=\"310\" height=\"430\"><br \/>\n\t\t<\/iframe><br \/>\n\t\t<textarea name=\"g-recaptcha-response\" rows=\"3\" cols=\"40\" placeholder=\"reCaptcha Response Here\"><br \/>\n\t\t<\/textarea><br \/>\n<\/noscript><br \/>\n<input type=\"submit\" value=\"G\u00f6nder\" \/><br \/>\n<\/form>\n","protected":false},"excerpt":{"rendered":"<p>Bonacibo is proudly a brand of \u00dcmit Mah. 7406\/1 Sok. No:9 Bornova \u0130ZM\u0130R \/ T\u00dcRK\u0130YE +90 232 479 10 91 \u2022 info(at)cagatay.com www.cagatay.com @bonacibo Sosyal Medyada Takip Edin, \u0130leti\u015fimde Kalal\u0131m Bize Yaz\u0131n<\/p>\n","protected":false},"author":1,"featured_media":0,"parent":0,"menu_order":0,"comment_status":"closed","ping_status":"closed","template":"","meta":{"footnotes":""},"class_list":["post-5631","page","type-page","status-publish","hentry"],"_links":{"self":[{"href":"https:\/\/www.bonacibo.com\/tr\/wp-json\/wp\/v2\/pages\/5631","targetHints":{"allow":["GET"]}}],"collection":[{"href":"https:\/\/www.bonacibo.com\/tr\/wp-json\/wp\/v2\/pages"}],"about":[{"href":"https:\/\/www.bonacibo.com\/tr\/wp-json\/wp\/v2\/types\/page"}],"author":[{"embeddable":true,"href":"https:\/\/www.bonacibo.com\/tr\/wp-json\/wp\/v2\/users\/1"}],"replies":[{"embeddable":true,"href":"https:\/\/www.bonacibo.com\/tr\/wp-json\/wp\/v2\/comments?post=5631"}],"version-history":[{"count":0,"href":"https:\/\/www.bonacibo.com\/tr\/wp-json\/wp\/v2\/pages\/5631\/revisions"}],"wp:attachment":[{"href":"https:\/\/www.bonacibo.com\/tr\/wp-json\/wp\/v2\/media?parent=5631"}],"curies":[{"name":"wp","href":"https:\/\/api.w.org\/{rel}","templated":true}]}}