{"id":5181,"date":"2018-02-28T07:53:10","date_gmt":"2018-02-28T07:53:10","guid":{"rendered":"https:\/\/naturalife.rtthemes.com\/demo\/?page_id=5181"},"modified":"2020-07-29T16:56:00","modified_gmt":"2020-07-29T13:56:00","slug":"beslenme-felsefemiz","status":"publish","type":"page","link":"https:\/\/www.bonacibo.com\/tr\/beslenme-felsefemiz\/","title":{"rendered":"Beslenme Felsefemiz"},"content":{"rendered":"<p>sa\u011fl\u0131kl\u0131 bir ya\u015fam tarz\u0131 daha iyi beslenmeyi gerektirir.<br \/>\n\t\t\t\t\t\t<H4 >Beslenme Felsefemiz <svg width=\"95\" height=\"10\" viewBox=\"0 0 95 10\" xmlns=\"http:\/\/www.w3.org\/2000\/svg\"><path d=\"M1 8l11.54-6 11.538 6 11.54-6 11.538 6 11.538-6 11.54 6L81.77 2 94 8\" stroke-width=\"3\" stroke=\"#6CC139\" fill=\"none\" fill-rule=\"evenodd\"\/><\/svg><\/H4><\/p>\n<p>Bizim i\u00e7in beslenme, k\u0131s\u0131tlanmayan hareketlilik, enerji seviyelerinin idare edilmesi, sa\u011flam bir ba\u011f\u0131\u015f\u0131kl\u0131k sisteminin korunmas\u0131, zihinsel uyan\u0131kl\u0131k ve g\u00f6rsel performans\u0131n desteklenmesi anlam\u0131na gelir.<\/p>\n<p>\t\t\t\t\t\t\t\t\t\t<img loading=\"lazy\" decoding=\"async\" width=\"800\" height=\"800\" src=\"https:\/\/www.bonacibo.com\/tr\/wp-content\/uploads\/2020\/03\/Beslenme_Felsefemiz.png\" alt=\"\" srcset=\"https:\/\/www.bonacibo.com\/tr\/wp-content\/uploads\/2020\/03\/Beslenme_Felsefemiz.png 800w, https:\/\/www.bonacibo.com\/tr\/wp-content\/uploads\/2020\/03\/Beslenme_Felsefemiz-300x300.png 300w, https:\/\/www.bonacibo.com\/tr\/wp-content\/uploads\/2020\/03\/Beslenme_Felsefemiz-150x150.png 150w, https:\/\/www.bonacibo.com\/tr\/wp-content\/uploads\/2020\/03\/Beslenme_Felsefemiz-768x768.png 768w, https:\/\/www.bonacibo.com\/tr\/wp-content\/uploads\/2020\/03\/Beslenme_Felsefemiz-400x400.png 400w, https:\/\/www.bonacibo.com\/tr\/wp-content\/uploads\/2020\/03\/Beslenme_Felsefemiz-600x600.png 600w, https:\/\/www.bonacibo.com\/tr\/wp-content\/uploads\/2020\/03\/Beslenme_Felsefemiz-393x393.png 393w, https:\/\/www.bonacibo.com\/tr\/wp-content\/uploads\/2020\/03\/Beslenme_Felsefemiz-290x290.png 290w\" sizes=\"auto, (max-width: 800px) 100vw, 800px\" \/>\t\t\t\t\t\t\t\t\t\t\t<\/p>\n<article id=\"6741\">\n<!-- blog box--><\/p>\n<figure>\n\t\t<a href=\"https:\/\/www.bonacibo.com\/tr\/beslenme-felsefemiz\/deri-ve-tuy-sagligi\/\" title=\"Deri ve T\u00fcy Sa\u011fl\u0131\u011f\u0131\"><img loading=\"lazy\" decoding=\"async\" src=\"https:\/\/www.bonacibo.com\/tr\/wp-content\/uploads\/2020\/03\/01_DeriveTuySagligi-695x348.jpg\" alt=\"\" width=\"695\" height=\"348\" \/><\/a><br \/>\n\t<\/figure>\n<p>\t\t<!-- blog headline--><\/p>\n<h2><a href=\"https:\/\/www.bonacibo.com\/tr\/beslenme-felsefemiz\/deri-ve-tuy-sagligi\/\" rel=\"bookmark\">Deri ve T\u00fcy Sa\u011fl\u0131\u011f\u0131<\/a><\/h2>\n<p>Bir evcil hayvan\u0131n durumu ve soyu konusunda karar vermek i\u00e7in a\u00e7\u0131k bir \u015fekilde g\u00f6r\u00fclebilir sadece bi&#8230;<\/p>\n<p>\t\t<a href=\"https:\/\/www.bonacibo.com\/tr\/beslenme-felsefemiz\/deri-ve-tuy-sagligi\/\">devam\u0131n\u0131 oku<\/a><br \/>\n<!-- \/ blog box--><br \/>\n<\/article>\n<article id=\"5139\">\n<!-- blog box--><\/p>\n<figure>\n\t\t<a href=\"https:\/\/www.bonacibo.com\/tr\/beslenme-felsefemiz\/kilo-kontrolu\/\" title=\"Kilo Kontrol\u00fc\"><img loading=\"lazy\" decoding=\"async\" src=\"https:\/\/www.bonacibo.com\/tr\/wp-content\/uploads\/2020\/02\/02_KiloKontrolu-695x348.jpg\" alt=\"\" width=\"695\" height=\"348\" \/><\/a><br \/>\n\t<\/figure>\n<p>\t\t<!-- blog headline--><\/p>\n<h2><a href=\"https:\/\/www.bonacibo.com\/tr\/beslenme-felsefemiz\/kilo-kontrolu\/\" rel=\"bookmark\">Kilo Kontrol\u00fc<\/a><\/h2>\n<p>Y\u00fcksek kalorili g\u0131da ve abur cubur t\u00fcketimi, yeteri kadar enerji harcamama gibi sebeplerin insanlard&#8230;<\/p>\n<p>\t\t<a href=\"https:\/\/www.bonacibo.com\/tr\/beslenme-felsefemiz\/kilo-kontrolu\/\">devam\u0131n\u0131 oku<\/a><br \/>\n<!-- \/ blog box--><br \/>\n<\/article>\n<article id=\"6849\">\n<!-- blog box--><\/p>\n<figure>\n\t\t<a href=\"https:\/\/www.bonacibo.com\/tr\/beslenme-felsefemiz\/guclu-bagisiklik-sistemi\/\" title=\"G\u00fc\u00e7l\u00fc Ba\u011f\u0131\u015f\u0131kl\u0131k Sistemi\"><img loading=\"lazy\" decoding=\"async\" src=\"https:\/\/www.bonacibo.com\/tr\/wp-content\/uploads\/2020\/03\/03_GucluBagisiklikSistemi-695x348.jpg\" alt=\"\" width=\"695\" height=\"348\" \/><\/a><br \/>\n\t<\/figure>\n<p>\t\t<!-- blog headline--><\/p>\n<h2><a href=\"https:\/\/www.bonacibo.com\/tr\/beslenme-felsefemiz\/guclu-bagisiklik-sistemi\/\" rel=\"bookmark\">G\u00fc\u00e7l\u00fc Ba\u011f\u0131\u015f\u0131kl\u0131k Sistemi<\/a><\/h2>\n<p>Evcil hayvanlar\u0131m\u0131z sosyalle\u015ftik\u00e7e hastalanma ve enfeksiyon kapma riskleri artar. Di\u011fer hayvanlarla&#8230;<\/p>\n<p>\t\t<a href=\"https:\/\/www.bonacibo.com\/tr\/beslenme-felsefemiz\/guclu-bagisiklik-sistemi\/\">devam\u0131n\u0131 oku<\/a><br \/>\n<!-- \/ blog box--><br \/>\n<\/article>\n<article id=\"6881\">\n<!-- blog box--><\/p>\n<figure>\n\t\t<a href=\"https:\/\/www.bonacibo.com\/tr\/beslenme-felsefemiz\/agiz-ve-dis-sagligi\/\" title=\"A\u011f\u0131z ve Di\u015f Sa\u011fl\u0131\u011f\u0131\"><img loading=\"lazy\" decoding=\"async\" src=\"https:\/\/www.bonacibo.com\/tr\/wp-content\/uploads\/2020\/03\/04_AgizveDisSagligi-695x348.jpg\" alt=\"\" width=\"695\" height=\"348\" \/><\/a><br \/>\n\t<\/figure>\n<p>\t\t<!-- blog headline--><\/p>\n<h2><a href=\"https:\/\/www.bonacibo.com\/tr\/beslenme-felsefemiz\/agiz-ve-dis-sagligi\/\" rel=\"bookmark\">A\u011f\u0131z ve Di\u015f Sa\u011fl\u0131\u011f\u0131<\/a><\/h2>\n<p>Di\u015f bak\u0131m\u0131 ve temizli\u011fi, son 20 y\u0131lda veteriner hekimlerin ve beslenme uzmanlar\u0131n\u0131n odakland\u0131\u011f\u0131 teme&#8230;<\/p>\n<p>\t\t<a href=\"https:\/\/www.bonacibo.com\/tr\/beslenme-felsefemiz\/agiz-ve-dis-sagligi\/\">devam\u0131n\u0131 oku<\/a><br \/>\n<!-- \/ blog box--><br \/>\n<\/article>\n<article id=\"6888\">\n<!-- blog box--><\/p>\n<figure>\n\t\t<a href=\"https:\/\/www.bonacibo.com\/tr\/beslenme-felsefemiz\/saglikli-ve-guclu-patiler\/\" title=\"Sa\u011fl\u0131kl\u0131 ve G\u00fc\u00e7l\u00fc Patiler\"><img loading=\"lazy\" decoding=\"async\" src=\"https:\/\/www.bonacibo.com\/tr\/wp-content\/uploads\/2020\/03\/05_SaglikliveGucluPatiler-695x348.jpg\" alt=\"\" width=\"695\" height=\"348\" \/><\/a><br \/>\n\t<\/figure>\n<p>\t\t<!-- blog headline--><\/p>\n<h2><a href=\"https:\/\/www.bonacibo.com\/tr\/beslenme-felsefemiz\/saglikli-ve-guclu-patiler\/\" rel=\"bookmark\">Sa\u011fl\u0131kl\u0131 ve G\u00fc\u00e7l\u00fc Patiler<\/a><\/h2>\n<p>Evcil hayvanlar\u0131m\u0131z\u0131n ayaklar\u0131n\u0131n sa\u011fl\u0131\u011f\u0131 da son derecede \u00f6nemlidir. V\u00fccudu ta\u015f\u0131malar\u0131n\u0131n yan\u0131 s\u0131ra&#8230;<\/p>\n<p>\t\t<a href=\"https:\/\/www.bonacibo.com\/tr\/beslenme-felsefemiz\/saglikli-ve-guclu-patiler\/\">devam\u0131n\u0131 oku<\/a><br \/>\n<!-- \/ blog box--><br \/>\n<\/article>\n<article id=\"6898\">\n<!-- blog box--><\/p>\n<figure>\n\t\t<a href=\"https:\/\/www.bonacibo.com\/tr\/beslenme-felsefemiz\/guclu-kemikler-ve-eklem-yapisi\/\" title=\"G\u00fc\u00e7l\u00fc Kemikler ve Eklem Yap\u0131s\u0131\"><img loading=\"lazy\" decoding=\"async\" src=\"https:\/\/www.bonacibo.com\/tr\/wp-content\/uploads\/2020\/03\/06_GucluKemiklerveEklemler-695x348.jpg\" alt=\"\" width=\"695\" height=\"348\" \/><\/a><br \/>\n\t<\/figure>\n<p>\t\t<!-- blog headline--><\/p>\n<h2><a href=\"https:\/\/www.bonacibo.com\/tr\/beslenme-felsefemiz\/guclu-kemikler-ve-eklem-yapisi\/\" rel=\"bookmark\">G\u00fc\u00e7l\u00fc Kemikler ve Eklem Yap\u0131s\u0131<\/a><\/h2>\n<p>Kedi ve k\u00f6peklerde hareket eksikli\u011fi say\u0131s\u0131z sa\u011fl\u0131k sorununa yol a\u00e7abilir. Yani evcil hayvanlar\u0131m\u0131z&#8230;<\/p>\n<p>\t\t<a href=\"https:\/\/www.bonacibo.com\/tr\/beslenme-felsefemiz\/guclu-kemikler-ve-eklem-yapisi\/\">devam\u0131n\u0131 oku<\/a><br \/>\n<!-- \/ blog box--><br \/>\n<\/article>\n<article id=\"6908\">\n<!-- blog box--><\/p>\n<figure>\n\t\t<a href=\"https:\/\/www.bonacibo.com\/tr\/beslenme-felsefemiz\/ideal-vitamin-alimi\/\" title=\"\u0130deal Vitamin Al\u0131m\u0131\"><img loading=\"lazy\" decoding=\"async\" src=\"https:\/\/www.bonacibo.com\/tr\/wp-content\/uploads\/2020\/03\/07_IdealVitaminAlimi-695x348.jpg\" alt=\"\" width=\"695\" height=\"348\" \/><\/a><br \/>\n\t<\/figure>\n<p>\t\t<!-- blog headline--><\/p>\n<h2><a href=\"https:\/\/www.bonacibo.com\/tr\/beslenme-felsefemiz\/ideal-vitamin-alimi\/\" rel=\"bookmark\">\u0130deal Vitamin Al\u0131m\u0131<\/a><\/h2>\n<p>Vitaminler temel organik besin maddeleridir ve kedi ve k\u00f6peklerimiz kendileri yeterli miktarda sente&#8230;<\/p>\n<p>\t\t<a href=\"https:\/\/www.bonacibo.com\/tr\/beslenme-felsefemiz\/ideal-vitamin-alimi\/\">devam\u0131n\u0131 oku<\/a><br \/>\n<!-- \/ blog box--><br \/>\n<\/article>\n<article id=\"6916\">\n<!-- blog box--><\/p>\n<figure>\n\t\t<a href=\"https:\/\/www.bonacibo.com\/tr\/beslenme-felsefemiz\/goz-sagligi\/\" title=\"G\u00f6z Sa\u011fl\u0131\u011f\u0131\"><img loading=\"lazy\" decoding=\"async\" src=\"https:\/\/www.bonacibo.com\/tr\/wp-content\/uploads\/2020\/03\/08_GormeSagligi-695x348.jpg\" alt=\"\" width=\"695\" height=\"348\" \/><\/a><br \/>\n\t<\/figure>\n<p>\t\t<!-- blog headline--><\/p>\n<h2><a href=\"https:\/\/www.bonacibo.com\/tr\/beslenme-felsefemiz\/goz-sagligi\/\" rel=\"bookmark\">G\u00f6z Sa\u011fl\u0131\u011f\u0131<\/a><\/h2>\n<p>Avlan\u0131yor, bir yerlere t\u0131rman\u0131yor ya da sadece oyun oynuyor olsalar da kedi ve k\u00f6peklerin g\u00f6rme yeti&#8230;<\/p>\n<p>\t\t<a href=\"https:\/\/www.bonacibo.com\/tr\/beslenme-felsefemiz\/goz-sagligi\/\">devam\u0131n\u0131 oku<\/a><br \/>\n<!-- \/ blog box--><br \/>\n<\/article>\n<article id=\"6926\">\n<!-- blog box--><\/p>\n<figure>\n\t\t<a href=\"https:\/\/www.bonacibo.com\/tr\/beslenme-felsefemiz\/zihin-sagligi\/\" title=\"Zihin Sa\u011fl\u0131\u011f\u0131\"><img loading=\"lazy\" decoding=\"async\" src=\"https:\/\/www.bonacibo.com\/tr\/wp-content\/uploads\/2020\/03\/09-phenomind-gorsel-695x348.png\" alt=\"\" width=\"695\" height=\"348\" \/><\/a><br \/>\n\t<\/figure>\n<p>\t\t<!-- blog headline--><\/p>\n<h2><a href=\"https:\/\/www.bonacibo.com\/tr\/beslenme-felsefemiz\/zihin-sagligi\/\" rel=\"bookmark\">Zihin Sa\u011fl\u0131\u011f\u0131<\/a><\/h2>\n<p>Ya\u015flanman\u0131n k\u00f6pekler \u00fczerindeki etkilerini s\u0131n\u0131rland\u0131rmak ve evcil hayvanlarla sahipleri aras\u0131ndaki&#8230;<\/p>\n<p>\t\t<a href=\"https:\/\/www.bonacibo.com\/tr\/beslenme-felsefemiz\/zihin-sagligi\/\">devam\u0131n\u0131 oku<\/a><br \/>\n<!-- \/ blog box--><br \/>\n<\/article>\n","protected":false},"excerpt":{"rendered":"<p>sa\u011fl\u0131kl\u0131 bir ya\u015fam tarz\u0131 daha iyi beslenmeyi gerektirir. Beslenme Felsefemiz Bizim i\u00e7in beslenme, k\u0131s\u0131tlanmayan hareketlilik, enerji seviyelerinin idare edilmesi, sa\u011flam bir ba\u011f\u0131\u015f\u0131kl\u0131k sisteminin korunmas\u0131, zihinsel uyan\u0131kl\u0131k ve g\u00f6rsel performans\u0131n desteklenmesi anlam\u0131na gelir. Deri ve T\u00fcy Sa\u011fl\u0131\u011f\u0131 Bir evcil hayvan\u0131n durumu ve soyu konusunda karar vermek i\u00e7in a\u00e7\u0131k bir \u015fekilde g\u00f6r\u00fclebilir sadece bi&#8230; devam\u0131n\u0131 oku Kilo [&hellip;]<\/p>\n","protected":false},"author":1,"featured_media":0,"parent":0,"menu_order":0,"comment_status":"closed","ping_status":"closed","template":"","meta":{"footnotes":""},"class_list":["post-5181","page","type-page","status-publish","hentry"],"_links":{"self":[{"href":"https:\/\/www.bonacibo.com\/tr\/wp-json\/wp\/v2\/pages\/5181","targetHints":{"allow":["GET"]}}],"collection":[{"href":"https:\/\/www.bonacibo.com\/tr\/wp-json\/wp\/v2\/pages"}],"about":[{"href":"https:\/\/www.bonacibo.com\/tr\/wp-json\/wp\/v2\/types\/page"}],"author":[{"embeddable":true,"href":"https:\/\/www.bonacibo.com\/tr\/wp-json\/wp\/v2\/users\/1"}],"replies":[{"embeddable":true,"href":"https:\/\/www.bonacibo.com\/tr\/wp-json\/wp\/v2\/comments?post=5181"}],"version-history":[{"count":0,"href":"https:\/\/www.bonacibo.com\/tr\/wp-json\/wp\/v2\/pages\/5181\/revisions"}],"wp:attachment":[{"href":"https:\/\/www.bonacibo.com\/tr\/wp-json\/wp\/v2\/media?parent=5181"}],"curies":[{"name":"wp","href":"https:\/\/api.w.org\/{rel}","templated":true}]}}