{"id":7359,"date":"2020-03-09T10:03:56","date_gmt":"2020-03-09T10:03:56","guid":{"rendered":"https:\/\/www.bonacibo.com\/tm\/?page_id=7359"},"modified":"2020-08-05T20:44:15","modified_gmt":"2020-08-05T17:44:15","slug":"probiotic-dog","status":"publish","type":"page","link":"https:\/\/www.bonacibo.com\/tm\/probiotic-dog\/","title":{"rendered":"Bonacibo Probiotic Dog"},"content":{"rendered":"<p><img loading=\"lazy\" decoding=\"async\" width=\"244\" height=\"345\" src=\"https:\/\/www.bonacibo.com\/tm\/wp-content\/uploads\/2020\/03\/Bonacibo-probiotic-1.png\" alt=\"\" srcset=\"https:\/\/www.bonacibo.com\/tm\/wp-content\/uploads\/2020\/03\/Bonacibo-probiotic-1.png 244w, https:\/\/www.bonacibo.com\/tm\/wp-content\/uploads\/2020\/03\/Bonacibo-probiotic-1-212x300.png 212w, https:\/\/www.bonacibo.com\/tm\/wp-content\/uploads\/2020\/03\/Bonacibo-probiotic-1-122x172.png 122w\" sizes=\"auto, (max-width: 244px) 100vw, 244px\" \/><br \/>\n\t\t\t\t\t\tKedi ve k\u00f6pekler i\u00e7in probiyotik mikroorganizmalar i\u00e7eren premiksdir.<br \/>\n\t\t\t\t\t\t<H1 >Bonacibo Probiyotik<svg width=\"95\" height=\"10\" viewBox=\"0 0 95 10\" xmlns=\"http:\/\/www.w3.org\/2000\/svg\"><path d=\"M1 8l11.54-6 11.538 6 11.54-6 11.538 6 11.538-6 11.54 6L81.77 2 94 8\" stroke-width=\"3\" stroke=\"#6CC139\" fill=\"none\" fill-rule=\"evenodd\"\/><\/svg><\/H1><\/p>\n<p>\u0130\u00e7erdi\u011fi probiyotik mikroorganizmalar sayesinde kedi ve k\u00f6peklerin sindirim sistemini d\u00fczenlemeye, ba\u011f\u0131\u015f\u0131kl\u0131k sistemini desteklemeye yard\u0131mc\u0131 olur.<\/p>\n<p>\t\t\t\t\t\t<H1 >Kullan\u0131m \u015eekli<svg width=\"95\" height=\"10\" viewBox=\"0 0 95 10\" xmlns=\"http:\/\/www.w3.org\/2000\/svg\"><path d=\"M1 8l11.54-6 11.538 6 11.54-6 11.538 6 11.538-6 11.54 6L81.77 2 94 8\" stroke-width=\"3\" stroke=\"#6CC139\" fill=\"none\" fill-rule=\"evenodd\"\/><\/svg><\/H1><\/p>\n<p><b>Mamaya kar\u0131\u015ft\u0131r\u0131larak kullan\u0131m:<\/b> Evcil hayvan\u0131n 1 g\u00fcnde t\u00fcketti\u011fi miktardaki kuru veya ya\u015f mamaya, 10 kg alt\u0131 ve evcil hayvanlar i\u00e7in 5 ml, 10 kg \u00fcst\u00fc olanlar i\u00e7in 10 ml BonaCibo Probiyotik Konsantresi eklenir. <br \/><b>A\u011f\u0131zdan \u015f\u0131r\u0131nga ile kullan\u0131m: <\/b>10 kg alt\u0131 evcil hayvanlara g\u00fcnde <br \/>5 ml, 10 kg \u00fcst\u00fc olanlara g\u00fcnde 10 ml BonaCibo Probiyotik Konsantresi a\u011f\u0131zdan i\u011fnesiz \u015f\u0131r\u0131nga ile verilir.<\/p>\n<p>\t\t\t\t\t\t\t\t\t\t<img loading=\"lazy\" decoding=\"async\" width=\"866\" height=\"336\" src=\"https:\/\/www.bonacibo.com\/tm\/wp-content\/uploads\/2020\/03\/Bonacibo-probiotic-gorsel.png\" alt=\"\" srcset=\"https:\/\/www.bonacibo.com\/tm\/wp-content\/uploads\/2020\/03\/Bonacibo-probiotic-gorsel.png 866w, https:\/\/www.bonacibo.com\/tm\/wp-content\/uploads\/2020\/03\/Bonacibo-probiotic-gorsel-300x116.png 300w, https:\/\/www.bonacibo.com\/tm\/wp-content\/uploads\/2020\/03\/Bonacibo-probiotic-gorsel-768x298.png 768w, https:\/\/www.bonacibo.com\/tm\/wp-content\/uploads\/2020\/03\/Bonacibo-probiotic-gorsel-433x168.png 433w, https:\/\/www.bonacibo.com\/tm\/wp-content\/uploads\/2020\/03\/Bonacibo-probiotic-gorsel-600x233.png 600w, https:\/\/www.bonacibo.com\/tm\/wp-content\/uploads\/2020\/03\/Bonacibo-probiotic-gorsel-393x152.png 393w, https:\/\/www.bonacibo.com\/tm\/wp-content\/uploads\/2020\/03\/Bonacibo-probiotic-gorsel-290x113.png 290w\" sizes=\"auto, (max-width: 866px) 100vw, 866px\" \/><br \/>\n\t\t\t\t\t\t\t\t\t\t<img loading=\"lazy\" decoding=\"async\" width=\"326\" height=\"232\" src=\"https:\/\/www.bonacibo.com\/tm\/wp-content\/uploads\/2020\/03\/PROBIOTIC-baslik.png\" alt=\"\" srcset=\"https:\/\/www.bonacibo.com\/tm\/wp-content\/uploads\/2020\/03\/PROBIOTIC-baslik.png 326w, https:\/\/www.bonacibo.com\/tm\/wp-content\/uploads\/2020\/03\/PROBIOTIC-baslik-300x213.png 300w, https:\/\/www.bonacibo.com\/tm\/wp-content\/uploads\/2020\/03\/PROBIOTIC-baslik-163x116.png 163w, https:\/\/www.bonacibo.com\/tm\/wp-content\/uploads\/2020\/03\/PROBIOTIC-baslik-290x206.png 290w\" sizes=\"auto, (max-width: 326px) 100vw, 326px\" \/>\t\t\t\t\t\t\t\t\t\t\t<\/p>\n<h4 >\u0130\u00e7erik<\/h4>\n<table style=\"width: 100%; border: none;\" border=\"0\" width=\"1425\" cellspacing=\"0\" cellpadding=\"5px\">\n<tbody>\n<tr>\n<td style=\"background-color: #c8dcad; border: none;\">Saccharomyces Cerevisiae IFO.0203<\/td>\n<td style=\"background-color: #c8dcad; border: none; text-align: right;\">1&#215;10\u2077 CFU\/ml<\/td>\n<\/tr>\n<tr>\n<td style=\"border: none;\">Bacillus Subtilis MBS-BS-01<\/td>\n<td style=\"border: none; text-align: right;\">1&#215;10\u2077 CFU\/ml<\/td>\n<\/tr>\n<tr>\n<td style=\"background-color: #c8dcad; border: none;\">Lactobacillus.Plantarum ATCC.8014 (1k20717)<\/td>\n<td style=\"background-color: #c8dcad; border: none; text-align: right;\">1&#215;10\u2076 CFU\/ml<\/td>\n<\/tr>\n<tr>\n<td style=\"border: none;\">Lactobacillus Casei ATCC 7469<\/td>\n<td style=\"border: none; text-align: right;\">1&#215;10\u2075 CFU\/ml<\/td>\n<\/tr>\n<tr>\n<td style=\"background-color: #c8dcad; border: none;\">Pediococcus Pentosaceus NCIMB.30086 (1k1011)<\/td>\n<td style=\"background-color: #c8dcad; border: none; text-align: right;\">1&#215;10\u2076 CFU\/ml<\/td>\n<\/tr>\n<tr>\n<td style=\"border: none;\">Lactobacillus.Brevis.IFA92<\/td>\n<td style=\"border: none; text-align: right;\">1&#215;10\u2076 CFU\/ml<\/td>\n<\/tr>\n<tr>\n<td style=\"background-color: #c8dcad; border: none;\">Lactobacillus Buchneri CCM 1819<\/td>\n<td style=\"background-color: #c8dcad; border: none; text-align: right;\">1&#215;10\u2075 CFU\/ml<\/td>\n<\/tr>\n<tr>\n<td style=\"border: none;\">Lactobacillus Cellobiosus Q1<\/td>\n<td style=\"border: none; text-align: right;\">1&#215;10\u2076 CFU\/ml<\/td>\n<\/tr>\n<tr>\n<td style=\"background-color: #c8dcad; border: none;\">Lactobacillus Paracasei 30151 (1k20748)<\/td>\n<td style=\"background-color: #c8dcad; border: none; text-align: right;\">1&#215;10\u2075 CFU\/ml<\/td>\n<\/tr>\n<\/tbody>\n<\/table>\n<table style=\"width: 100%; border: none;\" border=\"0\" width=\"1425\" cellspacing=\"0\" cellpadding=\"5px\">\n<tbody>\n<tr>\n<td style=\"background-color: #c8dcad; border: none;\">Lactobacillus Plantarum 16627 (1k20749)<\/td>\n<td style=\"background-color: #c8dcad; border: none; text-align: right;\">1&#215;10\u2076 CFU\/ml<\/td>\n<\/tr>\n<tr>\n<td style=\"border: none;\">Lactobacillus Plantarum KKP\/778\/p<\/td>\n<td style=\"border: none; text-align: right;\">1&#215;10\u2077 CFU\/ml<\/td>\n<\/tr>\n<tr>\n<td style=\"background-color: #c8dcad; border: none;\">Lactobacillus Plantarum DSM 11520<\/td>\n<td style=\"background-color: #c8dcad; border: none; text-align: right;\">1&#215;10\u2077 CFU\/ml<\/td>\n<\/tr>\n<tr>\n<td style=\"border: none;\">Lactobacillus Plantarum KKKP\/593\/p (1k20754)<\/td>\n<td style=\"border: none; text-align: right;\">1&#215;10\u2076 CFU\/ml<\/td>\n<\/tr>\n<tr>\n<td style=\"background-color: #c8dcad; border: none;\">Lactobacillus Buchneri DSM 16774 (1k2074)<\/td>\n<td style=\"background-color: #c8dcad; border: none; text-align: right;\">1&#215;10\u2075 CFU\/ml<\/td>\n<\/tr>\n<tr>\n<td style=\"border: none;\">Lactobacillus Plantarum LP329 DSM 5258 ATCC 55942<\/td>\n<td style=\"border: none; text-align: right;\">1&#215;10\u2077 CFU\/ml<\/td>\n<\/tr>\n<tr>\n<td style=\"background-color: #c8dcad; border: none;\">Lactobacillus Plantarum PL14D\/CSL<\/td>\n<td style=\"background-color: #c8dcad; border: none; text-align: right;\">1&#215;10\u2076 CFU\/ml<\/td>\n<\/tr>\n<tr>\n<td style=\"border: none;\">Pediococcus Peentosaceus NCIMB 30089<\/td>\n<td style=\"border: none; text-align: right;\">1&#215;10\u2076 CFU\/ml<\/td>\n<\/tr>\n<\/tbody>\n<\/table>\n<ol>\n<li >Bonacibo Probiyotik  gebelik ve emzirme d\u00f6neminde kullan\u0131labilir mi?\n<p>Gebelik ve emzirme d\u00f6neminde kullan\u0131lmalar\u0131nda herhangi bir sak\u0131nca bulunmamaktad\u0131r.<\/p>\n<\/li>\n<li >Bonacibo Probiyotik i\u00e7eri\u011finde hangi yararl\u0131 mikroorganizmalar kullan\u0131lmaktad\u0131r?\u00dcr\u00fcn i\u00e7eri\u011finde 82 farkl\u0131 t\u00fcrde faydal\u0131 bakteri bulunmaktad\u0131r. \u00dcr\u00fcn organik bir \u00fcr\u00fcnd\u00fcr ve a\u015fa\u011f\u0131daki faydal\u0131 bakteriler i\u00e7eri\u011finde bulunmaktad\u0131r.<br \/>\n<u>\u0130\u00e7erik (CFU\/ml) :<\/u><\/p>\n<table style=\"width: 100%; border: none;\" border=\"0\" width=\"1425\" cellspacing=\"0\" cellpadding=\"5px\">\n<tbody>\n<tr>\n<td style=\"background-color: #c8dcad; border: none;\">Saccharomyces Cerevisiae IFO.0203<\/td>\n<td style=\"background-color: #c8dcad; border: none; text-align: right;\">1&#215;10\u2077<\/td>\n<\/tr>\n<tr>\n<td style=\"border: none;\">Bacillus Subtilis MBS-BS-01<\/td>\n<td style=\"border: none; text-align: right;\">1&#215;10\u2077<\/td>\n<\/tr>\n<tr>\n<td style=\"background-color: #c8dcad; border: none;\">Lactobacillus.Plantarum ATCC.8014 (1k20717)<\/td>\n<td style=\"background-color: #c8dcad; border: none; text-align: right;\">1&#215;10\u2076<\/td>\n<\/tr>\n<tr>\n<td style=\"border: none;\">Lactobacillus Casei ATCC 7469<\/td>\n<td style=\"border: none; text-align: right;\">1&#215;10\u2075<\/td>\n<\/tr>\n<tr>\n<td style=\"background-color: #c8dcad; border: none;\">Pediococcus Pentosaceus NCIMB.30086 (1k1011)<\/td>\n<td style=\"background-color: #c8dcad; border: none; text-align: right;\">1&#215;10\u2076<\/td>\n<\/tr>\n<tr>\n<td style=\"border: none;\">Lactobacillus Buchneri CCM 1819<\/td>\n<td style=\"border: none; text-align: right;\">1&#215;10\u2077<\/td>\n<\/tr>\n<tr>\n<td style=\"background-color: #c8dcad; border: none;\">Lactobacillus Paracasei 30151 (1k20748)<\/td>\n<td style=\"background-color: #c8dcad; border: none; text-align: right;\">1&#215;10\u2077<\/td>\n<\/tr>\n<tr>\n<td style=\"border: none;\">Lactobacillus Plantarun KKP\/778\/p<\/td>\n<td style=\"border: none; text-align: right;\">1&#215;10\u2077<\/td>\n<\/tr>\n<tr>\n<td style=\"background-color: #c8dcad; border: none;\">Lactobacillus Plantarum DSM 11520<\/td>\n<td style=\"background-color: #c8dcad; border: none; text-align: right;\">1&#215;10\u2077<\/td>\n<\/tr>\n<tr>\n<td style=\"border: none;\">Lactobacillus Plantarum KKKP\/593\/p (1k20754)<\/td>\n<td style=\"border: none; text-align: right;\">1&#215;10\u2076<\/td>\n<\/tr>\n<tr>\n<td style=\"background-color: #c8dcad; border: none;\">Lactobacillus Buchneri DSM 16774 (1k2074)<\/td>\n<td style=\"background-color: #c8dcad; border: none; text-align: right;\">1&#215;10\u2077<\/td>\n<\/tr>\n<tr>\n<td style=\"border: none;\">Lactobacillus Plantarum LP329 DSM 5258 ATCC 55942<\/td>\n<td style=\"border: none; text-align: right;\">1&#215;10\u2077<\/td>\n<\/tr>\n<\/tbody>\n<\/table>\n<\/li>\n<\/ol>\n<p>\t\t[rcblock id=&#8221;7556&#8243;]<\/p>\n","protected":false},"excerpt":{"rendered":"<p>Kedi ve k\u00f6pekler i\u00e7in probiyotik mikroorganizmalar i\u00e7eren premiksdir. Bonacibo Probiyotik \u0130\u00e7erdi\u011fi probiyotik mikroorganizmalar sayesinde kedi ve k\u00f6peklerin sindirim sistemini d\u00fczenlemeye, ba\u011f\u0131\u015f\u0131kl\u0131k sistemini desteklemeye yard\u0131mc\u0131 olur. Kullan\u0131m \u015eekli Mamaya kar\u0131\u015ft\u0131r\u0131larak kullan\u0131m: Evcil hayvan\u0131n 1 g\u00fcnde t\u00fcketti\u011fi miktardaki kuru veya ya\u015f mamaya, 10 kg alt\u0131 ve evcil hayvanlar i\u00e7in 5 ml, 10 kg \u00fcst\u00fc olanlar i\u00e7in 10 [&hellip;]<\/p>\n","protected":false},"author":2,"featured_media":0,"parent":0,"menu_order":0,"comment_status":"closed","ping_status":"closed","template":"","meta":{"footnotes":""},"class_list":["post-7359","page","type-page","status-publish","hentry"],"_links":{"self":[{"href":"https:\/\/www.bonacibo.com\/tm\/wp-json\/wp\/v2\/pages\/7359","targetHints":{"allow":["GET"]}}],"collection":[{"href":"https:\/\/www.bonacibo.com\/tm\/wp-json\/wp\/v2\/pages"}],"about":[{"href":"https:\/\/www.bonacibo.com\/tm\/wp-json\/wp\/v2\/types\/page"}],"author":[{"embeddable":true,"href":"https:\/\/www.bonacibo.com\/tm\/wp-json\/wp\/v2\/users\/2"}],"replies":[{"embeddable":true,"href":"https:\/\/www.bonacibo.com\/tm\/wp-json\/wp\/v2\/comments?post=7359"}],"version-history":[{"count":0,"href":"https:\/\/www.bonacibo.com\/tm\/wp-json\/wp\/v2\/pages\/7359\/revisions"}],"wp:attachment":[{"href":"https:\/\/www.bonacibo.com\/tm\/wp-json\/wp\/v2\/media?parent=7359"}],"curies":[{"name":"wp","href":"https:\/\/api.w.org\/{rel}","templated":true}]}}