{"id":8122,"date":"2020-05-27T14:05:42","date_gmt":"2020-05-27T14:05:42","guid":{"rendered":"https:\/\/www.bonacibo.com\/ma\/?page_id=8122"},"modified":"2022-11-11T14:10:34","modified_gmt":"2022-11-11T11:10:34","slug":"bonacibo-batons-de-chat","status":"publish","type":"page","link":"https:\/\/www.bonacibo.com\/ma\/bonacibo-batons-de-chat\/","title":{"rendered":"Bonacibo B\u00e2tons De Chat"},"content":{"rendered":"<p><img decoding=\"async\" width=\"1024\" height=\"1024\" src=\"https:\/\/www.bonacibo.com\/ma\/wp-content\/uploads\/2020\/03\/Bonacibo-Cat-Stick-1.png\" alt=\"\" loading=\"lazy\" srcset=\"https:\/\/www.bonacibo.com\/ma\/wp-content\/uploads\/2020\/03\/Bonacibo-Cat-Stick-1.png 1024w, https:\/\/www.bonacibo.com\/ma\/wp-content\/uploads\/2020\/03\/Bonacibo-Cat-Stick-1-300x300.png 300w, https:\/\/www.bonacibo.com\/ma\/wp-content\/uploads\/2020\/03\/Bonacibo-Cat-Stick-1-150x150.png 150w, https:\/\/www.bonacibo.com\/ma\/wp-content\/uploads\/2020\/03\/Bonacibo-Cat-Stick-1-768x768.png 768w, https:\/\/www.bonacibo.com\/ma\/wp-content\/uploads\/2020\/03\/Bonacibo-Cat-Stick-1-512x512.png 512w, https:\/\/www.bonacibo.com\/ma\/wp-content\/uploads\/2020\/03\/Bonacibo-Cat-Stick-1-915x915.png 915w, https:\/\/www.bonacibo.com\/ma\/wp-content\/uploads\/2020\/03\/Bonacibo-Cat-Stick-1-600x600.png 600w, https:\/\/www.bonacibo.com\/ma\/wp-content\/uploads\/2020\/03\/Bonacibo-Cat-Stick-1-393x393.png 393w, https:\/\/www.bonacibo.com\/ma\/wp-content\/uploads\/2020\/03\/Bonacibo-Cat-Stick-1-290x290.png 290w\" sizes=\"auto, (max-width: 1024px) 100vw, 1024px\" \/><br \/>\n\t\t\t\t\t\tAliment Compl\u00e9mentaire Pour Chats Adultes<br \/>\n\t\t\t\t\t\t<H1 >Bonacibo B\u00e2tons De Chat<svg width=\"95\" height=\"10\" viewBox=\"0 0 95 10\" xmlns=\"http:\/\/www.w3.org\/2000\/svg\"><path d=\"M1 8l11.54-6 11.538 6 11.54-6 11.538 6 11.538-6 11.54 6L81.77 2 94 8\" stroke-width=\"3\" stroke=\"#6CC139\" fill=\"none\" fill-rule=\"evenodd\"\/><\/svg><\/H1><br \/>\n\t\t\t\t\t\t\t\t\t\t\t\t<img decoding=\"async\" width=\"894\" height=\"1232\" src=\"https:\/\/www.bonacibo.com\/ma\/wp-content\/uploads\/2020\/03\/Cat-Sticks-Tane.png\" alt=\"\" loading=\"lazy\" srcset=\"https:\/\/www.bonacibo.com\/ma\/wp-content\/uploads\/2020\/03\/Cat-Sticks-Tane.png 894w, https:\/\/www.bonacibo.com\/ma\/wp-content\/uploads\/2020\/03\/Cat-Sticks-Tane-218x300.png 218w, https:\/\/www.bonacibo.com\/ma\/wp-content\/uploads\/2020\/03\/Cat-Sticks-Tane-743x1024.png 743w, https:\/\/www.bonacibo.com\/ma\/wp-content\/uploads\/2020\/03\/Cat-Sticks-Tane-768x1058.png 768w, https:\/\/www.bonacibo.com\/ma\/wp-content\/uploads\/2020\/03\/Cat-Sticks-Tane-447x616.png 447w, https:\/\/www.bonacibo.com\/ma\/wp-content\/uploads\/2020\/03\/Cat-Sticks-Tane-600x827.png 600w, https:\/\/www.bonacibo.com\/ma\/wp-content\/uploads\/2020\/03\/Cat-Sticks-Tane-393x542.png 393w, https:\/\/www.bonacibo.com\/ma\/wp-content\/uploads\/2020\/03\/Cat-Sticks-Tane-290x400.png 290w\" sizes=\"auto, (max-width: 894px) 100vw, 894px\" \/><br \/>\n\t\t\t\t\t\tB\u00e2tons de chat avec foie et volaille<\/p>\n<h4 >Ingr\u00e9dients<svg width=\"95\" height=\"10\" viewBox=\"0 0 95 10\" xmlns=\"http:\/\/www.w3.org\/2000\/svg\"><path d=\"M1 8l11.54-6 11.538 6 11.54-6 11.538 6 11.538-6 11.54 6L81.77 2 94 8\" stroke-width=\"3\" stroke=\"#6CC139\" fill=\"none\" fill-rule=\"evenodd\"\/><\/svg><\/h4>\n<p>Viande et d\u00e9riv\u00e9s d&#8217;animaux (6% de volaille, 6% de foie), extraits de prot\u00e9ines v\u00e9g\u00e9tales, min\u00e9raux, d\u00e9riv\u00e9s d&#8217;origine v\u00e9g\u00e9tale<\/p>\n<p>Un paquet de 50 Gr contient des barres de r\u00e9compense de 5 grammes en 10 pi\u00e8ces. Vendu en paquet de 3.<\/p>\n<p>Un chat adulte (environ 4 kg) peut recevoir 1 \u00e0 2 barres d\u2019aliments prim\u00e9s ou une collation.<\/p>\n<p>Outre les aliments de r\u00e9compense, les valeurs nutritionnelles doivent recevoir une formule compl\u00e8te et nutritive.<\/p>\n<p>N\u2019oubliez pas de toujours garder de l\u2019eau fra\u00eeche et propre dans un endroit o\u00f9 votre chat peut atteindre.<\/p>\n<p>\t\t\t\t\t\t\t\t\t\t\t\t<img decoding=\"async\" width=\"500\" height=\"469\" src=\"https:\/\/www.bonacibo.com\/ma\/wp-content\/uploads\/2020\/03\/cat-stick-cat.png\" alt=\"\" loading=\"lazy\" srcset=\"https:\/\/www.bonacibo.com\/ma\/wp-content\/uploads\/2020\/03\/cat-stick-cat.png 500w, https:\/\/www.bonacibo.com\/ma\/wp-content\/uploads\/2020\/03\/cat-stick-cat-300x281.png 300w, https:\/\/www.bonacibo.com\/ma\/wp-content\/uploads\/2020\/03\/cat-stick-cat-250x234.png 250w, https:\/\/www.bonacibo.com\/ma\/wp-content\/uploads\/2020\/03\/cat-stick-cat-393x369.png 393w, https:\/\/www.bonacibo.com\/ma\/wp-content\/uploads\/2020\/03\/cat-stick-cat-290x272.png 290w\" sizes=\"auto, (max-width: 500px) 100vw, 500px\" \/>\t\t\t\t\t\t\t\t\t\t\t\t\t\t<\/p>\n<h4 >Constituants Analytiques<\/h4>\n<table>\n<tbody>\n<tr>\n<td scope=\"row\">Contenu en Humidit\u00e9<\/td>\n<td>% 31<\/td>\n<\/tr>\n<tr>\n<td scope=\"row\">Prot\u00e9ine Brute<\/td>\n<td>% 33,5<\/td>\n<\/tr>\n<tr>\n<td scope=\"row\">Contenu en Mati\u00e8res Grasses<\/td>\n<td>% 20<\/td>\n<\/tr>\n<tr>\n<td scope=\"row\">Cendres Brutes<\/td>\n<td>% 10,8<\/td>\n<\/tr>\n<tr>\n<td scope=\"row\">Fibres Brutes<\/td>\n<td>% 1,7<\/td>\n<\/tr>\n<\/tbody>\n<\/table>\n<p>\t\t\t\t\t\t\t\t\t\t\t\t<img decoding=\"async\" width=\"750\" height=\"297\" src=\"https:\/\/www.bonacibo.com\/ma\/wp-content\/uploads\/2020\/03\/easy-split.png\" alt=\"\" loading=\"lazy\" srcset=\"https:\/\/www.bonacibo.com\/ma\/wp-content\/uploads\/2020\/03\/easy-split.png 750w, https:\/\/www.bonacibo.com\/ma\/wp-content\/uploads\/2020\/03\/easy-split-300x119.png 300w, https:\/\/www.bonacibo.com\/ma\/wp-content\/uploads\/2020\/03\/easy-split-375x148.png 375w, https:\/\/www.bonacibo.com\/ma\/wp-content\/uploads\/2020\/03\/easy-split-600x238.png 600w, https:\/\/www.bonacibo.com\/ma\/wp-content\/uploads\/2020\/03\/easy-split-393x156.png 393w, https:\/\/www.bonacibo.com\/ma\/wp-content\/uploads\/2020\/03\/easy-split-290x115.png 290w\" sizes=\"auto, (max-width: 750px) 100vw, 750px\" \/>\t\t\t\t\t\t\t\t\t\t\t\t\t\t<\/p>\n<ol>\n<li >1-\tPeut-on utiliser les b\u00e2tonnets de r\u00e9compenses Bonacibo Cat Sticks et Bonacibo Dog Sticks pour les chatons\/chiots? Dans l\u2019affirmatif, quelle est la quantit\u00e9 quotidienne appropri\u00e9e ?\n<p>Nos b\u00e2tonnets de r\u00e9compenses conviennent aux chatons et aux chiots. Les quantit\u00e9s quotidiennes d\u2019utilisation varient entre 1 et 2 b\u00e2tonnets par jour. Nous recommandons de casser les b\u00e2tonnets en petit morceaux avant de les donner \u00e0 nos amis les chatons\/chiots.<\/p>\n<\/li>\n<\/ol>\n<p>\t\t[rcblock id=&#8221;8223&#8243;]<\/p>\n","protected":false},"excerpt":{"rendered":"<p>Aliment Compl\u00e9mentaire Pour Chats Adultes Bonacibo B\u00e2tons De Chat B\u00e2tons de chat avec foie et volaille Ingr\u00e9dients Viande et d\u00e9riv\u00e9s d&#8217;animaux (6% de volaille, 6% de foie), extraits de prot\u00e9ines v\u00e9g\u00e9tales, min\u00e9raux, d\u00e9riv\u00e9s d&#8217;origine v\u00e9g\u00e9tale Un paquet de 50 Gr contient des barres de r\u00e9compense de 5 grammes en 10 pi\u00e8ces. Vendu en paquet de [&hellip;]<\/p>\n","protected":false},"author":2,"featured_media":0,"parent":0,"menu_order":0,"comment_status":"closed","ping_status":"closed","template":"","meta":{"footnotes":""},"class_list":["post-8122","page","type-page","status-publish","hentry"],"_links":{"self":[{"href":"https:\/\/www.bonacibo.com\/ma\/wp-json\/wp\/v2\/pages\/8122","targetHints":{"allow":["GET"]}}],"collection":[{"href":"https:\/\/www.bonacibo.com\/ma\/wp-json\/wp\/v2\/pages"}],"about":[{"href":"https:\/\/www.bonacibo.com\/ma\/wp-json\/wp\/v2\/types\/page"}],"author":[{"embeddable":true,"href":"https:\/\/www.bonacibo.com\/ma\/wp-json\/wp\/v2\/users\/2"}],"replies":[{"embeddable":true,"href":"https:\/\/www.bonacibo.com\/ma\/wp-json\/wp\/v2\/comments?post=8122"}],"version-history":[{"count":3,"href":"https:\/\/www.bonacibo.com\/ma\/wp-json\/wp\/v2\/pages\/8122\/revisions"}],"predecessor-version":[{"id":9669,"href":"https:\/\/www.bonacibo.com\/ma\/wp-json\/wp\/v2\/pages\/8122\/revisions\/9669"}],"wp:attachment":[{"href":"https:\/\/www.bonacibo.com\/ma\/wp-json\/wp\/v2\/media?parent=8122"}],"curies":[{"name":"wp","href":"https:\/\/api.w.org\/{rel}","templated":true}]}}