{"id":12019,"date":"2022-08-25T14:13:57","date_gmt":"2022-08-25T11:13:57","guid":{"rendered":"https:\/\/www.bonacibo.com\/de\/?page_id=12019"},"modified":"2022-08-25T18:26:00","modified_gmt":"2022-08-25T15:26:00","slug":"bonacibo-probiotikum-fuer-hunde","status":"publish","type":"page","link":"https:\/\/www.bonacibo.com\/de\/bonacibo-probiotikum-fuer-hunde\/","title":{"rendered":"Bonacibo Probiotikum f\u00fcr Hunde"},"content":{"rendered":"<p><img decoding=\"async\" width=\"244\" height=\"345\" src=\"https:\/\/www.bonacibo.com\/de\/wp-content\/uploads\/2020\/03\/Bonacibo-probiotic-1.png\" alt=\"\" loading=\"lazy\" srcset=\"https:\/\/www.bonacibo.com\/de\/wp-content\/uploads\/2020\/03\/Bonacibo-probiotic-1.png 244w, https:\/\/www.bonacibo.com\/de\/wp-content\/uploads\/2020\/03\/Bonacibo-probiotic-1-212x300.png 212w, https:\/\/www.bonacibo.com\/de\/wp-content\/uploads\/2020\/03\/Bonacibo-probiotic-1-122x172.png 122w\" sizes=\"auto, (max-width: 244px) 100vw, 244px\" \/><br \/>\n\t\t\t\t\t\tVormischung mit probiotischen Mikroorganismen f\u00fcr Katzen und Hunde.<br \/>\n\t\t\t\t\t\t<H1 >Bonacibo Probiotic<svg width=\"95\" height=\"10\" viewBox=\"0 0 95 10\" xmlns=\"http:\/\/www.w3.org\/2000\/svg\"><path d=\"M1 8l11.54-6 11.538 6 11.54-6 11.538 6 11.538-6 11.54 6L81.77 2 94 8\" stroke-width=\"3\" stroke=\"#6CC139\" fill=\"none\" fill-rule=\"evenodd\"\/><\/svg><\/H1><\/p>\n<p>Dank der enthaltenen probiotischen Mikroorganismen hilft es, das Verdauungssystem zu regulieren und unterst\u00fctzt das Immunsystem von Katzen und Hunden.<\/p>\n<p>\t\t\t\t\t\t<H1 >Verwendungsart<svg width=\"95\" height=\"10\" viewBox=\"0 0 95 10\" xmlns=\"http:\/\/www.w3.org\/2000\/svg\"><path d=\"M1 8l11.54-6 11.538 6 11.54-6 11.538 6 11.538-6 11.54 6L81.77 2 94 8\" stroke-width=\"3\" stroke=\"#6CC139\" fill=\"none\" fill-rule=\"evenodd\"\/><\/svg><\/H1><\/p>\n<p>Bei Haustieren mit einem Gewicht unter 10 kg: 5 ml des Tierarzneimittels werden der Tagesdosis an Trocken- oder Nassfutter hinzugef\u00fcgt.<br \/>Bei Haustieren mit einem Gewicht \u00fcber 10 kg: 10 ml des Tierarzneimittels werden der Tagesdosis an Trocken- oder Nassfutter hinzugef\u00fcgt. Dieselben Dosierungen k\u00f6nnen auch direkt mit einer Spritze zum Einnehmen (ohne Nadel) verabreicht werden.<\/p>\n<p>\t\t\t\t\t\t\t\t\t\t\t\t<img decoding=\"async\" width=\"866\" height=\"336\" src=\"https:\/\/www.bonacibo.com\/de\/wp-content\/uploads\/2020\/03\/Bonacibo-probiotic-gorsel.png\" alt=\"\" loading=\"lazy\" srcset=\"https:\/\/www.bonacibo.com\/de\/wp-content\/uploads\/2020\/03\/Bonacibo-probiotic-gorsel.png 866w, https:\/\/www.bonacibo.com\/de\/wp-content\/uploads\/2020\/03\/Bonacibo-probiotic-gorsel-300x116.png 300w, https:\/\/www.bonacibo.com\/de\/wp-content\/uploads\/2020\/03\/Bonacibo-probiotic-gorsel-768x298.png 768w, https:\/\/www.bonacibo.com\/de\/wp-content\/uploads\/2020\/03\/Bonacibo-probiotic-gorsel-433x168.png 433w, https:\/\/www.bonacibo.com\/de\/wp-content\/uploads\/2020\/03\/Bonacibo-probiotic-gorsel-600x233.png 600w, https:\/\/www.bonacibo.com\/de\/wp-content\/uploads\/2020\/03\/Bonacibo-probiotic-gorsel-393x152.png 393w, https:\/\/www.bonacibo.com\/de\/wp-content\/uploads\/2020\/03\/Bonacibo-probiotic-gorsel-290x113.png 290w\" sizes=\"auto, (max-width: 866px) 100vw, 866px\" \/><br \/>\n\t\t\t\t\t\t\t\t\t\t\t\t<img decoding=\"async\" width=\"326\" height=\"232\" src=\"https:\/\/www.bonacibo.com\/de\/wp-content\/uploads\/2020\/03\/PROBIOTIC-baslik.png\" alt=\"\" loading=\"lazy\" srcset=\"https:\/\/www.bonacibo.com\/de\/wp-content\/uploads\/2020\/03\/PROBIOTIC-baslik.png 326w, https:\/\/www.bonacibo.com\/de\/wp-content\/uploads\/2020\/03\/PROBIOTIC-baslik-300x213.png 300w, https:\/\/www.bonacibo.com\/de\/wp-content\/uploads\/2020\/03\/PROBIOTIC-baslik-163x116.png 163w, https:\/\/www.bonacibo.com\/de\/wp-content\/uploads\/2020\/03\/PROBIOTIC-baslik-290x206.png 290w\" sizes=\"auto, (max-width: 326px) 100vw, 326px\" \/>\t\t\t\t\t\t\t\t\t\t\t\t\t\t<\/p>\n<h4 >Inhaltsstoffe<\/h4>\n<table style=\"width: 100%; border: none;\" border=\"0\" width=\"1425\" cellspacing=\"0\" cellpadding=\"5px\">\n<tbody>\n<tr>\n<td style=\"background-color: #c8dcad; border: none;\">Saccharomyces Cerevisiae IFO.0203<\/td>\n<td style=\"background-color: #c8dcad; border: none; text-align: right;\">1&#215;10\u2077 CFU\/ml<\/td>\n<\/tr>\n<tr>\n<td style=\"border: none;\">Bacillus Subtilis MBS-BS-01<\/td>\n<td style=\"border: none; text-align: right;\">1&#215;10\u2077 CFU\/ml<\/td>\n<\/tr>\n<tr>\n<td style=\"background-color: #c8dcad; border: none;\">Lactobacillus.Plantarum ATCC.8014 (1k20717)<\/td>\n<td style=\"background-color: #c8dcad; border: none; text-align: right;\">1&#215;10\u2076 CFU\/ml<\/td>\n<\/tr>\n<tr>\n<td style=\"border: none;\">Lactobacillus Casei ATCC 7469<\/td>\n<td style=\"border: none; text-align: right;\">1&#215;10\u2075 CFU\/ml<\/td>\n<\/tr>\n<tr>\n<td style=\"background-color: #c8dcad; border: none;\">Pediococcus Pentosaceus NCIMB.30086 (1k1011)<\/td>\n<td style=\"background-color: #c8dcad; border: none; text-align: right;\">1&#215;10\u2076 CFU\/ml<\/td>\n<\/tr>\n<tr>\n<td style=\"border: none;\">Lactobacillus.Brevis.IFA92<\/td>\n<td style=\"border: none; text-align: right;\">1&#215;10\u2076 CFU\/ml<\/td>\n<\/tr>\n<tr>\n<td style=\"background-color: #c8dcad; border: none;\">Lactobacillus Buchneri CCM 1819<\/td>\n<td style=\"background-color: #c8dcad; border: none; text-align: right;\">1&#215;10\u2075 CFU\/ml<\/td>\n<\/tr>\n<tr>\n<td style=\"border: none;\">Lactobacillus Cellobiosus Q1<\/td>\n<td style=\"border: none; text-align: right;\">1&#215;10\u2076 CFU\/ml<\/td>\n<\/tr>\n<tr>\n<td style=\"background-color: #c8dcad; border: none;\">Lactobacillus Paracasei 30151 (1k20748)<\/td>\n<td style=\"background-color: #c8dcad; border: none; text-align: right;\">1&#215;10\u2075 CFU\/ml<\/td>\n<\/tr>\n<\/tbody>\n<\/table>\n<table style=\"width: 100%; border: none;\" border=\"0\" width=\"1425\" cellspacing=\"0\" cellpadding=\"5px\">\n<tbody>\n<tr>\n<td style=\"background-color: #c8dcad; border: none;\">Lactobacillus Plantarum 16627 (1k20749)<\/td>\n<td style=\"background-color: #c8dcad; border: none; text-align: right;\">1&#215;10\u2076 CFU\/ml<\/td>\n<\/tr>\n<tr>\n<td style=\"border: none;\">Lactobacillus Plantarum KKP\/778\/p<\/td>\n<td style=\"border: none; text-align: right;\">1&#215;10\u2077 CFU\/ml<\/td>\n<\/tr>\n<tr>\n<td style=\"background-color: #c8dcad; border: none;\">Lactobacillus Plantarum DSM 11520<\/td>\n<td style=\"background-color: #c8dcad; border: none; text-align: right;\">1&#215;10\u2077 CFU\/ml<\/td>\n<\/tr>\n<tr>\n<td style=\"border: none;\">Lactobacillus Plantarum KKKP\/593\/p (1k20754)<\/td>\n<td style=\"border: none; text-align: right;\">1&#215;10\u2076 CFU\/ml<\/td>\n<\/tr>\n<tr>\n<td style=\"background-color: #c8dcad; border: none;\">Lactobacillus Buchneri DSM 16774 (1k2074)<\/td>\n<td style=\"background-color: #c8dcad; border: none; text-align: right;\">1&#215;10\u2075 CFU\/ml<\/td>\n<\/tr>\n<tr>\n<td style=\"border: none;\">Lactobacillus Plantarum LP329 DSM 5258 ATCC 55942<\/td>\n<td style=\"border: none; text-align: right;\">1&#215;10\u2077 CFU\/ml<\/td>\n<\/tr>\n<tr>\n<td style=\"background-color: #c8dcad; border: none;\">Lactobacillus Plantarum PL14D\/CSL<\/td>\n<td style=\"background-color: #c8dcad; border: none; text-align: right;\">1&#215;10\u2076 CFU\/ml<\/td>\n<\/tr>\n<tr>\n<td style=\"border: none;\">Pediococcus Peentosaceus NCIMB 30089<\/td>\n<td style=\"border: none; text-align: right;\">1&#215;10\u2076 CFU\/ml<\/td>\n<\/tr>\n<\/tbody>\n<\/table>\n<ol>\n<li >Can Bonacibo Probiotic be used during pregnancy and lactation period?\n<p>There is no harm in using them during pregnancy and lactation period.<\/p>\n<\/li>\n<li >What beneficial microorganisms are used in the content of Bonacibo Probiotic?\n<p>The product contains 82 different types of beneficial bacteria. It is an organic product and includes the following beneficial bacteria.<\/p>\n<p><u>Ingredient (CFU\/ml) :<\/u><\/p>\n<table style=\"width: 100%; border: none;\" border=\"0\" width=\"1425\" cellspacing=\"0\" cellpadding=\"5px\">\n<tbody>\n<tr>\n<td style=\"background-color: #c8dcad; border: none;\">Saccharomyces Cerevisiae IFO.0203<\/td>\n<td style=\"background-color: #c8dcad; border: none; text-align: right;\">1&#215;10\u2077<\/td>\n<\/tr>\n<tr>\n<td style=\"border: none;\">Bacillus Subtilis MBS-BS-01<\/td>\n<td style=\"border: none; text-align: right;\">1&#215;10\u2077<\/td>\n<\/tr>\n<tr>\n<td style=\"background-color: #c8dcad; border: none;\">Lactobacillus.Plantarum ATCC.8014 (1k20717)<\/td>\n<td style=\"background-color: #c8dcad; border: none; text-align: right;\">1&#215;10\u2076<\/td>\n<\/tr>\n<tr>\n<td style=\"border: none;\">Lactobacillus Casei ATCC 7469<\/td>\n<td style=\"border: none; text-align: right;\">1&#215;10\u2075<\/td>\n<\/tr>\n<tr>\n<td style=\"background-color: #c8dcad; border: none;\">Pediococcus Pentosaceus NCIMB.30086 (1k1011)<\/td>\n<td style=\"background-color: #c8dcad; border: none; text-align: right;\">1&#215;10\u2076<\/td>\n<\/tr>\n<tr>\n<td style=\"border: none;\">Lactobacillus Buchneri CCM 1819<\/td>\n<td style=\"border: none; text-align: right;\">1&#215;10\u2077<\/td>\n<\/tr>\n<tr>\n<td style=\"background-color: #c8dcad; border: none;\">Lactobacillus Paracasei 30151 (1k20748)<\/td>\n<td style=\"background-color: #c8dcad; border: none; text-align: right;\">1&#215;10\u2077<\/td>\n<\/tr>\n<tr>\n<td style=\"border: none;\">Lactobacillus Plantarun KKP\/778\/p<\/td>\n<td style=\"border: none; text-align: right;\">1&#215;10\u2077<\/td>\n<\/tr>\n<tr>\n<td style=\"background-color: #c8dcad; border: none;\">Lactobacillus Plantarum DSM 11520<\/td>\n<td style=\"background-color: #c8dcad; border: none; text-align: right;\">1&#215;10\u2077<\/td>\n<\/tr>\n<tr>\n<td style=\"border: none;\">Lactobacillus Plantarum KKKP\/593\/p (1k20754)<\/td>\n<td style=\"border: none; text-align: right;\">1&#215;10\u2076<\/td>\n<\/tr>\n<tr>\n<td style=\"background-color: #c8dcad; border: none;\">Lactobacillus Buchneri DSM 16774 (1k2074)<\/td>\n<td style=\"background-color: #c8dcad; border: none; text-align: right;\">1&#215;10\u2077<\/td>\n<\/tr>\n<tr>\n<td style=\"border: none;\">Lactobacillus Plantarum LP329 DSM 5258 ATCC 55942<\/td>\n<td style=\"border: none; text-align: right;\">1&#215;10\u2077<\/td>\n<\/tr>\n<\/tbody>\n<\/table>\n<\/li>\n<\/ol>\n<p>\t\t[rcblock id=&#8221;12148&#8243;]<\/p>\n","protected":false},"excerpt":{"rendered":"<p>Vormischung mit probiotischen Mikroorganismen f\u00fcr Katzen und Hunde. Bonacibo Probiotic Dank der enthaltenen probiotischen Mikroorganismen hilft es, das Verdauungssystem zu regulieren und unterst\u00fctzt das Immunsystem von Katzen und Hunden. Verwendungsart Bei Haustieren mit einem Gewicht unter 10 kg: 5 ml des Tierarzneimittels werden der Tagesdosis an Trocken- oder Nassfutter hinzugef\u00fcgt.Bei Haustieren mit einem Gewicht \u00fcber [&hellip;]<\/p>\n","protected":false},"author":2,"featured_media":0,"parent":0,"menu_order":0,"comment_status":"closed","ping_status":"closed","template":"","meta":{"footnotes":""},"class_list":["post-12019","page","type-page","status-publish","hentry"],"_links":{"self":[{"href":"https:\/\/www.bonacibo.com\/de\/wp-json\/wp\/v2\/pages\/12019","targetHints":{"allow":["GET"]}}],"collection":[{"href":"https:\/\/www.bonacibo.com\/de\/wp-json\/wp\/v2\/pages"}],"about":[{"href":"https:\/\/www.bonacibo.com\/de\/wp-json\/wp\/v2\/types\/page"}],"author":[{"embeddable":true,"href":"https:\/\/www.bonacibo.com\/de\/wp-json\/wp\/v2\/users\/2"}],"replies":[{"embeddable":true,"href":"https:\/\/www.bonacibo.com\/de\/wp-json\/wp\/v2\/comments?post=12019"}],"version-history":[{"count":8,"href":"https:\/\/www.bonacibo.com\/de\/wp-json\/wp\/v2\/pages\/12019\/revisions"}],"predecessor-version":[{"id":12185,"href":"https:\/\/www.bonacibo.com\/de\/wp-json\/wp\/v2\/pages\/12019\/revisions\/12185"}],"wp:attachment":[{"href":"https:\/\/www.bonacibo.com\/de\/wp-json\/wp\/v2\/media?parent=12019"}],"curies":[{"name":"wp","href":"https:\/\/api.w.org\/{rel}","templated":true}]}}